{"id":19594,"date":"2023-05-16T17:17:28","date_gmt":"2023-05-16T15:17:28","guid":{"rendered":"https:\/\/www.logic-pavia.it\/instrumentation-electronique\/"},"modified":"2026-03-03T09:30:30","modified_gmt":"2026-03-03T08:30:30","slug":"instrumentation-electronique","status":"publish","type":"page","link":"https:\/\/www.logic-pavia.it\/fr\/instrumentation-electronique\/","title":{"rendered":"Instrumentation \u00e9lectronique"},"content":{"rendered":"\t\t<div data-elementor-type=\"wp-page\" data-elementor-id=\"19594\" class=\"elementor elementor-19594 elementor-12121\" data-elementor-post-type=\"page\">\n\t\t\t\t\t\t<section class=\"elementor-section elementor-top-section elementor-element elementor-element-e8aa71a elementor-section-stretched elementor-section-boxed elementor-section-height-default elementor-section-height-default\" data-id=\"e8aa71a\" data-element_type=\"section\" data-e-type=\"section\" data-settings=\"{&quot;stretch_section&quot;:&quot;section-stretched&quot;,&quot;background_background&quot;:&quot;classic&quot;}\">\n\t\t\t\t\t\t<div class=\"elementor-container elementor-column-gap-default\">\n\t\t\t\t\t<div class=\"elementor-column elementor-col-50 elementor-top-column elementor-element elementor-element-f6a4e1b\" data-id=\"f6a4e1b\" data-element_type=\"column\" data-e-type=\"column\">\n\t\t\t<div class=\"elementor-widget-wrap elementor-element-populated\">\n\t\t\t\t\t\t<div class=\"elementor-element elementor-element-a149d9b elementor-widget elementor-widget-industrium_heading\" data-id=\"a149d9b\" data-element_type=\"widget\" data-e-type=\"widget\" data-widget_type=\"industrium_heading.default\">\n\t\t\t\t<div class=\"elementor-widget-container\">\n\t\t\t\t\t<div class=\"industrium-heading-widget\"><h1 class=\"industrium-heading\"><span class=\"industrium-subheading\">Instrumentation \u00c9lectronique<\/span><span class=\"industrium-heading-content\">Une technologie de pointe pour des mesures pr\u00e9cises et fiables.<\/span><\/h1><\/div>\t\t\t\t<\/div>\n\t\t\t\t<\/div>\n\t\t\t\t<div class=\"elementor-element elementor-element-d0d883e elementor-widget-divider--view-line elementor-widget elementor-widget-divider\" data-id=\"d0d883e\" data-element_type=\"widget\" data-e-type=\"widget\" data-widget_type=\"divider.default\">\n\t\t\t\t<div class=\"elementor-widget-container\">\n\t\t\t\t\t\t\t<div class=\"elementor-divider\">\n\t\t\t<span class=\"elementor-divider-separator\">\n\t\t\t\t\t\t<\/span>\n\t\t<\/div>\n\t\t\t\t\t\t<\/div>\n\t\t\t\t<\/div>\n\t\t\t\t<section class=\"elementor-section elementor-inner-section elementor-element elementor-element-61718ad elementor-section-boxed elementor-section-height-default elementor-section-height-default\" data-id=\"61718ad\" data-element_type=\"section\" data-e-type=\"section\">\n\t\t\t\t\t\t<div class=\"elementor-container elementor-column-gap-default\">\n\t\t\t\t\t<div class=\"elementor-column elementor-col-100 elementor-inner-column elementor-element elementor-element-f458f46\" data-id=\"f458f46\" data-element_type=\"column\" data-e-type=\"column\">\n\t\t\t<div class=\"elementor-widget-wrap elementor-element-populated\">\n\t\t\t\t\t\t<div class=\"elementor-element elementor-element-3c21afc view_type-2 style_type-2 elementor-widget elementor-widget-industrium_services_listing\" data-id=\"3c21afc\" data-element_type=\"widget\" data-e-type=\"widget\" data-widget_type=\"industrium_services_listing.default\">\n\t\t\t\t<div class=\"elementor-widget-container\">\n\t\t\t\t\t\n        <div class=\"industrium-service-listing-widget\">\n\n            <div class=\"archive-listing\" data-ajax='{&quot;post_type&quot;:&quot;industrium_service&quot;,&quot;ignore_sticky_posts&quot;:true,&quot;suppress_filters&quot;:true,&quot;orderby&quot;:&quot;date&quot;,&quot;order&quot;:&quot;desc&quot;,&quot;link_base&quot;:&quot;https:\\\/\\\/www.logic-pavia.it\\\/fr\\\/wp-json\\\/wp\\\/v2\\\/pages\\\/19594\\\/&quot;,&quot;industrium_services_category&quot;:[&quot;industry&quot;],&quot;posts_per_page&quot;:-1}' data-widget='{&quot;excerpt_length&quot;:76,&quot;item_class&quot;:&quot;service-item-wrapper slider-item&quot;,&quot;columns_number&quot;:3,&quot;listing_type&quot;:&quot;slider&quot;,&quot;view_type&quot;:&quot;type-2&quot;}'>\n                <div class=\"archive-listing-wrapper service-listing-wrapper service-slider-listing owl-carousel owl-theme\" data-slider-options={&quot;items&quot;:3,&quot;nav&quot;:false,&quot;dots&quot;:true,&quot;dotsContainer&quot;:&quot;.owl-dots-3c21afc&quot;,&quot;autoplayHoverPause&quot;:true,&quot;autoplay&quot;:false,&quot;autoplaySpeed&quot;:300,&quot;autoplayTimeout&quot;:5000,&quot;loop&quot;:false,&quot;speed&quot;:500,&quot;view_type&quot;:&quot;type-2&quot;}>\n                                    <\/div>\n\n                            <\/div>\n            <div class=\"owl-dots owl-dots-3c21afc\"><\/div>        <\/div>\n        \t\t\t\t<\/div>\n\t\t\t\t<\/div>\n\t\t\t\t\t<\/div>\n\t\t<\/div>\n\t\t\t\t\t<\/div>\n\t\t<\/section>\n\t\t\t\t\t<\/div>\n\t\t<\/div>\n\t\t\t\t<div class=\"elementor-column elementor-col-50 elementor-top-column elementor-element elementor-element-33bd816\" data-id=\"33bd816\" data-element_type=\"column\" data-e-type=\"column\">\n\t\t\t<div class=\"elementor-widget-wrap elementor-element-populated\">\n\t\t\t\t\t\t<div class=\"elementor-element elementor-element-ab476f9 elementor-widget elementor-widget-text-editor\" data-id=\"ab476f9\" data-element_type=\"widget\" data-e-type=\"widget\" data-widget_type=\"text-editor.default\">\n\t\t\t\t<div class=\"elementor-widget-container\">\n\t\t\t\t\t\t\t\t\t<p>Les progr\u00e8s technologiques dans le domaine de l&rsquo;\u00e9lectronique ont r\u00e9volutionn\u00e9 la mani\u00e8re dont les installations de traitement sont contr\u00f4l\u00e9es et surveill\u00e9es, et ont permis le d\u00e9veloppement de syst\u00e8mes et d&rsquo;instruments toujours plus avanc\u00e9s.<br>Logic poss\u00e8de plus de 40 ans d&rsquo;exp\u00e9rience dans la conception et le d\u00e9veloppement d&rsquo;instruments \u00e9lectroniques de haute qualit\u00e9 pour l&rsquo;industrie de transformation, avec un accent particulier sur les zones pr\u00e9sentant un risque d&rsquo;explosion (ATEX).<\/p>\t\t\t\t\t\t\t\t<\/div>\n\t\t\t\t<\/div>\n\t\t\t\t\t<\/div>\n\t\t<\/div>\n\t\t\t\t\t<\/div>\n\t\t<\/section>\n\t\t\t\t<section class=\"elementor-section elementor-top-section elementor-element elementor-element-cd61f7d elementor-section-boxed elementor-section-height-default elementor-section-height-default\" data-id=\"cd61f7d\" data-element_type=\"section\" data-e-type=\"section\">\n\t\t\t\t\t\t<div class=\"elementor-container elementor-column-gap-default\">\n\t\t\t\t\t<div class=\"elementor-column elementor-col-100 elementor-top-column elementor-element elementor-element-f7980f6\" data-id=\"f7980f6\" data-element_type=\"column\" data-e-type=\"column\">\n\t\t\t<div class=\"elementor-widget-wrap elementor-element-populated\">\n\t\t\t\t\t\t<div class=\"elementor-element elementor-element-0af81b7 elementor-widget elementor-widget-html\" data-id=\"0af81b7\" data-element_type=\"widget\" data-e-type=\"widget\" data-widget_type=\"html.default\">\n\t\t\t\t<div class=\"elementor-widget-container\">\n\t\t\t\t\t<section class=\"elementor-section elementor-top-section elementor-element elementor-element-cd61f7d elementor-section-boxed elementor-section-height-default elementor-section-height-default\" data-id=\"cd61f7d\" data-element_type=\"section\" id=\"cod-scheda-pers\">\n  <div class=\"elementor-container elementor-column-gap-default\">\n    <div class=\"elementor-row\">\n      <div class=\"elementor-column elementor-col-100 elementor-top-column elementor-element elementor-element-f7980f6\" data-id=\"f7980f6\" data-element_type=\"column\">\n        <div class=\"elementor-column-wrap elementor-element-populated\">\n          <div class=\"elementor-widget-wrap\">\n            <div class=\"elementor-element elementor-element-50abf47 elementor-widget elementor-widget-industrium_projects_listing\" data-id=\"50abf47\" data-element_type=\"widget\" data-widget_type=\"industrium_projects_listing.default\">\n              <div class=\"elementor-widget-container\">\n                <div class=\"industrium-projects-listing-widget\">\n                  <div class=\"archive-listing\">\n                    <div class=\"archive-listing-wrapper project-listing-wrapper text-position-inside project-grid-listing columns-4\">\n                      <div class=\"project-item-wrapper post-3536 industrium_project type-industrium_project status-publish has-post-thumbnail hentry \">\n                        <div class=\"project-item\"> <a href=\"https:\/\/www.logic-pavia.it\/fr\/instrumentation-electronique\/systemes-de-mise-a-la-terre-atex\/\" class=\"project-item-link\"> <span class=\"project-item-media\"><img decoding=\"async\" alt=\"Syst\u00e8mes de mise \u00e0 la terre ATEX\" title=\"Syst\u00e8mes de mise \u00e0 la terre ATEXSistemi di messa a terra ATE\" src=\"\/wp-content\/uploads\/messa-terra-atex.jpg\" class=\"attachment-industrium_project_grid_4_columns size-industrium_project_grid_4_columns wp-post-image\"><\/span><span class=\"project-item-content\"><span class=\"post-title\"><span>Syst\u00e8mes de mise<br>\u00e0 la terre ATEX<\/span><\/span>\n                          \n                          <\/span> <\/a> <\/div>\n                      <\/div>\n                      <div class=\"project-item-wrapper post-3539 industrium_project type-industrium_project status-publish has-post-thumbnail hentry\">\n                        <div class=\"project-item\"> <a href=\"https:\/\/www.logic-pavia.it\/fr\/instrumentation-electronique\/panel-pc-atex-zone-1-21\/\" class=\"project-item-link\"> <span class=\"project-item-media\"><img decoding=\"async\" alt=\"Panel PC ATEX Zone 1\/21\" title=\"Panel PC ATEX Zone 1\/21\" src=\"\/wp-content\/uploads\/panel-pc.jpg\" class=\"attachment-industrium_project_grid_4_columns size-industrium_project_grid_4_columns wp-post-image\"><\/span><span class=\"project-item-content\"><span class=\"post-title\"><span>Panel PC ATEX<br>Zone 1\/21<\/span><\/span>\n                          \n                          <\/span> <\/a> <\/div>\n                      <\/div>\n                      <div class=\"project-item-wrapper post-3540 industrium_project type-industrium_project status-publish has-post-thumbnail hentry\">\n                        <div class=\"project-item\"> <a href=\"https:\/\/www.logic-pavia.it\/fr\/instrumentation-electronique\/systemes-dinertage\/\" class=\"project-item-link\"> <span class=\"project-item-media\"><img decoding=\"async\" alt=\"Syst\u00e8mes d'inertage\" title=\"Sistemi di inertizzazion\" src=\"\/wp-content\/uploads\/inertizzazione.jpg\" class=\"attachment-industrium_project_grid_4_columns size-industrium_project_grid_4_columns wp-post-image\"><\/span><span class=\"project-item-content\"><span class=\"post-title\"><span> Syst\u00e8mes d'inertage<\/span><\/span>\n                         \n                          <\/span> <\/a> <\/div>\n                      <\/div>\n                      <div class=\"project-item-wrapper post-3642 industrium_project type-industrium_project status-publish has-post-thumbnail hentry\">\n                        <div class=\"project-item\"> <a href=\"https:\/\/www.logic-pavia.it\/fr\/instrumentation-electronique\/systemes-de-pesage\/\" class=\"project-item-link\"> <span class=\"project-item-media\"><img decoding=\"async\" alt=\"Syst\u00e8mes de pesage\" title=\"Syst\u00e8mes de pesage\" src=\"\/wp-content\/uploads\/pesatura.jpg\" class=\"attachment-industrium_project_grid_4_columns size-industrium_project_grid_4_columns wp-post-image\"><\/span><span class=\"project-item-content\"><span class=\"post-title\"><span>Syst\u00e8mes de pesage<\/span><\/span>\n                          \n                          <\/span> <\/a> <\/div>\n                      <\/div>\n                    <\/div>\n                  <\/div>\n                <\/div>\n              <\/div>\n            <\/div>\n          <\/div>\n        <\/div>\n      <\/div>\n    <\/div>\n  <\/div>\n<\/section>\t\t\t\t<\/div>\n\t\t\t\t<\/div>\n\t\t\t\t\t<\/div>\n\t\t<\/div>\n\t\t\t\t\t<\/div>\n\t\t<\/section>\n\t\t\t\t<\/div>\n\t\t","protected":false},"excerpt":{"rendered":"<p>Les progr\u00e8s technologiques dans le domaine de l&rsquo;\u00e9lectronique ont r\u00e9volutionn\u00e9 la mani\u00e8re dont les installations de traitement sont contr\u00f4l\u00e9es et surveill\u00e9es, et ont permis le d\u00e9veloppement de syst\u00e8mes et d&rsquo;instruments toujours plus avanc\u00e9s.Logic poss\u00e8de plus de 40 ans d&rsquo;exp\u00e9rience dans la&#8230;<\/p>\n","protected":false},"author":1,"featured_media":0,"parent":0,"menu_order":0,"comment_status":"closed","ping_status":"closed","template":"","meta":{"om_disable_all_campaigns":false,"_monsterinsights_skip_tracking":false,"_monsterinsights_sitenote_active":false,"_monsterinsights_sitenote_note":"","_monsterinsights_sitenote_category":0,"_uf_show_specific_survey":0,"_uf_disable_surveys":false,"footnotes":""},"class_list":["post-19594","page","type-page","status-publish","hentry"],"_links":{"self":[{"href":"https:\/\/www.logic-pavia.it\/fr\/wp-json\/wp\/v2\/pages\/19594","targetHints":{"allow":["GET"]}}],"collection":[{"href":"https:\/\/www.logic-pavia.it\/fr\/wp-json\/wp\/v2\/pages"}],"about":[{"href":"https:\/\/www.logic-pavia.it\/fr\/wp-json\/wp\/v2\/types\/page"}],"author":[{"embeddable":true,"href":"https:\/\/www.logic-pavia.it\/fr\/wp-json\/wp\/v2\/users\/1"}],"replies":[{"embeddable":true,"href":"https:\/\/www.logic-pavia.it\/fr\/wp-json\/wp\/v2\/comments?post=19594"}],"version-history":[{"count":7,"href":"https:\/\/www.logic-pavia.it\/fr\/wp-json\/wp\/v2\/pages\/19594\/revisions"}],"predecessor-version":[{"id":19620,"href":"https:\/\/www.logic-pavia.it\/fr\/wp-json\/wp\/v2\/pages\/19594\/revisions\/19620"}],"wp:attachment":[{"href":"https:\/\/www.logic-pavia.it\/fr\/wp-json\/wp\/v2\/media?parent=19594"}],"curies":[{"name":"wp","href":"https:\/\/api.w.org\/{rel}","templated":true}]}}