{"id":19452,"date":"2024-05-09T09:49:41","date_gmt":"2024-05-09T07:49:41","guid":{"rendered":"https:\/\/www.logic-pavia.it\/usines-de-traitement\/cosmetique\/salles-de-pesees-manuelles\/"},"modified":"2026-02-20T17:02:16","modified_gmt":"2026-02-20T16:02:16","slug":"salles-de-pesees-manuelles","status":"publish","type":"page","link":"https:\/\/www.logic-pavia.it\/fr\/usines-de-traitement\/cosmetique\/salles-de-pesees-manuelles\/","title":{"rendered":"Salles de pes\u00e9es manuelles"},"content":{"rendered":"\t\t<div data-elementor-type=\"wp-page\" data-elementor-id=\"19452\" class=\"elementor elementor-19452 elementor-15914\" data-elementor-post-type=\"page\">\n\t\t\t\t\t\t<section class=\"elementor-section elementor-top-section elementor-element elementor-element-042738a elementor-section-stretched elementor-section-boxed elementor-section-height-default elementor-section-height-default\" data-id=\"042738a\" data-element_type=\"section\" data-e-type=\"section\" data-settings=\"{&quot;stretch_section&quot;:&quot;section-stretched&quot;,&quot;background_background&quot;:&quot;classic&quot;}\">\n\t\t\t\t\t\t<div class=\"elementor-container elementor-column-gap-default\">\n\t\t\t\t\t<div class=\"elementor-column elementor-col-50 elementor-top-column elementor-element elementor-element-a4ff56e\" data-id=\"a4ff56e\" data-element_type=\"column\" data-e-type=\"column\">\n\t\t\t<div class=\"elementor-widget-wrap elementor-element-populated\">\n\t\t\t\t\t\t<div class=\"elementor-element elementor-element-2e65776 elementor-widget elementor-widget-text-editor\" data-id=\"2e65776\" data-element_type=\"widget\" data-e-type=\"widget\" data-widget_type=\"text-editor.default\">\n\t\t\t\t<div class=\"elementor-widget-container\">\n\t\t\t\t\t\t\t\t\t<p>.COSM\u00c9TIQUE<\/p>\t\t\t\t\t\t\t\t<\/div>\n\t\t\t\t<\/div>\n\t\t\t\t<div class=\"elementor-element elementor-element-941b210 elementor-widget elementor-widget-image\" data-id=\"941b210\" data-element_type=\"widget\" data-e-type=\"widget\" data-widget_type=\"image.default\">\n\t\t\t\t<div class=\"elementor-widget-container\">\n\t\t\t\t\t\t\t\t\t\t\t\t\t\t\t<img fetchpriority=\"high\" decoding=\"async\" width=\"1024\" height=\"115\" src=\"https:\/\/www.logic-pavia.it\/wp-content\/uploads\/BatchPack-ab-1024x115.png\" class=\"attachment-large size-large wp-image-19454\" alt=\"\" srcset=\"https:\/\/www.logic-pavia.it\/wp-content\/uploads\/BatchPack-ab-1024x115.png 1024w, https:\/\/www.logic-pavia.it\/wp-content\/uploads\/BatchPack-ab-300x34.png 300w, https:\/\/www.logic-pavia.it\/wp-content\/uploads\/BatchPack-ab-768x87.png 768w, https:\/\/www.logic-pavia.it\/wp-content\/uploads\/BatchPack-ab-1536x173.png 1536w, https:\/\/www.logic-pavia.it\/wp-content\/uploads\/BatchPack-ab.png 1970w\" sizes=\"(max-width: 1024px) 100vw, 1024px\" \/>\t\t\t\t\t\t\t\t\t\t\t\t\t\t\t<\/div>\n\t\t\t\t<\/div>\n\t\t\t\t<div class=\"elementor-element elementor-element-6982cb6 elementor-widget elementor-widget-text-editor\" data-id=\"6982cb6\" data-element_type=\"widget\" data-e-type=\"widget\" data-widget_type=\"text-editor.default\">\n\t\t\t\t<div class=\"elementor-widget-container\">\n\t\t\t\t\t\t\t\t\t<p>SYST\u00c8ME DE TRA\u00c7ABILIT\u00c9 DES PES\u00c9ES <\/p>\t\t\t\t\t\t\t\t<\/div>\n\t\t\t\t<\/div>\n\t\t\t\t<div class=\"elementor-element elementor-element-88854ea elementor-widget-divider--view-line elementor-widget elementor-widget-divider\" data-id=\"88854ea\" data-element_type=\"widget\" data-e-type=\"widget\" data-widget_type=\"divider.default\">\n\t\t\t\t<div class=\"elementor-widget-container\">\n\t\t\t\t\t\t\t<div class=\"elementor-divider\">\n\t\t\t<span class=\"elementor-divider-separator\">\n\t\t\t\t\t\t<\/span>\n\t\t<\/div>\n\t\t\t\t\t\t<\/div>\n\t\t\t\t<\/div>\n\t\t\t\t<section class=\"elementor-section elementor-inner-section elementor-element elementor-element-1382aa3 elementor-section-boxed elementor-section-height-default elementor-section-height-default\" data-id=\"1382aa3\" data-element_type=\"section\" data-e-type=\"section\">\n\t\t\t\t\t\t<div class=\"elementor-container elementor-column-gap-default\">\n\t\t\t\t\t<div class=\"elementor-column elementor-col-100 elementor-inner-column elementor-element elementor-element-5eebd8c\" data-id=\"5eebd8c\" data-element_type=\"column\" data-e-type=\"column\">\n\t\t\t<div class=\"elementor-widget-wrap elementor-element-populated\">\n\t\t\t\t\t\t<div class=\"elementor-element elementor-element-a720d9c view_type-2 style_type-2 elementor-widget elementor-widget-industrium_services_listing\" data-id=\"a720d9c\" data-element_type=\"widget\" data-e-type=\"widget\" data-widget_type=\"industrium_services_listing.default\">\n\t\t\t\t<div class=\"elementor-widget-container\">\n\t\t\t\t\t\n        <div class=\"industrium-service-listing-widget\">\n\n            <div class=\"archive-listing\" data-ajax='{&quot;post_type&quot;:&quot;industrium_service&quot;,&quot;ignore_sticky_posts&quot;:true,&quot;suppress_filters&quot;:true,&quot;orderby&quot;:&quot;date&quot;,&quot;order&quot;:&quot;desc&quot;,&quot;link_base&quot;:&quot;https:\\\/\\\/www.logic-pavia.it\\\/fr\\\/wp-json\\\/wp\\\/v2\\\/pages\\\/19452\\\/&quot;,&quot;industrium_services_category&quot;:[&quot;industry&quot;],&quot;posts_per_page&quot;:-1}' data-widget='{&quot;excerpt_length&quot;:76,&quot;item_class&quot;:&quot;service-item-wrapper slider-item&quot;,&quot;columns_number&quot;:3,&quot;listing_type&quot;:&quot;slider&quot;,&quot;view_type&quot;:&quot;type-2&quot;}'>\n                <div class=\"archive-listing-wrapper service-listing-wrapper service-slider-listing owl-carousel owl-theme\" data-slider-options={&quot;items&quot;:3,&quot;nav&quot;:false,&quot;dots&quot;:true,&quot;dotsContainer&quot;:&quot;.owl-dots-a720d9c&quot;,&quot;autoplayHoverPause&quot;:true,&quot;autoplay&quot;:false,&quot;autoplaySpeed&quot;:300,&quot;autoplayTimeout&quot;:5000,&quot;loop&quot;:false,&quot;speed&quot;:500,&quot;view_type&quot;:&quot;type-2&quot;}>\n                                    <\/div>\n\n                            <\/div>\n            <div class=\"owl-dots owl-dots-a720d9c\"><\/div>        <\/div>\n        \t\t\t\t<\/div>\n\t\t\t\t<\/div>\n\t\t\t\t<div class=\"elementor-element elementor-element-75d1d6ac elementor-widget elementor-widget-image-carousel\" data-id=\"75d1d6ac\" data-element_type=\"widget\" data-e-type=\"widget\" data-settings=\"{&quot;slides_to_show&quot;:&quot;1&quot;,&quot;navigation&quot;:&quot;dots&quot;,&quot;autoplay&quot;:&quot;yes&quot;,&quot;pause_on_hover&quot;:&quot;yes&quot;,&quot;pause_on_interaction&quot;:&quot;yes&quot;,&quot;autoplay_speed&quot;:5000,&quot;infinite&quot;:&quot;yes&quot;,&quot;effect&quot;:&quot;slide&quot;,&quot;speed&quot;:500}\" data-widget_type=\"image-carousel.default\">\n\t\t\t\t<div class=\"elementor-widget-container\">\n\t\t\t\t\t\t\t<div class=\"elementor-image-carousel-wrapper swiper\" role=\"region\" aria-roledescription=\"carousel\" aria-label=\"Carosello d&#039;immagini\" dir=\"ltr\">\n\t\t\t<div class=\"elementor-image-carousel swiper-wrapper\" aria-live=\"off\">\n\t\t\t\t\t\t\t\t<div class=\"swiper-slide\" role=\"group\" aria-roledescription=\"slide\" aria-label=\"1 sur 10\"><a data-elementor-open-lightbox=\"yes\" data-elementor-lightbox-slideshow=\"75d1d6ac\" data-e-action-hash=\"#elementor-action%3Aaction%3Dlightbox%26settings%3DeyJpZCI6MTg2NjUsInVybCI6Imh0dHBzOlwvXC93d3cubG9naWMtcGF2aWEuaXRcL3dwLWNvbnRlbnRcL3VwbG9hZHNcL1NhbGEtcGVzYXRlLTIucG5nIiwic2xpZGVzaG93IjoiNzVkMWQ2YWMifQ%3D%3D\" href=\"https:\/\/www.logic-pavia.it\/wp-content\/uploads\/Sala-pesate-2.png\"><figure class=\"swiper-slide-inner\"><img decoding=\"async\" class=\"swiper-slide-image\" src=\"https:\/\/www.logic-pavia.it\/wp-content\/uploads\/Sala-pesate-2.png\" alt=\"Sala pesate 2\" \/><\/figure><\/a><\/div><div class=\"swiper-slide\" role=\"group\" aria-roledescription=\"slide\" aria-label=\"2 sur 10\"><a data-elementor-open-lightbox=\"yes\" data-elementor-lightbox-slideshow=\"75d1d6ac\" data-e-action-hash=\"#elementor-action%3Aaction%3Dlightbox%26settings%3DeyJpZCI6MTg1NzUsInVybCI6Imh0dHBzOlwvXC93d3cubG9naWMtcGF2aWEuaXRcL3dwLWNvbnRlbnRcL3VwbG9hZHNcL0JpbGFuY2lhLnBuZyIsInNsaWRlc2hvdyI6Ijc1ZDFkNmFjIn0%3D\" href=\"https:\/\/www.logic-pavia.it\/wp-content\/uploads\/Bilancia.png\"><figure class=\"swiper-slide-inner\"><img decoding=\"async\" class=\"swiper-slide-image\" src=\"https:\/\/www.logic-pavia.it\/wp-content\/uploads\/Bilancia.png\" alt=\"Bilancia\" \/><\/figure><\/a><\/div><div class=\"swiper-slide\" role=\"group\" aria-roledescription=\"slide\" aria-label=\"3 sur 10\"><a data-elementor-open-lightbox=\"yes\" data-elementor-lightbox-slideshow=\"75d1d6ac\" data-e-action-hash=\"#elementor-action%3Aaction%3Dlightbox%26settings%3DeyJpZCI6MTg2NzMsInVybCI6Imh0dHBzOlwvXC93d3cubG9naWMtcGF2aWEuaXRcL3dwLWNvbnRlbnRcL3VwbG9hZHNcL1NhbGEtcGVzYXRlLnBuZyIsInNsaWRlc2hvdyI6Ijc1ZDFkNmFjIn0%3D\" href=\"https:\/\/www.logic-pavia.it\/wp-content\/uploads\/Sala-pesate.png\"><figure class=\"swiper-slide-inner\"><img decoding=\"async\" class=\"swiper-slide-image\" src=\"https:\/\/www.logic-pavia.it\/wp-content\/uploads\/Sala-pesate.png\" alt=\"Sala pesate\" \/><\/figure><\/a><\/div><div class=\"swiper-slide\" role=\"group\" aria-roledescription=\"slide\" aria-label=\"4 sur 10\"><a data-elementor-open-lightbox=\"yes\" data-elementor-lightbox-slideshow=\"75d1d6ac\" data-e-action-hash=\"#elementor-action%3Aaction%3Dlightbox%26settings%3DeyJpZCI6MTg1MjAsInVybCI6Imh0dHBzOlwvXC93d3cubG9naWMtcGF2aWEuaXRcL3dwLWNvbnRlbnRcL3VwbG9hZHNcL0JpbGFuY2lhLWNvbi10YWJsZXQtMS5wbmciLCJzbGlkZXNob3ciOiI3NWQxZDZhYyJ9\" href=\"https:\/\/www.logic-pavia.it\/wp-content\/uploads\/Bilancia-con-tablet-1.png\"><figure class=\"swiper-slide-inner\"><img decoding=\"async\" class=\"swiper-slide-image\" src=\"https:\/\/www.logic-pavia.it\/wp-content\/uploads\/Bilancia-con-tablet-1.png\" alt=\"Bilancia con tablet\" \/><\/figure><\/a><\/div><div class=\"swiper-slide\" role=\"group\" aria-roledescription=\"slide\" aria-label=\"5 sur 10\"><a data-elementor-open-lightbox=\"yes\" data-elementor-lightbox-slideshow=\"75d1d6ac\" data-e-action-hash=\"#elementor-action%3Aaction%3Dlightbox%26settings%3DeyJpZCI6MTgzMjEsInVybCI6Imh0dHBzOlwvXC93d3cubG9naWMtcGF2aWEuaXRcL3dwLWNvbnRlbnRcL3VwbG9hZHNcL1NjcmVlbnNob3QtMjAyNC0wOS0xNy0xNzE3MTQucG5nIiwic2xpZGVzaG93IjoiNzVkMWQ2YWMifQ%3D%3D\" href=\"https:\/\/www.logic-pavia.it\/wp-content\/uploads\/Screenshot-2024-09-17-171714.png\"><figure class=\"swiper-slide-inner\"><img decoding=\"async\" class=\"swiper-slide-image\" src=\"https:\/\/www.logic-pavia.it\/wp-content\/uploads\/Screenshot-2024-09-17-171714.png\" alt=\"Screenshot 2024-09-17 171714\" \/><\/figure><\/a><\/div><div class=\"swiper-slide\" role=\"group\" aria-roledescription=\"slide\" aria-label=\"6 sur 10\"><a data-elementor-open-lightbox=\"yes\" data-elementor-lightbox-slideshow=\"75d1d6ac\" data-e-action-hash=\"#elementor-action%3Aaction%3Dlightbox%26settings%3DeyJpZCI6MTU4NTIsInVybCI6Imh0dHBzOlwvXC93d3cubG9naWMtcGF2aWEuaXRcL3dwLWNvbnRlbnRcL3VwbG9hZHNcLzAxLi1TYWxhLXBlc2F0ZS5qcGciLCJzbGlkZXNob3ciOiI3NWQxZDZhYyJ9\" href=\"https:\/\/www.logic-pavia.it\/wp-content\/uploads\/01.-Sala-pesate.jpg\"><figure class=\"swiper-slide-inner\"><img decoding=\"async\" class=\"swiper-slide-image\" src=\"https:\/\/www.logic-pavia.it\/wp-content\/uploads\/01.-Sala-pesate.jpg\" alt=\"01.-Sala-pesate\" \/><\/figure><\/a><\/div><div class=\"swiper-slide\" role=\"group\" aria-roledescription=\"slide\" aria-label=\"7 sur 10\"><a data-elementor-open-lightbox=\"yes\" data-elementor-lightbox-slideshow=\"75d1d6ac\" data-e-action-hash=\"#elementor-action%3Aaction%3Dlightbox%26settings%3DeyJpZCI6MTg0OTIsInVybCI6Imh0dHBzOlwvXC93d3cubG9naWMtcGF2aWEuaXRcL3dwLWNvbnRlbnRcL3VwbG9hZHNcLzIwMjQwOTE4XzEyMTUzOC1UYWJsZXQtc2NhbGVkLmpwZyIsInNsaWRlc2hvdyI6Ijc1ZDFkNmFjIn0%3D\" href=\"https:\/\/www.logic-pavia.it\/wp-content\/uploads\/20240918_121538-Tablet-scaled.jpg\"><figure class=\"swiper-slide-inner\"><img decoding=\"async\" class=\"swiper-slide-image\" src=\"https:\/\/www.logic-pavia.it\/wp-content\/uploads\/20240918_121538-Tablet-scaled.jpg\" alt=\"20240918_121538 - Tablet\" \/><\/figure><\/a><\/div><div class=\"swiper-slide\" role=\"group\" aria-roledescription=\"slide\" aria-label=\"8 sur 10\"><a data-elementor-open-lightbox=\"yes\" data-elementor-lightbox-slideshow=\"75d1d6ac\" data-e-action-hash=\"#elementor-action%3Aaction%3Dlightbox%26settings%3DeyJpZCI6MTU4NDcsInVybCI6Imh0dHBzOlwvXC93d3cubG9naWMtcGF2aWEuaXRcL3dwLWNvbnRlbnRcL3VwbG9hZHNcLzAyLi1kb3NhZ2dpby1pbi1jb3Jzby5qcGciLCJzbGlkZXNob3ciOiI3NWQxZDZhYyJ9\" href=\"https:\/\/www.logic-pavia.it\/wp-content\/uploads\/02.-dosaggio-in-corso.jpg\"><figure class=\"swiper-slide-inner\"><img decoding=\"async\" class=\"swiper-slide-image\" src=\"https:\/\/www.logic-pavia.it\/wp-content\/uploads\/02.-dosaggio-in-corso.jpg\" alt=\"02.-dosaggio-in-corso\" \/><\/figure><\/a><\/div><div class=\"swiper-slide\" role=\"group\" aria-roledescription=\"slide\" aria-label=\"9 sur 10\"><a data-elementor-open-lightbox=\"yes\" data-elementor-lightbox-slideshow=\"75d1d6ac\" data-e-action-hash=\"#elementor-action%3Aaction%3Dlightbox%26settings%3DeyJpZCI6MTg1MjIsInVybCI6Imh0dHBzOlwvXC93d3cubG9naWMtcGF2aWEuaXRcL3dwLWNvbnRlbnRcL3VwbG9hZHNcL2JpbGFuY2lhLWUtc3RvY2NhZ2dpLXNjYWxlZC5qcGciLCJzbGlkZXNob3ciOiI3NWQxZDZhYyJ9\" href=\"https:\/\/www.logic-pavia.it\/wp-content\/uploads\/bilancia-e-stoccaggi-scaled.jpg\"><figure class=\"swiper-slide-inner\"><img decoding=\"async\" class=\"swiper-slide-image\" src=\"https:\/\/www.logic-pavia.it\/wp-content\/uploads\/bilancia-e-stoccaggi-scaled.jpg\" alt=\"bilancia e stoccaggi\" \/><\/figure><\/a><\/div><div class=\"swiper-slide\" role=\"group\" aria-roledescription=\"slide\" aria-label=\"10 sur 10\"><a data-elementor-open-lightbox=\"yes\" data-elementor-lightbox-slideshow=\"75d1d6ac\" data-e-action-hash=\"#elementor-action%3Aaction%3Dlightbox%26settings%3DeyJpZCI6MTg0OTAsInVybCI6Imh0dHBzOlwvXC93d3cubG9naWMtcGF2aWEuaXRcL3dwLWNvbnRlbnRcL3VwbG9hZHNcLzIwMjQwOTE4XzEyMTUxNC1UYWJsZXQtc2NhbGVkLmpwZyIsInNsaWRlc2hvdyI6Ijc1ZDFkNmFjIn0%3D\" href=\"https:\/\/www.logic-pavia.it\/wp-content\/uploads\/20240918_121514-Tablet-scaled.jpg\"><figure class=\"swiper-slide-inner\"><img decoding=\"async\" class=\"swiper-slide-image\" src=\"https:\/\/www.logic-pavia.it\/wp-content\/uploads\/20240918_121514-Tablet-scaled.jpg\" alt=\"20240918_121514 - Tablet\" \/><\/figure><\/a><\/div>\t\t\t<\/div>\n\t\t\t\t\t\t\t\n\t\t\t\t\t\t\t\t\t<div class=\"swiper-pagination\"><\/div>\n\t\t\t\t\t\t\t\t\t<\/div>\n\t\t\t\t\t\t<\/div>\n\t\t\t\t<\/div>\n\t\t\t\t\t<\/div>\n\t\t<\/div>\n\t\t\t\t\t<\/div>\n\t\t<\/section>\n\t\t\t\t\t<\/div>\n\t\t<\/div>\n\t\t\t\t<div class=\"elementor-column elementor-col-50 elementor-top-column elementor-element elementor-element-acdbbec\" data-id=\"acdbbec\" data-element_type=\"column\" data-e-type=\"column\">\n\t\t\t<div class=\"elementor-widget-wrap elementor-element-populated\">\n\t\t\t\t\t\t<div class=\"elementor-element elementor-element-4e8ed88 elementor-widget elementor-widget-video\" data-id=\"4e8ed88\" data-element_type=\"widget\" data-e-type=\"widget\" data-settings=\"{&quot;video_type&quot;:&quot;hosted&quot;,&quot;autoplay&quot;:&quot;yes&quot;,&quot;play_on_mobile&quot;:&quot;yes&quot;,&quot;mute&quot;:&quot;yes&quot;,&quot;loop&quot;:&quot;yes&quot;}\" data-widget_type=\"video.default\">\n\t\t\t\t<div class=\"elementor-widget-container\">\n\t\t\t\t\t\t\t<div class=\"e-hosted-video elementor-wrapper elementor-open-inline\">\n\t\t\t\t\t<video class=\"elementor-video\" src=\"https:\/\/www.logic-pavia.it\/wp-content\/uploads\/Carrelli.mp4\" autoplay=\"\" loop=\"\" muted=\"muted\" playsinline=\"\" controlsList=\"nodownload\" poster=\"https:\/\/www.logic-pavia.it\/wp-content\/uploads\/01.-Sala-pesate.jpg\"><\/video>\n\t\t\t\t<\/div>\n\t\t\t\t\t\t<\/div>\n\t\t\t\t<\/div>\n\t\t\t\t<div class=\"elementor-element elementor-element-5c18215 elementor-widget elementor-widget-text-editor\" data-id=\"5c18215\" data-element_type=\"widget\" data-e-type=\"widget\" data-widget_type=\"text-editor.default\">\n\t\t\t\t<div class=\"elementor-widget-container\">\n\t\t\t\t\t\t\t\t\t<p>Le portail web Logic <span style=\"color: #f67829;\"><b>BatchPack<\/b><\/span> est le point de d\u00e9part de toutes les ressources n\u00e9cessaires pour construire et g\u00e9rer les recettes d&rsquo;une usine et visualiser les rapports des productions r\u00e9alis\u00e9es.<\/p>\n<p>Bas\u00e9 sur la technologie ASP.NET et DB SQL, le portail r\u00e9side sur un serveur connect\u00e9 au r\u00e9seau de production et d&rsquo;entreprise et est donc accessible via un navigateur web.<\/p>\n<p>Logic <span style=\"color: #f67829;\"><b>BatchPack<\/b><\/span> peut \u00e9galement \u00eatre mis en \u0153uvre avec le syst\u00e8me de gestion des pes\u00e9es manuelles gr\u00e2ce \u00e0 la proc\u00e9dure suivante:<\/p>\t\t\t\t\t\t\t\t<\/div>\n\t\t\t\t<\/div>\n\t\t\t\t<div class=\"elementor-element elementor-element-e7c6e60 elementor-widget elementor-widget-text-editor\" data-id=\"e7c6e60\" data-element_type=\"widget\" data-e-type=\"widget\" data-widget_type=\"text-editor.default\">\n\t\t\t\t<div class=\"elementor-widget-container\">\n\t\t\t\t\t\t\t\t\t<ul>\n<li>Possibilit\u00e9 d&rsquo;interfacer plusieurs balances au m\u00eame terminal op\u00e9rateur<\/li>\n<li>Possibilit\u00e9 de g\u00e9rer les dosages de MP dans des emballages (par exemple, des sacs)<\/li>\n<\/ul>\n<p>Le syst\u00e8me Logic <span style=\"color: #f67829;\"><b>BatchPack<\/b> impl\u00e9ment\u00e9 dans le syst\u00e8me de gestion du <b>pesage manuel <\/b>se compose des \u00e9l\u00e9ments suivants:<\/span><\/p>\t\t\t\t\t\t\t\t<\/div>\n\t\t\t\t<\/div>\n\t\t\t\t<div class=\"elementor-element elementor-element-7d7c4e4 elementor-widget elementor-widget-text-editor\" data-id=\"7d7c4e4\" data-element_type=\"widget\" data-e-type=\"widget\" data-widget_type=\"text-editor.default\">\n\t\t\t\t<div class=\"elementor-widget-container\">\n\t\t\t\t\t\t\t\t\t<ul>\n<li>Un pistolet \u00e0 code-barres<\/li>\n<li>Un terminal de 10,1 pouces<\/li>\n<li>Des balances de diff\u00e9rentes tailles et pr\u00e9cisions<\/li>\n<li>Imprimante d&rsquo;\u00e9tiquettes<\/li>\n<\/ul>\t\t\t\t\t\t\t\t<\/div>\n\t\t\t\t<\/div>\n\t\t\t\t\t<\/div>\n\t\t<\/div>\n\t\t\t\t\t<\/div>\n\t\t<\/section>\n\t\t\t\t<section class=\"elementor-section elementor-top-section elementor-element elementor-element-3c082b56 elementor-section-stretched elementor-section-boxed elementor-section-height-default elementor-section-height-default\" data-id=\"3c082b56\" data-element_type=\"section\" data-e-type=\"section\" data-settings=\"{&quot;stretch_section&quot;:&quot;section-stretched&quot;,&quot;background_background&quot;:&quot;classic&quot;}\">\n\t\t\t\t\t\t<div class=\"elementor-container elementor-column-gap-default\">\n\t\t\t\t\t<div class=\"elementor-column elementor-col-100 elementor-top-column elementor-element elementor-element-69737127\" data-id=\"69737127\" data-element_type=\"column\" data-e-type=\"column\">\n\t\t\t<div class=\"elementor-widget-wrap elementor-element-populated\">\n\t\t\t\t\t\t<div class=\"elementor-element elementor-element-981a55c elementor-widget elementor-widget-html\" data-id=\"981a55c\" data-element_type=\"widget\" data-e-type=\"widget\" data-widget_type=\"html.default\">\n\t\t\t\t<div class=\"elementor-widget-container\">\n\t\t\t\t\t<iframe frameborder=\"0\" style=\"height:500px;width:99%;border:none;\" src=\"https:\/\/forms.zohopublic.eu\/logicsrl\/form\/RICHIEDIINFORMAZIONI3\/formperma\/hNpSF8IV8YJDLcP8NdFA9XKggJCpw5hcerZIq8mvzhA\"><\/iframe>\t\t\t\t<\/div>\n\t\t\t\t<\/div>\n\t\t\t\t\t<\/div>\n\t\t<\/div>\n\t\t\t\t\t<\/div>\n\t\t<\/section>\n\t\t\t\t<\/div>\n\t\t","protected":false},"excerpt":{"rendered":"<p>.COSM\u00c9TIQUE SYST\u00c8ME DE TRA\u00c7ABILIT\u00c9 DES PES\u00c9ES https:\/\/www.logic-pavia.it\/wp-content\/uploads\/Carrelli.mp4 Le portail web Logic BatchPack est le point de d\u00e9part de toutes les ressources n\u00e9cessaires pour construire et g\u00e9rer les recettes d&rsquo;une usine et visualiser les rapports des productions r\u00e9alis\u00e9es. Bas\u00e9 sur la technologie&#8230;<\/p>\n","protected":false},"author":1,"featured_media":0,"parent":19396,"menu_order":0,"comment_status":"closed","ping_status":"closed","template":"","meta":{"om_disable_all_campaigns":false,"_monsterinsights_skip_tracking":false,"_monsterinsights_sitenote_active":false,"_monsterinsights_sitenote_note":"","_monsterinsights_sitenote_category":0,"_uf_show_specific_survey":0,"_uf_disable_surveys":false,"footnotes":""},"class_list":["post-19452","page","type-page","status-publish","hentry"],"_links":{"self":[{"href":"https:\/\/www.logic-pavia.it\/fr\/wp-json\/wp\/v2\/pages\/19452","targetHints":{"allow":["GET"]}}],"collection":[{"href":"https:\/\/www.logic-pavia.it\/fr\/wp-json\/wp\/v2\/pages"}],"about":[{"href":"https:\/\/www.logic-pavia.it\/fr\/wp-json\/wp\/v2\/types\/page"}],"author":[{"embeddable":true,"href":"https:\/\/www.logic-pavia.it\/fr\/wp-json\/wp\/v2\/users\/1"}],"replies":[{"embeddable":true,"href":"https:\/\/www.logic-pavia.it\/fr\/wp-json\/wp\/v2\/comments?post=19452"}],"version-history":[{"count":4,"href":"https:\/\/www.logic-pavia.it\/fr\/wp-json\/wp\/v2\/pages\/19452\/revisions"}],"predecessor-version":[{"id":19459,"href":"https:\/\/www.logic-pavia.it\/fr\/wp-json\/wp\/v2\/pages\/19452\/revisions\/19459"}],"up":[{"embeddable":true,"href":"https:\/\/www.logic-pavia.it\/fr\/wp-json\/wp\/v2\/pages\/19396"}],"wp:attachment":[{"href":"https:\/\/www.logic-pavia.it\/fr\/wp-json\/wp\/v2\/media?parent=19452"}],"curies":[{"name":"wp","href":"https:\/\/api.w.org\/{rel}","templated":true}]}}