{"id":19443,"date":"2024-05-09T11:19:41","date_gmt":"2024-05-09T09:19:41","guid":{"rendered":"https:\/\/www.logic-pavia.it\/usines-de-traitement\/cosmetique\/systemes-de-dosage\/eclipse-m\/"},"modified":"2026-04-07T14:58:03","modified_gmt":"2026-04-07T12:58:03","slug":"eclipse-m","status":"publish","type":"page","link":"https:\/\/www.logic-pavia.it\/fr\/usines-de-traitement\/cosmetique\/systemes-de-dosage\/eclipse-m\/","title":{"rendered":"Eclipse M"},"content":{"rendered":"\t\t<div data-elementor-type=\"wp-page\" data-elementor-id=\"19443\" class=\"elementor elementor-19443 elementor-16046\" data-elementor-post-type=\"page\">\n\t\t\t\t\t\t<section class=\"elementor-section elementor-top-section elementor-element elementor-element-042738a elementor-section-stretched elementor-section-boxed elementor-section-height-default elementor-section-height-default\" data-id=\"042738a\" data-element_type=\"section\" data-e-type=\"section\" data-settings=\"{&quot;stretch_section&quot;:&quot;section-stretched&quot;,&quot;background_background&quot;:&quot;classic&quot;}\">\n\t\t\t\t\t\t<div class=\"elementor-container elementor-column-gap-default\">\n\t\t\t\t\t<div class=\"elementor-column elementor-col-50 elementor-top-column elementor-element elementor-element-a4ff56e\" data-id=\"a4ff56e\" data-element_type=\"column\" data-e-type=\"column\">\n\t\t\t<div class=\"elementor-widget-wrap elementor-element-populated\">\n\t\t\t\t\t\t<div class=\"elementor-element elementor-element-6e1bae4 elementor-widget elementor-widget-image\" data-id=\"6e1bae4\" data-element_type=\"widget\" data-e-type=\"widget\" data-widget_type=\"image.default\">\n\t\t\t\t<div class=\"elementor-widget-container\">\n\t\t\t\t\t\t\t\t\t\t\t\t\t\t\t<img decoding=\"async\" width=\"471\" height=\"48\" src=\"https:\/\/www.logic-pavia.it\/wp-content\/uploads\/Eclipse-M-logo.png\" class=\"attachment-large size-large wp-image-16038\" alt=\"\" srcset=\"https:\/\/www.logic-pavia.it\/wp-content\/uploads\/Eclipse-M-logo.png 471w, https:\/\/www.logic-pavia.it\/wp-content\/uploads\/Eclipse-M-logo-300x31.png 300w\" sizes=\"(max-width: 471px) 100vw, 471px\" \/>\t\t\t\t\t\t\t\t\t\t\t\t\t\t\t<\/div>\n\t\t\t\t<\/div>\n\t\t\t\t<div class=\"elementor-element elementor-element-88854ea elementor-widget-divider--view-line elementor-widget elementor-widget-divider\" data-id=\"88854ea\" data-element_type=\"widget\" data-e-type=\"widget\" data-widget_type=\"divider.default\">\n\t\t\t\t<div class=\"elementor-widget-container\">\n\t\t\t\t\t\t\t<div class=\"elementor-divider\">\n\t\t\t<span class=\"elementor-divider-separator\">\n\t\t\t\t\t\t<\/span>\n\t\t<\/div>\n\t\t\t\t\t\t<\/div>\n\t\t\t\t<\/div>\n\t\t\t\t<div class=\"elementor-element elementor-element-17021d6 elementor-widget elementor-widget-image-carousel\" data-id=\"17021d6\" data-element_type=\"widget\" data-e-type=\"widget\" data-settings=\"{&quot;slides_to_show&quot;:&quot;1&quot;,&quot;navigation&quot;:&quot;dots&quot;,&quot;autoplay&quot;:&quot;yes&quot;,&quot;pause_on_hover&quot;:&quot;yes&quot;,&quot;pause_on_interaction&quot;:&quot;yes&quot;,&quot;autoplay_speed&quot;:5000,&quot;infinite&quot;:&quot;yes&quot;,&quot;effect&quot;:&quot;slide&quot;,&quot;speed&quot;:500}\" data-widget_type=\"image-carousel.default\">\n\t\t\t\t<div class=\"elementor-widget-container\">\n\t\t\t\t\t\t\t<div class=\"elementor-image-carousel-wrapper swiper\" role=\"region\" aria-roledescription=\"carousel\" aria-label=\"Carosello d&#039;immagini\" dir=\"ltr\">\n\t\t\t<div class=\"elementor-image-carousel swiper-wrapper\" aria-live=\"off\">\n\t\t\t\t\t\t\t\t<div class=\"swiper-slide\" role=\"group\" aria-roledescription=\"slide\" aria-label=\"1 sur 7\"><a data-elementor-open-lightbox=\"yes\" data-elementor-lightbox-slideshow=\"17021d6\" data-e-action-hash=\"#elementor-action%3Aaction%3Dlightbox%26settings%3DeyJpZCI6MTg0OTYsInVybCI6Imh0dHBzOlwvXC93d3cubG9naWMtcGF2aWEuaXRcL3dwLWNvbnRlbnRcL3VwbG9hZHNcLzIwMjQwOTE4XzEyMTMwNS1FY2xpcHNlLU0tc2NhbGVkLmpwZyIsInNsaWRlc2hvdyI6IjE3MDIxZDYifQ%3D%3D\" href=\"https:\/\/www.logic-pavia.it\/wp-content\/uploads\/20240918_121305-Eclipse-M-scaled.jpg\"><figure class=\"swiper-slide-inner\"><img decoding=\"async\" class=\"swiper-slide-image\" src=\"https:\/\/www.logic-pavia.it\/wp-content\/uploads\/20240918_121305-Eclipse-M-scaled.jpg\" alt=\"20240918_121305 - Eclipse M\" \/><\/figure><\/a><\/div><div class=\"swiper-slide\" role=\"group\" aria-roledescription=\"slide\" aria-label=\"2 sur 7\"><a data-elementor-open-lightbox=\"yes\" data-elementor-lightbox-slideshow=\"17021d6\" data-e-action-hash=\"#elementor-action%3Aaction%3Dlightbox%26settings%3DeyJpZCI6MTYwNTQsInVybCI6Imh0dHBzOlwvXC93d3cubG9naWMtcGF2aWEuaXRcL3dwLWNvbnRlbnRcL3VwbG9hZHNcLzAxLi1FY2xpcHNlLU0ucG5nIiwic2xpZGVzaG93IjoiMTcwMjFkNiJ9\" href=\"https:\/\/www.logic-pavia.it\/wp-content\/uploads\/01.-Eclipse-M.png\"><figure class=\"swiper-slide-inner\"><img decoding=\"async\" class=\"swiper-slide-image\" src=\"https:\/\/www.logic-pavia.it\/wp-content\/uploads\/01.-Eclipse-M.png\" alt=\"01.-Eclipse-M\" \/><\/figure><\/a><\/div><div class=\"swiper-slide\" role=\"group\" aria-roledescription=\"slide\" aria-label=\"3 sur 7\"><a data-elementor-open-lightbox=\"yes\" data-elementor-lightbox-slideshow=\"17021d6\" data-e-action-hash=\"#elementor-action%3Aaction%3Dlightbox%26settings%3DeyJpZCI6MTg0OTIsInVybCI6Imh0dHBzOlwvXC93d3cubG9naWMtcGF2aWEuaXRcL3dwLWNvbnRlbnRcL3VwbG9hZHNcLzIwMjQwOTE4XzEyMTUzOC1UYWJsZXQtc2NhbGVkLmpwZyIsInNsaWRlc2hvdyI6IjE3MDIxZDYifQ%3D%3D\" href=\"https:\/\/www.logic-pavia.it\/wp-content\/uploads\/20240918_121538-Tablet-scaled.jpg\"><figure class=\"swiper-slide-inner\"><img decoding=\"async\" class=\"swiper-slide-image\" src=\"https:\/\/www.logic-pavia.it\/wp-content\/uploads\/20240918_121538-Tablet-scaled.jpg\" alt=\"20240918_121538 - Tablet\" \/><\/figure><\/a><\/div><div class=\"swiper-slide\" role=\"group\" aria-roledescription=\"slide\" aria-label=\"4 sur 7\"><a data-elementor-open-lightbox=\"yes\" data-elementor-lightbox-slideshow=\"17021d6\" data-e-action-hash=\"#elementor-action%3Aaction%3Dlightbox%26settings%3DeyJpZCI6MTg0OTAsInVybCI6Imh0dHBzOlwvXC93d3cubG9naWMtcGF2aWEuaXRcL3dwLWNvbnRlbnRcL3VwbG9hZHNcLzIwMjQwOTE4XzEyMTUxNC1UYWJsZXQtc2NhbGVkLmpwZyIsInNsaWRlc2hvdyI6IjE3MDIxZDYifQ%3D%3D\" href=\"https:\/\/www.logic-pavia.it\/wp-content\/uploads\/20240918_121514-Tablet-scaled.jpg\"><figure class=\"swiper-slide-inner\"><img decoding=\"async\" class=\"swiper-slide-image\" src=\"https:\/\/www.logic-pavia.it\/wp-content\/uploads\/20240918_121514-Tablet-scaled.jpg\" alt=\"20240918_121514 - Tablet\" \/><\/figure><\/a><\/div><div class=\"swiper-slide\" role=\"group\" aria-roledescription=\"slide\" aria-label=\"5 sur 7\"><a data-elementor-open-lightbox=\"yes\" data-elementor-lightbox-slideshow=\"17021d6\" data-e-action-hash=\"#elementor-action%3Aaction%3Dlightbox%26settings%3DeyJpZCI6MTg0OTQsInVybCI6Imh0dHBzOlwvXC93d3cubG9naWMtcGF2aWEuaXRcL3dwLWNvbnRlbnRcL3VwbG9hZHNcLzIwMjQwOTE4XzEyMzYxMS1FY2xpcHNlLU0tc2NhbGVkLmpwZyIsInNsaWRlc2hvdyI6IjE3MDIxZDYifQ%3D%3D\" href=\"https:\/\/www.logic-pavia.it\/wp-content\/uploads\/20240918_123611-Eclipse-M-scaled.jpg\"><figure class=\"swiper-slide-inner\"><img decoding=\"async\" class=\"swiper-slide-image\" src=\"https:\/\/www.logic-pavia.it\/wp-content\/uploads\/20240918_123611-Eclipse-M-scaled.jpg\" alt=\"20240918_123611 - Eclipse M\" \/><\/figure><\/a><\/div><div class=\"swiper-slide\" role=\"group\" aria-roledescription=\"slide\" aria-label=\"6 sur 7\"><a data-elementor-open-lightbox=\"yes\" data-elementor-lightbox-slideshow=\"17021d6\" data-e-action-hash=\"#elementor-action%3Aaction%3Dlightbox%26settings%3DeyJpZCI6MTYwNTMsInVybCI6Imh0dHBzOlwvXC93d3cubG9naWMtcGF2aWEuaXRcL3dwLWNvbnRlbnRcL3VwbG9hZHNcLzAzLi1JTUdfMzAxMi5wbmciLCJzbGlkZXNob3ciOiIxNzAyMWQ2In0%3D\" href=\"https:\/\/www.logic-pavia.it\/wp-content\/uploads\/03.-IMG_3012.png\"><figure class=\"swiper-slide-inner\"><img decoding=\"async\" class=\"swiper-slide-image\" src=\"https:\/\/www.logic-pavia.it\/wp-content\/uploads\/03.-IMG_3012.png\" alt=\"03.-IMG_3012\" \/><\/figure><\/a><\/div><div class=\"swiper-slide\" role=\"group\" aria-roledescription=\"slide\" aria-label=\"7 sur 7\"><a data-elementor-open-lightbox=\"yes\" data-elementor-lightbox-slideshow=\"17021d6\" data-e-action-hash=\"#elementor-action%3Aaction%3Dlightbox%26settings%3DeyJpZCI6MTYwNTIsInVybCI6Imh0dHBzOlwvXC93d3cubG9naWMtcGF2aWEuaXRcL3dwLWNvbnRlbnRcL3VwbG9hZHNcLzAyLi1JTUdfMjk2Ny5wbmciLCJzbGlkZXNob3ciOiIxNzAyMWQ2In0%3D\" href=\"https:\/\/www.logic-pavia.it\/wp-content\/uploads\/02.-IMG_2967.png\"><figure class=\"swiper-slide-inner\"><img decoding=\"async\" class=\"swiper-slide-image\" src=\"https:\/\/www.logic-pavia.it\/wp-content\/uploads\/02.-IMG_2967.png\" alt=\"02.-IMG_2967\" \/><\/figure><\/a><\/div>\t\t\t<\/div>\n\t\t\t\t\t\t\t\n\t\t\t\t\t\t\t\t\t<div class=\"swiper-pagination\"><\/div>\n\t\t\t\t\t\t\t\t\t<\/div>\n\t\t\t\t\t\t<\/div>\n\t\t\t\t<\/div>\n\t\t\t\t<section class=\"elementor-section elementor-inner-section elementor-element elementor-element-1382aa3 elementor-section-boxed elementor-section-height-default elementor-section-height-default\" data-id=\"1382aa3\" data-element_type=\"section\" data-e-type=\"section\">\n\t\t\t\t\t\t<div class=\"elementor-container elementor-column-gap-default\">\n\t\t\t\t\t<div class=\"elementor-column elementor-col-100 elementor-inner-column elementor-element elementor-element-5eebd8c\" data-id=\"5eebd8c\" data-element_type=\"column\" data-e-type=\"column\">\n\t\t\t<div class=\"elementor-widget-wrap elementor-element-populated\">\n\t\t\t\t\t\t<div class=\"elementor-element elementor-element-88018db elementor-widget elementor-widget-industrium_button\" data-id=\"88018db\" data-element_type=\"widget\" data-e-type=\"widget\" data-widget_type=\"industrium_button.default\">\n\t\t\t\t<div class=\"elementor-widget-container\">\n\t\t\t\t\t\n        <div class=\"button-widget\">\n            <div class=\"button-container\">\n                <a class=\"industrium-button button-type-2\" href=\"https:\/\/www.logic-pavia.it\/wp-content\/uploads\/Eclipse-M_REV_A_fr-1.pdf\" target=\"_blank\">\n                    <span class=\"industrium-button-text\">Datasheet<\/span>                    \n                <\/a>\n            <\/div>\n        <\/div>\n        \t\t\t\t<\/div>\n\t\t\t\t<\/div>\n\t\t\t\t<div class=\"elementor-element elementor-element-a720d9c view_type-2 style_type-2 elementor-widget elementor-widget-industrium_services_listing\" data-id=\"a720d9c\" data-element_type=\"widget\" data-e-type=\"widget\" data-widget_type=\"industrium_services_listing.default\">\n\t\t\t\t<div class=\"elementor-widget-container\">\n\t\t\t\t\t\n        <div class=\"industrium-service-listing-widget\">\n\n            <div class=\"archive-listing\" data-ajax='{&quot;post_type&quot;:&quot;industrium_service&quot;,&quot;ignore_sticky_posts&quot;:true,&quot;suppress_filters&quot;:true,&quot;orderby&quot;:&quot;date&quot;,&quot;order&quot;:&quot;desc&quot;,&quot;link_base&quot;:&quot;https:\\\/\\\/www.logic-pavia.it\\\/fr\\\/wp-json\\\/wp\\\/v2\\\/pages\\\/19443\\\/&quot;,&quot;industrium_services_category&quot;:[&quot;industry&quot;],&quot;posts_per_page&quot;:-1}' data-widget='{&quot;excerpt_length&quot;:76,&quot;item_class&quot;:&quot;service-item-wrapper slider-item&quot;,&quot;columns_number&quot;:3,&quot;listing_type&quot;:&quot;slider&quot;,&quot;view_type&quot;:&quot;type-2&quot;}'>\n                <div class=\"archive-listing-wrapper service-listing-wrapper service-slider-listing owl-carousel owl-theme\" data-slider-options={&quot;items&quot;:3,&quot;nav&quot;:false,&quot;dots&quot;:true,&quot;dotsContainer&quot;:&quot;.owl-dots-a720d9c&quot;,&quot;autoplayHoverPause&quot;:true,&quot;autoplay&quot;:false,&quot;autoplaySpeed&quot;:300,&quot;autoplayTimeout&quot;:5000,&quot;loop&quot;:false,&quot;speed&quot;:500,&quot;view_type&quot;:&quot;type-2&quot;}>\n                                    <\/div>\n\n                            <\/div>\n            <div class=\"owl-dots owl-dots-a720d9c\"><\/div>        <\/div>\n        \t\t\t\t<\/div>\n\t\t\t\t<\/div>\n\t\t\t\t\t<\/div>\n\t\t<\/div>\n\t\t\t\t\t<\/div>\n\t\t<\/section>\n\t\t\t\t\t<\/div>\n\t\t<\/div>\n\t\t\t\t<div class=\"elementor-column elementor-col-50 elementor-top-column elementor-element elementor-element-acdbbec\" data-id=\"acdbbec\" data-element_type=\"column\" data-e-type=\"column\">\n\t\t\t<div class=\"elementor-widget-wrap elementor-element-populated\">\n\t\t\t\t\t\t<div class=\"elementor-element elementor-element-18d6f1e elementor-widget elementor-widget-video\" data-id=\"18d6f1e\" data-element_type=\"widget\" data-e-type=\"widget\" data-settings=\"{&quot;video_type&quot;:&quot;hosted&quot;,&quot;autoplay&quot;:&quot;yes&quot;,&quot;play_on_mobile&quot;:&quot;yes&quot;,&quot;mute&quot;:&quot;yes&quot;,&quot;loop&quot;:&quot;yes&quot;}\" data-widget_type=\"video.default\">\n\t\t\t\t<div class=\"elementor-widget-container\">\n\t\t\t\t\t\t\t<div class=\"e-hosted-video elementor-wrapper elementor-open-inline\">\n\t\t\t\t\t<video class=\"elementor-video\" src=\"https:\/\/www.logic-pavia.it\/wp-content\/uploads\/ECLIPSE-M-Bilancia-1.mp4\" autoplay=\"\" loop=\"\" muted=\"muted\" playsinline=\"\" controlsList=\"nodownload\"><\/video>\n\t\t\t\t<\/div>\n\t\t\t\t\t\t<\/div>\n\t\t\t\t<\/div>\n\t\t\t\t<div class=\"elementor-element elementor-element-2a310da elementor-widget elementor-widget-text-editor\" data-id=\"2a310da\" data-element_type=\"widget\" data-e-type=\"widget\" data-widget_type=\"text-editor.default\">\n\t\t\t\t<div class=\"elementor-widget-container\">\n\t\t\t\t\t\t\t\t\t<p>Le syst\u00e8me de dosage Logic de la s\u00e9rie <strong>Eclipse M<\/strong> est une machine automatis\u00e9e pour la pr\u00e9paration de mati\u00e8res premi\u00e8res liquides pour les industries des cosm\u00e9tiques et des parfums et essences.<\/p><p><strong>Eclipse M <\/strong>est int\u00e9gralement constitu\u00e9 d&rsquo;une structure robuste en acier inoxydable, qui est \u00e9galement disponible dans une version certifi\u00e9e ATEX, garantissant une s\u00e9curit\u00e9 op\u00e9rationnelle maximale.<\/p><p>La rose peut \u00eatre \u00e9tendue jusqu&rsquo;\u00e0 36 mati\u00e8res premi\u00e8res, ce qui offre de vastes possibilit\u00e9s de personnalisation pour r\u00e9pondre \u00e0 vos besoins sp\u00e9cifiques.<br><\/p><p>\u00c9quip\u00e9e d&rsquo;un syst\u00e8me de contr\u00f4le PLC avanc\u00e9 et d&rsquo;une interface tactile SCADA, int\u00e9gr\u00e9e au syst\u00e8me de gestion de la tra\u00e7abilit\u00e9 de la production Logic <a href=\"https:\/\/www.logic-pavia.it\/impianti-di-processo\/cosmesi\/sale-pesate-manuali\/\"><span style=\"color: #f67829;\"><strong>BatchPack<\/strong><\/span><\/a>, cette machine vous permet de surveiller et de suivre le dosage effectu\u00e9 et la consommation de mati\u00e8res premi\u00e8res, en fournissant des donn\u00e9es aux syst\u00e8mes ERP \/ MES..<\/p><p>Caract\u00e9ristiques principales:<\/p>\t\t\t\t\t\t\t\t<\/div>\n\t\t\t\t<\/div>\n\t\t\t\t<div class=\"elementor-element elementor-element-73a92a0 elementor-widget elementor-widget-text-editor\" data-id=\"73a92a0\" data-element_type=\"widget\" data-e-type=\"widget\" data-widget_type=\"text-editor.default\">\n\t\t\t\t<div class=\"elementor-widget-container\">\n\t\t\t\t\t\t\t\t\t<ul>\n<li>Vannes de dosage en aluminium anodis\u00e9 et \u00e9quip\u00e9es de joints en PTFE, disponibles en diff\u00e9rentes tailles \u00e0 partir de DN 12 \/ 3, utilisant une technologie proportionnelle brevet\u00e9e.<\/li>\n<li>Balance de dosage au sol de dimensions 1000&#215;1000 en AISI 304 mm, capable de supporter des charges allant jusqu&rsquo;\u00e0 600 kg.<\/li>\n<li>Balances sur table rotative pour le dosage sous la vanne correcte sur des conteneurs cylindriques en AISI 304 \/ 316L jusqu&rsquo;\u00e0 un diam\u00e8tre de 300 mm et une hauteur de 550 mm, avec une grande possibilit\u00e9 de personnalisation.<\/li>\n<\/ul>\n<p>Options et services suppl\u00e9mentaires disponibles:<\/p>\t\t\t\t\t\t\t\t<\/div>\n\t\t\t\t<\/div>\n\t\t\t\t<div class=\"elementor-element elementor-element-13c53a6 elementor-widget elementor-widget-text-editor\" data-id=\"13c53a6\" data-element_type=\"widget\" data-e-type=\"widget\" data-widget_type=\"text-editor.default\">\n\t\t\t\t<div class=\"elementor-widget-container\">\n\t\t\t\t\t\t\t\t\t<ul><li>Installation compl\u00e8te et service de l&rsquo;usine : m\u00e9canique, \u00e9lectrique et hydraulique R\u00e9vision des machines existantes et int\u00e9gration des syst\u00e8mes de dosage dans les lignes de production existantes<\/li><li>Balances manuelles externes et salles de pes\u00e9e, qui peuvent \u00e9galement \u00eatre connect\u00e9es au syst\u00e8me de tra\u00e7abilit\u00e9 Logic <a style=\"background-color: var( --e-global-color-primary ); font-size: 1em; font-weight: 400; letter-spacing: 0em;\" href=\"https:\/\/www.logic-pavia.it\/impianti-di-processo\/cosmesi\/sale-pesate-manuali\/\"><strong>BatchPack<\/strong><\/a><\/li><\/ul>\t\t\t\t\t\t\t\t<\/div>\n\t\t\t\t<\/div>\n\t\t\t\t\t<\/div>\n\t\t<\/div>\n\t\t\t\t\t<\/div>\n\t\t<\/section>\n\t\t\t\t<section class=\"elementor-section elementor-top-section elementor-element elementor-element-3c082b56 elementor-section-stretched elementor-section-boxed elementor-section-height-default elementor-section-height-default\" data-id=\"3c082b56\" data-element_type=\"section\" data-e-type=\"section\" data-settings=\"{&quot;stretch_section&quot;:&quot;section-stretched&quot;,&quot;background_background&quot;:&quot;classic&quot;}\">\n\t\t\t\t\t\t<div class=\"elementor-container elementor-column-gap-default\">\n\t\t\t\t\t<div class=\"elementor-column elementor-col-100 elementor-top-column elementor-element elementor-element-69737127\" data-id=\"69737127\" data-element_type=\"column\" data-e-type=\"column\">\n\t\t\t<div class=\"elementor-widget-wrap elementor-element-populated\">\n\t\t\t\t\t\t<div class=\"elementor-element elementor-element-981a55c elementor-widget elementor-widget-html\" data-id=\"981a55c\" data-element_type=\"widget\" data-e-type=\"widget\" data-widget_type=\"html.default\">\n\t\t\t\t<div class=\"elementor-widget-container\">\n\t\t\t\t\t<iframe frameborder=\"0\" style=\"height:500px;width:99%;border:none;\" src=\"https:\/\/forms.zohopublic.eu\/logicsrl\/form\/RICHIEDIINFORMAZIONI3\/formperma\/hNpSF8IV8YJDLcP8NdFA9XKggJCpw5hcerZIq8mvzhA\"><\/iframe>\t\t\t\t<\/div>\n\t\t\t\t<\/div>\n\t\t\t\t\t<\/div>\n\t\t<\/div>\n\t\t\t\t\t<\/div>\n\t\t<\/section>\n\t\t\t\t<\/div>\n\t\t","protected":false},"excerpt":{"rendered":"<p>https:\/\/www.logic-pavia.it\/wp-content\/uploads\/ECLIPSE-M-Bilancia-1.mp4 Le syst\u00e8me de dosage Logic de la s\u00e9rie Eclipse M est une machine automatis\u00e9e pour la pr\u00e9paration de mati\u00e8res premi\u00e8res liquides pour les industries des cosm\u00e9tiques et des parfums et essences. Eclipse M est int\u00e9gralement constitu\u00e9 d&rsquo;une structure robuste en&#8230;<\/p>\n","protected":false},"author":1,"featured_media":0,"parent":19416,"menu_order":0,"comment_status":"closed","ping_status":"closed","template":"","meta":{"om_disable_all_campaigns":false,"_monsterinsights_skip_tracking":false,"_monsterinsights_sitenote_active":false,"_monsterinsights_sitenote_note":"","_monsterinsights_sitenote_category":0,"_uf_show_specific_survey":0,"_uf_disable_surveys":false,"footnotes":""},"class_list":["post-19443","page","type-page","status-publish","hentry"],"_links":{"self":[{"href":"https:\/\/www.logic-pavia.it\/fr\/wp-json\/wp\/v2\/pages\/19443","targetHints":{"allow":["GET"]}}],"collection":[{"href":"https:\/\/www.logic-pavia.it\/fr\/wp-json\/wp\/v2\/pages"}],"about":[{"href":"https:\/\/www.logic-pavia.it\/fr\/wp-json\/wp\/v2\/types\/page"}],"author":[{"embeddable":true,"href":"https:\/\/www.logic-pavia.it\/fr\/wp-json\/wp\/v2\/users\/1"}],"replies":[{"embeddable":true,"href":"https:\/\/www.logic-pavia.it\/fr\/wp-json\/wp\/v2\/comments?post=19443"}],"version-history":[{"count":7,"href":"https:\/\/www.logic-pavia.it\/fr\/wp-json\/wp\/v2\/pages\/19443\/revisions"}],"predecessor-version":[{"id":19997,"href":"https:\/\/www.logic-pavia.it\/fr\/wp-json\/wp\/v2\/pages\/19443\/revisions\/19997"}],"up":[{"embeddable":true,"href":"https:\/\/www.logic-pavia.it\/fr\/wp-json\/wp\/v2\/pages\/19416"}],"wp:attachment":[{"href":"https:\/\/www.logic-pavia.it\/fr\/wp-json\/wp\/v2\/media?parent=19443"}],"curies":[{"name":"wp","href":"https:\/\/api.w.org\/{rel}","templated":true}]}}