{"id":19440,"date":"2024-05-09T11:12:00","date_gmt":"2024-05-09T09:12:00","guid":{"rendered":"https:\/\/www.logic-pavia.it\/usines-de-traitement\/cosmetique\/systemes-de-dosage\/eclipse-r\/"},"modified":"2026-04-07T14:57:28","modified_gmt":"2026-04-07T12:57:28","slug":"eclipse-r","status":"publish","type":"page","link":"https:\/\/www.logic-pavia.it\/fr\/usines-de-traitement\/cosmetique\/systemes-de-dosage\/eclipse-r\/","title":{"rendered":"Eclipse R"},"content":{"rendered":"\t\t<div data-elementor-type=\"wp-page\" data-elementor-id=\"19440\" class=\"elementor elementor-19440 elementor-16023\" data-elementor-post-type=\"page\">\n\t\t\t\t\t\t<section class=\"elementor-section elementor-top-section elementor-element elementor-element-042738a elementor-section-stretched elementor-section-boxed elementor-section-height-default elementor-section-height-default\" data-id=\"042738a\" data-element_type=\"section\" data-e-type=\"section\" data-settings=\"{&quot;stretch_section&quot;:&quot;section-stretched&quot;,&quot;background_background&quot;:&quot;classic&quot;}\">\n\t\t\t\t\t\t<div class=\"elementor-container elementor-column-gap-default\">\n\t\t\t\t\t<div class=\"elementor-column elementor-col-50 elementor-top-column elementor-element elementor-element-a4ff56e\" data-id=\"a4ff56e\" data-element_type=\"column\" data-e-type=\"column\">\n\t\t\t<div class=\"elementor-widget-wrap elementor-element-populated\">\n\t\t\t\t\t\t<div class=\"elementor-element elementor-element-6e1bae4 elementor-widget elementor-widget-image\" data-id=\"6e1bae4\" data-element_type=\"widget\" data-e-type=\"widget\" data-widget_type=\"image.default\">\n\t\t\t\t<div class=\"elementor-widget-container\">\n\t\t\t\t\t\t\t\t\t\t\t\t\t\t\t<img decoding=\"async\" width=\"420\" height=\"42\" src=\"https:\/\/www.logic-pavia.it\/wp-content\/uploads\/Eclipse-R-logo.png\" class=\"attachment-large size-large wp-image-16039\" alt=\"\" srcset=\"https:\/\/www.logic-pavia.it\/wp-content\/uploads\/Eclipse-R-logo.png 420w, https:\/\/www.logic-pavia.it\/wp-content\/uploads\/Eclipse-R-logo-300x30.png 300w\" sizes=\"(max-width: 420px) 100vw, 420px\" \/>\t\t\t\t\t\t\t\t\t\t\t\t\t\t\t<\/div>\n\t\t\t\t<\/div>\n\t\t\t\t<div class=\"elementor-element elementor-element-88854ea elementor-widget-divider--view-line elementor-widget elementor-widget-divider\" data-id=\"88854ea\" data-element_type=\"widget\" data-e-type=\"widget\" data-widget_type=\"divider.default\">\n\t\t\t\t<div class=\"elementor-widget-container\">\n\t\t\t\t\t\t\t<div class=\"elementor-divider\">\n\t\t\t<span class=\"elementor-divider-separator\">\n\t\t\t\t\t\t<\/span>\n\t\t<\/div>\n\t\t\t\t\t\t<\/div>\n\t\t\t\t<\/div>\n\t\t\t\t<div class=\"elementor-element elementor-element-0b02626 elementor-widget-laptop__width-initial elementor-widget elementor-widget-video\" data-id=\"0b02626\" data-element_type=\"widget\" data-e-type=\"widget\" data-settings=\"{&quot;video_type&quot;:&quot;hosted&quot;,&quot;autoplay&quot;:&quot;yes&quot;,&quot;play_on_mobile&quot;:&quot;yes&quot;,&quot;mute&quot;:&quot;yes&quot;,&quot;loop&quot;:&quot;yes&quot;}\" data-widget_type=\"video.default\">\n\t\t\t\t<div class=\"elementor-widget-container\">\n\t\t\t\t\t\t\t<div class=\"e-hosted-video elementor-wrapper elementor-open-inline\">\n\t\t\t\t\t<video class=\"elementor-video\" src=\"https:\/\/www.logic-pavia.it\/wp-content\/uploads\/VIDEO-ECLIPSE-R.mp4\" autoplay=\"\" loop=\"\" muted=\"muted\" playsinline=\"\" controlsList=\"nodownload\"><\/video>\n\t\t\t\t<\/div>\n\t\t\t\t\t\t<\/div>\n\t\t\t\t<\/div>\n\t\t\t\t<div class=\"elementor-element elementor-element-88018db elementor-widget-laptop__width-initial elementor-widget elementor-widget-industrium_button\" data-id=\"88018db\" data-element_type=\"widget\" data-e-type=\"widget\" data-widget_type=\"industrium_button.default\">\n\t\t\t\t<div class=\"elementor-widget-container\">\n\t\t\t\t\t\n        <div class=\"button-widget\">\n            <div class=\"button-container\">\n                <a class=\"industrium-button button-type-2\" href=\"https:\/\/www.logic-pavia.it\/wp-content\/uploads\/Eclipse-R_REV_A_fr-1.pdf\" target=\"_blank\">\n                    <span class=\"industrium-button-text\">Datasheet<\/span>                    \n                <\/a>\n            <\/div>\n        <\/div>\n        \t\t\t\t<\/div>\n\t\t\t\t<\/div>\n\t\t\t\t\t<\/div>\n\t\t<\/div>\n\t\t\t\t<div class=\"elementor-column elementor-col-50 elementor-top-column elementor-element elementor-element-acdbbec\" data-id=\"acdbbec\" data-element_type=\"column\" data-e-type=\"column\">\n\t\t\t<div class=\"elementor-widget-wrap elementor-element-populated\">\n\t\t\t\t\t\t<div class=\"elementor-element elementor-element-2a310da elementor-widget elementor-widget-text-editor\" data-id=\"2a310da\" data-element_type=\"widget\" data-e-type=\"widget\" data-widget_type=\"text-editor.default\">\n\t\t\t\t<div class=\"elementor-widget-container\">\n\t\t\t\t\t\t\t\t\t<p>Le syst\u00e8me de dosage Logic de la s\u00e9rie <strong>Eclipse R<\/strong> est une machine automatis\u00e9e pour la pr\u00e9paration de mati\u00e8res premi\u00e8res liquides pour l&rsquo;industrie des cosm\u00e9tiques, des parfums et des essences.<\/p><p><strong>Eclipse R<\/strong> est int\u00e9gralement constitu\u00e9 d&rsquo;une structure robuste en acier inoxydable, qui est \u00e9galement disponible dans une version certifi\u00e9e ATEX, ce qui garantit une s\u00e9curit\u00e9 op\u00e9rationnelle maximale.<\/p><p>La rose peut \u00eatre \u00e9tendue jusqu&rsquo;\u00e0 120 mati\u00e8res premi\u00e8res par module, ce qui offre des options de personnalisation \u00e9tendues pour r\u00e9pondre \u00e0 vos besoins sp\u00e9cifiques. Le module Eclipse R peut fonctionner avec d&rsquo;autres modules desservis par des robots anthropomorphes. <\/p><p><br>\u00c9quip\u00e9e d&rsquo;un syst\u00e8me de contr\u00f4le PLC avanc\u00e9 et d&rsquo;une interface tactile SCADA, int\u00e9gr\u00e9e au syst\u00e8me de gestion de la tra\u00e7abilit\u00e9 de la production Logic <a href=\"https:\/\/www.logic-pavia.it\/impianti-di-processo\/cosmesi\/sale-pesate-manuali\/\"><span style=\"color: #f67829;\"><strong>BatchPack<\/strong><\/span><\/a>, cette machine vous permet de contr\u00f4ler et de suivre les dosages effectu\u00e9s et la consommation de mati\u00e8res premi\u00e8res, en fournissant des donn\u00e9es aux syst\u00e8mes ERP \/ MES.<\/p><p> <\/p>\t\t\t\t\t\t\t\t<\/div>\n\t\t\t\t<\/div>\n\t\t\t\t<div class=\"elementor-element elementor-element-9bf5bf6 elementor-widget elementor-widget-gallery\" data-id=\"9bf5bf6\" data-element_type=\"widget\" data-e-type=\"widget\" data-settings=\"{&quot;gallery_layout&quot;:&quot;justified&quot;,&quot;ideal_row_height&quot;:{&quot;unit&quot;:&quot;px&quot;,&quot;size&quot;:241,&quot;sizes&quot;:[]},&quot;lazyload&quot;:&quot;yes&quot;,&quot;ideal_row_height_widescreen&quot;:{&quot;unit&quot;:&quot;px&quot;,&quot;size&quot;:&quot;&quot;,&quot;sizes&quot;:[]},&quot;ideal_row_height_laptop&quot;:{&quot;unit&quot;:&quot;px&quot;,&quot;size&quot;:150,&quot;sizes&quot;:[]},&quot;ideal_row_height_tablet_extra&quot;:{&quot;unit&quot;:&quot;px&quot;,&quot;size&quot;:150,&quot;sizes&quot;:[]},&quot;ideal_row_height_tablet&quot;:{&quot;unit&quot;:&quot;px&quot;,&quot;size&quot;:150,&quot;sizes&quot;:[]},&quot;ideal_row_height_mobile_extra&quot;:{&quot;unit&quot;:&quot;px&quot;,&quot;size&quot;:150,&quot;sizes&quot;:[]},&quot;ideal_row_height_mobile&quot;:{&quot;unit&quot;:&quot;px&quot;,&quot;size&quot;:150,&quot;sizes&quot;:[]},&quot;gap&quot;:{&quot;unit&quot;:&quot;px&quot;,&quot;size&quot;:10,&quot;sizes&quot;:[]},&quot;gap_widescreen&quot;:{&quot;unit&quot;:&quot;px&quot;,&quot;size&quot;:&quot;&quot;,&quot;sizes&quot;:[]},&quot;gap_laptop&quot;:{&quot;unit&quot;:&quot;px&quot;,&quot;size&quot;:10,&quot;sizes&quot;:[]},&quot;gap_tablet_extra&quot;:{&quot;unit&quot;:&quot;px&quot;,&quot;size&quot;:10,&quot;sizes&quot;:[]},&quot;gap_tablet&quot;:{&quot;unit&quot;:&quot;px&quot;,&quot;size&quot;:10,&quot;sizes&quot;:[]},&quot;gap_mobile_extra&quot;:{&quot;unit&quot;:&quot;px&quot;,&quot;size&quot;:10,&quot;sizes&quot;:[]},&quot;gap_mobile&quot;:{&quot;unit&quot;:&quot;px&quot;,&quot;size&quot;:10,&quot;sizes&quot;:[]},&quot;link_to&quot;:&quot;file&quot;,&quot;overlay_background&quot;:&quot;yes&quot;,&quot;content_hover_animation&quot;:&quot;fade-in&quot;}\" data-widget_type=\"gallery.default\">\n\t\t\t\t<div class=\"elementor-widget-container\">\n\t\t\t\t\t\t\t<div class=\"elementor-gallery__container\">\n\t\t\t\t\t\t\t<a class=\"e-gallery-item elementor-gallery-item elementor-animated-content\" href=\"https:\/\/www.logic-pavia.it\/wp-content\/uploads\/03.-IMG_2691.jpg\" data-elementor-open-lightbox=\"yes\" data-elementor-lightbox-slideshow=\"9bf5bf6\" data-e-action-hash=\"#elementor-action%3Aaction%3Dlightbox%26settings%3DeyJpZCI6MTYwNDEsInVybCI6Imh0dHBzOlwvXC93d3cubG9naWMtcGF2aWEuaXRcL3dwLWNvbnRlbnRcL3VwbG9hZHNcLzAzLi1JTUdfMjY5MS5qcGciLCJzbGlkZXNob3ciOiI5YmY1YmY2In0%3D\">\n\t\t\t\t\t<div class=\"e-gallery-image elementor-gallery-item__image\" data-thumbnail=\"https:\/\/www.logic-pavia.it\/wp-content\/uploads\/03.-IMG_2691.jpg\" data-width=\"1000\" data-height=\"600\" aria-label=\"\" role=\"img\" ><\/div>\n\t\t\t\t\t\t\t\t\t\t\t<div class=\"elementor-gallery-item__overlay\"><\/div>\n\t\t\t\t\t\t\t\t\t\t\t\t\t\t<\/a>\n\t\t\t\t\t\t\t<a class=\"e-gallery-item elementor-gallery-item elementor-animated-content\" href=\"https:\/\/www.logic-pavia.it\/wp-content\/uploads\/ECLIPSE-R-2.png\" data-elementor-open-lightbox=\"yes\" data-elementor-lightbox-slideshow=\"9bf5bf6\" data-e-action-hash=\"#elementor-action%3Aaction%3Dlightbox%26settings%3DeyJpZCI6MTk0MjcsInVybCI6Imh0dHBzOlwvXC93d3cubG9naWMtcGF2aWEuaXRcL3dwLWNvbnRlbnRcL3VwbG9hZHNcL0VDTElQU0UtUi0yLnBuZyIsInNsaWRlc2hvdyI6IjliZjViZjYifQ%3D%3D\">\n\t\t\t\t\t<div class=\"e-gallery-image elementor-gallery-item__image\" data-thumbnail=\"https:\/\/www.logic-pavia.it\/wp-content\/uploads\/ECLIPSE-R-2.png\" data-width=\"600\" data-height=\"600\" aria-label=\"\" role=\"img\" ><\/div>\n\t\t\t\t\t\t\t\t\t\t\t<div class=\"elementor-gallery-item__overlay\"><\/div>\n\t\t\t\t\t\t\t\t\t\t\t\t\t\t<\/a>\n\t\t\t\t\t\t\t<a class=\"e-gallery-item elementor-gallery-item elementor-animated-content\" href=\"https:\/\/www.logic-pavia.it\/wp-content\/uploads\/02.-IMG_2578.jpg\" data-elementor-open-lightbox=\"yes\" data-elementor-lightbox-slideshow=\"9bf5bf6\" data-e-action-hash=\"#elementor-action%3Aaction%3Dlightbox%26settings%3DeyJpZCI6MTYwNDAsInVybCI6Imh0dHBzOlwvXC93d3cubG9naWMtcGF2aWEuaXRcL3dwLWNvbnRlbnRcL3VwbG9hZHNcLzAyLi1JTUdfMjU3OC5qcGciLCJzbGlkZXNob3ciOiI5YmY1YmY2In0%3D\">\n\t\t\t\t\t<div class=\"e-gallery-image elementor-gallery-item__image\" data-thumbnail=\"https:\/\/www.logic-pavia.it\/wp-content\/uploads\/02.-IMG_2578.jpg\" data-width=\"1000\" data-height=\"600\" aria-label=\"\" role=\"img\" ><\/div>\n\t\t\t\t\t\t\t\t\t\t\t<div class=\"elementor-gallery-item__overlay\"><\/div>\n\t\t\t\t\t\t\t\t\t\t\t\t\t\t<\/a>\n\t\t\t\t\t<\/div>\n\t\t\t\t\t<\/div>\n\t\t\t\t<\/div>\n\t\t\t\t<div class=\"elementor-element elementor-element-1e313c1 elementor-widget elementor-widget-text-editor\" data-id=\"1e313c1\" data-element_type=\"widget\" data-e-type=\"widget\" data-widget_type=\"text-editor.default\">\n\t\t\t\t<div class=\"elementor-widget-container\">\n\t\t\t\t\t\t\t\t\t<p><span style=\"color: var( --e-global-color-accent ); background-color: var( --e-global-color-primary ); font-size: 1em; letter-spacing: 0em;\">Caract\u00e9ristiques principales:<\/span><\/p><ul><li>Vannes de dosage en aluminium anodis\u00e9 et \u00e9quip\u00e9es de joints PTFE, disponibles en diff\u00e9rentes tailles \u00e0 partir de DN 12 \/ 3, utilisant une technologie proportionnelle brevet\u00e9e avec une entr\u00e9e G \u00bd\u00a0\u00bb F. Possibilit\u00e9 de conception hygi\u00e9nique CIP \/ SIP avec corps AISI 316L et joints FDA, DIN 11864-3 DN15 Entr\u00e9e Clamp<\/li><li>Syst\u00e8me WIP (Wash In Place) pour le nettoyage automatique du terminal de vanne apr\u00e8s chaque dosage, en utilisant un fluide CIP pressuris\u00e9.<\/li><li>Capacit\u00e9 g\u00e9om\u00e9trique \/ utile de 30 lt \/ 35 lt avec conteneur cylindrique AISI 304\/316L diam\u00e8tre 300mm et hauteur 550mm, avec une grande possibilit\u00e9 de personnalisation<\/li><li>Installation de distribution avec lignes de mati\u00e8res premi\u00e8res s\u00e9par\u00e9es et d\u00e9di\u00e9es<ul><li>tuyauterie pour l&rsquo;industrie chimique \/ parfums &#8211; essences : PA11 15x12mm<\/li><li>tuyauterie pour l&rsquo;industrie cosm\u00e9tique : PU FDA \/ PTFE 15x12mm avec CIP \/ SIP de toute la ligne sans d\u00e9montage des composants<\/li><\/ul><\/li><\/ul><p>Options et services suppl\u00e9mentaires disponibles:<\/p><ul><li>\u00b7Installation compl\u00e8te et service apr\u00e8s-vente : m\u00e9canique, \u00e9lectricit\u00e9 et plomberieInstallation compl\u00e8te et service<\/li><li>R\u00e9novation des machines existantes et int\u00e9gration des syst\u00e8mes de dosage dans les lignes de production existantes<\/li><\/ul><p>Balances manuelles externes et salles de pes\u00e9e, qui peuvent \u00e9galement \u00eatre connect\u00e9es au syst\u00e8me de tra\u00e7abilit\u00e9 Logic <a href=\"https:\/\/www.logic-pavia.it\/impianti-di-processo\/cosmesi\/sale-pesate-manuali\/\"><span style=\"color: #f67829;\"><strong>BatchPack <\/strong><\/span><\/a> <\/p>\t\t\t\t\t\t\t\t<\/div>\n\t\t\t\t<\/div>\n\t\t\t\t\t<\/div>\n\t\t<\/div>\n\t\t\t\t\t<\/div>\n\t\t<\/section>\n\t\t\t\t<section class=\"elementor-section elementor-top-section elementor-element elementor-element-3c082b56 elementor-section-stretched elementor-section-boxed elementor-section-height-default elementor-section-height-default\" data-id=\"3c082b56\" data-element_type=\"section\" data-e-type=\"section\" data-settings=\"{&quot;stretch_section&quot;:&quot;section-stretched&quot;,&quot;background_background&quot;:&quot;classic&quot;}\">\n\t\t\t\t\t\t<div class=\"elementor-container elementor-column-gap-default\">\n\t\t\t\t\t<div class=\"elementor-column elementor-col-100 elementor-top-column elementor-element elementor-element-69737127\" data-id=\"69737127\" data-element_type=\"column\" data-e-type=\"column\">\n\t\t\t<div class=\"elementor-widget-wrap elementor-element-populated\">\n\t\t\t\t\t\t<div class=\"elementor-element elementor-element-981a55c elementor-widget elementor-widget-html\" data-id=\"981a55c\" data-element_type=\"widget\" data-e-type=\"widget\" data-widget_type=\"html.default\">\n\t\t\t\t<div class=\"elementor-widget-container\">\n\t\t\t\t\t<iframe frameborder=\"0\" style=\"height:500px;width:99%;border:none;\" src=\"https:\/\/forms.zohopublic.eu\/logicsrl\/form\/RICHIEDIINFORMAZIONI3\/formperma\/hNpSF8IV8YJDLcP8NdFA9XKggJCpw5hcerZIq8mvzhA\"><\/iframe>\t\t\t\t<\/div>\n\t\t\t\t<\/div>\n\t\t\t\t\t<\/div>\n\t\t<\/div>\n\t\t\t\t\t<\/div>\n\t\t<\/section>\n\t\t\t\t<\/div>\n\t\t","protected":false},"excerpt":{"rendered":"<p>https:\/\/www.logic-pavia.it\/wp-content\/uploads\/VIDEO-ECLIPSE-R.mp4 Le syst\u00e8me de dosage Logic de la s\u00e9rie Eclipse R est une machine automatis\u00e9e pour la pr\u00e9paration de mati\u00e8res premi\u00e8res liquides pour l&rsquo;industrie des cosm\u00e9tiques, des parfums et des essences. Eclipse R est int\u00e9gralement constitu\u00e9 d&rsquo;une structure robuste en acier&#8230;<\/p>\n","protected":false},"author":1,"featured_media":0,"parent":19416,"menu_order":0,"comment_status":"closed","ping_status":"closed","template":"","meta":{"om_disable_all_campaigns":false,"_monsterinsights_skip_tracking":false,"_monsterinsights_sitenote_active":false,"_monsterinsights_sitenote_note":"","_monsterinsights_sitenote_category":0,"_uf_show_specific_survey":0,"_uf_disable_surveys":false,"footnotes":""},"class_list":["post-19440","page","type-page","status-publish","hentry"],"_links":{"self":[{"href":"https:\/\/www.logic-pavia.it\/fr\/wp-json\/wp\/v2\/pages\/19440","targetHints":{"allow":["GET"]}}],"collection":[{"href":"https:\/\/www.logic-pavia.it\/fr\/wp-json\/wp\/v2\/pages"}],"about":[{"href":"https:\/\/www.logic-pavia.it\/fr\/wp-json\/wp\/v2\/types\/page"}],"author":[{"embeddable":true,"href":"https:\/\/www.logic-pavia.it\/fr\/wp-json\/wp\/v2\/users\/1"}],"replies":[{"embeddable":true,"href":"https:\/\/www.logic-pavia.it\/fr\/wp-json\/wp\/v2\/comments?post=19440"}],"version-history":[{"count":7,"href":"https:\/\/www.logic-pavia.it\/fr\/wp-json\/wp\/v2\/pages\/19440\/revisions"}],"predecessor-version":[{"id":19994,"href":"https:\/\/www.logic-pavia.it\/fr\/wp-json\/wp\/v2\/pages\/19440\/revisions\/19994"}],"up":[{"embeddable":true,"href":"https:\/\/www.logic-pavia.it\/fr\/wp-json\/wp\/v2\/pages\/19416"}],"wp:attachment":[{"href":"https:\/\/www.logic-pavia.it\/fr\/wp-json\/wp\/v2\/media?parent=19440"}],"curies":[{"name":"wp","href":"https:\/\/api.w.org\/{rel}","templated":true}]}}