{"id":19416,"date":"2024-05-09T09:55:52","date_gmt":"2024-05-09T07:55:52","guid":{"rendered":"https:\/\/www.logic-pavia.it\/usines-de-traitement\/cosmetique\/systemes-de-dosage\/"},"modified":"2026-03-02T17:57:11","modified_gmt":"2026-03-02T16:57:11","slug":"systemes-de-dosage","status":"publish","type":"page","link":"https:\/\/www.logic-pavia.it\/fr\/usines-de-traitement\/cosmetique\/systemes-de-dosage\/","title":{"rendered":"Syst\u00e8mes de dosage"},"content":{"rendered":"\t\t<div data-elementor-type=\"wp-page\" data-elementor-id=\"19416\" class=\"elementor elementor-19416 elementor-15921\" data-elementor-post-type=\"page\">\n\t\t\t\t\t\t<section class=\"elementor-section elementor-top-section elementor-element elementor-element-042738a elementor-section-stretched elementor-section-boxed elementor-section-height-default elementor-section-height-default\" data-id=\"042738a\" data-element_type=\"section\" data-e-type=\"section\" data-settings=\"{&quot;stretch_section&quot;:&quot;section-stretched&quot;,&quot;background_background&quot;:&quot;classic&quot;}\">\n\t\t\t\t\t\t<div class=\"elementor-container elementor-column-gap-wide\">\n\t\t\t\t\t<div class=\"elementor-column elementor-col-50 elementor-top-column elementor-element elementor-element-a4ff56e\" data-id=\"a4ff56e\" data-element_type=\"column\" data-e-type=\"column\">\n\t\t\t<div class=\"elementor-widget-wrap elementor-element-populated\">\n\t\t\t\t\t\t<div class=\"elementor-element elementor-element-b8cdef8 elementor-widget elementor-widget-industrium_heading\" data-id=\"b8cdef8\" data-element_type=\"widget\" data-e-type=\"widget\" data-widget_type=\"industrium_heading.default\">\n\t\t\t\t<div class=\"elementor-widget-container\">\n\t\t\t\t\t<div class=\"industrium-heading-widget\"><h1 class=\"industrium-heading\"><span class=\"industrium-subheading\">COSM\u00c9TIQUE<\/span><span class=\"industrium-heading-content\">Gamme Eclipse<\/span><\/h1><\/div>\t\t\t\t<\/div>\n\t\t\t\t<\/div>\n\t\t\t\t<div class=\"elementor-element elementor-element-cd0ac25 elementor-widget elementor-widget-text-editor\" data-id=\"cd0ac25\" data-element_type=\"widget\" data-e-type=\"widget\" data-widget_type=\"text-editor.default\">\n\t\t\t\t<div class=\"elementor-widget-container\">\n\t\t\t\t\t\t\t\t\t<p>SYST\u00c8MES DE DOSAGE<\/p>\t\t\t\t\t\t\t\t<\/div>\n\t\t\t\t<\/div>\n\t\t\t\t<div class=\"elementor-element elementor-element-88854ea elementor-widget-divider--view-line elementor-widget elementor-widget-divider\" data-id=\"88854ea\" data-element_type=\"widget\" data-e-type=\"widget\" data-widget_type=\"divider.default\">\n\t\t\t\t<div class=\"elementor-widget-container\">\n\t\t\t\t\t\t\t<div class=\"elementor-divider\">\n\t\t\t<span class=\"elementor-divider-separator\">\n\t\t\t\t\t\t<\/span>\n\t\t<\/div>\n\t\t\t\t\t\t<\/div>\n\t\t\t\t<\/div>\n\t\t\t\t<div class=\"elementor-element elementor-element-af7238e elementor-widget elementor-widget-video\" data-id=\"af7238e\" data-element_type=\"widget\" data-e-type=\"widget\" data-settings=\"{&quot;video_type&quot;:&quot;hosted&quot;,&quot;autoplay&quot;:&quot;yes&quot;,&quot;play_on_mobile&quot;:&quot;yes&quot;,&quot;mute&quot;:&quot;yes&quot;,&quot;loop&quot;:&quot;yes&quot;}\" data-widget_type=\"video.default\">\n\t\t\t\t<div class=\"elementor-widget-container\">\n\t\t\t\t\t\t\t<div class=\"e-hosted-video elementor-wrapper elementor-open-inline\">\n\t\t\t\t\t<video class=\"elementor-video\" src=\"https:\/\/www.logic-pavia.it\/wp-content\/uploads\/ECLIPSE-M-Tavola-Rotante.mp4\" autoplay=\"\" loop=\"\" muted=\"muted\" playsinline=\"\" controlsList=\"nodownload\" poster=\"https:\/\/www.logic-pavia.it\/wp-content\/uploads\/video.jpg\"><\/video>\n\t\t\t\t<\/div>\n\t\t\t\t\t\t<\/div>\n\t\t\t\t<\/div>\n\t\t\t\t<section class=\"elementor-section elementor-inner-section elementor-element elementor-element-1382aa3 elementor-section-boxed elementor-section-height-default elementor-section-height-default\" data-id=\"1382aa3\" data-element_type=\"section\" data-e-type=\"section\">\n\t\t\t\t\t\t<div class=\"elementor-container elementor-column-gap-default\">\n\t\t\t\t\t<div class=\"elementor-column elementor-col-100 elementor-inner-column elementor-element elementor-element-5eebd8c\" data-id=\"5eebd8c\" data-element_type=\"column\" data-e-type=\"column\">\n\t\t\t<div class=\"elementor-widget-wrap elementor-element-populated\">\n\t\t\t\t\t\t<div class=\"elementor-element elementor-element-a720d9c view_type-2 style_type-2 elementor-widget elementor-widget-industrium_services_listing\" data-id=\"a720d9c\" data-element_type=\"widget\" data-e-type=\"widget\" data-widget_type=\"industrium_services_listing.default\">\n\t\t\t\t<div class=\"elementor-widget-container\">\n\t\t\t\t\t\n        <div class=\"industrium-service-listing-widget\">\n\n            <div class=\"archive-listing\" data-ajax='{&quot;post_type&quot;:&quot;industrium_service&quot;,&quot;ignore_sticky_posts&quot;:true,&quot;suppress_filters&quot;:true,&quot;orderby&quot;:&quot;date&quot;,&quot;order&quot;:&quot;desc&quot;,&quot;link_base&quot;:&quot;https:\\\/\\\/www.logic-pavia.it\\\/fr\\\/wp-json\\\/wp\\\/v2\\\/pages\\\/19416\\\/&quot;,&quot;industrium_services_category&quot;:[&quot;industry&quot;],&quot;posts_per_page&quot;:-1}' data-widget='{&quot;excerpt_length&quot;:76,&quot;item_class&quot;:&quot;service-item-wrapper slider-item&quot;,&quot;columns_number&quot;:3,&quot;listing_type&quot;:&quot;slider&quot;,&quot;view_type&quot;:&quot;type-2&quot;}'>\n                <div class=\"archive-listing-wrapper service-listing-wrapper service-slider-listing owl-carousel owl-theme\" data-slider-options={&quot;items&quot;:3,&quot;nav&quot;:false,&quot;dots&quot;:true,&quot;dotsContainer&quot;:&quot;.owl-dots-a720d9c&quot;,&quot;autoplayHoverPause&quot;:true,&quot;autoplay&quot;:false,&quot;autoplaySpeed&quot;:300,&quot;autoplayTimeout&quot;:5000,&quot;loop&quot;:false,&quot;speed&quot;:500,&quot;view_type&quot;:&quot;type-2&quot;}>\n                                    <\/div>\n\n                            <\/div>\n            <div class=\"owl-dots owl-dots-a720d9c\"><\/div>        <\/div>\n        \t\t\t\t<\/div>\n\t\t\t\t<\/div>\n\t\t\t\t\t<\/div>\n\t\t<\/div>\n\t\t\t\t\t<\/div>\n\t\t<\/section>\n\t\t\t\t\t<\/div>\n\t\t<\/div>\n\t\t\t\t<div class=\"elementor-column elementor-col-50 elementor-top-column elementor-element elementor-element-acdbbec\" data-id=\"acdbbec\" data-element_type=\"column\" data-e-type=\"column\">\n\t\t\t<div class=\"elementor-widget-wrap elementor-element-populated\">\n\t\t\t\t\t\t<div class=\"elementor-element elementor-element-2a310da elementor-widget elementor-widget-text-editor\" data-id=\"2a310da\" data-element_type=\"widget\" data-e-type=\"widget\" data-widget_type=\"text-editor.default\">\n\t\t\t\t<div class=\"elementor-widget-container\">\n\t\t\t\t\t\t\t\t\t<p>La gamme de syst\u00e8mes de dosage<strong> Eclipse<\/strong> est n\u00e9e des besoins recueillis au fil des ans aupr\u00e8s de nos clients de l&rsquo;industrie cosm\u00e9tique et pharmaceutique. En fonction des diff\u00e9rents formats et des exigences (quantit\u00e9 et pr\u00e9cision), Logic est en mesure de personnaliser la machine avec diff\u00e9rents sch\u00e9mas (<strong>Eclipse C M et R<\/strong>). <\/p><p>La conception brevet\u00e9e du syst\u00e8me d&rsquo;actionnement proportionnel avec contr\u00f4le en boucle ferm\u00e9e permet d&rsquo;obtenir d&rsquo;excellentes performances en termes de d\u00e9bit et de pr\u00e9cision de dosage.<\/p>\t\t\t\t\t\t\t\t<\/div>\n\t\t\t\t<\/div>\n\t\t\t\t\t<\/div>\n\t\t<\/div>\n\t\t\t\t\t<\/div>\n\t\t<\/section>\n\t\t\t\t<section class=\"elementor-section elementor-top-section elementor-element elementor-element-421f493 elementor-section-stretched elementor-section-boxed elementor-section-height-default elementor-section-height-default\" data-id=\"421f493\" data-element_type=\"section\" data-e-type=\"section\" data-settings=\"{&quot;stretch_section&quot;:&quot;section-stretched&quot;,&quot;background_background&quot;:&quot;classic&quot;}\">\n\t\t\t\t\t\t<div class=\"elementor-container elementor-column-gap-wide\">\n\t\t\t\t\t<div class=\"elementor-column elementor-col-50 elementor-top-column elementor-element elementor-element-eaacb9b\" data-id=\"eaacb9b\" data-element_type=\"column\" data-e-type=\"column\">\n\t\t\t<div class=\"elementor-widget-wrap elementor-element-populated\">\n\t\t\t\t\t\t<div class=\"elementor-element elementor-element-fb6795b elementor-widget elementor-widget-text-editor\" data-id=\"fb6795b\" data-element_type=\"widget\" data-e-type=\"widget\" data-widget_type=\"text-editor.default\">\n\t\t\t\t<div class=\"elementor-widget-container\">\n\t\t\t\t\t\t\t\t\t<ul><li>Vannes de dosage en diff\u00e9rents mat\u00e9riaux (aluminium anodis\u00e9, AISI 316L) dans les tailles de DN 12 \u00e0 DN 50 avec conception hygi\u00e9nique selon les exigences de l&rsquo;EHEDG et avec possibilit\u00e9 de CIP (Cleaning In Place) et SIP (Sterilization In Place) et syst\u00e8me de nettoyage WIP (Wash In Place) du terminal de distribution pour une hygi\u00e8ne maximale de toutes les parties externes<\/li><li>\u00c9lectronique ou pneumatique. Contr\u00f4le de manutention enti\u00e8rement \u00e9lectronique et syst\u00e8me de contr\u00f4le de distribution enti\u00e8rement proportionnel gr\u00e2ce \u00e0 notre syst\u00e8me d&rsquo;actionnement brevet\u00e9 et \u00e0 notre syst\u00e8me brevet\u00e9 de d\u00e9placement de la buse de distribution directement au centre de la machine<\/li><li>Conception innovante et \u00e9pur\u00e9e pour une propret\u00e9 maximale, une facilit\u00e9 de montage, de d\u00e9montage et d&rsquo;entretien de toutes les parties de la machine<\/li><li>Pr\u00eat \u00e0 \u00eatre robotis\u00e9 et \u00e0 fonctionner de mani\u00e8re autonome (24\/7-ready) <\/li><\/ul>\t\t\t\t\t\t\t\t<\/div>\n\t\t\t\t<\/div>\n\t\t\t\t\t<\/div>\n\t\t<\/div>\n\t\t\t\t<div class=\"elementor-column elementor-col-50 elementor-top-column elementor-element elementor-element-b6923a5\" data-id=\"b6923a5\" data-element_type=\"column\" data-e-type=\"column\">\n\t\t\t<div class=\"elementor-widget-wrap elementor-element-populated\">\n\t\t\t\t\t\t<div class=\"elementor-element elementor-element-a101fbb elementor-widget elementor-widget-image-carousel\" data-id=\"a101fbb\" data-element_type=\"widget\" data-e-type=\"widget\" data-settings=\"{&quot;slides_to_show&quot;:&quot;1&quot;,&quot;navigation&quot;:&quot;dots&quot;,&quot;autoplay&quot;:&quot;yes&quot;,&quot;pause_on_hover&quot;:&quot;yes&quot;,&quot;pause_on_interaction&quot;:&quot;yes&quot;,&quot;autoplay_speed&quot;:5000,&quot;infinite&quot;:&quot;yes&quot;,&quot;effect&quot;:&quot;slide&quot;,&quot;speed&quot;:500}\" data-widget_type=\"image-carousel.default\">\n\t\t\t\t<div class=\"elementor-widget-container\">\n\t\t\t\t\t\t\t<div class=\"elementor-image-carousel-wrapper swiper\" role=\"region\" aria-roledescription=\"carousel\" aria-label=\"Carosello d&#039;immagini\" dir=\"ltr\">\n\t\t\t<div class=\"elementor-image-carousel swiper-wrapper\" aria-live=\"off\">\n\t\t\t\t\t\t\t\t<div class=\"swiper-slide\" role=\"group\" aria-roledescription=\"slide\" aria-label=\"1 sur 4\"><a data-elementor-open-lightbox=\"yes\" data-elementor-lightbox-slideshow=\"a101fbb\" data-e-action-hash=\"#elementor-action%3Aaction%3Dlightbox%26settings%3DeyJpZCI6MTk0MjEsInVybCI6Imh0dHBzOlwvXC93d3cubG9naWMtcGF2aWEuaXRcL3dwLWNvbnRlbnRcL3VwbG9hZHNcLzAxLi12YWx2b2xlLWRpLWRvc2FnZ2lvLmpwZyIsInNsaWRlc2hvdyI6ImExMDFmYmIifQ%3D%3D\" href=\"https:\/\/www.logic-pavia.it\/wp-content\/uploads\/01.-valvole-di-dosaggio.jpg\"><figure class=\"swiper-slide-inner\"><img decoding=\"async\" class=\"swiper-slide-image\" src=\"https:\/\/www.logic-pavia.it\/wp-content\/uploads\/01.-valvole-di-dosaggio.jpg\" alt=\"01.-valvole-di-dosaggio\" \/><\/figure><\/a><\/div><div class=\"swiper-slide\" role=\"group\" aria-roledescription=\"slide\" aria-label=\"2 sur 4\"><a data-elementor-open-lightbox=\"yes\" data-elementor-lightbox-slideshow=\"a101fbb\" data-e-action-hash=\"#elementor-action%3Aaction%3Dlightbox%26settings%3DeyJpZCI6MTk0MjAsInVybCI6Imh0dHBzOlwvXC93d3cubG9naWMtcGF2aWEuaXRcL3dwLWNvbnRlbnRcL3VwbG9hZHNcLzA0Li1waW56ZS1lY2xpcHNlLVItLmpwZyIsInNsaWRlc2hvdyI6ImExMDFmYmIifQ%3D%3D\" href=\"https:\/\/www.logic-pavia.it\/wp-content\/uploads\/04.-pinze-eclipse-R-.jpg\"><figure class=\"swiper-slide-inner\"><img decoding=\"async\" class=\"swiper-slide-image\" src=\"https:\/\/www.logic-pavia.it\/wp-content\/uploads\/04.-pinze-eclipse-R-.jpg\" alt=\"04.-pinze-eclipse-R-\" \/><\/figure><\/a><\/div><div class=\"swiper-slide\" role=\"group\" aria-roledescription=\"slide\" aria-label=\"3 sur 4\"><a data-elementor-open-lightbox=\"yes\" data-elementor-lightbox-slideshow=\"a101fbb\" data-e-action-hash=\"#elementor-action%3Aaction%3Dlightbox%26settings%3DeyJpZCI6MTk0MTksInVybCI6Imh0dHBzOlwvXC93d3cubG9naWMtcGF2aWEuaXRcL3dwLWNvbnRlbnRcL3VwbG9hZHNcLzAzLi1kZXNpZ24taW5ub3ZhdGl2by5qcGciLCJzbGlkZXNob3ciOiJhMTAxZmJiIn0%3D\" href=\"https:\/\/www.logic-pavia.it\/wp-content\/uploads\/03.-design-innovativo.jpg\"><figure class=\"swiper-slide-inner\"><img decoding=\"async\" class=\"swiper-slide-image\" src=\"https:\/\/www.logic-pavia.it\/wp-content\/uploads\/03.-design-innovativo.jpg\" alt=\"03.-design-innovativo\" \/><\/figure><\/a><\/div><div class=\"swiper-slide\" role=\"group\" aria-roledescription=\"slide\" aria-label=\"4 sur 4\"><a data-elementor-open-lightbox=\"yes\" data-elementor-lightbox-slideshow=\"a101fbb\" data-e-action-hash=\"#elementor-action%3Aaction%3Dlightbox%26settings%3DeyJpZCI6MTk0MTgsInVybCI6Imh0dHBzOlwvXC93d3cubG9naWMtcGF2aWEuaXRcL3dwLWNvbnRlbnRcL3VwbG9hZHNcLzAyLi1tb3RvcmUtZWxldHRyaWNvLmpwZyIsInNsaWRlc2hvdyI6ImExMDFmYmIifQ%3D%3D\" href=\"https:\/\/www.logic-pavia.it\/wp-content\/uploads\/02.-motore-elettrico.jpg\"><figure class=\"swiper-slide-inner\"><img decoding=\"async\" class=\"swiper-slide-image\" src=\"https:\/\/www.logic-pavia.it\/wp-content\/uploads\/02.-motore-elettrico.jpg\" alt=\"02.-motore-elettrico\" \/><\/figure><\/a><\/div>\t\t\t<\/div>\n\t\t\t\t\t\t\t\n\t\t\t\t\t\t\t\t\t<div class=\"swiper-pagination\"><\/div>\n\t\t\t\t\t\t\t\t\t<\/div>\n\t\t\t\t\t\t<\/div>\n\t\t\t\t<\/div>\n\t\t\t\t\t<\/div>\n\t\t<\/div>\n\t\t\t\t\t<\/div>\n\t\t<\/section>\n\t\t\t\t<section class=\"elementor-section elementor-top-section elementor-element elementor-element-4946a1b elementor-section-stretched elementor-section-boxed elementor-section-height-default elementor-section-height-default\" data-id=\"4946a1b\" data-element_type=\"section\" data-e-type=\"section\" data-settings=\"{&quot;stretch_section&quot;:&quot;section-stretched&quot;,&quot;background_background&quot;:&quot;classic&quot;}\">\n\t\t\t\t\t\t<div class=\"elementor-container elementor-column-gap-wide\">\n\t\t\t\t\t<div class=\"elementor-column elementor-col-33 elementor-top-column elementor-element elementor-element-0a19cd5\" data-id=\"0a19cd5\" data-element_type=\"column\" data-e-type=\"column\">\n\t\t\t<div class=\"elementor-widget-wrap elementor-element-populated\">\n\t\t\t\t\t\t<div class=\"elementor-element elementor-element-f4984b3 elementor-position-top elementor-widget elementor-widget-image-box\" data-id=\"f4984b3\" data-element_type=\"widget\" data-e-type=\"widget\" data-widget_type=\"image-box.default\">\n\t\t\t\t<div class=\"elementor-widget-container\">\n\t\t\t\t\t<div class=\"elementor-image-box-wrapper\"><figure class=\"elementor-image-box-img\"><a href=\"https:\/\/www.logic-pavia.it\/fr\/usines-de-traitement\/cosmetique\/systemes-de-dosage\/eclipse-c\/\" tabindex=\"-1\"><img fetchpriority=\"high\" decoding=\"async\" width=\"600\" height=\"600\" src=\"https:\/\/www.logic-pavia.it\/wp-content\/uploads\/ECLIPSE-C-1.png\" class=\"attachment-full size-full wp-image-19425\" alt=\"\" srcset=\"https:\/\/www.logic-pavia.it\/wp-content\/uploads\/ECLIPSE-C-1.png 600w, https:\/\/www.logic-pavia.it\/wp-content\/uploads\/ECLIPSE-C-1-300x300.png 300w, https:\/\/www.logic-pavia.it\/wp-content\/uploads\/ECLIPSE-C-1-150x150.png 150w\" sizes=\"(max-width: 600px) 100vw, 600px\" \/><\/a><\/figure><div class=\"elementor-image-box-content\"><h6 class=\"elementor-image-box-title\"><a href=\"https:\/\/www.logic-pavia.it\/fr\/usines-de-traitement\/cosmetique\/systemes-de-dosage\/eclipse-c\/\">ECLIPSE C<\/a><\/h6><p class=\"elementor-image-box-description\">Rose de dosage concentrique<\/p><\/div><\/div>\t\t\t\t<\/div>\n\t\t\t\t<\/div>\n\t\t\t\t\t<\/div>\n\t\t<\/div>\n\t\t\t\t<div class=\"elementor-column elementor-col-33 elementor-top-column elementor-element elementor-element-598b282\" data-id=\"598b282\" data-element_type=\"column\" data-e-type=\"column\">\n\t\t\t<div class=\"elementor-widget-wrap elementor-element-populated\">\n\t\t\t\t\t\t<div class=\"elementor-element elementor-element-f839beb elementor-widget-widescreen__width-initial elementor-position-top elementor-widget elementor-widget-image-box\" data-id=\"f839beb\" data-element_type=\"widget\" data-e-type=\"widget\" data-widget_type=\"image-box.default\">\n\t\t\t\t<div class=\"elementor-widget-container\">\n\t\t\t\t\t<div class=\"elementor-image-box-wrapper\"><figure class=\"elementor-image-box-img\"><a href=\"https:\/\/www.logic-pavia.it\/fr\/usines-de-traitement\/cosmetique\/systemes-de-dosage\/eclipse-r\/\" tabindex=\"-1\"><img decoding=\"async\" width=\"600\" height=\"600\" src=\"https:\/\/www.logic-pavia.it\/wp-content\/uploads\/ECLIPSE-R-2.png\" class=\"attachment-full size-full wp-image-19427\" alt=\"\" srcset=\"https:\/\/www.logic-pavia.it\/wp-content\/uploads\/ECLIPSE-R-2.png 600w, https:\/\/www.logic-pavia.it\/wp-content\/uploads\/ECLIPSE-R-2-300x300.png 300w, https:\/\/www.logic-pavia.it\/wp-content\/uploads\/ECLIPSE-R-2-150x150.png 150w\" sizes=\"(max-width: 600px) 100vw, 600px\" \/><\/a><\/figure><div class=\"elementor-image-box-content\"><h6 class=\"elementor-image-box-title\"><a href=\"https:\/\/www.logic-pavia.it\/fr\/usines-de-traitement\/cosmetique\/systemes-de-dosage\/eclipse-r\/\"> ECLIPSE R<\/a><\/h6><p class=\"elementor-image-box-description\">Machine de dosage rotative <\/p><\/div><\/div>\t\t\t\t<\/div>\n\t\t\t\t<\/div>\n\t\t\t\t\t<\/div>\n\t\t<\/div>\n\t\t\t\t<div class=\"elementor-column elementor-col-33 elementor-top-column elementor-element elementor-element-256e23e\" data-id=\"256e23e\" data-element_type=\"column\" data-e-type=\"column\">\n\t\t\t<div class=\"elementor-widget-wrap elementor-element-populated\">\n\t\t\t\t\t\t<div class=\"elementor-element elementor-element-efd6b3b elementor-position-top elementor-widget elementor-widget-image-box\" data-id=\"efd6b3b\" data-element_type=\"widget\" data-e-type=\"widget\" data-widget_type=\"image-box.default\">\n\t\t\t\t<div class=\"elementor-widget-container\">\n\t\t\t\t\t<div class=\"elementor-image-box-wrapper\"><figure class=\"elementor-image-box-img\"><a href=\"https:\/\/www.logic-pavia.it\/fr\/usines-de-traitement\/cosmetique\/systemes-de-dosage\/eclipse-m\/\" tabindex=\"-1\"><img decoding=\"async\" width=\"600\" height=\"600\" src=\"https:\/\/www.logic-pavia.it\/wp-content\/uploads\/ECLIPSE-M-1.png\" class=\"attachment-full size-full wp-image-19426\" alt=\"\" srcset=\"https:\/\/www.logic-pavia.it\/wp-content\/uploads\/ECLIPSE-M-1.png 600w, https:\/\/www.logic-pavia.it\/wp-content\/uploads\/ECLIPSE-M-1-300x300.png 300w, https:\/\/www.logic-pavia.it\/wp-content\/uploads\/ECLIPSE-M-1-150x150.png 150w\" sizes=\"(max-width: 600px) 100vw, 600px\" \/><\/a><\/figure><div class=\"elementor-image-box-content\"><h6 class=\"elementor-image-box-title\"><a href=\"https:\/\/www.logic-pavia.it\/fr\/usines-de-traitement\/cosmetique\/systemes-de-dosage\/eclipse-m\/\">ECLIPSE M<\/a><\/h6><p class=\"elementor-image-box-description\">Mini dosage module<\/p><\/div><\/div>\t\t\t\t<\/div>\n\t\t\t\t<\/div>\n\t\t\t\t\t<\/div>\n\t\t<\/div>\n\t\t\t\t\t<\/div>\n\t\t<\/section>\n\t\t\t\t<section class=\"elementor-section elementor-top-section elementor-element elementor-element-93ce838 elementor-section-stretched elementor-section-height-min-height elementor-section-boxed elementor-section-height-default elementor-section-items-middle\" data-id=\"93ce838\" data-element_type=\"section\" data-e-type=\"section\" data-settings=\"{&quot;stretch_section&quot;:&quot;section-stretched&quot;,&quot;background_background&quot;:&quot;classic&quot;}\">\n\t\t\t\t\t\t<div class=\"elementor-container elementor-column-gap-no\">\n\t\t\t\t\t<div class=\"elementor-column elementor-col-100 elementor-top-column elementor-element elementor-element-66ba443\" data-id=\"66ba443\" data-element_type=\"column\" data-e-type=\"column\">\n\t\t\t<div class=\"elementor-widget-wrap elementor-element-populated\">\n\t\t\t\t\t\t<div class=\"elementor-element elementor-element-3d0b1ac elementor-widget elementor-widget-text-editor\" data-id=\"3d0b1ac\" data-element_type=\"widget\" data-e-type=\"widget\" data-widget_type=\"text-editor.default\">\n\t\t\t\t<div class=\"elementor-widget-container\">\n\t\t\t\t\t\t\t\t\t<ul><li>Des conceptions enti\u00e8rement personnalis\u00e9es sont disponibles, soit avec une disposition circulaire des vannes, soit en ligne avec un dosage sur un rail modulaire, soit via un syst\u00e8me brevet\u00e9 pour d\u00e9placer la buse de dosage directement au centre de la machine<\/li><li>Solutions de 10 \u00e0 120 mati\u00e8res premi\u00e8res par machine, personnalisables pour le dosage dans n&rsquo;importe quel type de conteneur (de quelques cl \u00e0 3 000 lt).<\/li><li>La gamme de roses de dosage est \u00e9galement disponible avec la certification ATEX. Les machines de la s\u00e9rie Eclipse sont \u00e9quip\u00e9es de syst\u00e8mes de contr\u00f4le PLC et d&rsquo;une interface tactile SCADA int\u00e9gr\u00e9e au syst\u00e8me de gestion de la tra\u00e7abilit\u00e9 de la production Logic <span style=\"color: #f67829;\"><a href=\"https:\/\/www.logic-pavia.it\/impianti-di-processo\/cosmesi\/sale-pesate-manuali\/\">BatchPack<\/a> et en amont avec les syst\u00e8mes de gestion les plus r\u00e9pandus sur le march\u00e9. <\/span> <\/li><li>Possibilit\u00e9 de r\u00e9aliser des installations enti\u00e8rement robotis\u00e9es gr\u00e2ce \u00e0 l&rsquo;utilisation de robots anthropomorphes asservis et fonctionnant 24 heures sur 24, 7 jours sur 7, \u00e9quip\u00e9s de syst\u00e8mes automatis\u00e9s de manutention des conteneurs, de stations d&rsquo;agitation en ligne pour un m\u00e9lange optimal, et de stocks enti\u00e8rement con\u00e7us sur les besoins des clients, avec des conteneurs<\/li><li>Les machines sont \u00e9quip\u00e9es des derni\u00e8res technologies de contr\u00f4le et de supervision, sont enti\u00e8rement int\u00e9grables dans les usines de production de nos clients, avec connexion aux syst\u00e8mes de gestion ERP et connect\u00e9es au syst\u00e8me de tra\u00e7abilit\u00e9 pond\u00e9rale Logic <span style=\"color: #f67829;\"><strong><a href=\"https:\/\/www.logic-pavia.it\/impianti-di-processo\/cosmesi\/sale-pesate-manuali\/\">BatchPack<\/a> <\/strong><\/span>. Les machines peuvent \u00e9galement \u00eatre entretenues \u00e0 distance via une connexion VPN. <\/li><\/ul>\t\t\t\t\t\t\t\t<\/div>\n\t\t\t\t<\/div>\n\t\t\t\t\t<\/div>\n\t\t<\/div>\n\t\t\t\t\t<\/div>\n\t\t<\/section>\n\t\t\t\t<section class=\"elementor-section elementor-top-section elementor-element elementor-element-3c082b56 elementor-section-stretched elementor-section-boxed elementor-section-height-default elementor-section-height-default\" data-id=\"3c082b56\" data-element_type=\"section\" data-e-type=\"section\" data-settings=\"{&quot;stretch_section&quot;:&quot;section-stretched&quot;,&quot;background_background&quot;:&quot;classic&quot;}\">\n\t\t\t\t\t\t<div class=\"elementor-container elementor-column-gap-default\">\n\t\t\t\t\t<div class=\"elementor-column elementor-col-100 elementor-top-column elementor-element elementor-element-69737127\" data-id=\"69737127\" data-element_type=\"column\" data-e-type=\"column\">\n\t\t\t<div class=\"elementor-widget-wrap elementor-element-populated\">\n\t\t\t\t\t\t<div class=\"elementor-element elementor-element-981a55c elementor-widget elementor-widget-html\" data-id=\"981a55c\" data-element_type=\"widget\" data-e-type=\"widget\" data-widget_type=\"html.default\">\n\t\t\t\t<div class=\"elementor-widget-container\">\n\t\t\t\t\t<iframe frameborder=\"0\" style=\"height:500px;width:99%;border:none;\" src=\"https:\/\/forms.zohopublic.eu\/logicsrl\/form\/RICHIEDIINFORMAZIONI3\/formperma\/hNpSF8IV8YJDLcP8NdFA9XKggJCpw5hcerZIq8mvzhA\"><\/iframe>\t\t\t\t<\/div>\n\t\t\t\t<\/div>\n\t\t\t\t\t<\/div>\n\t\t<\/div>\n\t\t\t\t\t<\/div>\n\t\t<\/section>\n\t\t\t\t<\/div>\n\t\t","protected":false},"excerpt":{"rendered":"<p>SYST\u00c8MES DE DOSAGE https:\/\/www.logic-pavia.it\/wp-content\/uploads\/ECLIPSE-M-Tavola-Rotante.mp4 La gamme de syst\u00e8mes de dosage Eclipse est n\u00e9e des besoins recueillis au fil des ans aupr\u00e8s de nos clients de l&rsquo;industrie cosm\u00e9tique et pharmaceutique. En fonction des diff\u00e9rents formats et des exigences (quantit\u00e9 et pr\u00e9cision), Logic&#8230;<\/p>\n","protected":false},"author":1,"featured_media":0,"parent":19396,"menu_order":0,"comment_status":"closed","ping_status":"closed","template":"","meta":{"om_disable_all_campaigns":false,"_monsterinsights_skip_tracking":false,"_monsterinsights_sitenote_active":false,"_monsterinsights_sitenote_note":"","_monsterinsights_sitenote_category":0,"_uf_show_specific_survey":0,"_uf_disable_surveys":false,"footnotes":""},"class_list":["post-19416","page","type-page","status-publish","hentry"],"_links":{"self":[{"href":"https:\/\/www.logic-pavia.it\/fr\/wp-json\/wp\/v2\/pages\/19416","targetHints":{"allow":["GET"]}}],"collection":[{"href":"https:\/\/www.logic-pavia.it\/fr\/wp-json\/wp\/v2\/pages"}],"about":[{"href":"https:\/\/www.logic-pavia.it\/fr\/wp-json\/wp\/v2\/types\/page"}],"author":[{"embeddable":true,"href":"https:\/\/www.logic-pavia.it\/fr\/wp-json\/wp\/v2\/users\/1"}],"replies":[{"embeddable":true,"href":"https:\/\/www.logic-pavia.it\/fr\/wp-json\/wp\/v2\/comments?post=19416"}],"version-history":[{"count":13,"href":"https:\/\/www.logic-pavia.it\/fr\/wp-json\/wp\/v2\/pages\/19416\/revisions"}],"predecessor-version":[{"id":19574,"href":"https:\/\/www.logic-pavia.it\/fr\/wp-json\/wp\/v2\/pages\/19416\/revisions\/19574"}],"up":[{"embeddable":true,"href":"https:\/\/www.logic-pavia.it\/fr\/wp-json\/wp\/v2\/pages\/19396"}],"wp:attachment":[{"href":"https:\/\/www.logic-pavia.it\/fr\/wp-json\/wp\/v2\/media?parent=19416"}],"curies":[{"name":"wp","href":"https:\/\/api.w.org\/{rel}","templated":true}]}}