{"id":19396,"date":"2024-05-08T15:34:41","date_gmt":"2024-05-08T13:34:41","guid":{"rendered":"https:\/\/www.logic-pavia.it\/usines-de-traitement\/cosmetique\/"},"modified":"2026-03-02T18:13:46","modified_gmt":"2026-03-02T17:13:46","slug":"cosmetique","status":"publish","type":"page","link":"https:\/\/www.logic-pavia.it\/fr\/usines-de-traitement\/cosmetique\/","title":{"rendered":"Cosm\u00e9tique"},"content":{"rendered":"\t\t<div data-elementor-type=\"wp-page\" data-elementor-id=\"19396\" class=\"elementor elementor-19396 elementor-15733\" data-elementor-post-type=\"page\">\n\t\t\t\t\t\t<section class=\"elementor-section elementor-top-section elementor-element elementor-element-61cdae2 elementor-section-stretched elementor-section-boxed elementor-section-height-default elementor-section-height-default\" data-id=\"61cdae2\" data-element_type=\"section\" data-e-type=\"section\" data-settings=\"{&quot;stretch_section&quot;:&quot;section-stretched&quot;,&quot;background_background&quot;:&quot;classic&quot;}\">\n\t\t\t\t\t\t<div class=\"elementor-container elementor-column-gap-default\">\n\t\t\t\t\t<div class=\"elementor-column elementor-col-50 elementor-top-column elementor-element elementor-element-8740c47\" data-id=\"8740c47\" data-element_type=\"column\" data-e-type=\"column\">\n\t\t\t<div class=\"elementor-widget-wrap elementor-element-populated\">\n\t\t\t\t\t\t<div class=\"elementor-element elementor-element-d7713f2 elementor-widget elementor-widget-industrium_heading\" data-id=\"d7713f2\" data-element_type=\"widget\" data-e-type=\"widget\" data-widget_type=\"industrium_heading.default\">\n\t\t\t\t<div class=\"elementor-widget-container\">\n\t\t\t\t\t<div class=\"industrium-heading-widget\"><h1 class=\"industrium-heading\"><span class=\"industrium-subheading\">USINES DE TRAITEMENT<\/span><span class=\"industrium-heading-content\">Cosm\u00e9tique<\/span><\/h1><\/div>\t\t\t\t<\/div>\n\t\t\t\t<\/div>\n\t\t\t\t<div class=\"elementor-element elementor-element-f52d55b elementor-widget-divider--view-line elementor-widget elementor-widget-divider\" data-id=\"f52d55b\" data-element_type=\"widget\" data-e-type=\"widget\" data-widget_type=\"divider.default\">\n\t\t\t\t<div class=\"elementor-widget-container\">\n\t\t\t\t\t\t\t<div class=\"elementor-divider\">\n\t\t\t<span class=\"elementor-divider-separator\">\n\t\t\t\t\t\t<\/span>\n\t\t<\/div>\n\t\t\t\t\t\t<\/div>\n\t\t\t\t<\/div>\n\t\t\t\t<section class=\"elementor-section elementor-inner-section elementor-element elementor-element-2269283 elementor-section-boxed elementor-section-height-default elementor-section-height-default\" data-id=\"2269283\" data-element_type=\"section\" data-e-type=\"section\">\n\t\t\t\t\t\t<div class=\"elementor-container elementor-column-gap-default\">\n\t\t\t\t\t<div class=\"elementor-column elementor-col-100 elementor-inner-column elementor-element elementor-element-a61e747\" data-id=\"a61e747\" data-element_type=\"column\" data-e-type=\"column\">\n\t\t\t<div class=\"elementor-widget-wrap elementor-element-populated\">\n\t\t\t\t\t\t<div class=\"elementor-element elementor-element-b4ea047 view_type-2 style_type-2 elementor-widget elementor-widget-industrium_services_listing\" data-id=\"b4ea047\" data-element_type=\"widget\" data-e-type=\"widget\" data-widget_type=\"industrium_services_listing.default\">\n\t\t\t\t<div class=\"elementor-widget-container\">\n\t\t\t\t\t\n        <div class=\"industrium-service-listing-widget\">\n\n            <div class=\"archive-listing\" data-ajax='{&quot;post_type&quot;:&quot;industrium_service&quot;,&quot;ignore_sticky_posts&quot;:true,&quot;suppress_filters&quot;:true,&quot;orderby&quot;:&quot;date&quot;,&quot;order&quot;:&quot;desc&quot;,&quot;link_base&quot;:&quot;https:\\\/\\\/www.logic-pavia.it\\\/fr\\\/wp-json\\\/wp\\\/v2\\\/pages\\\/19396\\\/&quot;,&quot;industrium_services_category&quot;:[&quot;industry&quot;],&quot;posts_per_page&quot;:-1}' data-widget='{&quot;excerpt_length&quot;:76,&quot;item_class&quot;:&quot;service-item-wrapper slider-item&quot;,&quot;columns_number&quot;:3,&quot;listing_type&quot;:&quot;slider&quot;,&quot;view_type&quot;:&quot;type-2&quot;}'>\n                <div class=\"archive-listing-wrapper service-listing-wrapper service-slider-listing owl-carousel owl-theme\" data-slider-options={&quot;items&quot;:3,&quot;nav&quot;:false,&quot;dots&quot;:true,&quot;dotsContainer&quot;:&quot;.owl-dots-b4ea047&quot;,&quot;autoplayHoverPause&quot;:true,&quot;autoplay&quot;:false,&quot;autoplaySpeed&quot;:300,&quot;autoplayTimeout&quot;:5000,&quot;loop&quot;:false,&quot;speed&quot;:500,&quot;view_type&quot;:&quot;type-2&quot;}>\n                                    <\/div>\n\n                            <\/div>\n            <div class=\"owl-dots owl-dots-b4ea047\"><\/div>        <\/div>\n        \t\t\t\t<\/div>\n\t\t\t\t<\/div>\n\t\t\t\t\t<\/div>\n\t\t<\/div>\n\t\t\t\t\t<\/div>\n\t\t<\/section>\n\t\t\t\t\t<\/div>\n\t\t<\/div>\n\t\t\t\t<div class=\"elementor-column elementor-col-50 elementor-top-column elementor-element elementor-element-c25e211\" data-id=\"c25e211\" data-element_type=\"column\" data-e-type=\"column\">\n\t\t\t<div class=\"elementor-widget-wrap elementor-element-populated\">\n\t\t\t\t\t\t<div class=\"elementor-element elementor-element-ce92c3f elementor-widget elementor-widget-text-editor\" data-id=\"ce92c3f\" data-element_type=\"widget\" data-e-type=\"widget\" data-widget_type=\"text-editor.default\">\n\t\t\t\t<div class=\"elementor-widget-container\">\n\t\t\t\t\t\t\t\t\t<p><strong>Logic Srl<\/strong> est en mesure de fournir des installations de traitement<a href=\"https:\/\/www.logic-pavia.it\/fr\/usines-de-traitement\/cosmetique\/usines-cles-en-main\/\"> <span style=\"color: #f67829;\">cl\u00e9s en main <\/span><\/a>avec des solutions avanc\u00e9es et sur mesure pour la production de produits cosm\u00e9tiques, couvrant tout le cycle de production, du stockage des mati\u00e8res premi\u00e8res \u00e0 l&rsquo;asservissement du syst\u00e8me d&#8217;emballage. Chaque \u00e9tape du processus est soigneusement con\u00e7ue et int\u00e9gr\u00e9e pour garantir une efficacit\u00e9 et une qualit\u00e9 maximales du produit final.<\/p><p>Avec plus de 40 ans d&rsquo;exp\u00e9rience et une coop\u00e9ration \u00e9troite avec nos clients, nous sommes en mesure de d\u00e9velopper des solutions innovantes pour les syst\u00e8mes de dosage automatique gr\u00e2ce \u00e0 notre gamme \u00ab\u00a0<a href=\"https:\/\/www.logic-pavia.it\/fr\/usines-de-traitement\/cosmetique\/systemes-de-dosage\/\"><span style=\"color: #f67829;\"><strong>Eclipse<\/strong><\/span><\/a>\u00ab\u00a0. En outre, nous nous engageons \u00e0 garantir une s\u00e9curit\u00e9 et une tra\u00e7abilit\u00e9 maximales des processus.C&rsquo;est pourquoi \u201c<a href=\"https:\/\/www.logic-pavia.it\/fr\/usines-de-traitement\/cosmetique\/salles-de-pesees-manuelles\/\"><span style=\"color: #f67829;\"><strong>BatchPack<\/strong><\/span><\/a>\u201d, un syst\u00e8me de tra\u00e7abilit\u00e9 des pes\u00e9es manuelles, a \u00e9t\u00e9 d\u00e9velopp\u00e9 pour guider et contr\u00f4ler m\u00eame les dosages manuels effectu\u00e9s par les op\u00e9rateurs.<\/p>\t\t\t\t\t\t\t\t<\/div>\n\t\t\t\t<\/div>\n\t\t\t\t\t<\/div>\n\t\t<\/div>\n\t\t\t\t\t<\/div>\n\t\t<\/section>\n\t\t\t\t<section class=\"elementor-section elementor-top-section elementor-element elementor-element-cd61f7d elementor-section-boxed elementor-section-height-default elementor-section-height-default\" data-id=\"cd61f7d\" data-element_type=\"section\" data-e-type=\"section\">\n\t\t\t\t\t\t<div class=\"elementor-container elementor-column-gap-default\">\n\t\t\t\t\t<div class=\"elementor-column elementor-col-100 elementor-top-column elementor-element elementor-element-f7980f6\" data-id=\"f7980f6\" data-element_type=\"column\" data-e-type=\"column\">\n\t\t\t<div class=\"elementor-widget-wrap elementor-element-populated\">\n\t\t\t\t\t\t<div class=\"elementor-element elementor-element-ff405da elementor-widget elementor-widget-html\" data-id=\"ff405da\" data-element_type=\"widget\" data-e-type=\"widget\" data-widget_type=\"html.default\">\n\t\t\t\t<div class=\"elementor-widget-container\">\n\t\t\t\t\t<section class=\"elementor-section elementor-top-section elementor-element elementor-element-cd61f7d elemento\n\nr-section-boxed elementor-section-height-default elementor-section-height-default\" data-id=\"cd61f7d\" data-element_type=\"section\" id=\"cod-scheda-pers\">\n  <div class=\"elementor-container elementor-column-gap-default\">\n    <div class=\"elementor-row\">\n      <div class=\"elementor-column elementor-col-100 elementor-top-column elementor-element elementor-element-f7980f6\" data-id=\"f7980f6\" data-element_type=\"column\">\n        <div class=\"elementor-column-wrap elementor-element-populated\">\n          <div class=\"elementor-widget-wrap\">\n            <div class=\"elementor-element elementor-element-50abf47 elementor-widget elementor-widget-industrium_projects_listing\" data-id=\"50abf47\" data-element_type=\"widget\" data-widget_type=\"industrium_projects_listing.default\">\n              <div class=\"elementor-widget-container\">\n                <div class=\"industrium-projects-listing-widget\">\n                  <div class=\"archive-listing\">\n                    <div class=\"archive-listing-wrapper project-listing-wrapper text-position-inside project-grid-listing columns-3\">\n\t\t\t\t\t\t\n\t\t\t\t\t\t\n\t\t\t\t\t\t\n                      <div class=\"project-item-wrapper post-3536 industrium_project type-industrium_project status-publish has-post-thumbnail hentry \">\n                        <div class=\"project-item\"> <a href=\"https:\/\/www.logic-pavia.it\/fr\/usines-de-traitement\/cosmetique\/usines-cles-en-main\/\" class=\"project-item-link\"> <span class=\"project-item-media\"><img decoding=\"async\" alt=\"Usines cl\u00e9s en main\" title=\"Usines cl\u00e9s en main\" src=\"\/wp-content\/uploads\/impianti-chiavi-in-mano-1.jpg\" class=\"attachment-industrium_project_grid_4_columns size-industrium_project_grid_4_columns wp-post-image\"><\/span><span class=\"project-item-content\"><span class=\"post-title\"><span>Usines cl\u00e9s en main<\/span><\/span>\n                          <\/a> <\/div>\n                      <\/div>\n\t\t\t\t\t\t\n\t\t\t\t\t\t<div class=\"project-item-wrapper post-3536 industrium_project type-industrium_project status-publish has-post-thumbnail hentry \">\n                        <div class=\"project-item\"> <a href=\"https:\/\/www.logic-pavia.it\/fr\/usines-de-traitement\/cosmetique\/systemes-de-dosage\/\" class=\"project-item-link\"> <span class=\"project-item-media\"><img decoding=\"async\" alt=\"Syst\u00e8mes de dosage\" title=\"Syst\u00e8mes de dosage\" src=\"\/wp-content\/uploads\/sistemi-di-dosaggio-1.jpg\" class=\"attachment-industrium_project_grid_4_columns size-industrium_project_grid_4_columns wp-post-image\"><\/span><span class=\"project-item-content\"><span class=\"post-title\"><span>Syst\u00e8mes de dosage<\/span>\n                          <\/span> <\/a> <\/div>\n                      <\/div>\n\t\t\t\t\t\t\n\t\t\t\t\t\t<div class=\"project-item-wrapper post-3536 industrium_project type-industrium_project status-publish has-post-thumbnail hentry \">\n                        <div class=\"project-item\"> <a href=\"https:\/\/www.logic-pavia.it\/fr\/usines-de-traitement\/cosmetique\/salles-de-pesees-manuelles\/\" class=\"project-item-link\"> <span class=\"project-item-media\"><img decoding=\"async\" alt=\"Salles de pes\u00e9e manuelles\" title=\"Salles de pes\u00e9e manuelles\" src=\"\/wp-content\/uploads\/sale-pesate-manuali-1.jpg\" class=\"attachment-industrium_project_grid_4_columns size-industrium_project_grid_4_columns wp-post-image\"><\/span><span class=\"project-item-content\"><span class=\"post-title\"><span>Salles de pes\u00e9e manuelles<\/span>\n                          <\/span> <\/a> <\/div>\n                      <\/div>\n\t\t\t\t\t\t\n\t\t\t\t\t\t\n\t\t\t\t\t\t\n\t\t\t\t\t\t\n                      \n                      \n                      \n\t\t\t\t\t\t\n                    <\/div>\n                  <\/div>\n                <\/div>\n              <\/div>\n            <\/div>\n          <\/div>\n        <\/div>\n      <\/div>\n    <\/div>\n  <\/div>\n<\/section>\t\t\t\t<\/div>\n\t\t\t\t<\/div>\n\t\t\t\t\t<\/div>\n\t\t<\/div>\n\t\t\t\t\t<\/div>\n\t\t<\/section>\n\t\t\t\t<\/div>\n\t\t","protected":false},"excerpt":{"rendered":"<p>Logic Srl est en mesure de fournir des installations de traitement cl\u00e9s en main avec des solutions avanc\u00e9es et sur mesure pour la production de produits cosm\u00e9tiques, couvrant tout le cycle de production, du stockage des mati\u00e8res premi\u00e8res \u00e0 l&rsquo;asservissement du&#8230;<\/p>\n","protected":false},"author":1,"featured_media":19397,"parent":19390,"menu_order":0,"comment_status":"closed","ping_status":"closed","template":"","meta":{"om_disable_all_campaigns":false,"_monsterinsights_skip_tracking":false,"_monsterinsights_sitenote_active":false,"_monsterinsights_sitenote_note":"","_monsterinsights_sitenote_category":0,"_uf_show_specific_survey":0,"_uf_disable_surveys":false,"footnotes":""},"class_list":["post-19396","page","type-page","status-publish","has-post-thumbnail","hentry"],"_links":{"self":[{"href":"https:\/\/www.logic-pavia.it\/fr\/wp-json\/wp\/v2\/pages\/19396","targetHints":{"allow":["GET"]}}],"collection":[{"href":"https:\/\/www.logic-pavia.it\/fr\/wp-json\/wp\/v2\/pages"}],"about":[{"href":"https:\/\/www.logic-pavia.it\/fr\/wp-json\/wp\/v2\/types\/page"}],"author":[{"embeddable":true,"href":"https:\/\/www.logic-pavia.it\/fr\/wp-json\/wp\/v2\/users\/1"}],"replies":[{"embeddable":true,"href":"https:\/\/www.logic-pavia.it\/fr\/wp-json\/wp\/v2\/comments?post=19396"}],"version-history":[{"count":21,"href":"https:\/\/www.logic-pavia.it\/fr\/wp-json\/wp\/v2\/pages\/19396\/revisions"}],"predecessor-version":[{"id":19590,"href":"https:\/\/www.logic-pavia.it\/fr\/wp-json\/wp\/v2\/pages\/19396\/revisions\/19590"}],"up":[{"embeddable":true,"href":"https:\/\/www.logic-pavia.it\/fr\/wp-json\/wp\/v2\/pages\/19390"}],"wp:featuredmedia":[{"embeddable":true,"href":"https:\/\/www.logic-pavia.it\/fr\/wp-json\/wp\/v2\/media\/19397"}],"wp:attachment":[{"href":"https:\/\/www.logic-pavia.it\/fr\/wp-json\/wp\/v2\/media?parent=19396"}],"curies":[{"name":"wp","href":"https:\/\/api.w.org\/{rel}","templated":true}]}}