{"id":19369,"date":"2023-10-03T11:30:34","date_gmt":"2023-10-03T09:30:34","guid":{"rendered":"https:\/\/www.logic-pavia.it\/systemes-de-pesage\/cellules-de-charge\/cm-capteurs-de-compression-t-pour-silos\/"},"modified":"2026-03-17T13:59:59","modified_gmt":"2026-03-17T12:59:59","slug":"cm-capteurs-de-compression-t-pour-silos","status":"publish","type":"page","link":"https:\/\/www.logic-pavia.it\/fr\/instrumentation-electronique\/systemes-de-pesage\/cellules-de-charge\/cm-capteurs-de-compression-t-pour-silos\/","title":{"rendered":"CM &#8211; Capteurs de compression t pour silos"},"content":{"rendered":"\t\t<div data-elementor-type=\"wp-page\" data-elementor-id=\"19369\" class=\"elementor elementor-19369 elementor-13699\" data-elementor-post-type=\"page\">\n\t\t\t\t\t\t<section class=\"elementor-section elementor-top-section elementor-element elementor-element-5075bb0e elementor-section-boxed elementor-section-height-default elementor-section-height-default\" data-id=\"5075bb0e\" data-element_type=\"section\" data-e-type=\"section\">\n\t\t\t\t\t\t<div class=\"elementor-container elementor-column-gap-default\">\n\t\t\t\t\t<div class=\"elementor-column elementor-col-33 elementor-top-column elementor-element elementor-element-13026b0\" data-id=\"13026b0\" data-element_type=\"column\" data-e-type=\"column\">\n\t\t\t<div class=\"elementor-widget-wrap elementor-element-populated\">\n\t\t\t\t\t\t<div class=\"elementor-element elementor-element-40e1a7d5 elementor-widget elementor-widget-image-carousel\" data-id=\"40e1a7d5\" data-element_type=\"widget\" data-e-type=\"widget\" data-settings=\"{&quot;slides_to_show&quot;:&quot;1&quot;,&quot;navigation&quot;:&quot;dots&quot;,&quot;autoplay&quot;:&quot;yes&quot;,&quot;pause_on_hover&quot;:&quot;yes&quot;,&quot;pause_on_interaction&quot;:&quot;yes&quot;,&quot;autoplay_speed&quot;:5000,&quot;infinite&quot;:&quot;yes&quot;,&quot;effect&quot;:&quot;slide&quot;,&quot;speed&quot;:500}\" data-widget_type=\"image-carousel.default\">\n\t\t\t\t<div class=\"elementor-widget-container\">\n\t\t\t\t\t\t\t<div class=\"elementor-image-carousel-wrapper swiper\" role=\"region\" aria-roledescription=\"carousel\" aria-label=\"Carosello d&#039;immagini\" dir=\"ltr\">\n\t\t\t<div class=\"elementor-image-carousel swiper-wrapper\" aria-live=\"off\">\n\t\t\t\t\t\t\t\t<div class=\"swiper-slide\" role=\"group\" aria-roledescription=\"slide\" aria-label=\"1 sur 6\"><a data-elementor-open-lightbox=\"yes\" data-elementor-lightbox-slideshow=\"40e1a7d5\" data-e-action-hash=\"#elementor-action%3Aaction%3Dlightbox%26settings%3DeyJpZCI6MTM0MzcsInVybCI6Imh0dHBzOlwvXC93d3cubG9naWMtcGF2aWEuaXRcL3dwLWNvbnRlbnRcL3VwbG9hZHNcL3JpcS1jbS5qcGciLCJzbGlkZXNob3ciOiI0MGUxYTdkNSJ9\" href=\"https:\/\/www.logic-pavia.it\/wp-content\/uploads\/riq-cm.jpg\"><figure class=\"swiper-slide-inner\"><img decoding=\"async\" class=\"swiper-slide-image\" src=\"https:\/\/www.logic-pavia.it\/wp-content\/uploads\/riq-cm.jpg\" alt=\"riq-cm\" \/><\/figure><\/a><\/div><div class=\"swiper-slide\" role=\"group\" aria-roledescription=\"slide\" aria-label=\"2 sur 6\"><a data-elementor-open-lightbox=\"yes\" data-elementor-lightbox-slideshow=\"40e1a7d5\" data-e-action-hash=\"#elementor-action%3Aaction%3Dlightbox%26settings%3DeyJpZCI6MTM1MzEsInVybCI6Imh0dHBzOlwvXC93d3cubG9naWMtcGF2aWEuaXRcL3dwLWNvbnRlbnRcL3VwbG9hZHNcLzIwMjIxMjA4XzA4NDE1NS5qcGciLCJzbGlkZXNob3ciOiI0MGUxYTdkNSJ9\" href=\"https:\/\/www.logic-pavia.it\/wp-content\/uploads\/20221208_084155.jpg\"><figure class=\"swiper-slide-inner\"><img decoding=\"async\" class=\"swiper-slide-image\" src=\"https:\/\/www.logic-pavia.it\/wp-content\/uploads\/20221208_084155.jpg\" alt=\"20221208_084155\" \/><\/figure><\/a><\/div><div class=\"swiper-slide\" role=\"group\" aria-roledescription=\"slide\" aria-label=\"3 sur 6\"><a data-elementor-open-lightbox=\"yes\" data-elementor-lightbox-slideshow=\"40e1a7d5\" data-e-action-hash=\"#elementor-action%3Aaction%3Dlightbox%26settings%3DeyJpZCI6MTM1MzIsInVybCI6Imh0dHBzOlwvXC93d3cubG9naWMtcGF2aWEuaXRcL3dwLWNvbnRlbnRcL3VwbG9hZHNcL0lNR18yMDIwMTIxN18wOTU5MjAuanBnIiwic2xpZGVzaG93IjoiNDBlMWE3ZDUifQ%3D%3D\" href=\"https:\/\/www.logic-pavia.it\/wp-content\/uploads\/IMG_20201217_095920.jpg\"><figure class=\"swiper-slide-inner\"><img decoding=\"async\" class=\"swiper-slide-image\" src=\"https:\/\/www.logic-pavia.it\/wp-content\/uploads\/IMG_20201217_095920.jpg\" alt=\"IMG_20201217_095920\" \/><\/figure><\/a><\/div><div class=\"swiper-slide\" role=\"group\" aria-roledescription=\"slide\" aria-label=\"4 sur 6\"><a data-elementor-open-lightbox=\"yes\" data-elementor-lightbox-slideshow=\"40e1a7d5\" data-e-action-hash=\"#elementor-action%3Aaction%3Dlightbox%26settings%3DeyJpZCI6MTM1MzMsInVybCI6Imh0dHBzOlwvXC93d3cubG9naWMtcGF2aWEuaXRcL3dwLWNvbnRlbnRcL3VwbG9hZHNcL0lNR18yMDIwMTIxN18xMDAwMDYuanBnIiwic2xpZGVzaG93IjoiNDBlMWE3ZDUifQ%3D%3D\" href=\"https:\/\/www.logic-pavia.it\/wp-content\/uploads\/IMG_20201217_100006.jpg\"><figure class=\"swiper-slide-inner\"><img decoding=\"async\" class=\"swiper-slide-image\" src=\"https:\/\/www.logic-pavia.it\/wp-content\/uploads\/IMG_20201217_100006.jpg\" alt=\"IMG_20201217_100006\" \/><\/figure><\/a><\/div><div class=\"swiper-slide\" role=\"group\" aria-roledescription=\"slide\" aria-label=\"5 sur 6\"><a data-elementor-open-lightbox=\"yes\" data-elementor-lightbox-slideshow=\"40e1a7d5\" data-e-action-hash=\"#elementor-action%3Aaction%3Dlightbox%26settings%3DeyJpZCI6MTM1MzQsInVybCI6Imh0dHBzOlwvXC93d3cubG9naWMtcGF2aWEuaXRcL3dwLWNvbnRlbnRcL3VwbG9hZHNcL0lNR18yMDIwMTIxN18xMDAwMjEuanBnIiwic2xpZGVzaG93IjoiNDBlMWE3ZDUifQ%3D%3D\" href=\"https:\/\/www.logic-pavia.it\/wp-content\/uploads\/IMG_20201217_100021.jpg\"><figure class=\"swiper-slide-inner\"><img decoding=\"async\" class=\"swiper-slide-image\" src=\"https:\/\/www.logic-pavia.it\/wp-content\/uploads\/IMG_20201217_100021.jpg\" alt=\"IMG_20201217_100021\" \/><\/figure><\/a><\/div><div class=\"swiper-slide\" role=\"group\" aria-roledescription=\"slide\" aria-label=\"6 sur 6\"><a data-elementor-open-lightbox=\"yes\" data-elementor-lightbox-slideshow=\"40e1a7d5\" data-e-action-hash=\"#elementor-action%3Aaction%3Dlightbox%26settings%3DeyJpZCI6MTM1MzUsInVybCI6Imh0dHBzOlwvXC93d3cubG9naWMtcGF2aWEuaXRcL3dwLWNvbnRlbnRcL3VwbG9hZHNcL0lNR18yMDIwMTIxN18xMDAwMzguanBnIiwic2xpZGVzaG93IjoiNDBlMWE3ZDUifQ%3D%3D\" href=\"https:\/\/www.logic-pavia.it\/wp-content\/uploads\/IMG_20201217_100038.jpg\"><figure class=\"swiper-slide-inner\"><img decoding=\"async\" class=\"swiper-slide-image\" src=\"https:\/\/www.logic-pavia.it\/wp-content\/uploads\/IMG_20201217_100038.jpg\" alt=\"IMG_20201217_100038\" \/><\/figure><\/a><\/div>\t\t\t<\/div>\n\t\t\t\t\t\t\t\n\t\t\t\t\t\t\t\t\t<div class=\"swiper-pagination\"><\/div>\n\t\t\t\t\t\t\t\t\t<\/div>\n\t\t\t\t\t\t<\/div>\n\t\t\t\t<\/div>\n\t\t\t\t\t<\/div>\n\t\t<\/div>\n\t\t\t\t<div class=\"elementor-column elementor-col-66 elementor-top-column elementor-element elementor-element-25dfa4c1\" data-id=\"25dfa4c1\" data-element_type=\"column\" data-e-type=\"column\">\n\t\t\t<div class=\"elementor-widget-wrap elementor-element-populated\">\n\t\t\t\t\t\t<div class=\"elementor-element elementor-element-51435cbe elementor-widget elementor-widget-heading\" data-id=\"51435cbe\" data-element_type=\"widget\" data-e-type=\"widget\" data-widget_type=\"heading.default\">\n\t\t\t\t<div class=\"elementor-widget-container\">\n\t\t\t\t\t<h1 class=\"elementor-heading-title elementor-size-default\">CM &#8211; Capteurs de compression t pour silos<\/h1>\t\t\t\t<\/div>\n\t\t\t\t<\/div>\n\t\t\t\t<div class=\"elementor-element elementor-element-24d058c elementor-widget elementor-widget-text-editor\" data-id=\"24d058c\" data-element_type=\"widget\" data-e-type=\"widget\" data-widget_type=\"text-editor.default\">\n\t\t\t\t<div class=\"elementor-widget-container\">\n\t\t\t\t\t\t\t\t\t<ul><li>Capteurs de compression \u00e0 jauges de contrainte adapt\u00e9s aux applications industrielles statiques dans des conditions s\u00e9v\u00e8res, tant \u00e0 l&rsquo;int\u00e9rieur qu&rsquo;\u00e0 l&rsquo;ext\u00e9rieur.<\/li><li>Id\u00e9ales pour les silos et les grands r\u00e9servoirs de stockage.<\/li><li>Capacit\u00e9s nominales: 50 t<\/li><li>Fournis avec des syst\u00e8mes de montage en t\u00f4le d&rsquo;acier galvanis\u00e9.<\/li><\/ul>\t\t\t\t\t\t\t\t<\/div>\n\t\t\t\t<\/div>\n\t\t\t\t<div class=\"elementor-element elementor-element-2b591d5 elementor-widget elementor-widget-industrium_button\" data-id=\"2b591d5\" data-element_type=\"widget\" data-e-type=\"widget\" data-widget_type=\"industrium_button.default\">\n\t\t\t\t<div class=\"elementor-widget-container\">\n\t\t\t\t\t\n        <div class=\"button-widget\">\n            <div class=\"button-container\">\n                <a class=\"industrium-button button-type-2\" href=\"https:\/\/www.logic-pavia.it\/wp-content\/uploads\/CM-50T_fr.pdf\" target=\"_blank\">\n                    <span class=\"industrium-button-text\">Datasheet<\/span>                    \n                <\/a>\n            <\/div>\n        <\/div>\n        \t\t\t\t<\/div>\n\t\t\t\t<\/div>\n\t\t\t\t\t<\/div>\n\t\t<\/div>\n\t\t\t\t\t<\/div>\n\t\t<\/section>\n\t\t\t\t<section class=\"elementor-section elementor-top-section elementor-element elementor-element-3c412c90 elementor-section-stretched elementor-section-boxed elementor-section-height-default elementor-section-height-default\" data-id=\"3c412c90\" data-element_type=\"section\" data-e-type=\"section\" data-settings=\"{&quot;stretch_section&quot;:&quot;section-stretched&quot;,&quot;background_background&quot;:&quot;classic&quot;}\">\n\t\t\t\t\t\t<div class=\"elementor-container elementor-column-gap-default\">\n\t\t\t\t\t<div class=\"elementor-column elementor-col-100 elementor-top-column elementor-element elementor-element-5d596df8\" data-id=\"5d596df8\" data-element_type=\"column\" data-e-type=\"column\">\n\t\t\t<div class=\"elementor-widget-wrap elementor-element-populated\">\n\t\t\t\t\t\t<div class=\"elementor-element elementor-element-348a800 elementor-widget elementor-widget-html\" data-id=\"348a800\" data-element_type=\"widget\" data-e-type=\"widget\" data-widget_type=\"html.default\">\n\t\t\t\t<div class=\"elementor-widget-container\">\n\t\t\t\t\t<iframe frameborder=\"0\" style=\"height:500px;width:99%;border:none;\" src=\"https:\/\/forms.zohopublic.eu\/logicsrl\/form\/FormProdotti\/formperma\/Q6A6W6ELGYQIjSDtPeYgytr7GtpSpxkj7jrLJ74az6Y\"><\/iframe>\t\t\t\t<\/div>\n\t\t\t\t<\/div>\n\t\t\t\t\t<\/div>\n\t\t<\/div>\n\t\t\t\t\t<\/div>\n\t\t<\/section>\n\t\t\t\t<\/div>\n\t\t","protected":false},"excerpt":{"rendered":"<p>Capteurs de compression \u00e0 jauges de contrainte adapt\u00e9s aux applications industrielles statiques dans des conditions s\u00e9v\u00e8res, tant \u00e0 l&rsquo;int\u00e9rieur qu&rsquo;\u00e0 l&rsquo;ext\u00e9rieur. Id\u00e9ales pour les silos et les grands r\u00e9servoirs de stockage. Capacit\u00e9s nominales: 50 t Fournis avec des syst\u00e8mes de montage&#8230;<\/p>\n","protected":false},"author":1,"featured_media":0,"parent":19352,"menu_order":0,"comment_status":"closed","ping_status":"closed","template":"","meta":{"om_disable_all_campaigns":false,"_monsterinsights_skip_tracking":false,"_monsterinsights_sitenote_active":false,"_monsterinsights_sitenote_note":"","_monsterinsights_sitenote_category":0,"_uf_show_specific_survey":0,"_uf_disable_surveys":false,"footnotes":""},"class_list":["post-19369","page","type-page","status-publish","hentry"],"_links":{"self":[{"href":"https:\/\/www.logic-pavia.it\/fr\/wp-json\/wp\/v2\/pages\/19369","targetHints":{"allow":["GET"]}}],"collection":[{"href":"https:\/\/www.logic-pavia.it\/fr\/wp-json\/wp\/v2\/pages"}],"about":[{"href":"https:\/\/www.logic-pavia.it\/fr\/wp-json\/wp\/v2\/types\/page"}],"author":[{"embeddable":true,"href":"https:\/\/www.logic-pavia.it\/fr\/wp-json\/wp\/v2\/users\/1"}],"replies":[{"embeddable":true,"href":"https:\/\/www.logic-pavia.it\/fr\/wp-json\/wp\/v2\/comments?post=19369"}],"version-history":[{"count":4,"href":"https:\/\/www.logic-pavia.it\/fr\/wp-json\/wp\/v2\/pages\/19369\/revisions"}],"predecessor-version":[{"id":19912,"href":"https:\/\/www.logic-pavia.it\/fr\/wp-json\/wp\/v2\/pages\/19369\/revisions\/19912"}],"up":[{"embeddable":true,"href":"https:\/\/www.logic-pavia.it\/fr\/wp-json\/wp\/v2\/pages\/19352"}],"wp:attachment":[{"href":"https:\/\/www.logic-pavia.it\/fr\/wp-json\/wp\/v2\/media?parent=19369"}],"curies":[{"name":"wp","href":"https:\/\/api.w.org\/{rel}","templated":true}]}}