{"id":19364,"date":"2023-10-03T11:36:33","date_gmt":"2023-10-03T09:36:33","guid":{"rendered":"https:\/\/www.logic-pavia.it\/systemes-de-pesage\/electroniques\/"},"modified":"2026-04-07T14:07:25","modified_gmt":"2026-04-07T12:07:25","slug":"electroniques","status":"publish","type":"page","link":"https:\/\/www.logic-pavia.it\/fr\/instrumentation-electronique\/systemes-de-pesage\/electroniques\/","title":{"rendered":"\u00c9lectroniques"},"content":{"rendered":"\t\t<div data-elementor-type=\"wp-page\" data-elementor-id=\"19364\" class=\"elementor elementor-19364 elementor-13712\" data-elementor-post-type=\"page\">\n\t\t\t\t\t\t<section class=\"elementor-section elementor-top-section elementor-element elementor-element-1d36e247 elementor-section-boxed elementor-section-height-default elementor-section-height-default\" data-id=\"1d36e247\" data-element_type=\"section\" data-e-type=\"section\">\n\t\t\t\t\t\t<div class=\"elementor-container elementor-column-gap-default\">\n\t\t\t\t\t<div class=\"elementor-column elementor-col-33 elementor-top-column elementor-element elementor-element-59536b3a\" data-id=\"59536b3a\" data-element_type=\"column\" data-e-type=\"column\">\n\t\t\t<div class=\"elementor-widget-wrap elementor-element-populated\">\n\t\t\t\t\t\t<div class=\"elementor-element elementor-element-5e254be4 elementor-widget elementor-widget-image-carousel\" data-id=\"5e254be4\" data-element_type=\"widget\" data-e-type=\"widget\" data-settings=\"{&quot;slides_to_show&quot;:&quot;1&quot;,&quot;navigation&quot;:&quot;dots&quot;,&quot;autoplay&quot;:&quot;yes&quot;,&quot;pause_on_hover&quot;:&quot;yes&quot;,&quot;pause_on_interaction&quot;:&quot;yes&quot;,&quot;autoplay_speed&quot;:5000,&quot;infinite&quot;:&quot;yes&quot;,&quot;effect&quot;:&quot;slide&quot;,&quot;speed&quot;:500}\" data-widget_type=\"image-carousel.default\">\n\t\t\t\t<div class=\"elementor-widget-container\">\n\t\t\t\t\t\t\t<div class=\"elementor-image-carousel-wrapper swiper\" role=\"region\" aria-roledescription=\"carousel\" aria-label=\"Carosello d&#039;immagini\" dir=\"ltr\">\n\t\t\t<div class=\"elementor-image-carousel swiper-wrapper\" aria-live=\"off\">\n\t\t\t\t\t\t\t\t<div class=\"swiper-slide\" role=\"group\" aria-roledescription=\"slide\" aria-label=\"1 sur 1\"><a data-elementor-open-lightbox=\"yes\" data-elementor-lightbox-slideshow=\"5e254be4\" data-e-action-hash=\"#elementor-action%3Aaction%3Dlightbox%26settings%3DeyJpZCI6MTM0NDYsInVybCI6Imh0dHBzOlwvXC93d3cubG9naWMtcGF2aWEuaXRcL3dwLWNvbnRlbnRcL3VwbG9hZHNcL0xPRy1DX3ZlcnQuanBnIiwic2xpZGVzaG93IjoiNWUyNTRiZTQifQ%3D%3D\" href=\"https:\/\/www.logic-pavia.it\/wp-content\/uploads\/LOG-C_vert.jpg\"><figure class=\"swiper-slide-inner\"><img decoding=\"async\" class=\"swiper-slide-image\" src=\"https:\/\/www.logic-pavia.it\/wp-content\/uploads\/LOG-C_vert.jpg\" alt=\"LOG-C_vert\" \/><\/figure><\/a><\/div>\t\t\t<\/div>\n\t\t\t\t\t<\/div>\n\t\t\t\t\t\t<\/div>\n\t\t\t\t<\/div>\n\t\t\t\t\t<\/div>\n\t\t<\/div>\n\t\t\t\t<div class=\"elementor-column elementor-col-66 elementor-top-column elementor-element elementor-element-627d90b\" data-id=\"627d90b\" data-element_type=\"column\" data-e-type=\"column\">\n\t\t\t<div class=\"elementor-widget-wrap elementor-element-populated\">\n\t\t\t\t\t\t<div class=\"elementor-element elementor-element-4f2ca8c7 elementor-widget elementor-widget-heading\" data-id=\"4f2ca8c7\" data-element_type=\"widget\" data-e-type=\"widget\" data-widget_type=\"heading.default\">\n\t\t\t\t<div class=\"elementor-widget-container\">\n\t\t\t\t\t<h1 class=\"elementor-heading-title elementor-size-default\">\u00c9lectroniques<\/h1>\t\t\t\t<\/div>\n\t\t\t\t<\/div>\n\t\t\t\t<div class=\"elementor-element elementor-element-a0f8337 elementor-widget elementor-widget-text-editor\" data-id=\"a0f8337\" data-element_type=\"widget\" data-e-type=\"widget\" data-widget_type=\"text-editor.default\">\n\t\t\t\t<div class=\"elementor-widget-container\">\n\t\t\t\t\t\t\t\t\t<p><strong>Les unit\u00e9s de conditionnement pour les capteurs \u00e0 jauges de contrainte<\/strong>, avec une installation simple et une utilisation imm\u00e9diate, permettent \u00e0 ces dispositifs de r\u00e9pondre aux exigences sp\u00e9cifiques des installations industrielles.<\/p><ul><li><strong>DTR-NET<\/strong>: sont des unit\u00e9s d&rsquo;interface \u00e0 microprocesseur pour les capteurs \u00e0 jauges de contrainte. Disponibles avec interface de bus de communication PROFIBUS\/PROFINET et support de montage sur rail DIN. <\/li><li><strong>WTD-3:<\/strong> conditionneur pour capteurs \u00e0 jauges de contrainte avec transmetteur de poids num\u00e9rique, via interface s\u00e9rie RS485, protocole MODBUS et support de montage sur rail DIN.<\/li><li><strong>DLC-NET<\/strong>: unit\u00e9 d&rsquo;interface pour capteurs de pesage avec affichage \u00e0 6 chiffres et syst\u00e8me de communication PROFIBUS\/PROFINET. Des fonctionnalit\u00e9s suppl\u00e9mentaires, telles que la mise en lots automatique d&rsquo;un maximum de 4 composants, sont disponibles avec des cartes d&rsquo;extension. <\/li><li><strong>LOG-C:<\/strong> syst\u00e8me de dosage contr\u00f4l\u00e9 par PLC avec interface \u00e0 \u00e9cran tactile et, gr\u00e2ce \u00e0 l&rsquo;interface ETHERNET, le syst\u00e8me peut \u00eatre mis en r\u00e9seau. Deux versions de logiciel sont disponibles: <ul><li>LOG-C-F syst\u00e8me de remplissage;<\/li><li>LOG-C-G syst\u00e8me de dosage multicomposants.<\/li><\/ul><\/li><\/ul>\t\t\t\t\t\t\t\t<\/div>\n\t\t\t\t<\/div>\n\t\t\t\t\t<\/div>\n\t\t<\/div>\n\t\t\t\t\t<\/div>\n\t\t<\/section>\n\t\t\t\t<section class=\"elementor-section elementor-top-section elementor-element elementor-element-86ee407 elementor-section-boxed elementor-section-height-default elementor-section-height-default\" data-id=\"86ee407\" data-element_type=\"section\" data-e-type=\"section\">\n\t\t\t\t\t\t<div class=\"elementor-container elementor-column-gap-default\">\n\t\t\t\t\t<div class=\"elementor-column elementor-col-25 elementor-top-column elementor-element elementor-element-074fd62\" data-id=\"074fd62\" data-element_type=\"column\" data-e-type=\"column\">\n\t\t\t<div class=\"elementor-widget-wrap elementor-element-populated\">\n\t\t\t\t\t\t<div class=\"elementor-element elementor-element-406d19a elementor-position-top elementor-widget elementor-widget-image-box\" data-id=\"406d19a\" data-element_type=\"widget\" data-e-type=\"widget\" data-widget_type=\"image-box.default\">\n\t\t\t\t<div class=\"elementor-widget-container\">\n\t\t\t\t\t<div class=\"elementor-image-box-wrapper\"><figure class=\"elementor-image-box-img\"><a href=\"https:\/\/www.logic-pavia.it\/wp-content\/uploads\/DTR-NET_fr.pdf\" target=\"_blank\" tabindex=\"-1\"><img fetchpriority=\"high\" decoding=\"async\" width=\"600\" height=\"600\" src=\"https:\/\/www.logic-pavia.it\/wp-content\/uploads\/DTR-NET-PN600-1.png\" class=\"attachment-full size-full wp-image-13084\" alt=\"\" srcset=\"https:\/\/www.logic-pavia.it\/wp-content\/uploads\/DTR-NET-PN600-1.png 600w, https:\/\/www.logic-pavia.it\/wp-content\/uploads\/DTR-NET-PN600-1-300x300.png 300w, https:\/\/www.logic-pavia.it\/wp-content\/uploads\/DTR-NET-PN600-1-150x150.png 150w\" sizes=\"(max-width: 600px) 100vw, 600px\" \/><\/a><\/figure><div class=\"elementor-image-box-content\"><h6 class=\"elementor-image-box-title\"><a href=\"https:\/\/www.logic-pavia.it\/wp-content\/uploads\/DTR-NET_fr.pdf\" target=\"_blank\">DTR-NET<\/a><\/h6><p class=\"elementor-image-box-description\">\n<\/p><\/div><\/div>\t\t\t\t<\/div>\n\t\t\t\t<\/div>\n\t\t\t\t\t<\/div>\n\t\t<\/div>\n\t\t\t\t<div class=\"elementor-column elementor-col-25 elementor-top-column elementor-element elementor-element-2ca4db0\" data-id=\"2ca4db0\" data-element_type=\"column\" data-e-type=\"column\">\n\t\t\t<div class=\"elementor-widget-wrap elementor-element-populated\">\n\t\t\t\t\t\t<div class=\"elementor-element elementor-element-c2430ac elementor-position-top elementor-widget elementor-widget-image-box\" data-id=\"c2430ac\" data-element_type=\"widget\" data-e-type=\"widget\" data-widget_type=\"image-box.default\">\n\t\t\t\t<div class=\"elementor-widget-container\">\n\t\t\t\t\t<div class=\"elementor-image-box-wrapper\"><figure class=\"elementor-image-box-img\"><a href=\"https:\/\/www.logic-pavia.it\/wp-content\/uploads\/WTD3_fr.pdf\" target=\"_blank\" tabindex=\"-1\"><img decoding=\"async\" width=\"600\" height=\"600\" src=\"https:\/\/www.logic-pavia.it\/wp-content\/uploads\/WTD600.png\" class=\"attachment-full size-full wp-image-13082\" alt=\"\" srcset=\"https:\/\/www.logic-pavia.it\/wp-content\/uploads\/WTD600.png 600w, https:\/\/www.logic-pavia.it\/wp-content\/uploads\/WTD600-300x300.png 300w, https:\/\/www.logic-pavia.it\/wp-content\/uploads\/WTD600-150x150.png 150w\" sizes=\"(max-width: 600px) 100vw, 600px\" \/><\/a><\/figure><div class=\"elementor-image-box-content\"><h6 class=\"elementor-image-box-title\"><a href=\"https:\/\/www.logic-pavia.it\/wp-content\/uploads\/WTD3_fr.pdf\" target=\"_blank\">WTD-3<\/a><\/h6><p class=\"elementor-image-box-description\">\n<\/p><\/div><\/div>\t\t\t\t<\/div>\n\t\t\t\t<\/div>\n\t\t\t\t\t<\/div>\n\t\t<\/div>\n\t\t\t\t<div class=\"elementor-column elementor-col-25 elementor-top-column elementor-element elementor-element-0ff1d5a\" data-id=\"0ff1d5a\" data-element_type=\"column\" data-e-type=\"column\">\n\t\t\t<div class=\"elementor-widget-wrap elementor-element-populated\">\n\t\t\t\t\t\t<div class=\"elementor-element elementor-element-c576ed5 elementor-position-top elementor-widget elementor-widget-image-box\" data-id=\"c576ed5\" data-element_type=\"widget\" data-e-type=\"widget\" data-widget_type=\"image-box.default\">\n\t\t\t\t<div class=\"elementor-widget-container\">\n\t\t\t\t\t<div class=\"elementor-image-box-wrapper\"><figure class=\"elementor-image-box-img\"><a href=\"https:\/\/www.logic-pavia.it\/wp-content\/uploads\/DLC-NET_fr.pdf\" target=\"_blank\" tabindex=\"-1\"><img decoding=\"async\" width=\"379\" height=\"379\" src=\"https:\/\/www.logic-pavia.it\/wp-content\/uploads\/dlc-net.jpg\" class=\"attachment-full size-full wp-image-13448\" alt=\"\" srcset=\"https:\/\/www.logic-pavia.it\/wp-content\/uploads\/dlc-net.jpg 379w, https:\/\/www.logic-pavia.it\/wp-content\/uploads\/dlc-net-300x300.jpg 300w, https:\/\/www.logic-pavia.it\/wp-content\/uploads\/dlc-net-150x150.jpg 150w\" sizes=\"(max-width: 379px) 100vw, 379px\" \/><\/a><\/figure><div class=\"elementor-image-box-content\"><h6 class=\"elementor-image-box-title\"><a href=\"https:\/\/www.logic-pavia.it\/wp-content\/uploads\/DLC-NET_fr.pdf\" target=\"_blank\">DLC-NET<\/a><\/h6><p class=\"elementor-image-box-description\">\n<\/p><\/div><\/div>\t\t\t\t<\/div>\n\t\t\t\t<\/div>\n\t\t\t\t\t<\/div>\n\t\t<\/div>\n\t\t\t\t<div class=\"elementor-column elementor-col-25 elementor-top-column elementor-element elementor-element-61643d7\" data-id=\"61643d7\" data-element_type=\"column\" data-e-type=\"column\">\n\t\t\t<div class=\"elementor-widget-wrap elementor-element-populated\">\n\t\t\t\t\t\t<div class=\"elementor-element elementor-element-47680a5 elementor-position-top elementor-widget elementor-widget-image-box\" data-id=\"47680a5\" data-element_type=\"widget\" data-e-type=\"widget\" data-widget_type=\"image-box.default\">\n\t\t\t\t<div class=\"elementor-widget-container\">\n\t\t\t\t\t<div class=\"elementor-image-box-wrapper\"><figure class=\"elementor-image-box-img\"><a href=\"https:\/\/www.logic-pavia.it\/wp-content\/uploads\/LOG-C_fr.pdf\" target=\"_blank\" tabindex=\"-1\"><img loading=\"lazy\" decoding=\"async\" width=\"600\" height=\"600\" src=\"https:\/\/www.logic-pavia.it\/wp-content\/uploads\/LOG-C600-1.png\" class=\"attachment-full size-full wp-image-13081\" alt=\"\" srcset=\"https:\/\/www.logic-pavia.it\/wp-content\/uploads\/LOG-C600-1.png 600w, https:\/\/www.logic-pavia.it\/wp-content\/uploads\/LOG-C600-1-300x300.png 300w, https:\/\/www.logic-pavia.it\/wp-content\/uploads\/LOG-C600-1-150x150.png 150w\" sizes=\"(max-width: 600px) 100vw, 600px\" \/><\/a><\/figure><div class=\"elementor-image-box-content\"><h6 class=\"elementor-image-box-title\"><a href=\"https:\/\/www.logic-pavia.it\/wp-content\/uploads\/LOG-C_fr.pdf\" target=\"_blank\">LOG-C<\/a><\/h6><p class=\"elementor-image-box-description\">\n<\/p><\/div><\/div>\t\t\t\t<\/div>\n\t\t\t\t<\/div>\n\t\t\t\t\t<\/div>\n\t\t<\/div>\n\t\t\t\t\t<\/div>\n\t\t<\/section>\n\t\t\t\t<section class=\"elementor-section elementor-top-section elementor-element elementor-element-d4c2fcb elementor-section-stretched elementor-section-boxed elementor-section-height-default elementor-section-height-default\" data-id=\"d4c2fcb\" data-element_type=\"section\" data-e-type=\"section\" data-settings=\"{&quot;stretch_section&quot;:&quot;section-stretched&quot;,&quot;background_background&quot;:&quot;classic&quot;}\">\n\t\t\t\t\t\t<div class=\"elementor-container elementor-column-gap-default\">\n\t\t\t\t\t<div class=\"elementor-column elementor-col-100 elementor-top-column elementor-element elementor-element-44c2fe43\" data-id=\"44c2fe43\" data-element_type=\"column\" data-e-type=\"column\">\n\t\t\t<div class=\"elementor-widget-wrap elementor-element-populated\">\n\t\t\t\t\t\t<div class=\"elementor-element elementor-element-67aaff17 elementor-widget elementor-widget-html\" data-id=\"67aaff17\" data-element_type=\"widget\" data-e-type=\"widget\" data-widget_type=\"html.default\">\n\t\t\t\t<div class=\"elementor-widget-container\">\n\t\t\t\t\t<iframe frameborder=\"0\" style=\"height:500px;width:99%;border:none;\" src=\"https:\/\/forms.zohopublic.eu\/logicsrl\/form\/FormProdotti\/formperma\/Q6A6W6ELGYQIjSDtPeYgytr7GtpSpxkj7jrLJ74az6Y\"><\/iframe>\t\t\t\t<\/div>\n\t\t\t\t<\/div>\n\t\t\t\t\t<\/div>\n\t\t<\/div>\n\t\t\t\t\t<\/div>\n\t\t<\/section>\n\t\t\t\t<\/div>\n\t\t","protected":false},"excerpt":{"rendered":"<p>Les unit\u00e9s de conditionnement pour les capteurs \u00e0 jauges de contrainte, avec une installation simple et une utilisation imm\u00e9diate, permettent \u00e0 ces dispositifs de r\u00e9pondre aux exigences sp\u00e9cifiques des installations industrielles. DTR-NET: sont des unit\u00e9s d&rsquo;interface \u00e0 microprocesseur pour les capteurs&#8230;<\/p>\n","protected":false},"author":1,"featured_media":0,"parent":19348,"menu_order":0,"comment_status":"closed","ping_status":"closed","template":"","meta":{"om_disable_all_campaigns":false,"_monsterinsights_skip_tracking":false,"_monsterinsights_sitenote_active":false,"_monsterinsights_sitenote_note":"","_monsterinsights_sitenote_category":0,"_uf_show_specific_survey":0,"_uf_disable_surveys":false,"footnotes":""},"class_list":["post-19364","page","type-page","status-publish","hentry"],"_links":{"self":[{"href":"https:\/\/www.logic-pavia.it\/fr\/wp-json\/wp\/v2\/pages\/19364","targetHints":{"allow":["GET"]}}],"collection":[{"href":"https:\/\/www.logic-pavia.it\/fr\/wp-json\/wp\/v2\/pages"}],"about":[{"href":"https:\/\/www.logic-pavia.it\/fr\/wp-json\/wp\/v2\/types\/page"}],"author":[{"embeddable":true,"href":"https:\/\/www.logic-pavia.it\/fr\/wp-json\/wp\/v2\/users\/1"}],"replies":[{"embeddable":true,"href":"https:\/\/www.logic-pavia.it\/fr\/wp-json\/wp\/v2\/comments?post=19364"}],"version-history":[{"count":6,"href":"https:\/\/www.logic-pavia.it\/fr\/wp-json\/wp\/v2\/pages\/19364\/revisions"}],"predecessor-version":[{"id":19976,"href":"https:\/\/www.logic-pavia.it\/fr\/wp-json\/wp\/v2\/pages\/19364\/revisions\/19976"}],"up":[{"embeddable":true,"href":"https:\/\/www.logic-pavia.it\/fr\/wp-json\/wp\/v2\/pages\/19348"}],"wp:attachment":[{"href":"https:\/\/www.logic-pavia.it\/fr\/wp-json\/wp\/v2\/media?parent=19364"}],"curies":[{"name":"wp","href":"https:\/\/api.w.org\/{rel}","templated":true}]}}