{"id":19352,"date":"2023-10-03T10:33:32","date_gmt":"2023-10-03T08:33:32","guid":{"rendered":"https:\/\/www.logic-pavia.it\/systemes-de-pesage\/cellules-de-charge\/"},"modified":"2026-03-03T12:43:24","modified_gmt":"2026-03-03T11:43:24","slug":"cellules-de-charge","status":"publish","type":"page","link":"https:\/\/www.logic-pavia.it\/fr\/instrumentation-electronique\/systemes-de-pesage\/cellules-de-charge\/","title":{"rendered":"Cellules de charge"},"content":{"rendered":"\t\t<div data-elementor-type=\"wp-page\" data-elementor-id=\"19352\" class=\"elementor elementor-19352 elementor-13627\" data-elementor-post-type=\"page\">\n\t\t\t\t\t\t<section class=\"elementor-section elementor-top-section elementor-element elementor-element-5183ad0 elementor-section-boxed elementor-section-height-default elementor-section-height-default\" data-id=\"5183ad0\" data-element_type=\"section\" data-e-type=\"section\">\n\t\t\t\t\t\t<div class=\"elementor-container elementor-column-gap-default\">\n\t\t\t\t\t<div class=\"elementor-column elementor-col-33 elementor-top-column elementor-element elementor-element-e706dfc\" data-id=\"e706dfc\" data-element_type=\"column\" data-e-type=\"column\">\n\t\t\t<div class=\"elementor-widget-wrap elementor-element-populated\">\n\t\t\t\t\t\t<div class=\"elementor-element elementor-element-acef53a elementor-widget elementor-widget-image\" data-id=\"acef53a\" data-element_type=\"widget\" data-e-type=\"widget\" data-widget_type=\"image.default\">\n\t\t\t\t<div class=\"elementor-widget-container\">\n\t\t\t\t\t\t\t\t\t\t\t\t\t\t\t<img fetchpriority=\"high\" decoding=\"async\" width=\"379\" height=\"359\" src=\"https:\/\/www.logic-pavia.it\/wp-content\/uploads\/celle-carico.jpg\" class=\"attachment-large size-large wp-image-19353\" alt=\"\" srcset=\"https:\/\/www.logic-pavia.it\/wp-content\/uploads\/celle-carico.jpg 379w, https:\/\/www.logic-pavia.it\/wp-content\/uploads\/celle-carico-300x284.jpg 300w\" sizes=\"(max-width: 379px) 100vw, 379px\" \/>\t\t\t\t\t\t\t\t\t\t\t\t\t\t\t<\/div>\n\t\t\t\t<\/div>\n\t\t\t\t\t<\/div>\n\t\t<\/div>\n\t\t\t\t<div class=\"elementor-column elementor-col-66 elementor-top-column elementor-element elementor-element-93887cb\" data-id=\"93887cb\" data-element_type=\"column\" data-e-type=\"column\">\n\t\t\t<div class=\"elementor-widget-wrap elementor-element-populated\">\n\t\t\t\t\t\t<div class=\"elementor-element elementor-element-7c3b137 elementor-widget elementor-widget-heading\" data-id=\"7c3b137\" data-element_type=\"widget\" data-e-type=\"widget\" data-widget_type=\"heading.default\">\n\t\t\t\t<div class=\"elementor-widget-container\">\n\t\t\t\t\t<h1 class=\"elementor-heading-title elementor-size-default\">Cellules de charge<\/h1>\t\t\t\t<\/div>\n\t\t\t\t<\/div>\n\t\t\t\t<div class=\"elementor-element elementor-element-652e549 elementor-widget elementor-widget-text-editor\" data-id=\"652e549\" data-element_type=\"widget\" data-e-type=\"widget\" data-widget_type=\"text-editor.default\">\n\t\t\t\t<div class=\"elementor-widget-container\">\n\t\t\t\t\t\t\t\t\t<p><strong>Cellules de charge<\/strong> : transducteurs capables de convertir la force appliqu\u00e9e en une variation de signal proportionnelle \u00e0 la d\u00e9formation d&rsquo;un circuit \u00e9lectrique appel\u00e9 pont de Wheatstone.<\/p><p>Logic est sp\u00e9cialis\u00e9e dans les cellules de charge industrielles pour les applications suivantes:<\/p><ul><li>R\u00e9servoirs de stockage<\/li><li>Machines de production<\/li><li>Skid<\/li><li>Tr\u00e9mies \u00e0 poussi\u00e8re<\/li><li>Tr\u00e9mies pour additifs<\/li><\/ul>\t\t\t\t\t\t\t\t<\/div>\n\t\t\t\t<\/div>\n\t\t\t\t\t<\/div>\n\t\t<\/div>\n\t\t\t\t\t<\/div>\n\t\t<\/section>\n\t\t\t\t<section class=\"elementor-section elementor-top-section elementor-element elementor-element-179784f elementor-section-boxed elementor-section-height-default elementor-section-height-default\" data-id=\"179784f\" data-element_type=\"section\" data-e-type=\"section\">\n\t\t\t\t\t\t<div class=\"elementor-container elementor-column-gap-default\">\n\t\t\t\t\t<div class=\"elementor-column elementor-col-25 elementor-top-column elementor-element elementor-element-7bf8523\" data-id=\"7bf8523\" data-element_type=\"column\" data-e-type=\"column\">\n\t\t\t<div class=\"elementor-widget-wrap elementor-element-populated\">\n\t\t\t\t\t\t<div class=\"elementor-element elementor-element-e36b5ff elementor-position-top elementor-widget elementor-widget-image-box\" data-id=\"e36b5ff\" data-element_type=\"widget\" data-e-type=\"widget\" data-widget_type=\"image-box.default\">\n\t\t\t\t<div class=\"elementor-widget-container\">\n\t\t\t\t\t<div class=\"elementor-image-box-wrapper\"><figure class=\"elementor-image-box-img\"><a href=\"https:\/\/www.logic-pavia.it\/fr\/instrumentation-electronique\/systemes-de-pesage\/cellules-de-charge\/vcl-capteurs-de-pesage-a-double-pont-5-30-t\/\" tabindex=\"-1\"><img decoding=\"async\" width=\"379\" height=\"379\" src=\"https:\/\/www.logic-pavia.it\/wp-content\/uploads\/riq-vcl.jpg\" class=\"attachment-full size-full wp-image-13439\" alt=\"\" srcset=\"https:\/\/www.logic-pavia.it\/wp-content\/uploads\/riq-vcl.jpg 379w, https:\/\/www.logic-pavia.it\/wp-content\/uploads\/riq-vcl-300x300.jpg 300w, https:\/\/www.logic-pavia.it\/wp-content\/uploads\/riq-vcl-150x150.jpg 150w\" sizes=\"(max-width: 379px) 100vw, 379px\" \/><\/a><\/figure><div class=\"elementor-image-box-content\"><h6 class=\"elementor-image-box-title\"><a href=\"https:\/\/www.logic-pavia.it\/fr\/instrumentation-electronique\/systemes-de-pesage\/cellules-de-charge\/vcl-capteurs-de-pesage-a-double-pont-5-30-t\/\">VCL <\/a><\/h6><p class=\"elementor-image-box-description\">Capteurs de pesage \u00e0 double pont 5-30 t<\/p><\/div><\/div>\t\t\t\t<\/div>\n\t\t\t\t<\/div>\n\t\t\t\t\t<\/div>\n\t\t<\/div>\n\t\t\t\t<div class=\"elementor-column elementor-col-25 elementor-top-column elementor-element elementor-element-43f6bc9\" data-id=\"43f6bc9\" data-element_type=\"column\" data-e-type=\"column\">\n\t\t\t<div class=\"elementor-widget-wrap elementor-element-populated\">\n\t\t\t\t\t\t<div class=\"elementor-element elementor-element-5888f98 elementor-position-top elementor-widget elementor-widget-image-box\" data-id=\"5888f98\" data-element_type=\"widget\" data-e-type=\"widget\" data-widget_type=\"image-box.default\">\n\t\t\t\t<div class=\"elementor-widget-container\">\n\t\t\t\t\t<div class=\"elementor-image-box-wrapper\"><figure class=\"elementor-image-box-img\"><a href=\"https:\/\/www.logic-pavia.it\/fr\/instrumentation-electronique\/systemes-de-pesage\/cellules-de-charge\/fh-sk30x-cellules-de-charge-de-cisaillement-gamme-05-2-t-3-5-t\/\" tabindex=\"-1\"><img decoding=\"async\" width=\"379\" height=\"379\" src=\"https:\/\/www.logic-pavia.it\/wp-content\/uploads\/riq-fh.jpg\" class=\"attachment-full size-full wp-image-13438\" alt=\"\" srcset=\"https:\/\/www.logic-pavia.it\/wp-content\/uploads\/riq-fh.jpg 379w, https:\/\/www.logic-pavia.it\/wp-content\/uploads\/riq-fh-300x300.jpg 300w, https:\/\/www.logic-pavia.it\/wp-content\/uploads\/riq-fh-150x150.jpg 150w\" sizes=\"(max-width: 379px) 100vw, 379px\" \/><\/a><\/figure><div class=\"elementor-image-box-content\"><h6 class=\"elementor-image-box-title\"><a href=\"https:\/\/www.logic-pavia.it\/fr\/instrumentation-electronique\/systemes-de-pesage\/cellules-de-charge\/fh-sk30x-cellules-de-charge-de-cisaillement-gamme-05-2-t-3-5-t\/\">FH \/ SK30X <\/a><\/h6><p class=\"elementor-image-box-description\">Cellules de charge de cisaillement gamme<br>0,5-2 t \/ 3-5 t:<\/p><\/div><\/div>\t\t\t\t<\/div>\n\t\t\t\t<\/div>\n\t\t\t\t\t<\/div>\n\t\t<\/div>\n\t\t\t\t<div class=\"elementor-column elementor-col-25 elementor-top-column elementor-element elementor-element-3720140\" data-id=\"3720140\" data-element_type=\"column\" data-e-type=\"column\">\n\t\t\t<div class=\"elementor-widget-wrap elementor-element-populated\">\n\t\t\t\t\t\t<div class=\"elementor-element elementor-element-9af535b elementor-position-top elementor-widget elementor-widget-image-box\" data-id=\"9af535b\" data-element_type=\"widget\" data-e-type=\"widget\" data-widget_type=\"image-box.default\">\n\t\t\t\t<div class=\"elementor-widget-container\">\n\t\t\t\t\t<div class=\"elementor-image-box-wrapper\"><figure class=\"elementor-image-box-img\"><a href=\"https:\/\/www.logic-pavia.it\/fr\/instrumentation-electronique\/systemes-de-pesage\/cellules-de-charge\/cm-capteurs-de-compression-t-pour-silos\/\" tabindex=\"-1\"><img loading=\"lazy\" decoding=\"async\" width=\"379\" height=\"379\" src=\"https:\/\/www.logic-pavia.it\/wp-content\/uploads\/riq-cm.jpg\" class=\"attachment-full size-full wp-image-13437\" alt=\"\" srcset=\"https:\/\/www.logic-pavia.it\/wp-content\/uploads\/riq-cm.jpg 379w, https:\/\/www.logic-pavia.it\/wp-content\/uploads\/riq-cm-300x300.jpg 300w, https:\/\/www.logic-pavia.it\/wp-content\/uploads\/riq-cm-150x150.jpg 150w\" sizes=\"(max-width: 379px) 100vw, 379px\" \/><\/a><\/figure><div class=\"elementor-image-box-content\"><h6 class=\"elementor-image-box-title\"><a href=\"https:\/\/www.logic-pavia.it\/fr\/instrumentation-electronique\/systemes-de-pesage\/cellules-de-charge\/cm-capteurs-de-compression-t-pour-silos\/\">CM<\/a><\/h6><p class=\"elementor-image-box-description\">Cellules de charge \u00e0 compression 50 t pour silos<\/p><\/div><\/div>\t\t\t\t<\/div>\n\t\t\t\t<\/div>\n\t\t\t\t\t<\/div>\n\t\t<\/div>\n\t\t\t\t<div class=\"elementor-column elementor-col-25 elementor-top-column elementor-element elementor-element-5ba2257\" data-id=\"5ba2257\" data-element_type=\"column\" data-e-type=\"column\">\n\t\t\t<div class=\"elementor-widget-wrap elementor-element-populated\">\n\t\t\t\t\t\t<div class=\"elementor-element elementor-element-9c4a0be elementor-position-top elementor-widget elementor-widget-image-box\" data-id=\"9c4a0be\" data-element_type=\"widget\" data-e-type=\"widget\" data-widget_type=\"image-box.default\">\n\t\t\t\t<div class=\"elementor-widget-container\">\n\t\t\t\t\t<div class=\"elementor-image-box-wrapper\"><figure class=\"elementor-image-box-img\"><a href=\"https:\/\/www.logic-pavia.it\/fr\/instrumentation-electronique\/systemes-de-pesage\/cellules-de-charge\/co-capteurs-de-compression-05-10-t\/\" tabindex=\"-1\"><img loading=\"lazy\" decoding=\"async\" width=\"379\" height=\"379\" src=\"https:\/\/www.logic-pavia.it\/wp-content\/uploads\/riq-co.jpg\" class=\"attachment-full size-full wp-image-13436\" alt=\"\" srcset=\"https:\/\/www.logic-pavia.it\/wp-content\/uploads\/riq-co.jpg 379w, https:\/\/www.logic-pavia.it\/wp-content\/uploads\/riq-co-300x300.jpg 300w, https:\/\/www.logic-pavia.it\/wp-content\/uploads\/riq-co-150x150.jpg 150w\" sizes=\"(max-width: 379px) 100vw, 379px\" \/><\/a><\/figure><div class=\"elementor-image-box-content\"><h6 class=\"elementor-image-box-title\"><a href=\"https:\/\/www.logic-pavia.it\/fr\/instrumentation-electronique\/systemes-de-pesage\/cellules-de-charge\/co-capteurs-de-compression-05-10-t\/\">CO<\/a><\/h6><p class=\"elementor-image-box-description\">Capteurs de compression 0,5-10 t<\/p><\/div><\/div>\t\t\t\t<\/div>\n\t\t\t\t<\/div>\n\t\t\t\t\t<\/div>\n\t\t<\/div>\n\t\t\t\t\t<\/div>\n\t\t<\/section>\n\t\t\t\t<\/div>\n\t\t","protected":false},"excerpt":{"rendered":"<p>Cellules de charge : transducteurs capables de convertir la force appliqu\u00e9e en une variation de signal proportionnelle \u00e0 la d\u00e9formation d&rsquo;un circuit \u00e9lectrique appel\u00e9 pont de Wheatstone. Logic est sp\u00e9cialis\u00e9e dans les cellules de charge industrielles pour les applications suivantes: R\u00e9servoirs&#8230;<\/p>\n","protected":false},"author":1,"featured_media":19353,"parent":19348,"menu_order":0,"comment_status":"closed","ping_status":"closed","template":"","meta":{"om_disable_all_campaigns":false,"_monsterinsights_skip_tracking":false,"_monsterinsights_sitenote_active":false,"_monsterinsights_sitenote_note":"","_monsterinsights_sitenote_category":0,"_uf_show_specific_survey":0,"_uf_disable_surveys":false,"footnotes":""},"class_list":["post-19352","page","type-page","status-publish","has-post-thumbnail","hentry"],"_links":{"self":[{"href":"https:\/\/www.logic-pavia.it\/fr\/wp-json\/wp\/v2\/pages\/19352","targetHints":{"allow":["GET"]}}],"collection":[{"href":"https:\/\/www.logic-pavia.it\/fr\/wp-json\/wp\/v2\/pages"}],"about":[{"href":"https:\/\/www.logic-pavia.it\/fr\/wp-json\/wp\/v2\/types\/page"}],"author":[{"embeddable":true,"href":"https:\/\/www.logic-pavia.it\/fr\/wp-json\/wp\/v2\/users\/1"}],"replies":[{"embeddable":true,"href":"https:\/\/www.logic-pavia.it\/fr\/wp-json\/wp\/v2\/comments?post=19352"}],"version-history":[{"count":13,"href":"https:\/\/www.logic-pavia.it\/fr\/wp-json\/wp\/v2\/pages\/19352\/revisions"}],"predecessor-version":[{"id":19639,"href":"https:\/\/www.logic-pavia.it\/fr\/wp-json\/wp\/v2\/pages\/19352\/revisions\/19639"}],"up":[{"embeddable":true,"href":"https:\/\/www.logic-pavia.it\/fr\/wp-json\/wp\/v2\/pages\/19348"}],"wp:featuredmedia":[{"embeddable":true,"href":"https:\/\/www.logic-pavia.it\/fr\/wp-json\/wp\/v2\/media\/19353"}],"wp:attachment":[{"href":"https:\/\/www.logic-pavia.it\/fr\/wp-json\/wp\/v2\/media?parent=19352"}],"curies":[{"name":"wp","href":"https:\/\/api.w.org\/{rel}","templated":true}]}}