{"id":19348,"date":"2023-05-18T12:52:41","date_gmt":"2023-05-18T10:52:41","guid":{"rendered":"https:\/\/www.logic-pavia.it\/systemes-de-pesage\/"},"modified":"2026-03-17T12:47:57","modified_gmt":"2026-03-17T11:47:57","slug":"systemes-de-pesage","status":"publish","type":"page","link":"https:\/\/www.logic-pavia.it\/fr\/instrumentation-electronique\/systemes-de-pesage\/","title":{"rendered":"Syst\u00e8mes de pesage"},"content":{"rendered":"\t\t<div data-elementor-type=\"wp-page\" data-elementor-id=\"19348\" class=\"elementor elementor-19348 elementor-12383\" data-elementor-post-type=\"page\">\n\t\t\t\t\t\t<section class=\"elementor-section elementor-top-section elementor-element elementor-element-cdf898a elementor-section-stretched elementor-section-boxed elementor-section-height-default elementor-section-height-default\" data-id=\"cdf898a\" data-element_type=\"section\" data-e-type=\"section\" data-settings=\"{&quot;stretch_section&quot;:&quot;section-stretched&quot;,&quot;background_background&quot;:&quot;classic&quot;}\">\n\t\t\t\t\t\t<div class=\"elementor-container elementor-column-gap-default\">\n\t\t\t\t\t<div class=\"elementor-column elementor-col-50 elementor-top-column elementor-element elementor-element-0ad7686\" data-id=\"0ad7686\" data-element_type=\"column\" data-e-type=\"column\">\n\t\t\t<div class=\"elementor-widget-wrap elementor-element-populated\">\n\t\t\t\t\t\t<div class=\"elementor-element elementor-element-0dde1b8 elementor-widget elementor-widget-industrium_heading\" data-id=\"0dde1b8\" data-element_type=\"widget\" data-e-type=\"widget\" data-widget_type=\"industrium_heading.default\">\n\t\t\t\t<div class=\"elementor-widget-container\">\n\t\t\t\t\t<div class=\"industrium-heading-widget\"><h1 class=\"industrium-heading\"><span class=\"industrium-subheading\">Instrumentation \u00c9lectronique<\/span><span class=\"industrium-heading-content\">Industrial Weighing<\/span><\/h1><\/div>\t\t\t\t<\/div>\n\t\t\t\t<\/div>\n\t\t\t\t<div class=\"elementor-element elementor-element-22497ab elementor-widget elementor-widget-text-editor\" data-id=\"22497ab\" data-element_type=\"widget\" data-e-type=\"widget\" data-widget_type=\"text-editor.default\">\n\t\t\t\t<div class=\"elementor-widget-container\">\n\t\t\t\t\t\t\t\t\t<p>Syst\u00e8mes de pesage<\/p>\t\t\t\t\t\t\t\t<\/div>\n\t\t\t\t<\/div>\n\t\t\t\t<div class=\"elementor-element elementor-element-9cb27a6 elementor-widget-divider--view-line elementor-widget elementor-widget-divider\" data-id=\"9cb27a6\" data-element_type=\"widget\" data-e-type=\"widget\" data-widget_type=\"divider.default\">\n\t\t\t\t<div class=\"elementor-widget-container\">\n\t\t\t\t\t\t\t<div class=\"elementor-divider\">\n\t\t\t<span class=\"elementor-divider-separator\">\n\t\t\t\t\t\t<\/span>\n\t\t<\/div>\n\t\t\t\t\t\t<\/div>\n\t\t\t\t<\/div>\n\t\t\t\t<section class=\"elementor-section elementor-inner-section elementor-element elementor-element-48549f7 elementor-section-boxed elementor-section-height-default elementor-section-height-default\" data-id=\"48549f7\" data-element_type=\"section\" data-e-type=\"section\">\n\t\t\t\t\t\t<div class=\"elementor-container elementor-column-gap-default\">\n\t\t\t\t\t<div class=\"elementor-column elementor-col-100 elementor-inner-column elementor-element elementor-element-f9f2dd5\" data-id=\"f9f2dd5\" data-element_type=\"column\" data-e-type=\"column\">\n\t\t\t<div class=\"elementor-widget-wrap elementor-element-populated\">\n\t\t\t\t\t\t<div class=\"elementor-element elementor-element-e924698 view_type-2 style_type-2 elementor-widget elementor-widget-industrium_services_listing\" data-id=\"e924698\" data-element_type=\"widget\" data-e-type=\"widget\" data-widget_type=\"industrium_services_listing.default\">\n\t\t\t\t<div class=\"elementor-widget-container\">\n\t\t\t\t\t\n        <div class=\"industrium-service-listing-widget\">\n\n            <div class=\"archive-listing\" data-ajax='{&quot;post_type&quot;:&quot;industrium_service&quot;,&quot;ignore_sticky_posts&quot;:true,&quot;suppress_filters&quot;:true,&quot;orderby&quot;:&quot;date&quot;,&quot;order&quot;:&quot;desc&quot;,&quot;link_base&quot;:&quot;https:\\\/\\\/www.logic-pavia.it\\\/fr\\\/wp-json\\\/wp\\\/v2\\\/pages\\\/19348\\\/&quot;,&quot;industrium_services_category&quot;:[&quot;industry&quot;],&quot;posts_per_page&quot;:-1}' data-widget='{&quot;excerpt_length&quot;:76,&quot;item_class&quot;:&quot;service-item-wrapper slider-item&quot;,&quot;columns_number&quot;:3,&quot;listing_type&quot;:&quot;slider&quot;,&quot;view_type&quot;:&quot;type-2&quot;}'>\n                <div class=\"archive-listing-wrapper service-listing-wrapper service-slider-listing owl-carousel owl-theme\" data-slider-options={&quot;items&quot;:3,&quot;nav&quot;:false,&quot;dots&quot;:true,&quot;dotsContainer&quot;:&quot;.owl-dots-e924698&quot;,&quot;autoplayHoverPause&quot;:true,&quot;autoplay&quot;:false,&quot;autoplaySpeed&quot;:300,&quot;autoplayTimeout&quot;:5000,&quot;loop&quot;:false,&quot;speed&quot;:500,&quot;view_type&quot;:&quot;type-2&quot;}>\n                                    <\/div>\n\n                            <\/div>\n            <div class=\"owl-dots owl-dots-e924698\"><\/div>        <\/div>\n        \t\t\t\t<\/div>\n\t\t\t\t<\/div>\n\t\t\t\t\t<\/div>\n\t\t<\/div>\n\t\t\t\t\t<\/div>\n\t\t<\/section>\n\t\t\t\t\t<\/div>\n\t\t<\/div>\n\t\t\t\t<div class=\"elementor-column elementor-col-50 elementor-top-column elementor-element elementor-element-40fdd26\" data-id=\"40fdd26\" data-element_type=\"column\" data-e-type=\"column\">\n\t\t\t<div class=\"elementor-widget-wrap elementor-element-populated\">\n\t\t\t\t\t\t<div class=\"elementor-element elementor-element-ce92c3f elementor-widget elementor-widget-text-editor\" data-id=\"ce92c3f\" data-element_type=\"widget\" data-e-type=\"widget\" data-widget_type=\"text-editor.default\">\n\t\t\t\t<div class=\"elementor-widget-container\">\n\t\t\t\t\t\t\t\t\t<p>Les syst\u00e8mes de pesage Logic comprennent:<\/p><ul><li>Des <strong>cellules de charge<\/strong> pour le pesage de r\u00e9servoirs, de tr\u00e9mies, etc.<\/li><li>L&rsquo;<strong>\u00e9lectronique<\/strong> pour l&rsquo;affichage, le conditionnement et le dosage<\/li><li><strong>Des plates-formes de pesage.<\/strong><\/li><\/ul><p>Les syst\u00e8mes de pesage Logic couvrent une large gamme d&rsquo;applications dans les processus industriels.<\/p>\t\t\t\t\t\t\t\t<\/div>\n\t\t\t\t<\/div>\n\t\t\t\t\t<\/div>\n\t\t<\/div>\n\t\t\t\t\t<\/div>\n\t\t<\/section>\n\t\t\t\t<section class=\"elementor-section elementor-top-section elementor-element elementor-element-cd61f7d elementor-section-boxed elementor-section-height-default elementor-section-height-default\" data-id=\"cd61f7d\" data-element_type=\"section\" data-e-type=\"section\">\n\t\t\t\t\t\t<div class=\"elementor-container elementor-column-gap-default\">\n\t\t\t\t\t<div class=\"elementor-column elementor-col-100 elementor-top-column elementor-element elementor-element-f7980f6\" data-id=\"f7980f6\" data-element_type=\"column\" data-e-type=\"column\">\n\t\t\t<div class=\"elementor-widget-wrap elementor-element-populated\">\n\t\t\t\t\t\t<div class=\"elementor-element elementor-element-de3f63f elementor-widget elementor-widget-html\" data-id=\"de3f63f\" data-element_type=\"widget\" data-e-type=\"widget\" data-widget_type=\"html.default\">\n\t\t\t\t<div class=\"elementor-widget-container\">\n\t\t\t\t\t<section class=\"elementor-section elementor-top-section elementor-element elementor-element-cd61f7d elementor-section-boxed elementor-section-height-default elementor-section-height-default\" data-id=\"cd61f7d\" data-element_type=\"section\" id=\"cod-scheda-pers\">\n  <div class=\"elementor-container elementor-column-gap-default\">\n    <div class=\"elementor-row\">\n      <div class=\"elementor-column elementor-col-100 elementor-top-column elementor-element elementor-element-f7980f6\" data-id=\"f7980f6\" data-element_type=\"column\">\n        <div class=\"elementor-column-wrap elementor-element-populated\">\n          <div class=\"elementor-widget-wrap\">\n            <div class=\"elementor-element elementor-element-50abf47 elementor-widget elementor-widget-industrium_projects_listing\" data-id=\"50abf47\" data-element_type=\"widget\" data-widget_type=\"industrium_projects_listing.default\">\n              <div class=\"elementor-widget-container\">\n                <div class=\"industrium-projects-listing-widget\">\n                  <div class=\"archive-listing\">\n                    <div class=\"archive-listing-wrapper project-listing-wrapper text-position-inside project-grid-listing columns-3\">\n                      <div class=\"project-item-wrapper post-3536 industrium_project type-industrium_project status-publish has-post-thumbnail hentry \">\n                        <div class=\"project-item\"> <a href=\"https:\/\/www.logic-pavia.it\/fr\/systemes-de-pesage\/cellules-de-charge\/\" class=\"project-item-link\"> <span class=\"project-item-media\"><img decoding=\"async\" alt=\"Cellules de charge\" title=\"Cellules de charge\" src=\"\/wp-content\/uploads\/celle-carico.jpg\" class=\"attachment-industrium_project_grid_4_columns size-industrium_project_grid_4_columns wp-post-image\"><\/span><span class=\"project-item-content\"><span class=\"post-title\"><span>Cellules de charge<\/span><\/span>\n<span class=\"project-item-excerpt\">Cellules de charge pour pesages industriels<\/span>\n                          <\/span> <\/a> <\/div>\n                      <\/div>\n                      <div class=\"project-item-wrapper post-3539 industrium_project type-industrium_project status-publish has-post-thumbnail hentry\">\n                        <div class=\"project-item\"> <a href=\"https:\/\/www.logic-pavia.it\/fr\/systemes-de-pesage\/electroniques\/\" class=\"project-item-link\"> <span class=\"project-item-media\"><img decoding=\"async\" alt=\"\u00c9lectroniques\" title=\"\u00c9lectroniques\" src=\"\/wp-content\/uploads\/LOG-C_vert-379x359.jpg\" class=\"attachment-industrium_project_grid_4_columns size-industrium_project_grid_4_columns wp-post-image\"><\/span><span class=\"project-item-content\"><span class=\"post-title\"><span>\u00c9lectroniques<\/span><\/span>\n<span class=\"project-item-excerpt\">Unit\u00e9s de conditionnement pour cellules de charge \u00e0 jauges de contrainte.<\/span>\n<\/span> <\/a> <\/div>\n                      <\/div>\n                      <div class=\"project-item-wrapper post-3540 industrium_project type-industrium_project status-publish has-post-thumbnail hentry\">\n                        <div class=\"project-item\"> <a href=\"https:\/\/www.logic-pavia.it\/fr\/systemes-de-pesage\/plates-formes-de-pesage\/\" class=\"project-item-link\"> <span class=\"project-item-media\"><img decoding=\"async\" alt=\"Les unit\u00e9s de conditionnement pour cellules de charge extensom\u00e9triques.\" title=\"Des plates-formes de pesage\" src=\"\/wp-content\/uploads\/sistemi-di-pesatura-piattaforme-379x359.png\" class=\"attachment-industrium_project_grid_4_columns size-industrium_project_grid_4_columns wp-post-image\"><\/span><span class=\"project-item-content\"> <span class=\"post-title\"><span>Plateformes de pesage<\/span><\/span>\n<span class=\"project-item-excerpt\">Les plateformes de pesage Logic de la s\u00e9rie LPS sont bas\u00e9es sur des cellules de charge.<\/span>\n<\/span> <\/a> <\/div>\n                      <\/div>\n                      <div class=\"project-item-wrapper post-3642 industrium_project type-industrium_project status-publish has-post-thumbnail hentry\">\n                        <div class=\"project-item\">  <\/div>\n                      <\/div>\n                    <\/div>\n                  <\/div>\n                <\/div>\n              <\/div>\n            <\/div>\n          <\/div>\n        <\/div>\n      <\/div>\n    <\/div>\n  <\/div>\n<\/section>\t\t\t\t<\/div>\n\t\t\t\t<\/div>\n\t\t\t\t\t<\/div>\n\t\t<\/div>\n\t\t\t\t\t<\/div>\n\t\t<\/section>\n\t\t\t\t<\/div>\n\t\t","protected":false},"excerpt":{"rendered":"<p>Syst\u00e8mes de pesage Les syst\u00e8mes de pesage Logic comprennent: Des cellules de charge pour le pesage de r\u00e9servoirs, de tr\u00e9mies, etc. L&rsquo;\u00e9lectronique pour l&rsquo;affichage, le conditionnement et le dosage Des plates-formes de pesage. Les syst\u00e8mes de pesage Logic couvrent une large&#8230;<\/p>\n","protected":false},"author":1,"featured_media":0,"parent":19594,"menu_order":0,"comment_status":"closed","ping_status":"closed","template":"","meta":{"om_disable_all_campaigns":false,"_monsterinsights_skip_tracking":false,"_monsterinsights_sitenote_active":false,"_monsterinsights_sitenote_note":"","_monsterinsights_sitenote_category":0,"_uf_show_specific_survey":0,"_uf_disable_surveys":false,"footnotes":""},"class_list":["post-19348","page","type-page","status-publish","hentry"],"_links":{"self":[{"href":"https:\/\/www.logic-pavia.it\/fr\/wp-json\/wp\/v2\/pages\/19348","targetHints":{"allow":["GET"]}}],"collection":[{"href":"https:\/\/www.logic-pavia.it\/fr\/wp-json\/wp\/v2\/pages"}],"about":[{"href":"https:\/\/www.logic-pavia.it\/fr\/wp-json\/wp\/v2\/types\/page"}],"author":[{"embeddable":true,"href":"https:\/\/www.logic-pavia.it\/fr\/wp-json\/wp\/v2\/users\/1"}],"replies":[{"embeddable":true,"href":"https:\/\/www.logic-pavia.it\/fr\/wp-json\/wp\/v2\/comments?post=19348"}],"version-history":[{"count":16,"href":"https:\/\/www.logic-pavia.it\/fr\/wp-json\/wp\/v2\/pages\/19348\/revisions"}],"predecessor-version":[{"id":19828,"href":"https:\/\/www.logic-pavia.it\/fr\/wp-json\/wp\/v2\/pages\/19348\/revisions\/19828"}],"up":[{"embeddable":true,"href":"https:\/\/www.logic-pavia.it\/fr\/wp-json\/wp\/v2\/pages\/19594"}],"wp:attachment":[{"href":"https:\/\/www.logic-pavia.it\/fr\/wp-json\/wp\/v2\/media?parent=19348"}],"curies":[{"name":"wp","href":"https:\/\/api.w.org\/{rel}","templated":true}]}}