{"id":19343,"date":"2023-10-03T12:00:13","date_gmt":"2023-10-03T10:00:13","guid":{"rendered":"https:\/\/www.logic-pavia.it\/systemes-dinertage\/capteur-tdl-gpro500\/"},"modified":"2026-03-17T13:54:00","modified_gmt":"2026-03-17T12:54:00","slug":"capteur-tdl-gpro500","status":"publish","type":"page","link":"https:\/\/www.logic-pavia.it\/fr\/instrumentation-electronique\/systemes-dinertage\/capteur-tdl-gpro500\/","title":{"rendered":"Capteur TDL GPro500"},"content":{"rendered":"\t\t<div data-elementor-type=\"wp-page\" data-elementor-id=\"19343\" class=\"elementor elementor-19343 elementor-13756\" data-elementor-post-type=\"page\">\n\t\t\t\t\t\t<section class=\"elementor-section elementor-top-section elementor-element elementor-element-5a248280 elementor-section-boxed elementor-section-height-default elementor-section-height-default\" data-id=\"5a248280\" data-element_type=\"section\" data-e-type=\"section\">\n\t\t\t\t\t\t<div class=\"elementor-container elementor-column-gap-default\">\n\t\t\t\t\t<div class=\"elementor-column elementor-col-33 elementor-top-column elementor-element elementor-element-1f0b2fd5\" data-id=\"1f0b2fd5\" data-element_type=\"column\" data-e-type=\"column\">\n\t\t\t<div class=\"elementor-widget-wrap elementor-element-populated\">\n\t\t\t\t\t\t<div class=\"elementor-element elementor-element-5a645b1d elementor-widget elementor-widget-image-carousel\" data-id=\"5a645b1d\" data-element_type=\"widget\" data-e-type=\"widget\" data-settings=\"{&quot;slides_to_show&quot;:&quot;1&quot;,&quot;navigation&quot;:&quot;dots&quot;,&quot;autoplay&quot;:&quot;yes&quot;,&quot;pause_on_hover&quot;:&quot;yes&quot;,&quot;pause_on_interaction&quot;:&quot;yes&quot;,&quot;autoplay_speed&quot;:5000,&quot;infinite&quot;:&quot;yes&quot;,&quot;effect&quot;:&quot;slide&quot;,&quot;speed&quot;:500}\" data-widget_type=\"image-carousel.default\">\n\t\t\t\t<div class=\"elementor-widget-container\">\n\t\t\t\t\t\t\t<div class=\"elementor-image-carousel-wrapper swiper\" role=\"region\" aria-roledescription=\"carousel\" aria-label=\"Carosello d&#039;immagini\" dir=\"ltr\">\n\t\t\t<div class=\"elementor-image-carousel swiper-wrapper\" aria-live=\"off\">\n\t\t\t\t\t\t\t\t<div class=\"swiper-slide\" role=\"group\" aria-roledescription=\"slide\" aria-label=\"1 sur 6\"><a data-elementor-open-lightbox=\"yes\" data-elementor-lightbox-slideshow=\"5a645b1d\" data-e-action-hash=\"#elementor-action%3Aaction%3Dlightbox%26settings%3DeyJpZCI6MTYyMTEsInVybCI6Imh0dHBzOlwvXC93d3cubG9naWMtcGF2aWEuaXRcL3dwLWNvbnRlbnRcL3VwbG9hZHNcL3Npc3RlbWFfaW5lcnRpenphemlvbmVfc2Vuc29yZV9sYXNlcl9mcm9udGVfcmlkb3R0YS1lMTcxNjk4NTA2Mjc1My5wbmciLCJzbGlkZXNob3ciOiI1YTY0NWIxZCJ9\" href=\"https:\/\/www.logic-pavia.it\/wp-content\/uploads\/sistema_inertizzazione_sensore_laser_fronte_ridotta-e1716985062753.png\"><figure class=\"swiper-slide-inner\"><img decoding=\"async\" class=\"swiper-slide-image\" src=\"https:\/\/www.logic-pavia.it\/wp-content\/uploads\/sistema_inertizzazione_sensore_laser_fronte_ridotta-e1716985062753.png\" alt=\"sistema_inertizzazione_sensore_laser_fronte_ridotta\" \/><\/figure><\/a><\/div><div class=\"swiper-slide\" role=\"group\" aria-roledescription=\"slide\" aria-label=\"2 sur 6\"><a data-elementor-open-lightbox=\"yes\" data-elementor-lightbox-slideshow=\"5a645b1d\" data-e-action-hash=\"#elementor-action%3Aaction%3Dlightbox%26settings%3DeyJpZCI6MTM3NTksInVybCI6Imh0dHBzOlwvXC93d3cubG9naWMtcGF2aWEuaXRcL3dwLWNvbnRlbnRcL3VwbG9hZHNcL0RldHRhZ2xpby1zZW5zb3JlLmpwZyIsInNsaWRlc2hvdyI6IjVhNjQ1YjFkIn0%3D\" href=\"https:\/\/www.logic-pavia.it\/wp-content\/uploads\/Dettaglio-sensore.jpg\"><figure class=\"swiper-slide-inner\"><img decoding=\"async\" class=\"swiper-slide-image\" src=\"https:\/\/www.logic-pavia.it\/wp-content\/uploads\/Dettaglio-sensore.jpg\" alt=\"Dettaglio-sensore\" \/><\/figure><\/a><\/div><div class=\"swiper-slide\" role=\"group\" aria-roledescription=\"slide\" aria-label=\"3 sur 6\"><a data-elementor-open-lightbox=\"yes\" data-elementor-lightbox-slideshow=\"5a645b1d\" data-e-action-hash=\"#elementor-action%3Aaction%3Dlightbox%26settings%3DeyJpZCI6MTM3NjAsInVybCI6Imh0dHBzOlwvXC93d3cubG9naWMtcGF2aWEuaXRcL3dwLWNvbnRlbnRcL3VwbG9hZHNcL0ZpbHRyYWdnaW8uanBnIiwic2xpZGVzaG93IjoiNWE2NDViMWQifQ%3D%3D\" href=\"https:\/\/www.logic-pavia.it\/wp-content\/uploads\/Filtraggio.jpg\"><figure class=\"swiper-slide-inner\"><img decoding=\"async\" class=\"swiper-slide-image\" src=\"https:\/\/www.logic-pavia.it\/wp-content\/uploads\/Filtraggio.jpg\" alt=\"Filtraggio\" \/><\/figure><\/a><\/div><div class=\"swiper-slide\" role=\"group\" aria-roledescription=\"slide\" aria-label=\"4 sur 6\"><a data-elementor-open-lightbox=\"yes\" data-elementor-lightbox-slideshow=\"5a645b1d\" data-e-action-hash=\"#elementor-action%3Aaction%3Dlightbox%26settings%3DeyJpZCI6MTM3NjEsInVybCI6Imh0dHBzOlwvXC93d3cubG9naWMtcGF2aWEuaXRcL3dwLWNvbnRlbnRcL3VwbG9hZHNcL0Zyb250YWxlLmpwZyIsInNsaWRlc2hvdyI6IjVhNjQ1YjFkIn0%3D\" href=\"https:\/\/www.logic-pavia.it\/wp-content\/uploads\/Frontale.jpg\"><figure class=\"swiper-slide-inner\"><img decoding=\"async\" class=\"swiper-slide-image\" src=\"https:\/\/www.logic-pavia.it\/wp-content\/uploads\/Frontale.jpg\" alt=\"Frontale\" \/><\/figure><\/a><\/div><div class=\"swiper-slide\" role=\"group\" aria-roledescription=\"slide\" aria-label=\"5 sur 6\"><a data-elementor-open-lightbox=\"yes\" data-elementor-lightbox-slideshow=\"5a645b1d\" data-e-action-hash=\"#elementor-action%3Aaction%3Dlightbox%26settings%3DeyJpZCI6MTM3NjIsInVybCI6Imh0dHBzOlwvXC93d3cubG9naWMtcGF2aWEuaXRcL3dwLWNvbnRlbnRcL3VwbG9hZHNcL0luZXJ0aW5nX2Jyb2NodXJlX2VsZXR0cm9jaGltaWNvLTEuanBnIiwic2xpZGVzaG93IjoiNWE2NDViMWQifQ%3D%3D\" href=\"https:\/\/www.logic-pavia.it\/wp-content\/uploads\/Inerting_brochure_elettrochimico-1.jpg\"><figure class=\"swiper-slide-inner\"><img decoding=\"async\" class=\"swiper-slide-image\" src=\"https:\/\/www.logic-pavia.it\/wp-content\/uploads\/Inerting_brochure_elettrochimico-1.jpg\" alt=\"Inerting_brochure_elettrochimico\" \/><\/figure><\/a><\/div><div class=\"swiper-slide\" role=\"group\" aria-roledescription=\"slide\" aria-label=\"6 sur 6\"><a data-elementor-open-lightbox=\"yes\" data-elementor-lightbox-slideshow=\"5a645b1d\" data-e-action-hash=\"#elementor-action%3Aaction%3Dlightbox%26settings%3DeyJpZCI6MTM3NjMsInVybCI6Imh0dHBzOlwvXC93d3cubG9naWMtcGF2aWEuaXRcL3dwLWNvbnRlbnRcL3VwbG9hZHNcL0FuYWxpenphdG9yZV9URExfUmVuZGVyXzMuanBnIiwic2xpZGVzaG93IjoiNWE2NDViMWQifQ%3D%3D\" href=\"https:\/\/www.logic-pavia.it\/wp-content\/uploads\/Analizzatore_TDL_Render_3.jpg\"><figure class=\"swiper-slide-inner\"><img decoding=\"async\" class=\"swiper-slide-image\" src=\"https:\/\/www.logic-pavia.it\/wp-content\/uploads\/Analizzatore_TDL_Render_3.jpg\" alt=\"Analizzatore_TDL_Render_3\" \/><\/figure><\/a><\/div>\t\t\t<\/div>\n\t\t\t\t\t\t\t\n\t\t\t\t\t\t\t\t\t<div class=\"swiper-pagination\"><\/div>\n\t\t\t\t\t\t\t\t\t<\/div>\n\t\t\t\t\t\t<\/div>\n\t\t\t\t<\/div>\n\t\t\t\t\t<\/div>\n\t\t<\/div>\n\t\t\t\t<div class=\"elementor-column elementor-col-66 elementor-top-column elementor-element elementor-element-172b00ca\" data-id=\"172b00ca\" data-element_type=\"column\" data-e-type=\"column\">\n\t\t\t<div class=\"elementor-widget-wrap elementor-element-populated\">\n\t\t\t\t\t\t<div class=\"elementor-element elementor-element-32ee5744 elementor-widget elementor-widget-heading\" data-id=\"32ee5744\" data-element_type=\"widget\" data-e-type=\"widget\" data-widget_type=\"heading.default\">\n\t\t\t\t<div class=\"elementor-widget-container\">\n\t\t\t\t\t<h1 class=\"elementor-heading-title elementor-size-default\">Capteur TDL GPro500<\/h1>\t\t\t\t<\/div>\n\t\t\t\t<\/div>\n\t\t\t\t<div class=\"elementor-element elementor-element-1cca130 elementor-widget elementor-widget-text-editor\" data-id=\"1cca130\" data-element_type=\"widget\" data-e-type=\"widget\" data-widget_type=\"text-editor.default\">\n\t\t\t\t<div class=\"elementor-widget-container\">\n\t\t\t\t\t\t\t\t\t<p>De tous les capteurs d&rsquo;oxyg\u00e8ne disponibles sur le march\u00e9, le capteur TDL GPro500 est celui qui offre les meilleures performances en termes de qualit\u00e9 d&rsquo;analyse et de fiabilit\u00e9 dans le temps.<\/p><p>Le syst\u00e8me est \u00e9quip\u00e9 d&rsquo;une voie de mesure n\u00b01 avec capteur laser Mettler Toledo TDL capable de surveiller l&rsquo;atmosph\u00e8re de diff\u00e9rents r\u00e9servoirs (\u00e0 intervalles de temps) ou l&rsquo;oxyg\u00e8ne ambiant et certifi\u00e9 SIL2. Ses principaux atouts sont les suivants:<\/p><ul><li>R\u00e9ponse rapide dans les applications de s\u00e9curit\u00e9 : il offre un temps de r\u00e9ponse extr\u00eamement rapide, ce qui permet de contr\u00f4ler l&rsquo;inertage de plusieurs r\u00e9servoirs avec un seul analyseur. Temps de stabilisation de la mesure &lt;2s <\/li><li>R\u00e9duction des co\u00fbts de maintenance et d&rsquo;exploitation : le syst\u00e8me est extr\u00eamement stable dans le temps et n&rsquo;est pas affect\u00e9 par la pr\u00e9sence de contaminants (par exemple, des solvants), dont les traces sont de toute fa\u00e7on \u00e9limin\u00e9es par le syst\u00e8me de filtration \u00e0 trois \u00e9tages Logic.<\/li><li><a href=\"https:\/\/www.logic-pavia.it\/fr\/entreprise\/#certificazioni\">Certification SIL2<\/a> pour une utilisation en tant que syst\u00e8me de s\u00e9curit\u00e9. Permet la r\u00e9cup\u00e9ration de biens (r\u00e9servoirs, machines, etc&#8230;) qui n&rsquo;ont pas de certification ATEX interne. <\/li><li>Pratiquement aucune maintenance de routine.<\/li><\/ul><p>Les d\u00e9tails du capteur laser Mettler Toledo utilis\u00e9 dans le syst\u00e8me d&rsquo;inertage Logic sont disponibles sur le lien suivant <a href=\"https:\/\/www.mt.com\/be\/en\/home\/products\/Process-Analytics\/gas-analyzer\/Tunable-Diode-Laser-TDL\/oxygen-sensor-GPro-500.html\" target=\"_blank\" rel=\"noopener\">link<\/a>.<\/p>\t\t\t\t\t\t\t\t<\/div>\n\t\t\t\t<\/div>\n\t\t\t\t<div class=\"elementor-element elementor-element-48b7e2c9 elementor-widget elementor-widget-industrium_button\" data-id=\"48b7e2c9\" data-element_type=\"widget\" data-e-type=\"widget\" data-widget_type=\"industrium_button.default\">\n\t\t\t\t<div class=\"elementor-widget-container\">\n\t\t\t\t\t\n        <div class=\"button-widget\">\n            <div class=\"button-container\">\n                <a class=\"industrium-button button-type-2\" href=\"https:\/\/www.logic-pavia.it\/wp-content\/uploads\/Systeme_dinertisation_TDL_fr_REV-A.pdf\" target=\"_blank\">\n                    <span class=\"industrium-button-text\">Datasheet<\/span>                    \n                <\/a>\n            <\/div>\n        <\/div>\n        \t\t\t\t<\/div>\n\t\t\t\t<\/div>\n\t\t\t\t\t<\/div>\n\t\t<\/div>\n\t\t\t\t\t<\/div>\n\t\t<\/section>\n\t\t\t\t<section class=\"elementor-section elementor-top-section elementor-element elementor-element-5de750f5 elementor-section-stretched elementor-section-boxed elementor-section-height-default elementor-section-height-default\" data-id=\"5de750f5\" data-element_type=\"section\" data-e-type=\"section\" data-settings=\"{&quot;stretch_section&quot;:&quot;section-stretched&quot;,&quot;background_background&quot;:&quot;classic&quot;}\">\n\t\t\t\t\t\t<div class=\"elementor-container elementor-column-gap-default\">\n\t\t\t\t\t<div class=\"elementor-column elementor-col-100 elementor-top-column elementor-element elementor-element-40374ad4\" data-id=\"40374ad4\" data-element_type=\"column\" data-e-type=\"column\">\n\t\t\t<div class=\"elementor-widget-wrap elementor-element-populated\">\n\t\t\t\t\t\t<div class=\"elementor-element elementor-element-3be1f733 elementor-widget elementor-widget-html\" data-id=\"3be1f733\" data-element_type=\"widget\" data-e-type=\"widget\" data-widget_type=\"html.default\">\n\t\t\t\t<div class=\"elementor-widget-container\">\n\t\t\t\t\t<iframe frameborder=\"0\" style=\"height:500px;width:99%;border:none;\" src=\"https:\/\/forms.zohopublic.eu\/logicsrl\/form\/RICHIEDIINFORMAZIONI3\/formperma\/hNpSF8IV8YJDLcP8NdFA9XKggJCpw5hcerZIq8mvzhA\"><\/iframe>\t\t\t\t<\/div>\n\t\t\t\t<\/div>\n\t\t\t\t\t<\/div>\n\t\t<\/div>\n\t\t\t\t\t<\/div>\n\t\t<\/section>\n\t\t\t\t<\/div>\n\t\t","protected":false},"excerpt":{"rendered":"<p>De tous les capteurs d&rsquo;oxyg\u00e8ne disponibles sur le march\u00e9, le capteur TDL GPro500 est celui qui offre les meilleures performances en termes de qualit\u00e9 d&rsquo;analyse et de fiabilit\u00e9 dans le temps. Le syst\u00e8me est \u00e9quip\u00e9 d&rsquo;une voie de mesure n\u00b01 avec&#8230;<\/p>\n","protected":false},"author":1,"featured_media":0,"parent":19334,"menu_order":0,"comment_status":"closed","ping_status":"closed","template":"","meta":{"om_disable_all_campaigns":false,"_monsterinsights_skip_tracking":false,"_monsterinsights_sitenote_active":false,"_monsterinsights_sitenote_note":"","_monsterinsights_sitenote_category":0,"_uf_show_specific_survey":0,"_uf_disable_surveys":false,"footnotes":""},"class_list":["post-19343","page","type-page","status-publish","hentry"],"_links":{"self":[{"href":"https:\/\/www.logic-pavia.it\/fr\/wp-json\/wp\/v2\/pages\/19343","targetHints":{"allow":["GET"]}}],"collection":[{"href":"https:\/\/www.logic-pavia.it\/fr\/wp-json\/wp\/v2\/pages"}],"about":[{"href":"https:\/\/www.logic-pavia.it\/fr\/wp-json\/wp\/v2\/types\/page"}],"author":[{"embeddable":true,"href":"https:\/\/www.logic-pavia.it\/fr\/wp-json\/wp\/v2\/users\/1"}],"replies":[{"embeddable":true,"href":"https:\/\/www.logic-pavia.it\/fr\/wp-json\/wp\/v2\/comments?post=19343"}],"version-history":[{"count":4,"href":"https:\/\/www.logic-pavia.it\/fr\/wp-json\/wp\/v2\/pages\/19343\/revisions"}],"predecessor-version":[{"id":19906,"href":"https:\/\/www.logic-pavia.it\/fr\/wp-json\/wp\/v2\/pages\/19343\/revisions\/19906"}],"up":[{"embeddable":true,"href":"https:\/\/www.logic-pavia.it\/fr\/wp-json\/wp\/v2\/pages\/19334"}],"wp:attachment":[{"href":"https:\/\/www.logic-pavia.it\/fr\/wp-json\/wp\/v2\/media?parent=19343"}],"curies":[{"name":"wp","href":"https:\/\/api.w.org\/{rel}","templated":true}]}}