{"id":19336,"date":"2023-10-03T11:53:34","date_gmt":"2023-10-03T09:53:34","guid":{"rendered":"https:\/\/www.logic-pavia.it\/systemes-dinertage\/capteur-electrochimique\/"},"modified":"2026-03-17T13:53:00","modified_gmt":"2026-03-17T12:53:00","slug":"capteur-electrochimique","status":"publish","type":"page","link":"https:\/\/www.logic-pavia.it\/fr\/instrumentation-electronique\/systemes-dinertage\/capteur-electrochimique\/","title":{"rendered":"Capteur \u00e9lectrochimique"},"content":{"rendered":"\t\t<div data-elementor-type=\"wp-page\" data-elementor-id=\"19336\" class=\"elementor elementor-19336 elementor-13743\" data-elementor-post-type=\"page\">\n\t\t\t\t\t\t<section class=\"elementor-section elementor-top-section elementor-element elementor-element-139f3221 elementor-section-boxed elementor-section-height-default elementor-section-height-default\" data-id=\"139f3221\" data-element_type=\"section\" data-e-type=\"section\">\n\t\t\t\t\t\t<div class=\"elementor-container elementor-column-gap-default\">\n\t\t\t\t\t<div class=\"elementor-column elementor-col-33 elementor-top-column elementor-element elementor-element-5ca5c775\" data-id=\"5ca5c775\" data-element_type=\"column\" data-e-type=\"column\">\n\t\t\t<div class=\"elementor-widget-wrap elementor-element-populated\">\n\t\t\t\t\t\t<div class=\"elementor-element elementor-element-75d1d6ac elementor-widget elementor-widget-image-carousel\" data-id=\"75d1d6ac\" data-element_type=\"widget\" data-e-type=\"widget\" data-settings=\"{&quot;slides_to_show&quot;:&quot;1&quot;,&quot;navigation&quot;:&quot;dots&quot;,&quot;autoplay&quot;:&quot;yes&quot;,&quot;pause_on_hover&quot;:&quot;yes&quot;,&quot;pause_on_interaction&quot;:&quot;yes&quot;,&quot;autoplay_speed&quot;:5000,&quot;infinite&quot;:&quot;yes&quot;,&quot;effect&quot;:&quot;slide&quot;,&quot;speed&quot;:500}\" data-widget_type=\"image-carousel.default\">\n\t\t\t\t<div class=\"elementor-widget-container\">\n\t\t\t\t\t\t\t<div class=\"elementor-image-carousel-wrapper swiper\" role=\"region\" aria-roledescription=\"carousel\" aria-label=\"Carrousel d\u2019images\" dir=\"ltr\">\n\t\t\t<div class=\"elementor-image-carousel swiper-wrapper\" aria-live=\"off\">\n\t\t\t\t\t\t\t\t<div class=\"swiper-slide\" role=\"group\" aria-roledescription=\"slide\" aria-label=\"1 sur 3\"><a data-elementor-open-lightbox=\"yes\" data-elementor-lightbox-slideshow=\"75d1d6ac\" data-e-action-hash=\"#elementor-action%3Aaction%3Dlightbox%26settings%3DeyJpZCI6MTYxOTgsInVybCI6Imh0dHBzOlwvXC93d3cubG9naWMtcGF2aWEuaXRcL3dwLWNvbnRlbnRcL3VwbG9hZHNcL3Npc3RlbWFfaW5lcnRpenphemlvbmVfc2Vuc29yZV9lbGV0dHJvY2hpbWljb19mcm9udGVfcmlkb3R0YS1lMTcxNjk4NDU5MjYyMS5wbmciLCJzbGlkZXNob3ciOiI3NWQxZDZhYyJ9\" href=\"https:\/\/www.logic-pavia.it\/wp-content\/uploads\/sistema_inertizzazione_sensore_elettrochimico_fronte_ridotta-e1716984592621.png\"><figure class=\"swiper-slide-inner\"><img decoding=\"async\" class=\"swiper-slide-image\" src=\"https:\/\/www.logic-pavia.it\/wp-content\/uploads\/sistema_inertizzazione_sensore_elettrochimico_fronte_ridotta-e1716984592621.png\" alt=\"sistema_inertizzazione_sensore_elettrochimico_fronte_ridotta\" \/><\/figure><\/a><\/div><div class=\"swiper-slide\" role=\"group\" aria-roledescription=\"slide\" aria-label=\"2 sur 3\"><a data-elementor-open-lightbox=\"yes\" data-elementor-lightbox-slideshow=\"75d1d6ac\" data-e-action-hash=\"#elementor-action%3Aaction%3Dlightbox%26settings%3DeyJpZCI6MTM3NTAsInVybCI6Imh0dHBzOlwvXC93d3cubG9naWMtcGF2aWEuaXRcL3dwLWNvbnRlbnRcL3VwbG9hZHNcL0lNR185MDM1LmpwZyIsInNsaWRlc2hvdyI6Ijc1ZDFkNmFjIn0%3D\" href=\"https:\/\/www.logic-pavia.it\/wp-content\/uploads\/IMG_9035.jpg\"><figure class=\"swiper-slide-inner\"><img decoding=\"async\" class=\"swiper-slide-image\" src=\"https:\/\/www.logic-pavia.it\/wp-content\/uploads\/IMG_9035.jpg\" alt=\"IMG_9035\" \/><\/figure><\/a><\/div><div class=\"swiper-slide\" role=\"group\" aria-roledescription=\"slide\" aria-label=\"3 sur 3\"><a data-elementor-open-lightbox=\"yes\" data-elementor-lightbox-slideshow=\"75d1d6ac\" data-e-action-hash=\"#elementor-action%3Aaction%3Dlightbox%26settings%3DeyJpZCI6MTM3NDksInVybCI6Imh0dHBzOlwvXC93d3cubG9naWMtcGF2aWEuaXRcL3dwLWNvbnRlbnRcL3VwbG9hZHNcL0luZXJ0aW5nX2Jyb2NodXJlX2VsZXR0cm9jaGltaWNvLmpwZyIsInNsaWRlc2hvdyI6Ijc1ZDFkNmFjIn0%3D\" href=\"https:\/\/www.logic-pavia.it\/wp-content\/uploads\/Inerting_brochure_elettrochimico.jpg\"><figure class=\"swiper-slide-inner\"><img decoding=\"async\" class=\"swiper-slide-image\" src=\"https:\/\/www.logic-pavia.it\/wp-content\/uploads\/Inerting_brochure_elettrochimico.jpg\" alt=\"Inerting_brochure_elettrochimico\" \/><\/figure><\/a><\/div>\t\t\t<\/div>\n\t\t\t\t\t\t\t\n\t\t\t\t\t\t\t\t\t<div class=\"swiper-pagination\"><\/div>\n\t\t\t\t\t\t\t\t\t<\/div>\n\t\t\t\t\t\t<\/div>\n\t\t\t\t<\/div>\n\t\t\t\t\t<\/div>\n\t\t<\/div>\n\t\t\t\t<div class=\"elementor-column elementor-col-66 elementor-top-column elementor-element elementor-element-62085034\" data-id=\"62085034\" data-element_type=\"column\" data-e-type=\"column\">\n\t\t\t<div class=\"elementor-widget-wrap elementor-element-populated\">\n\t\t\t\t\t\t<div class=\"elementor-element elementor-element-1f3ba07a elementor-widget elementor-widget-heading\" data-id=\"1f3ba07a\" data-element_type=\"widget\" data-e-type=\"widget\" data-widget_type=\"heading.default\">\n\t\t\t\t<div class=\"elementor-widget-container\">\n\t\t\t\t\t<h1 class=\"elementor-heading-title elementor-size-default\">Capteur \u00e9lectrochimique<\/h1>\t\t\t\t<\/div>\n\t\t\t\t<\/div>\n\t\t\t\t<div class=\"elementor-element elementor-element-70e3803 elementor-widget elementor-widget-text-editor\" data-id=\"70e3803\" data-element_type=\"widget\" data-e-type=\"widget\" data-widget_type=\"text-editor.default\">\n\t\t\t\t<div class=\"elementor-widget-container\">\n\t\t\t\t\t\t\t\t\t<p>Le syst\u00e8me d&rsquo;inertage Logic avec le capteur InPRO 6850i G est la solution pour couvrir la plus large gamme d&rsquo;applications sans sacrifier les performances \u00e9lev\u00e9es et avec une maintenance minimale.<\/p><p>Le syst\u00e8me est \u00e9quip\u00e9 d&rsquo;un canal de mesure n\u00b0 1 avec capteur \u00e9lectrochimique Mettler Toledo InPRO 6850i G, adapt\u00e9 \u00e0 la surveillance de l&rsquo;inertage d&rsquo;un r\u00e9servoir ou d&rsquo;une machine \u00e0 la fois ou de l&rsquo;oxyg\u00e8ne ambiant<\/p><p>Ses principaux atouts sont les suivants:<\/p><ul><li>Polyvalence et fiabilit\u00e9 des processus : assure des mesures pr\u00e9cises et fiables dans une large gamme d&rsquo;applications chimiques et pharmaceutiques. Temps de stabilisation de la mesure&lt;20s.<\/li><li>Productivit\u00e9 accrue, maintenance rapide : La conception modulaire permet de remplacer facilement la membrane. Le capteur peut \u00eatre \u00e9talonn\u00e9 dans l&rsquo;air au point de mesure.<\/li><li>Les diagnostics pr\u00e9dictifs garantissent une longue dur\u00e9e de vie : en phase gazeuse utilise la technologie Intelligent Sensor Management (ISM\u00ae) pour offrir des diagnostics pr\u00e9dictifs sur l&rsquo;\u00e9tat de l&rsquo;analyseur, par exemple en alertant lorsqu&rsquo;un nettoyage du chemin optique est n\u00e9cessaire.<\/li><\/ul><p>Les d\u00e9tails du capteur \u00e9lectrochimique Mettler Toledo utilis\u00e9 dans les syst\u00e8mes d&rsquo;inertage Logic sont disponibles sur le lien suivant <a href=\"https:\/\/www.mt.com\/fr\/fr\/home\/products\/Process-Analytics\/gas-analyzer\/amperometric-sensor\/oxygen-sensor-inpro-6850iG-12-120-ka.html\" target=\"_blank\" rel=\"noopener\">link<\/a>.<\/p>\t\t\t\t\t\t\t\t<\/div>\n\t\t\t\t<\/div>\n\t\t\t\t<div class=\"elementor-element elementor-element-409d158d elementor-widget elementor-widget-industrium_button\" data-id=\"409d158d\" data-element_type=\"widget\" data-e-type=\"widget\" data-widget_type=\"industrium_button.default\">\n\t\t\t\t<div class=\"elementor-widget-container\">\n\t\t\t\t\t\n        <div class=\"button-widget\">\n            <div class=\"button-container\">\n                <a class=\"industrium-button button-type-2\" href=\"https:\/\/www.logic-pavia.it\/wp-content\/uploads\/Systeme_dinertisation_electrochimique_fr_REV-A.pdf\" target=\"_blank\">\n                    <span class=\"industrium-button-text\">Datasheet<\/span>                    \n                <\/a>\n            <\/div>\n        <\/div>\n        \t\t\t\t<\/div>\n\t\t\t\t<\/div>\n\t\t\t\t\t<\/div>\n\t\t<\/div>\n\t\t\t\t\t<\/div>\n\t\t<\/section>\n\t\t\t\t<section class=\"elementor-section elementor-top-section elementor-element elementor-element-3c082b56 elementor-section-stretched elementor-section-boxed elementor-section-height-default elementor-section-height-default\" data-id=\"3c082b56\" data-element_type=\"section\" data-e-type=\"section\" data-settings=\"{&quot;stretch_section&quot;:&quot;section-stretched&quot;,&quot;background_background&quot;:&quot;classic&quot;}\">\n\t\t\t\t\t\t<div class=\"elementor-container elementor-column-gap-default\">\n\t\t\t\t\t<div class=\"elementor-column elementor-col-100 elementor-top-column elementor-element elementor-element-69737127\" data-id=\"69737127\" data-element_type=\"column\" data-e-type=\"column\">\n\t\t\t<div class=\"elementor-widget-wrap elementor-element-populated\">\n\t\t\t\t\t\t<div class=\"elementor-element elementor-element-981a55c elementor-widget elementor-widget-html\" data-id=\"981a55c\" data-element_type=\"widget\" data-e-type=\"widget\" data-widget_type=\"html.default\">\n\t\t\t\t<div class=\"elementor-widget-container\">\n\t\t\t\t\t<iframe frameborder=\"0\" style=\"height:500px;width:99%;border:none;\" src=\"https:\/\/forms.zohopublic.eu\/logicsrl\/form\/RICHIEDIINFORMAZIONI3\/formperma\/hNpSF8IV8YJDLcP8NdFA9XKggJCpw5hcerZIq8mvzhA\"><\/iframe>\t\t\t\t<\/div>\n\t\t\t\t<\/div>\n\t\t\t\t\t<\/div>\n\t\t<\/div>\n\t\t\t\t\t<\/div>\n\t\t<\/section>\n\t\t\t\t<\/div>\n\t\t","protected":false},"excerpt":{"rendered":"<p>Le syst\u00e8me d&rsquo;inertage Logic avec le capteur InPRO 6850i G est la solution pour couvrir la plus large gamme d&rsquo;applications sans sacrifier les performances \u00e9lev\u00e9es et avec une maintenance minimale. Le syst\u00e8me est \u00e9quip\u00e9 d&rsquo;un canal de mesure n\u00b0 1 avec&#8230;<\/p>\n","protected":false},"author":1,"featured_media":0,"parent":19334,"menu_order":0,"comment_status":"closed","ping_status":"closed","template":"","meta":{"om_disable_all_campaigns":false,"_monsterinsights_skip_tracking":false,"_monsterinsights_sitenote_active":false,"_monsterinsights_sitenote_note":"","_monsterinsights_sitenote_category":0,"_uf_show_specific_survey":0,"_uf_disable_surveys":false,"footnotes":""},"class_list":["post-19336","page","type-page","status-publish","hentry"],"_links":{"self":[{"href":"https:\/\/www.logic-pavia.it\/fr\/wp-json\/wp\/v2\/pages\/19336","targetHints":{"allow":["GET"]}}],"collection":[{"href":"https:\/\/www.logic-pavia.it\/fr\/wp-json\/wp\/v2\/pages"}],"about":[{"href":"https:\/\/www.logic-pavia.it\/fr\/wp-json\/wp\/v2\/types\/page"}],"author":[{"embeddable":true,"href":"https:\/\/www.logic-pavia.it\/fr\/wp-json\/wp\/v2\/users\/1"}],"replies":[{"embeddable":true,"href":"https:\/\/www.logic-pavia.it\/fr\/wp-json\/wp\/v2\/comments?post=19336"}],"version-history":[{"count":9,"href":"https:\/\/www.logic-pavia.it\/fr\/wp-json\/wp\/v2\/pages\/19336\/revisions"}],"predecessor-version":[{"id":19903,"href":"https:\/\/www.logic-pavia.it\/fr\/wp-json\/wp\/v2\/pages\/19336\/revisions\/19903"}],"up":[{"embeddable":true,"href":"https:\/\/www.logic-pavia.it\/fr\/wp-json\/wp\/v2\/pages\/19334"}],"wp:attachment":[{"href":"https:\/\/www.logic-pavia.it\/fr\/wp-json\/wp\/v2\/media?parent=19336"}],"curies":[{"name":"wp","href":"https:\/\/api.w.org\/{rel}","templated":true}]}}