{"id":19334,"date":"2023-05-18T12:48:49","date_gmt":"2023-05-18T10:48:49","guid":{"rendered":"https:\/\/www.logic-pavia.it\/systemes-dinertage\/"},"modified":"2026-03-03T09:20:47","modified_gmt":"2026-03-03T08:20:47","slug":"systemes-dinertage","status":"publish","type":"page","link":"https:\/\/www.logic-pavia.it\/fr\/instrumentation-electronique\/systemes-dinertage\/","title":{"rendered":"Syst\u00e8mes d&rsquo;inertage"},"content":{"rendered":"\t\t<div data-elementor-type=\"wp-page\" data-elementor-id=\"19334\" class=\"elementor elementor-19334 elementor-12378\" data-elementor-post-type=\"page\">\n\t\t\t\t\t\t<section class=\"elementor-section elementor-top-section elementor-element elementor-element-81cae9b elementor-section-stretched elementor-section-boxed elementor-section-height-default elementor-section-height-default\" data-id=\"81cae9b\" data-element_type=\"section\" data-e-type=\"section\" data-settings=\"{&quot;stretch_section&quot;:&quot;section-stretched&quot;,&quot;background_background&quot;:&quot;classic&quot;}\">\n\t\t\t\t\t\t<div class=\"elementor-container elementor-column-gap-default\">\n\t\t\t\t\t<div class=\"elementor-column elementor-col-50 elementor-top-column elementor-element elementor-element-9cb711c\" data-id=\"9cb711c\" data-element_type=\"column\" data-e-type=\"column\">\n\t\t\t<div class=\"elementor-widget-wrap elementor-element-populated\">\n\t\t\t\t\t\t<div class=\"elementor-element elementor-element-1726122 elementor-widget elementor-widget-industrium_heading\" data-id=\"1726122\" data-element_type=\"widget\" data-e-type=\"widget\" data-widget_type=\"industrium_heading.default\">\n\t\t\t\t<div class=\"elementor-widget-container\">\n\t\t\t\t\t<div class=\"industrium-heading-widget\"><h1 class=\"industrium-heading\"><span class=\"industrium-subheading\">Instrumentation \u00c9lectronique<\/span><span class=\"industrium-heading-content\">Inerting Systems<\/span><\/h1><\/div>\t\t\t\t<\/div>\n\t\t\t\t<\/div>\n\t\t\t\t<div class=\"elementor-element elementor-element-22497ab elementor-widget elementor-widget-text-editor\" data-id=\"22497ab\" data-element_type=\"widget\" data-e-type=\"widget\" data-widget_type=\"text-editor.default\">\n\t\t\t\t<div class=\"elementor-widget-container\">\n\t\t\t\t\t\t\t\t\tSyst\u00e8mes d&rsquo;inertage\t\t\t\t\t\t\t\t<\/div>\n\t\t\t\t<\/div>\n\t\t\t\t<div class=\"elementor-element elementor-element-db4a721 elementor-widget-divider--view-line elementor-widget elementor-widget-divider\" data-id=\"db4a721\" data-element_type=\"widget\" data-e-type=\"widget\" data-widget_type=\"divider.default\">\n\t\t\t\t<div class=\"elementor-widget-container\">\n\t\t\t\t\t\t\t<div class=\"elementor-divider\">\n\t\t\t<span class=\"elementor-divider-separator\">\n\t\t\t\t\t\t<\/span>\n\t\t<\/div>\n\t\t\t\t\t\t<\/div>\n\t\t\t\t<\/div>\n\t\t\t\t<section class=\"elementor-section elementor-inner-section elementor-element elementor-element-507fb00 elementor-section-boxed elementor-section-height-default elementor-section-height-default\" data-id=\"507fb00\" data-element_type=\"section\" data-e-type=\"section\">\n\t\t\t\t\t\t<div class=\"elementor-container elementor-column-gap-default\">\n\t\t\t\t\t<div class=\"elementor-column elementor-col-100 elementor-inner-column elementor-element elementor-element-8848c3e\" data-id=\"8848c3e\" data-element_type=\"column\" data-e-type=\"column\">\n\t\t\t<div class=\"elementor-widget-wrap elementor-element-populated\">\n\t\t\t\t\t\t<div class=\"elementor-element elementor-element-42df157 view_type-2 style_type-2 elementor-widget elementor-widget-industrium_services_listing\" data-id=\"42df157\" data-element_type=\"widget\" data-e-type=\"widget\" data-widget_type=\"industrium_services_listing.default\">\n\t\t\t\t<div class=\"elementor-widget-container\">\n\t\t\t\t\t\n        <div class=\"industrium-service-listing-widget\">\n\n            <div class=\"archive-listing\" data-ajax='{&quot;post_type&quot;:&quot;industrium_service&quot;,&quot;ignore_sticky_posts&quot;:true,&quot;suppress_filters&quot;:true,&quot;orderby&quot;:&quot;date&quot;,&quot;order&quot;:&quot;desc&quot;,&quot;link_base&quot;:&quot;https:\\\/\\\/www.logic-pavia.it\\\/fr\\\/wp-json\\\/wp\\\/v2\\\/pages\\\/19334\\\/&quot;,&quot;industrium_services_category&quot;:[&quot;industry&quot;],&quot;posts_per_page&quot;:-1}' data-widget='{&quot;excerpt_length&quot;:76,&quot;item_class&quot;:&quot;service-item-wrapper slider-item&quot;,&quot;columns_number&quot;:3,&quot;listing_type&quot;:&quot;slider&quot;,&quot;view_type&quot;:&quot;type-2&quot;}'>\n                <div class=\"archive-listing-wrapper service-listing-wrapper service-slider-listing owl-carousel owl-theme\" data-slider-options={&quot;items&quot;:3,&quot;nav&quot;:false,&quot;dots&quot;:true,&quot;dotsContainer&quot;:&quot;.owl-dots-42df157&quot;,&quot;autoplayHoverPause&quot;:true,&quot;autoplay&quot;:false,&quot;autoplaySpeed&quot;:300,&quot;autoplayTimeout&quot;:5000,&quot;loop&quot;:false,&quot;speed&quot;:500,&quot;view_type&quot;:&quot;type-2&quot;}>\n                                    <\/div>\n\n                            <\/div>\n            <div class=\"owl-dots owl-dots-42df157\"><\/div>        <\/div>\n        \t\t\t\t<\/div>\n\t\t\t\t<\/div>\n\t\t\t\t\t<\/div>\n\t\t<\/div>\n\t\t\t\t\t<\/div>\n\t\t<\/section>\n\t\t\t\t\t<\/div>\n\t\t<\/div>\n\t\t\t\t<div class=\"elementor-column elementor-col-50 elementor-top-column elementor-element elementor-element-c123299\" data-id=\"c123299\" data-element_type=\"column\" data-e-type=\"column\">\n\t\t\t<div class=\"elementor-widget-wrap elementor-element-populated\">\n\t\t\t\t\t\t<div class=\"elementor-element elementor-element-ce92c3f elementor-widget elementor-widget-text-editor\" data-id=\"ce92c3f\" data-element_type=\"widget\" data-e-type=\"widget\" data-widget_type=\"text-editor.default\">\n\t\t\t\t<div class=\"elementor-widget-container\">\n\t\t\t\t\t\t\t\t\t<p>Les syst\u00e8mes d&rsquo;inertage r\u00e9duisent le risque d&rsquo;incendie et d&rsquo;explosion gr\u00e2ce \u00e0 l&rsquo;utilisation de gaz inertes.<\/p><p>L&rsquo;introduction de gaz inertes dans les processus r\u00e9duit le niveau d&rsquo;oxyg\u00e8ne en dessous du niveau de concentration critique, ce qui rend l&rsquo;environnement de traitement s\u00fbr et sans combustion.<\/p><p>Logic cr\u00e9e des solutions bas\u00e9es sur les analyseurs d&rsquo;oxyg\u00e8ne Mettler Toledo qui sont compatibles avec les installations nouvelles ou existantes, telles que le stockage des mati\u00e8res premi\u00e8res, les machines de production, l&#8217;emballage du produit final, etc.<\/p><p>Tous les syst\u00e8mes d&rsquo;inertage Logic sont conformes aux applications de la zone<a style=\"color: #f47828;\" href=\"https:\/\/www.logic-pavia.it\/fr\/entreprise\/#certificazioni\"> ATEX 1\/21<\/a> et une version SIL2 est disponible.<\/p>\t\t\t\t\t\t\t\t<\/div>\n\t\t\t\t<\/div>\n\t\t\t\t\t<\/div>\n\t\t<\/div>\n\t\t\t\t\t<\/div>\n\t\t<\/section>\n\t\t\t\t<section class=\"elementor-section elementor-top-section elementor-element elementor-element-cd61f7d elementor-section-boxed elementor-section-height-default elementor-section-height-default\" data-id=\"cd61f7d\" data-element_type=\"section\" data-e-type=\"section\">\n\t\t\t\t\t\t<div class=\"elementor-container elementor-column-gap-default\">\n\t\t\t\t\t<div class=\"elementor-column elementor-col-100 elementor-top-column elementor-element elementor-element-f7980f6\" data-id=\"f7980f6\" data-element_type=\"column\" data-e-type=\"column\">\n\t\t\t<div class=\"elementor-widget-wrap elementor-element-populated\">\n\t\t\t\t\t\t<div class=\"elementor-element elementor-element-8efca24 elementor-widget elementor-widget-html\" data-id=\"8efca24\" data-element_type=\"widget\" data-e-type=\"widget\" data-widget_type=\"html.default\">\n\t\t\t\t<div class=\"elementor-widget-container\">\n\t\t\t\t\t<section class=\"elementor-section elementor-top-section elementor-element elementor-element-cd61f7d elementor-section-boxed elementor-section-height-default elementor-section-height-default\" data-id=\"cd61f7d\" data-element_type=\"section\" id=\"cod-scheda-pers\">\n  <div class=\"elementor-container elementor-column-gap-default\">\n    <div class=\"elementor-row\">\n      <div class=\"elementor-column elementor-col-100 elementor-top-column elementor-element elementor-element-f7980f6\" data-id=\"f7980f6\" data-element_type=\"column\">\n        <div class=\"elementor-column-wrap elementor-element-populated\">\n          <div class=\"elementor-widget-wrap\">\n            <div class=\"elementor-element elementor-element-50abf47 elementor-widget elementor-widget-industrium_projects_listing\" data-id=\"50abf47\" data-element_type=\"widget\" data-widget_type=\"industrium_projects_listing.default\">\n              <div class=\"elementor-widget-container\">\n                <div class=\"industrium-projects-listing-widget\">\n                  <div class=\"archive-listing\">\n                    <div class=\"archive-listing-wrapper project-listing-wrapper text-position-inside project-grid-listing columns-3\">\n                      <div class=\"project-item-wrapper post-3536 industrium_project type-industrium_project status-publish has-post-thumbnail hentry \">\n                        <div class=\"project-item\"> <a href=\"https:\/\/www.logic-pavia.it\/fr\/systemes-dinertage\/capteur-electrochimique\/\" class=\"project-item-link\"> <span class=\"project-item-media\"><img decoding=\"async\" alt=\"Cellules de chargement\" title=\"Cellules de chargement\" src=\"\/wp-content\/uploads\/sistema_inertizzazione_sensore_elettrochimico_fronte_ridotta-374x359.jpg\" class=\"attachment-industrium_project_grid_4_columns size-industrium_project_grid_4_columns wp-post-image\"><\/span><span class=\"project-item-content\"><span class=\"post-title\"><span>Capteur \u00e9lectrochimique<\/span><\/span>\n                          <!--<span class=\"project-item-excerpt\">Celle di carico per pesature industriali<\/span>-->\n                          <\/span> <\/a> <\/div>\n                      <\/div>\n                      <div class=\"project-item-wrapper post-3539 industrium_project type-industrium_project status-publish has-post-thumbnail hentry\">\n                        <div class=\"project-item\"> <a href=\"https:\/\/www.logic-pavia.it\/fr\/systemes-dinertage\/capteur-tdl-gpro500\/\" class=\"project-item-link\"> <span class=\"project-item-media\"><img decoding=\"async\" alt=\"\u00c9lectroniques\" title=\"\u00c9lectroniques\" src=\"\/wp-content\/uploads\/Riquadro-TDL-374x359.jpg\" class=\"attachment-industrium_project_grid_4_columns size-industrium_project_grid_4_columns wp-post-image\"><\/span><span class=\"project-item-content\"><span class=\"post-title\"><span>Capteur laser<\/span><\/span>\n                          <!--<span class=\"project-item-excerpt\">Le unit\u00e0 di condizionamento per celle di carico estensimetriche.<\/span>-->\n                          <\/span> <\/a> <\/div>\n                      <\/div>\n                      <div class=\"project-item-wrapper post-3540 industrium_project type-industrium_project status-publish has-post-thumbnail hentry\">\n                        <div class=\"project-item\">  <\/div>\n                      <\/div>\n                      <div class=\"project-item-wrapper post-3642 industrium_project type-industrium_project status-publish has-post-thumbnail hentry\">\n                        <div class=\"project-item\">  <\/div>\n                      <\/div>\n                    <\/div>\n                  <\/div>\n                <\/div>\n              <\/div>\n            <\/div>\n          <\/div>\n        <\/div>\n      <\/div>\n    <\/div>\n  <\/div>\n<\/section>\t\t\t\t<\/div>\n\t\t\t\t<\/div>\n\t\t\t\t\t<\/div>\n\t\t<\/div>\n\t\t\t\t\t<\/div>\n\t\t<\/section>\n\t\t\t\t<section class=\"elementor-section elementor-top-section elementor-element elementor-element-bd2fdcf elementor-section-full_width elementor-section-stretched elementor-section-height-default elementor-section-height-default\" data-id=\"bd2fdcf\" data-element_type=\"section\" data-e-type=\"section\" data-settings=\"{&quot;stretch_section&quot;:&quot;section-stretched&quot;,&quot;background_background&quot;:&quot;classic&quot;}\">\n\t\t\t\t\t\t<div class=\"elementor-container elementor-column-gap-no\">\n\t\t\t\t\t<div class=\"elementor-column elementor-col-100 elementor-top-column elementor-element elementor-element-3004f10\" data-id=\"3004f10\" data-element_type=\"column\" data-e-type=\"column\">\n\t\t\t<div class=\"elementor-widget-wrap elementor-element-populated\">\n\t\t\t\t\t\t<section class=\"elementor-section elementor-inner-section elementor-element elementor-element-4730402 elementor-section-boxed elementor-section-height-default elementor-section-height-default\" data-id=\"4730402\" data-element_type=\"section\" data-e-type=\"section\">\n\t\t\t\t\t\t<div class=\"elementor-container elementor-column-gap-wide\">\n\t\t\t\t\t<div class=\"elementor-column elementor-col-50 elementor-inner-column elementor-element elementor-element-a4a7686\" data-id=\"a4a7686\" data-element_type=\"column\" data-e-type=\"column\">\n\t\t\t<div class=\"elementor-widget-wrap elementor-element-populated\">\n\t\t\t\t\t\t<div class=\"elementor-element elementor-element-dae4e04 elementor-widget elementor-widget-industrium_heading\" data-id=\"dae4e04\" data-element_type=\"widget\" data-e-type=\"widget\" data-widget_type=\"industrium_heading.default\">\n\t\t\t\t<div class=\"elementor-widget-container\">\n\t\t\t\t\t<div class=\"industrium-heading-widget\"><h1 class=\"industrium-heading\"><span class=\"industrium-heading-content\">Plus d'informations<\/span><\/h1><\/div>\t\t\t\t<\/div>\n\t\t\t\t<\/div>\n\t\t\t\t<div class=\"elementor-element elementor-element-41a5268 elementor-widget-divider--view-line elementor-widget elementor-widget-divider\" data-id=\"41a5268\" data-element_type=\"widget\" data-e-type=\"widget\" data-widget_type=\"divider.default\">\n\t\t\t\t<div class=\"elementor-widget-container\">\n\t\t\t\t\t\t\t<div class=\"elementor-divider\">\n\t\t\t<span class=\"elementor-divider-separator\">\n\t\t\t\t\t\t<\/span>\n\t\t<\/div>\n\t\t\t\t\t\t<\/div>\n\t\t\t\t<\/div>\n\t\t\t\t\t<\/div>\n\t\t<\/div>\n\t\t\t\t<div class=\"elementor-column elementor-col-50 elementor-inner-column elementor-element elementor-element-f738eb6\" data-id=\"f738eb6\" data-element_type=\"column\" data-e-type=\"column\">\n\t\t\t<div class=\"elementor-widget-wrap elementor-element-populated\">\n\t\t\t\t\t\t<div class=\"elementor-element elementor-element-7ffe6db elementor-widget elementor-widget-text-editor\" data-id=\"7ffe6db\" data-element_type=\"widget\" data-e-type=\"widget\" data-widget_type=\"text-editor.default\">\n\t\t\t\t<div class=\"elementor-widget-container\">\n\t\t\t\t\t\t\t\t\t<p>Les gaz d&rsquo;inertage peuvent \u00eatre utilis\u00e9s \u00e0 tous les stades de la production et du transport de produits sensibles \u00e0 l&rsquo;oxyg\u00e8ne ou potentiellement explosifs et donc dangereux en pr\u00e9sence d&rsquo;oxyg\u00e8ne (substances inflammables, produits chimiques, ingr\u00e9dients actifs, etc.)<\/p><p>Les principales applications des syst\u00e8mes d&rsquo;inertage sont:<\/p><ul><li>les centrifugeuses dans le domaine pharmaceutique;<\/li><li>l&rsquo;inertage dans le secteur primaire (en amont) de la formulation des principes actifs;<\/li><li>l&rsquo;utilisation de mati\u00e8res inflammables\/potentiellement explosives dans des machines qui n&rsquo;\u00e9taient pas certifi\u00e9es ATEX \u00e0 l&rsquo;origine, \u00e9vitant ainsi la mise hors service d&rsquo;installations co\u00fbteuses.<\/li><\/ul><p>Les principaux secteurs dans lesquels les syst\u00e8mes d&rsquo;inertage sont utilis\u00e9s:<\/p><ul><li>Secteur pharmaceutique;<\/li><li>Secteur cosm\u00e9tique;<\/li><li>Secteur chimique;<\/li><li>Applications de l&rsquo;hydrog\u00e8ne<\/li><li>Industrie des huiles min\u00e9rales<\/li><li>Industrie des huiles alimentaires<\/li><li>Industrie alimentaire et des boissons<\/li><\/ul><p>Les syst\u00e8mes d&rsquo;inertage Logic se composent de trois unit\u00e9s principales:<\/p><p><strong>Unit\u00e9 d&rsquo;\u00e9chantillonnage<\/strong>: contient le syst\u00e8me d&rsquo;\u00e9chantillonnage et de filtrage des gaz, le capteur d&rsquo;oxyg\u00e8ne et le capteur de d\u00e9bit, avec des dimensions de 1000x800x300 mm (HxLxP).<\/p><p>Le syst\u00e8me de filtration est un syst\u00e8me \u00e0 deux \u00e9tages, adapt\u00e9 \u00e0 l&rsquo;inertage de processus difficiles tels que les m\u00e9langeurs contenant des vapeurs de solvants ou les r\u00e9acteurs chimiques.<\/p><p>Le capteur d&rsquo;oxyg\u00e8ne Mettler Toledo est choisi en fonction du domaine d&rsquo;application et des besoins r\u00e9els du client:<\/p><ul><li>Syst\u00e8me d&rsquo;inertage logique avec capteur InPRO 6850i G;<\/li><li>Syst\u00e8me d&rsquo;inertage logique avec capteur TDL GPro500.<\/li><\/ul><p><strong>Unit\u00e9 de contr\u00f4le<\/strong>: \u00e0 installer dans une zone s\u00fbre, contient un automate de s\u00e9curit\u00e9, des barri\u00e8res de s\u00e9curit\u00e9 intrins\u00e8que, des entr\u00e9es et sorties de s\u00e9curit\u00e9 et de diagnostic. Permet de g\u00e9rer l&rsquo;\u00e9quipement de l&rsquo;unit\u00e9 d&rsquo;\u00e9chantillonnage et de contr\u00f4ler la vanne d&rsquo;azote de chaque m\u00e9langeur. Dimensions : 800 x 600 x 300 mm (H) : 800 x 600 x 300 mm (H x L x P).  <\/p><p><strong>Unit\u00e9 d&rsquo;affichage<\/strong>: compos\u00e9e d&rsquo;un panneau op\u00e9rateur PCL-X-10.1, adapt\u00e9 \u00e0 une utilisation en zone 1\/21, mont\u00e9 sur un bras suspendu ou un support au sol avec des joints rotatifs en acier inoxydable.<\/p>\t\t\t\t\t\t\t\t<\/div>\n\t\t\t\t<\/div>\n\t\t\t\t\t<\/div>\n\t\t<\/div>\n\t\t\t\t\t<\/div>\n\t\t<\/section>\n\t\t\t\t<section class=\"elementor-section elementor-inner-section elementor-element elementor-element-d6c342a elementor-section-boxed elementor-section-height-default elementor-section-height-default\" data-id=\"d6c342a\" data-element_type=\"section\" data-e-type=\"section\">\n\t\t\t\t\t\t<div class=\"elementor-container elementor-column-gap-default\">\n\t\t\t\t\t<div class=\"elementor-column elementor-col-100 elementor-inner-column elementor-element elementor-element-763b477\" data-id=\"763b477\" data-element_type=\"column\" data-e-type=\"column\">\n\t\t\t<div class=\"elementor-widget-wrap elementor-element-populated\">\n\t\t\t\t\t\t<div class=\"elementor-element elementor-element-fad6baf view_type-2 style_type-2 elementor-widget elementor-widget-industrium_services_listing\" data-id=\"fad6baf\" data-element_type=\"widget\" data-e-type=\"widget\" data-widget_type=\"industrium_services_listing.default\">\n\t\t\t\t<div class=\"elementor-widget-container\">\n\t\t\t\t\t\n        <div class=\"industrium-service-listing-widget\">\n\n            <div class=\"archive-listing\" data-ajax='{&quot;post_type&quot;:&quot;industrium_service&quot;,&quot;ignore_sticky_posts&quot;:true,&quot;suppress_filters&quot;:true,&quot;orderby&quot;:&quot;date&quot;,&quot;order&quot;:&quot;desc&quot;,&quot;link_base&quot;:&quot;https:\\\/\\\/www.logic-pavia.it\\\/fr\\\/wp-json\\\/wp\\\/v2\\\/pages\\\/19334\\\/&quot;,&quot;industrium_services_category&quot;:[&quot;industry&quot;],&quot;posts_per_page&quot;:-1}' data-widget='{&quot;excerpt_length&quot;:76,&quot;item_class&quot;:&quot;service-item-wrapper slider-item&quot;,&quot;columns_number&quot;:3,&quot;listing_type&quot;:&quot;slider&quot;,&quot;view_type&quot;:&quot;type-2&quot;}'>\n                <div class=\"archive-listing-wrapper service-listing-wrapper service-slider-listing owl-carousel owl-theme\" data-slider-options={&quot;items&quot;:3,&quot;nav&quot;:false,&quot;dots&quot;:true,&quot;dotsContainer&quot;:&quot;.owl-dots-fad6baf&quot;,&quot;autoplayHoverPause&quot;:true,&quot;autoplay&quot;:false,&quot;autoplaySpeed&quot;:300,&quot;autoplayTimeout&quot;:5000,&quot;loop&quot;:false,&quot;speed&quot;:500,&quot;view_type&quot;:&quot;type-2&quot;}>\n                                    <\/div>\n\n                            <\/div>\n            <div class=\"owl-dots owl-dots-fad6baf\"><\/div>        <\/div>\n        \t\t\t\t<\/div>\n\t\t\t\t<\/div>\n\t\t\t\t\t<\/div>\n\t\t<\/div>\n\t\t\t\t\t<\/div>\n\t\t<\/section>\n\t\t\t\t\t<\/div>\n\t\t<\/div>\n\t\t\t\t\t<\/div>\n\t\t<\/section>\n\t\t\t\t<\/div>\n\t\t","protected":false},"excerpt":{"rendered":"<p>Syst\u00e8mes d&rsquo;inertage Les syst\u00e8mes d&rsquo;inertage r\u00e9duisent le risque d&rsquo;incendie et d&rsquo;explosion gr\u00e2ce \u00e0 l&rsquo;utilisation de gaz inertes. L&rsquo;introduction de gaz inertes dans les processus r\u00e9duit le niveau d&rsquo;oxyg\u00e8ne en dessous du niveau de concentration critique, ce qui rend l&rsquo;environnement de traitement&#8230;<\/p>\n","protected":false},"author":1,"featured_media":0,"parent":19594,"menu_order":0,"comment_status":"closed","ping_status":"closed","template":"","meta":{"om_disable_all_campaigns":false,"_monsterinsights_skip_tracking":false,"_monsterinsights_sitenote_active":false,"_monsterinsights_sitenote_note":"","_monsterinsights_sitenote_category":0,"_uf_show_specific_survey":0,"_uf_disable_surveys":false,"footnotes":""},"class_list":["post-19334","page","type-page","status-publish","hentry"],"_links":{"self":[{"href":"https:\/\/www.logic-pavia.it\/fr\/wp-json\/wp\/v2\/pages\/19334","targetHints":{"allow":["GET"]}}],"collection":[{"href":"https:\/\/www.logic-pavia.it\/fr\/wp-json\/wp\/v2\/pages"}],"about":[{"href":"https:\/\/www.logic-pavia.it\/fr\/wp-json\/wp\/v2\/types\/page"}],"author":[{"embeddable":true,"href":"https:\/\/www.logic-pavia.it\/fr\/wp-json\/wp\/v2\/users\/1"}],"replies":[{"embeddable":true,"href":"https:\/\/www.logic-pavia.it\/fr\/wp-json\/wp\/v2\/comments?post=19334"}],"version-history":[{"count":13,"href":"https:\/\/www.logic-pavia.it\/fr\/wp-json\/wp\/v2\/pages\/19334\/revisions"}],"predecessor-version":[{"id":19604,"href":"https:\/\/www.logic-pavia.it\/fr\/wp-json\/wp\/v2\/pages\/19334\/revisions\/19604"}],"up":[{"embeddable":true,"href":"https:\/\/www.logic-pavia.it\/fr\/wp-json\/wp\/v2\/pages\/19594"}],"wp:attachment":[{"href":"https:\/\/www.logic-pavia.it\/fr\/wp-json\/wp\/v2\/media?parent=19334"}],"curies":[{"name":"wp","href":"https:\/\/api.w.org\/{rel}","templated":true}]}}