{"id":19325,"date":"2023-10-03T12:38:56","date_gmt":"2023-10-03T10:38:56","guid":{"rendered":"https:\/\/www.logic-pavia.it\/systemes-de-mise-a-la-terre-atex\/solutions-personnalisees\/"},"modified":"2026-03-17T14:06:48","modified_gmt":"2026-03-17T13:06:48","slug":"solutions-personnalisees","status":"publish","type":"page","link":"https:\/\/www.logic-pavia.it\/fr\/instrumentation-electronique\/systemes-de-mise-a-la-terre-atex\/solutions-personnalisees\/","title":{"rendered":"Solutions personnalis\u00e9es"},"content":{"rendered":"\t\t<div data-elementor-type=\"wp-page\" data-elementor-id=\"19325\" class=\"elementor elementor-19325 elementor-13864\" data-elementor-post-type=\"page\">\n\t\t\t\t\t\t<section class=\"elementor-section elementor-top-section elementor-element elementor-element-244ab552 elementor-section-boxed elementor-section-height-default elementor-section-height-default\" data-id=\"244ab552\" data-element_type=\"section\" data-e-type=\"section\">\n\t\t\t\t\t\t<div class=\"elementor-container elementor-column-gap-default\">\n\t\t\t\t\t<div class=\"elementor-column elementor-col-33 elementor-top-column elementor-element elementor-element-1e3b7d7b\" data-id=\"1e3b7d7b\" data-element_type=\"column\" data-e-type=\"column\">\n\t\t\t<div class=\"elementor-widget-wrap elementor-element-populated\">\n\t\t\t\t\t\t<div class=\"elementor-element elementor-element-6d258536 elementor-widget elementor-widget-image-carousel\" data-id=\"6d258536\" data-element_type=\"widget\" data-e-type=\"widget\" data-settings=\"{&quot;slides_to_show&quot;:&quot;1&quot;,&quot;navigation&quot;:&quot;dots&quot;,&quot;autoplay&quot;:&quot;yes&quot;,&quot;pause_on_hover&quot;:&quot;yes&quot;,&quot;pause_on_interaction&quot;:&quot;yes&quot;,&quot;autoplay_speed&quot;:5000,&quot;infinite&quot;:&quot;yes&quot;,&quot;effect&quot;:&quot;slide&quot;,&quot;speed&quot;:500}\" data-widget_type=\"image-carousel.default\">\n\t\t\t\t<div class=\"elementor-widget-container\">\n\t\t\t\t\t\t\t<div class=\"elementor-image-carousel-wrapper swiper\" role=\"region\" aria-roledescription=\"carousel\" aria-label=\"Carosello d&#039;immagini\" dir=\"ltr\">\n\t\t\t<div class=\"elementor-image-carousel swiper-wrapper\" aria-live=\"off\">\n\t\t\t\t\t\t\t\t<div class=\"swiper-slide\" role=\"group\" aria-roledescription=\"slide\" aria-label=\"1 sur 2\"><a data-elementor-open-lightbox=\"yes\" data-elementor-lightbox-slideshow=\"6d258536\" data-e-action-hash=\"#elementor-action%3Aaction%3Dlightbox%26settings%3DeyJpZCI6MTkxMzUsInVybCI6Imh0dHBzOlwvXC93d3cubG9naWMtcGF2aWEuaXRcL3dwLWNvbnRlbnRcL3VwbG9hZHNcL1Npc3RlbWEtb24tdmVoaWNsZS0xLnBuZyIsInNsaWRlc2hvdyI6IjZkMjU4NTM2In0%3D\" href=\"https:\/\/www.logic-pavia.it\/wp-content\/uploads\/Sistema-on-vehicle-1.png\"><figure class=\"swiper-slide-inner\"><img decoding=\"async\" class=\"swiper-slide-image\" src=\"https:\/\/www.logic-pavia.it\/wp-content\/uploads\/Sistema-on-vehicle-1.png\" alt=\"Sistema on vehicle (1)\" \/><\/figure><\/a><\/div><div class=\"swiper-slide\" role=\"group\" aria-roledescription=\"slide\" aria-label=\"2 sur 2\"><a data-elementor-open-lightbox=\"yes\" data-elementor-lightbox-slideshow=\"6d258536\" data-e-action-hash=\"#elementor-action%3Aaction%3Dlightbox%26settings%3DeyJpZCI6MTM4NzAsInVybCI6Imh0dHBzOlwvXC93d3cubG9naWMtcGF2aWEuaXRcL3dwLWNvbnRlbnRcL3VwbG9hZHNcL29uLXZlaGljbGVfYXBwbGljYXRpb24uanBnIiwic2xpZGVzaG93IjoiNmQyNTg1MzYifQ%3D%3D\" href=\"https:\/\/www.logic-pavia.it\/wp-content\/uploads\/on-vehicle_application.jpg\"><figure class=\"swiper-slide-inner\"><img decoding=\"async\" class=\"swiper-slide-image\" src=\"https:\/\/www.logic-pavia.it\/wp-content\/uploads\/on-vehicle_application.jpg\" alt=\"on-vehicle_application\" \/><\/figure><\/a><\/div>\t\t\t<\/div>\n\t\t\t\t\t\t\t\n\t\t\t\t\t\t\t\t\t<div class=\"swiper-pagination\"><\/div>\n\t\t\t\t\t\t\t\t\t<\/div>\n\t\t\t\t\t\t<\/div>\n\t\t\t\t<\/div>\n\t\t\t\t\t<\/div>\n\t\t<\/div>\n\t\t\t\t<div class=\"elementor-column elementor-col-66 elementor-top-column elementor-element elementor-element-12d17dcf\" data-id=\"12d17dcf\" data-element_type=\"column\" data-e-type=\"column\">\n\t\t\t<div class=\"elementor-widget-wrap elementor-element-populated\">\n\t\t\t\t\t\t<div class=\"elementor-element elementor-element-237327cf elementor-widget elementor-widget-heading\" data-id=\"237327cf\" data-element_type=\"widget\" data-e-type=\"widget\" data-widget_type=\"heading.default\">\n\t\t\t\t<div class=\"elementor-widget-container\">\n\t\t\t\t\t<h1 class=\"elementor-heading-title elementor-size-default\">Solutions personnalis\u00e9es<\/h1>\t\t\t\t<\/div>\n\t\t\t\t<\/div>\n\t\t\t\t<div class=\"elementor-element elementor-element-10d4aca1 elementor-widget elementor-widget-text-editor\" data-id=\"10d4aca1\" data-element_type=\"widget\" data-e-type=\"widget\" data-widget_type=\"text-editor.default\">\n\t\t\t\t<div class=\"elementor-widget-container\">\n\t\t\t\t\t\t\t\t\t<p>Le syst\u00e8me Logic ECS-R-TRUCK est con\u00e7u pour \u00eatre mont\u00e9 \u00e0 bord des camions-citernes afin de les \u00e9quiper d&rsquo;un syst\u00e8me de mise \u00e0 la terre int\u00e9gr\u00e9 au v\u00e9hicule et pouvant \u00eatre aliment\u00e9 directement par la batterie du camion-citerne lui-m\u00eame.<br><br>Le syst\u00e8me permet de dissiper les charges \u00e9lectrostatiques g\u00e9n\u00e9r\u00e9es lors de la manipulation de liquides inflammables en v\u00e9rifiant en permanence, gr\u00e2ce \u00e0 l&rsquo;\u00e9lectronique<strong> SIL2,<\/strong> que la r\u00e9sistance \u00e0 la terre est toujours<strong> &lt;10\u03a9.<\/strong><\/p>\t\t\t\t\t\t\t\t<\/div>\n\t\t\t\t<\/div>\n\t\t\t\t<div class=\"elementor-element elementor-element-6e23ffc elementor-widget elementor-widget-accordion\" data-id=\"6e23ffc\" data-element_type=\"widget\" data-e-type=\"widget\" data-widget_type=\"accordion.default\">\n\t\t\t\t<div class=\"elementor-widget-container\">\n\t\t\t\t\t\t\t<div class=\"elementor-accordion\">\n\t\t\t\t\t\t\t<div class=\"elementor-accordion-item\">\n\t\t\t\t\t<div id=\"elementor-tab-title-1151\" class=\"elementor-tab-title\" data-tab=\"1\" role=\"button\" aria-controls=\"elementor-tab-content-1151\" aria-expanded=\"false\">\n\t\t\t\t\t\t\t\t\t\t\t\t\t<span class=\"elementor-accordion-icon elementor-accordion-icon-left\" aria-hidden=\"true\">\n\t\t\t\t\t\t\t\t\t\t\t\t\t\t\t<span class=\"elementor-accordion-icon-closed\"><i class=\"fas fa-plus\"><\/i><\/span>\n\t\t\t\t\t\t\t\t<span class=\"elementor-accordion-icon-opened\"><i class=\"fas fa-minus\"><\/i><\/span>\n\t\t\t\t\t\t\t\t\t\t\t\t\t\t<\/span>\n\t\t\t\t\t\t\t\t\t\t\t\t<a class=\"elementor-accordion-title\" tabindex=\"0\">CARACT\u00c9RISTIQUES TECHNIQUES<\/a>\n\t\t\t\t\t<\/div>\n\t\t\t\t\t<div id=\"elementor-tab-content-1151\" class=\"elementor-tab-content elementor-clearfix\" data-tab=\"1\" role=\"region\" aria-labelledby=\"elementor-tab-title-1151\"><p><strong>Zone d\u2019installation de l\u2019unit\u00e9 de contr\u00f4le<\/strong>: ECS-RF-DIN: \u00e9lectronique en zone s\u00fbre \/ zone ATEX 2<br \/><strong>Plage de temp\u00e9rature:<\/strong> Unit\u00e9 de contr\u00f4le en zone s\u00fbre: -20 \u00b0C \u2264 Tamb \u2264 +70 \u00b0C<br \/><strong>C\u00e2ble standard:<\/strong> C\u00e2ble spiral\u00e9 5 m \u2013 6 fils pour applications Ex i<br \/><strong>Connexions optionnelles:<\/strong> C\u00e2ble spiral\u00e9 10 m \u2013 6 fils pour applications Ex i &#8211; Enrouleur CR-20 en AISI 304 avec c\u00e2ble 2 fils L = 20 m<br \/><strong>Alimentation:<\/strong> Version DC (ECS-RF-DIN-DC): 10 \u00f7 30 Vdc, Um = 30 Vdc \/ 253 Vdc<br \/><strong>Dimensions unit\u00e9 de contr\u00f4le (L x H x P): <\/strong> ECS-RF-DIN: 162 \u00d7 90 \u00d7 65 mm<\/p>\n<\/div>\n\t\t\t\t<\/div>\n\t\t\t\t\t\t\t\t<\/div>\n\t\t\t\t\t\t<\/div>\n\t\t\t\t<\/div>\n\t\t\t\t<div class=\"elementor-element elementor-element-237041c5 elementor-widget elementor-widget-industrium_button\" data-id=\"237041c5\" data-element_type=\"widget\" data-e-type=\"widget\" data-widget_type=\"industrium_button.default\">\n\t\t\t\t<div class=\"elementor-widget-container\">\n\t\t\t\t\t\n        <div class=\"button-widget\">\n            <div class=\"button-container\">\n                <a class=\"industrium-button button-type-2\" href=\"https:\/\/www.logic-pavia.it\/wp-content\/uploads\/APP-Mise-a-la-terre-sur-le-systeme-du-vehicule.pdf\" target=\"_blank\">\n                    <span class=\"industrium-button-text\">Datasheet<\/span>                    \n                <\/a>\n            <\/div>\n        <\/div>\n        \t\t\t\t<\/div>\n\t\t\t\t<\/div>\n\t\t\t\t\t<\/div>\n\t\t<\/div>\n\t\t\t\t\t<\/div>\n\t\t<\/section>\n\t\t\t\t<section class=\"elementor-section elementor-top-section elementor-element elementor-element-4cb4476a elementor-section-stretched elementor-section-boxed elementor-section-height-default elementor-section-height-default\" data-id=\"4cb4476a\" data-element_type=\"section\" data-e-type=\"section\" data-settings=\"{&quot;stretch_section&quot;:&quot;section-stretched&quot;,&quot;background_background&quot;:&quot;classic&quot;}\">\n\t\t\t\t\t\t<div class=\"elementor-container elementor-column-gap-default\">\n\t\t\t\t\t<div class=\"elementor-column elementor-col-100 elementor-top-column elementor-element elementor-element-733f0610\" data-id=\"733f0610\" data-element_type=\"column\" data-e-type=\"column\">\n\t\t\t<div class=\"elementor-widget-wrap elementor-element-populated\">\n\t\t\t\t\t\t<div class=\"elementor-element elementor-element-77f88be7 elementor-widget elementor-widget-html\" data-id=\"77f88be7\" data-element_type=\"widget\" data-e-type=\"widget\" data-widget_type=\"html.default\">\n\t\t\t\t<div class=\"elementor-widget-container\">\n\t\t\t\t\t<iframe frameborder=\"0\" style=\"height:500px;width:99%;border:none;\" src=\"https:\/\/forms.zohopublic.eu\/logicsrl\/form\/RICHIEDIINFORMAZIONI1\/formperma\/GFGgABm8ch2dudHfISjBbWrEW2ygIC48TFGLqxp18Uw\"><\/iframe>\t\t\t\t<\/div>\n\t\t\t\t<\/div>\n\t\t\t\t\t<\/div>\n\t\t<\/div>\n\t\t\t\t\t<\/div>\n\t\t<\/section>\n\t\t\t\t<\/div>\n\t\t","protected":false},"excerpt":{"rendered":"<p>Le syst\u00e8me Logic ECS-R-TRUCK est con\u00e7u pour \u00eatre mont\u00e9 \u00e0 bord des camions-citernes afin de les \u00e9quiper d&rsquo;un syst\u00e8me de mise \u00e0 la terre int\u00e9gr\u00e9 au v\u00e9hicule et pouvant \u00eatre aliment\u00e9 directement par la batterie du camion-citerne lui-m\u00eame. Le syst\u00e8me permet&#8230;<\/p>\n","protected":false},"author":1,"featured_media":0,"parent":19254,"menu_order":0,"comment_status":"closed","ping_status":"closed","template":"","meta":{"om_disable_all_campaigns":false,"_monsterinsights_skip_tracking":false,"_monsterinsights_sitenote_active":false,"_monsterinsights_sitenote_note":"","_monsterinsights_sitenote_category":0,"_uf_show_specific_survey":0,"_uf_disable_surveys":false,"footnotes":""},"class_list":["post-19325","page","type-page","status-publish","hentry"],"_links":{"self":[{"href":"https:\/\/www.logic-pavia.it\/fr\/wp-json\/wp\/v2\/pages\/19325","targetHints":{"allow":["GET"]}}],"collection":[{"href":"https:\/\/www.logic-pavia.it\/fr\/wp-json\/wp\/v2\/pages"}],"about":[{"href":"https:\/\/www.logic-pavia.it\/fr\/wp-json\/wp\/v2\/types\/page"}],"author":[{"embeddable":true,"href":"https:\/\/www.logic-pavia.it\/fr\/wp-json\/wp\/v2\/users\/1"}],"replies":[{"embeddable":true,"href":"https:\/\/www.logic-pavia.it\/fr\/wp-json\/wp\/v2\/comments?post=19325"}],"version-history":[{"count":10,"href":"https:\/\/www.logic-pavia.it\/fr\/wp-json\/wp\/v2\/pages\/19325\/revisions"}],"predecessor-version":[{"id":19945,"href":"https:\/\/www.logic-pavia.it\/fr\/wp-json\/wp\/v2\/pages\/19325\/revisions\/19945"}],"up":[{"embeddable":true,"href":"https:\/\/www.logic-pavia.it\/fr\/wp-json\/wp\/v2\/pages\/19254"}],"wp:attachment":[{"href":"https:\/\/www.logic-pavia.it\/fr\/wp-json\/wp\/v2\/media?parent=19325"}],"curies":[{"name":"wp","href":"https:\/\/api.w.org\/{rel}","templated":true}]}}