{"id":19276,"date":"2023-10-03T12:24:14","date_gmt":"2023-10-03T10:24:14","guid":{"rendered":"https:\/\/www.logic-pavia.it\/systemes-de-mise-a-la-terre-atex\/mise-a-la-terre-des-reservoirs-mobiles\/"},"modified":"2026-03-17T14:05:02","modified_gmt":"2026-03-17T13:05:02","slug":"mise-a-la-terre-des-reservoirs-mobiles","status":"publish","type":"page","link":"https:\/\/www.logic-pavia.it\/fr\/instrumentation-electronique\/systemes-de-mise-a-la-terre-atex\/mise-a-la-terre-des-reservoirs-mobiles\/","title":{"rendered":"Mise \u00e0 la terre des r\u00e9servoirs mobiles"},"content":{"rendered":"\t\t<div data-elementor-type=\"wp-page\" data-elementor-id=\"19276\" class=\"elementor elementor-19276 elementor-13830\" data-elementor-post-type=\"page\">\n\t\t\t\t\t\t<section class=\"elementor-section elementor-top-section elementor-element elementor-element-e892672 elementor-section-boxed elementor-section-height-default elementor-section-height-default\" data-id=\"e892672\" data-element_type=\"section\" data-e-type=\"section\">\n\t\t\t\t\t\t<div class=\"elementor-container elementor-column-gap-default\">\n\t\t\t\t\t<div class=\"elementor-column elementor-col-50 elementor-top-column elementor-element elementor-element-e633f9d\" data-id=\"e633f9d\" data-element_type=\"column\" data-e-type=\"column\">\n\t\t\t<div class=\"elementor-widget-wrap elementor-element-populated\">\n\t\t\t\t\t\t<div class=\"elementor-element elementor-element-24db1dc1 elementor-widget elementor-widget-image-carousel\" data-id=\"24db1dc1\" data-element_type=\"widget\" data-e-type=\"widget\" data-settings=\"{&quot;slides_to_show&quot;:&quot;1&quot;,&quot;navigation&quot;:&quot;dots&quot;,&quot;autoplay&quot;:&quot;yes&quot;,&quot;pause_on_hover&quot;:&quot;yes&quot;,&quot;pause_on_interaction&quot;:&quot;yes&quot;,&quot;autoplay_speed&quot;:5000,&quot;infinite&quot;:&quot;yes&quot;,&quot;effect&quot;:&quot;slide&quot;,&quot;speed&quot;:500}\" data-widget_type=\"image-carousel.default\">\n\t\t\t\t<div class=\"elementor-widget-container\">\n\t\t\t\t\t\t\t<div class=\"elementor-image-carousel-wrapper swiper\" role=\"region\" aria-roledescription=\"carousel\" aria-label=\"Carosello d&#039;immagini\" dir=\"ltr\">\n\t\t\t<div class=\"elementor-image-carousel swiper-wrapper\" aria-live=\"off\">\n\t\t\t\t\t\t\t\t<div class=\"swiper-slide\" role=\"group\" aria-roledescription=\"slide\" aria-label=\"1 sur 7\"><a data-elementor-open-lightbox=\"yes\" data-elementor-lightbox-slideshow=\"24db1dc1\" data-e-action-hash=\"#elementor-action%3Aaction%3Dlightbox%26settings%3DeyJpZCI6MTM4NDMsInVybCI6Imh0dHBzOlwvXC93d3cubG9naWMtcGF2aWEuaXRcL3dwLWNvbnRlbnRcL3VwbG9hZHNcL0lNRy0yMDIzMDIxNS1XQTAwMDctMS5qcGciLCJzbGlkZXNob3ciOiIyNGRiMWRjMSJ9\" href=\"https:\/\/www.logic-pavia.it\/wp-content\/uploads\/IMG-20230215-WA0007-1.jpg\"><figure class=\"swiper-slide-inner\"><img decoding=\"async\" class=\"swiper-slide-image\" src=\"https:\/\/www.logic-pavia.it\/wp-content\/uploads\/IMG-20230215-WA0007-1.jpg\" alt=\"IMG-20230215-WA0007\" \/><\/figure><\/a><\/div><div class=\"swiper-slide\" role=\"group\" aria-roledescription=\"slide\" aria-label=\"2 sur 7\"><a data-elementor-open-lightbox=\"yes\" data-elementor-lightbox-slideshow=\"24db1dc1\" data-e-action-hash=\"#elementor-action%3Aaction%3Dlightbox%26settings%3DeyJpZCI6MTM4MzcsInVybCI6Imh0dHBzOlwvXC93d3cubG9naWMtcGF2aWEuaXRcL3dwLWNvbnRlbnRcL3VwbG9hZHNcLzIwMjIwNjE2XzE0MTUzMC5qcGciLCJzbGlkZXNob3ciOiIyNGRiMWRjMSJ9\" href=\"https:\/\/www.logic-pavia.it\/wp-content\/uploads\/20220616_141530.jpg\"><figure class=\"swiper-slide-inner\"><img decoding=\"async\" class=\"swiper-slide-image\" src=\"https:\/\/www.logic-pavia.it\/wp-content\/uploads\/20220616_141530.jpg\" alt=\"20220616_141530\" \/><\/figure><\/a><\/div><div class=\"swiper-slide\" role=\"group\" aria-roledescription=\"slide\" aria-label=\"3 sur 7\"><a data-elementor-open-lightbox=\"yes\" data-elementor-lightbox-slideshow=\"24db1dc1\" data-e-action-hash=\"#elementor-action%3Aaction%3Dlightbox%26settings%3DeyJpZCI6MTM4MzgsInVybCI6Imh0dHBzOlwvXC93d3cubG9naWMtcGF2aWEuaXRcL3dwLWNvbnRlbnRcL3VwbG9hZHNcLzIwMjIwNjE2XzE0MTUzNy5qcGciLCJzbGlkZXNob3ciOiIyNGRiMWRjMSJ9\" href=\"https:\/\/www.logic-pavia.it\/wp-content\/uploads\/20220616_141537.jpg\"><figure class=\"swiper-slide-inner\"><img decoding=\"async\" class=\"swiper-slide-image\" src=\"https:\/\/www.logic-pavia.it\/wp-content\/uploads\/20220616_141537.jpg\" alt=\"20220616_141537\" \/><\/figure><\/a><\/div><div class=\"swiper-slide\" role=\"group\" aria-roledescription=\"slide\" aria-label=\"4 sur 7\"><a data-elementor-open-lightbox=\"yes\" data-elementor-lightbox-slideshow=\"24db1dc1\" data-e-action-hash=\"#elementor-action%3Aaction%3Dlightbox%26settings%3DeyJpZCI6MTM4MzksInVybCI6Imh0dHBzOlwvXC93d3cubG9naWMtcGF2aWEuaXRcL3dwLWNvbnRlbnRcL3VwbG9hZHNcLzIwMjMwMTI0XzEzMjgwNC5qcGciLCJzbGlkZXNob3ciOiIyNGRiMWRjMSJ9\" href=\"https:\/\/www.logic-pavia.it\/wp-content\/uploads\/20230124_132804.jpg\"><figure class=\"swiper-slide-inner\"><img decoding=\"async\" class=\"swiper-slide-image\" src=\"https:\/\/www.logic-pavia.it\/wp-content\/uploads\/20230124_132804.jpg\" alt=\"20230124_132804\" \/><\/figure><\/a><\/div><div class=\"swiper-slide\" role=\"group\" aria-roledescription=\"slide\" aria-label=\"5 sur 7\"><a data-elementor-open-lightbox=\"yes\" data-elementor-lightbox-slideshow=\"24db1dc1\" data-e-action-hash=\"#elementor-action%3Aaction%3Dlightbox%26settings%3DeyJpZCI6MTM4NDAsInVybCI6Imh0dHBzOlwvXC93d3cubG9naWMtcGF2aWEuaXRcL3dwLWNvbnRlbnRcL3VwbG9hZHNcL0NMQ0QuanBnIiwic2xpZGVzaG93IjoiMjRkYjFkYzEifQ%3D%3D\" href=\"https:\/\/www.logic-pavia.it\/wp-content\/uploads\/CLCD.jpg\"><figure class=\"swiper-slide-inner\"><img decoding=\"async\" class=\"swiper-slide-image\" src=\"https:\/\/www.logic-pavia.it\/wp-content\/uploads\/CLCD.jpg\" alt=\"CLCD\" \/><\/figure><\/a><\/div><div class=\"swiper-slide\" role=\"group\" aria-roledescription=\"slide\" aria-label=\"6 sur 7\"><a data-elementor-open-lightbox=\"yes\" data-elementor-lightbox-slideshow=\"24db1dc1\" data-e-action-hash=\"#elementor-action%3Aaction%3Dlightbox%26settings%3DeyJpZCI6MTM4NDEsInVybCI6Imh0dHBzOlwvXC93d3cubG9naWMtcGF2aWEuaXRcL3dwLWNvbnRlbnRcL3VwbG9hZHNcL0lNR18yMDE4MDUwMl8xNjEyMzEuanBnIiwic2xpZGVzaG93IjoiMjRkYjFkYzEifQ%3D%3D\" href=\"https:\/\/www.logic-pavia.it\/wp-content\/uploads\/IMG_20180502_161231.jpg\"><figure class=\"swiper-slide-inner\"><img decoding=\"async\" class=\"swiper-slide-image\" src=\"https:\/\/www.logic-pavia.it\/wp-content\/uploads\/IMG_20180502_161231.jpg\" alt=\"IMG_20180502_161231\" \/><\/figure><\/a><\/div><div class=\"swiper-slide\" role=\"group\" aria-roledescription=\"slide\" aria-label=\"7 sur 7\"><a data-elementor-open-lightbox=\"yes\" data-elementor-lightbox-slideshow=\"24db1dc1\" data-e-action-hash=\"#elementor-action%3Aaction%3Dlightbox%26settings%3DeyJpZCI6MTM4NDIsInVybCI6Imh0dHBzOlwvXC93d3cubG9naWMtcGF2aWEuaXRcL3dwLWNvbnRlbnRcL3VwbG9hZHNcL0lNR18yMDE4MDUwMl8xNjE1MDEuanBnIiwic2xpZGVzaG93IjoiMjRkYjFkYzEifQ%3D%3D\" href=\"https:\/\/www.logic-pavia.it\/wp-content\/uploads\/IMG_20180502_161501.jpg\"><figure class=\"swiper-slide-inner\"><img decoding=\"async\" class=\"swiper-slide-image\" src=\"https:\/\/www.logic-pavia.it\/wp-content\/uploads\/IMG_20180502_161501.jpg\" alt=\"IMG_20180502_161501\" \/><\/figure><\/a><\/div>\t\t\t<\/div>\n\t\t\t\t\t\t\t\n\t\t\t\t\t\t\t\t\t<div class=\"swiper-pagination\"><\/div>\n\t\t\t\t\t\t\t\t\t<\/div>\n\t\t\t\t\t\t<\/div>\n\t\t\t\t<\/div>\n\t\t\t\t\t<\/div>\n\t\t<\/div>\n\t\t\t\t<div class=\"elementor-column elementor-col-50 elementor-top-column elementor-element elementor-element-0fa73a2\" data-id=\"0fa73a2\" data-element_type=\"column\" data-e-type=\"column\">\n\t\t\t<div class=\"elementor-widget-wrap elementor-element-populated\">\n\t\t\t\t\t\t<div class=\"elementor-element elementor-element-6d77c9b0 elementor-widget elementor-widget-heading\" data-id=\"6d77c9b0\" data-element_type=\"widget\" data-e-type=\"widget\" data-widget_type=\"heading.default\">\n\t\t\t\t<div class=\"elementor-widget-container\">\n\t\t\t\t\t<h1 class=\"elementor-heading-title elementor-size-default\">Mise \u00e0 la terre des r\u00e9servoirs mobiles<\/h1>\t\t\t\t<\/div>\n\t\t\t\t<\/div>\n\t\t\t\t<div class=\"elementor-element elementor-element-cdb31d5 elementor-widget elementor-widget-text-editor\" data-id=\"cdb31d5\" data-element_type=\"widget\" data-e-type=\"widget\" data-widget_type=\"text-editor.default\">\n\t\t\t\t<div class=\"elementor-widget-container\">\n\t\t\t\t\t\t\t\t\t<p>Dans les processus de production o\u00f9 des r\u00e9servoirs mobiles sont utilis\u00e9s pour la pr\u00e9paration ou le m\u00e9lange de substances susceptibles de cr\u00e9er des atmosph\u00e8res explosives ou inflammables, il est essentiel de pr\u00e9venir l&rsquo;accumulation d&rsquo;\u00e9lectricit\u00e9 statique.<\/p><p>Par cons\u00e9quent, avant le d\u00e9but de tout traitement, il est n\u00e9cessaire de mettre correctement le r\u00e9servoir \u00e0 la terre.<\/p><p>Pour \u00e9viter toute manipulation ou contournement du syst\u00e8me de mise \u00e0 la terre, Logic a brevet\u00e9 une pince de mise \u00e0 la terre \u00e0 codage m\u00e9canique pour les r\u00e9servoirs mobiles. La pince CLCD \u00e0 codage m\u00e9canique permet une connexion avec un connecteur d\u00e9di\u00e9 qui est install\u00e9 directement sur la cuve mobile. <\/p><p>Gr\u00e2ce \u00e0 la pr\u00e9sence de LED embarqu\u00e9es, l&rsquo;op\u00e9rateur est en mesure de v\u00e9rifier que la connexion \u00e0 la terre respecte la limite maximale de 10 \u03a9.<\/p><p>La connexion m\u00e9canique rend le syst\u00e8me stable, assurant une connexion m\u00eame dans des conditions de travail avec de fortes vibrations.<\/p><p>Afin de garantir une flexibilit\u00e9 et une int\u00e9grabilit\u00e9 \u00e9lev\u00e9es du syst\u00e8me, il est possible de coupler un collier avec plusieurs connecteurs (le nombre de connecteurs correspondant au nombre de r\u00e9servoirs utilis\u00e9s pour cette application).<\/p><p><strong>Le syst\u00e8me de mise \u00e0 la terre par pinces cod\u00e9es m\u00e9caniquement permet \u00e9galement une grande flexibilit\u00e9 et une grande int\u00e9grabilit\u00e9 gr\u00e2ce \u00e0 la possibilit\u00e9 de coupler plusieurs connecteurs \u00e0 une seule pince. Cette derni\u00e8re sera connect\u00e9e de temps en temps au connecteur install\u00e9 sur le r\u00e9servoir \u00e0 surveiller. <\/strong><\/p><p>Dans le cas o\u00f9 il est n\u00e9cessaire de surveiller plusieurs r\u00e9servoirs en m\u00eame temps, veuillez vous r\u00e9f\u00e9rer \u00e0 la section \u00ab\u00a0PLATEAU POUR SYST\u00c8ME MULTIPOINT\u00a0\u00bb. (r\u00e9dig\u00e9 avec un LIEN vers la page : SYST\u00c8MES MULTIPOINTS) <strong>\u00ab\u00a0<a href=\"https:\/\/www.logic-pavia.it\/fr\/systemes-de-mise-a-la-terre-atex\/systemes-multipoints\/\">PINZA PER SISTEMA MULTIPOINT<\/a>\u00ab\u00a0. <\/strong> <\/p>\t\t\t\t\t\t\t\t<\/div>\n\t\t\t\t<\/div>\n\t\t\t\t<div class=\"elementor-element elementor-element-5220fe1 elementor-widget elementor-widget-accordion\" data-id=\"5220fe1\" data-element_type=\"widget\" data-e-type=\"widget\" data-widget_type=\"accordion.default\">\n\t\t\t\t<div class=\"elementor-widget-container\">\n\t\t\t\t\t\t\t<div class=\"elementor-accordion\">\n\t\t\t\t\t\t\t<div class=\"elementor-accordion-item\">\n\t\t\t\t\t<div id=\"elementor-tab-title-8611\" class=\"elementor-tab-title\" data-tab=\"1\" role=\"button\" aria-controls=\"elementor-tab-content-8611\" aria-expanded=\"false\">\n\t\t\t\t\t\t\t\t\t\t\t\t\t<span class=\"elementor-accordion-icon elementor-accordion-icon-left\" aria-hidden=\"true\">\n\t\t\t\t\t\t\t\t\t\t\t\t\t\t\t<span class=\"elementor-accordion-icon-closed\"><i class=\"fas fa-plus\"><\/i><\/span>\n\t\t\t\t\t\t\t\t<span class=\"elementor-accordion-icon-opened\"><i class=\"fas fa-minus\"><\/i><\/span>\n\t\t\t\t\t\t\t\t\t\t\t\t\t\t<\/span>\n\t\t\t\t\t\t\t\t\t\t\t\t<a class=\"elementor-accordion-title\" tabindex=\"0\">SYST\u00c8MES DE SURVEILLANCE<\/a>\n\t\t\t\t\t<\/div>\n\t\t\t\t\t<div id=\"elementor-tab-content-8611\" class=\"elementor-tab-content elementor-clearfix\" data-tab=\"1\" role=\"region\" aria-labelledby=\"elementor-tab-title-8611\"><p>Les appareils de la gamme ECS-R consistent en un syst\u00e8me de surveillance \u00e9lectronique de niveau d&rsquo;int\u00e9grit\u00e9 SIL2 \u00e0 associer \u00e0 la pince Logic CLP-CODE.<br \/>Gr\u00e2ce \u00e0 l&rsquo;\u00e9lectronique int\u00e9gr\u00e9e dans le dispositif, une surveillance dynamique et constante de la mise \u00e0 la terre peut \u00eatre effectu\u00e9e pendant les op\u00e9rations de chargement\/d\u00e9chargement des wagons-citernes. Ce syst\u00e8me est capable de d\u00e9tecter une r\u00e9sistance inf\u00e9rieure \u00e0 10 \u03a9 et, si les valeurs de s\u00e9curit\u00e9 ne sont pas respect\u00e9es, il arr\u00eate imm\u00e9diatement le processus et avertit l&rsquo;op\u00e9rateur. <\/p>\n<p>La gamme comprend diff\u00e9rentes solutions qui peuvent \u00eatre install\u00e9es en Zone 1\/21, en Zone 2\/22 ou \u00e0 l&rsquo;int\u00e9rieur d&rsquo;une armoire \u00e9lectrique mont\u00e9e directement sur un rail DIN (Safe Area).<\/p>\n<\/div>\n\t\t\t\t<\/div>\n\t\t\t\t\t\t\t<div class=\"elementor-accordion-item\">\n\t\t\t\t\t<div id=\"elementor-tab-title-8612\" class=\"elementor-tab-title\" data-tab=\"2\" role=\"button\" aria-controls=\"elementor-tab-content-8612\" aria-expanded=\"false\">\n\t\t\t\t\t\t\t\t\t\t\t\t\t<span class=\"elementor-accordion-icon elementor-accordion-icon-left\" aria-hidden=\"true\">\n\t\t\t\t\t\t\t\t\t\t\t\t\t\t\t<span class=\"elementor-accordion-icon-closed\"><i class=\"fas fa-plus\"><\/i><\/span>\n\t\t\t\t\t\t\t\t<span class=\"elementor-accordion-icon-opened\"><i class=\"fas fa-minus\"><\/i><\/span>\n\t\t\t\t\t\t\t\t\t\t\t\t\t\t<\/span>\n\t\t\t\t\t\t\t\t\t\t\t\t<a class=\"elementor-accordion-title\" tabindex=\"0\">ACCESSOIRES<\/a>\n\t\t\t\t\t<\/div>\n\t\t\t\t\t<div id=\"elementor-tab-content-8612\" class=\"elementor-tab-content elementor-clearfix\" data-tab=\"2\" role=\"region\" aria-labelledby=\"elementor-tab-title-8612\"><p>Pour g\u00e9rer le maximum de flexibilit\u00e9 et d&rsquo;adaptabilit\u00e9 du syst\u00e8me de mise \u00e0 la terre Logic CLP-CODE, vous pouvez choisir parmi les accessoires suivants: <\/p>\n<ul>\n<li>CAB-ECS C\u00e2ble d&rsquo;extension \u00e9lectrique<\/li>\n<li>CR20 Enrouleur de c\u00e2ble avec c\u00e2ble extensible jusqu&rsquo;\u00e0 20 m\u00e8tres<\/li>\n<li>SP5\/SP10 C\u00e2ble spiral\u00e9 5\/10 mt<\/li>\n<li>ECS-MULTI armoire de commande adapt\u00e9e \u00e0 l&rsquo;installation de syst\u00e8mes de surveillance MDC<\/li>\n<\/ul>\n<\/div>\n\t\t\t\t<\/div>\n\t\t\t\t\t\t\t\t<\/div>\n\t\t\t\t\t\t<\/div>\n\t\t\t\t<\/div>\n\t\t\t\t<div class=\"elementor-element elementor-element-58ecbb4d elementor-widget elementor-widget-industrium_button\" data-id=\"58ecbb4d\" data-element_type=\"widget\" data-e-type=\"widget\" data-widget_type=\"industrium_button.default\">\n\t\t\t\t<div class=\"elementor-widget-container\">\n\t\t\t\t\t\n        <div class=\"button-widget\">\n            <div class=\"button-container\">\n                <a class=\"industrium-button button-type-2\" href=\"https:\/\/www.logic-pavia.it\/wp-content\/uploads\/APP-Mise-a-la-terre-codee-des-reservoirs-mobiles.pdf\" target=\"_blank\">\n                    <span class=\"industrium-button-text\">Datasheet<\/span>                    \n                <\/a>\n            <\/div>\n        <\/div>\n        \t\t\t\t<\/div>\n\t\t\t\t<\/div>\n\t\t\t\t\t<\/div>\n\t\t<\/div>\n\t\t\t\t\t<\/div>\n\t\t<\/section>\n\t\t\t\t<section class=\"elementor-section elementor-top-section elementor-element elementor-element-2e20c59e elementor-section-stretched elementor-section-boxed elementor-section-height-default elementor-section-height-default\" data-id=\"2e20c59e\" data-element_type=\"section\" data-e-type=\"section\" data-settings=\"{&quot;stretch_section&quot;:&quot;section-stretched&quot;,&quot;background_background&quot;:&quot;classic&quot;}\">\n\t\t\t\t\t\t<div class=\"elementor-container elementor-column-gap-default\">\n\t\t\t\t\t<div class=\"elementor-column elementor-col-100 elementor-top-column elementor-element elementor-element-27cc91e1\" data-id=\"27cc91e1\" data-element_type=\"column\" data-e-type=\"column\">\n\t\t\t<div class=\"elementor-widget-wrap elementor-element-populated\">\n\t\t\t\t\t\t<div class=\"elementor-element elementor-element-764d724b elementor-widget elementor-widget-html\" data-id=\"764d724b\" data-element_type=\"widget\" data-e-type=\"widget\" data-widget_type=\"html.default\">\n\t\t\t\t<div class=\"elementor-widget-container\">\n\t\t\t\t\t<iframe frameborder=\"0\" style=\"height:500px;width:99%;border:none;\" src=\"https:\/\/forms.zohopublic.eu\/logicsrl\/form\/RICHIEDIINFORMAZIONI1\/formperma\/GFGgABm8ch2dudHfISjBbWrEW2ygIC48TFGLqxp18Uw\"><\/iframe>\t\t\t\t<\/div>\n\t\t\t\t<\/div>\n\t\t\t\t\t<\/div>\n\t\t<\/div>\n\t\t\t\t\t<\/div>\n\t\t<\/section>\n\t\t\t\t<\/div>\n\t\t","protected":false},"excerpt":{"rendered":"<p>Dans les processus de production o\u00f9 des r\u00e9servoirs mobiles sont utilis\u00e9s pour la pr\u00e9paration ou le m\u00e9lange de substances susceptibles de cr\u00e9er des atmosph\u00e8res explosives ou inflammables, il est essentiel de pr\u00e9venir l&rsquo;accumulation d&rsquo;\u00e9lectricit\u00e9 statique. Par cons\u00e9quent, avant le d\u00e9but de&#8230;<\/p>\n","protected":false},"author":1,"featured_media":0,"parent":19254,"menu_order":0,"comment_status":"closed","ping_status":"closed","template":"","meta":{"om_disable_all_campaigns":false,"_monsterinsights_skip_tracking":false,"_monsterinsights_sitenote_active":false,"_monsterinsights_sitenote_note":"","_monsterinsights_sitenote_category":0,"_uf_show_specific_survey":0,"_uf_disable_surveys":false,"footnotes":""},"class_list":["post-19276","page","type-page","status-publish","hentry"],"_links":{"self":[{"href":"https:\/\/www.logic-pavia.it\/fr\/wp-json\/wp\/v2\/pages\/19276","targetHints":{"allow":["GET"]}}],"collection":[{"href":"https:\/\/www.logic-pavia.it\/fr\/wp-json\/wp\/v2\/pages"}],"about":[{"href":"https:\/\/www.logic-pavia.it\/fr\/wp-json\/wp\/v2\/types\/page"}],"author":[{"embeddable":true,"href":"https:\/\/www.logic-pavia.it\/fr\/wp-json\/wp\/v2\/users\/1"}],"replies":[{"embeddable":true,"href":"https:\/\/www.logic-pavia.it\/fr\/wp-json\/wp\/v2\/comments?post=19276"}],"version-history":[{"count":7,"href":"https:\/\/www.logic-pavia.it\/fr\/wp-json\/wp\/v2\/pages\/19276\/revisions"}],"predecessor-version":[{"id":19937,"href":"https:\/\/www.logic-pavia.it\/fr\/wp-json\/wp\/v2\/pages\/19276\/revisions\/19937"}],"up":[{"embeddable":true,"href":"https:\/\/www.logic-pavia.it\/fr\/wp-json\/wp\/v2\/pages\/19254"}],"wp:attachment":[{"href":"https:\/\/www.logic-pavia.it\/fr\/wp-json\/wp\/v2\/media?parent=19276"}],"curies":[{"name":"wp","href":"https:\/\/api.w.org\/{rel}","templated":true}]}}