{"id":19273,"date":"2023-10-03T12:32:36","date_gmt":"2023-10-03T10:32:36","guid":{"rendered":"https:\/\/www.logic-pavia.it\/systemes-de-mise-a-la-terre-atex\/systemes-multipoints\/"},"modified":"2026-03-17T14:07:10","modified_gmt":"2026-03-17T13:07:10","slug":"systemes-multipoints","status":"publish","type":"page","link":"https:\/\/www.logic-pavia.it\/fr\/instrumentation-electronique\/systemes-de-mise-a-la-terre-atex\/systemes-multipoints\/","title":{"rendered":"Syst\u00e8mes multipoints"},"content":{"rendered":"\t\t<div data-elementor-type=\"wp-page\" data-elementor-id=\"19273\" class=\"elementor elementor-19273 elementor-13847\" data-elementor-post-type=\"page\">\n\t\t\t\t\t\t<section class=\"elementor-section elementor-top-section elementor-element elementor-element-1512870 elementor-section-boxed elementor-section-height-default elementor-section-height-default\" data-id=\"1512870\" data-element_type=\"section\" data-e-type=\"section\">\n\t\t\t\t\t\t<div class=\"elementor-container elementor-column-gap-default\">\n\t\t\t\t\t<div class=\"elementor-column elementor-col-50 elementor-top-column elementor-element elementor-element-15bf62e\" data-id=\"15bf62e\" data-element_type=\"column\" data-e-type=\"column\">\n\t\t\t<div class=\"elementor-widget-wrap elementor-element-populated\">\n\t\t\t\t\t\t<div class=\"elementor-element elementor-element-3131ba88 elementor-widget elementor-widget-image-carousel\" data-id=\"3131ba88\" data-element_type=\"widget\" data-e-type=\"widget\" data-settings=\"{&quot;slides_to_show&quot;:&quot;1&quot;,&quot;navigation&quot;:&quot;dots&quot;,&quot;autoplay&quot;:&quot;yes&quot;,&quot;pause_on_hover&quot;:&quot;yes&quot;,&quot;pause_on_interaction&quot;:&quot;yes&quot;,&quot;autoplay_speed&quot;:5000,&quot;infinite&quot;:&quot;yes&quot;,&quot;effect&quot;:&quot;slide&quot;,&quot;speed&quot;:500}\" data-widget_type=\"image-carousel.default\">\n\t\t\t\t<div class=\"elementor-widget-container\">\n\t\t\t\t\t\t\t<div class=\"elementor-image-carousel-wrapper swiper\" role=\"region\" aria-roledescription=\"carousel\" aria-label=\"Carosello d&#039;immagini\" dir=\"ltr\">\n\t\t\t<div class=\"elementor-image-carousel swiper-wrapper\" aria-live=\"off\">\n\t\t\t\t\t\t\t\t<div class=\"swiper-slide\" role=\"group\" aria-roledescription=\"slide\" aria-label=\"1 sur 7\"><a data-elementor-open-lightbox=\"yes\" data-elementor-lightbox-slideshow=\"3131ba88\" data-e-action-hash=\"#elementor-action%3Aaction%3Dlightbox%26settings%3DeyJpZCI6MTM4NTUsInVybCI6Imh0dHBzOlwvXC93d3cubG9naWMtcGF2aWEuaXRcL3dwLWNvbnRlbnRcL3VwbG9hZHNcL0lNR18zODg4LmpwZyIsInNsaWRlc2hvdyI6IjMxMzFiYTg4In0%3D\" href=\"https:\/\/www.logic-pavia.it\/wp-content\/uploads\/IMG_3888.jpg\"><figure class=\"swiper-slide-inner\"><img decoding=\"async\" class=\"swiper-slide-image\" src=\"https:\/\/www.logic-pavia.it\/wp-content\/uploads\/IMG_3888.jpg\" alt=\"IMG_3888\" \/><\/figure><\/a><\/div><div class=\"swiper-slide\" role=\"group\" aria-roledescription=\"slide\" aria-label=\"2 sur 7\"><a data-elementor-open-lightbox=\"yes\" data-elementor-lightbox-slideshow=\"3131ba88\" data-e-action-hash=\"#elementor-action%3Aaction%3Dlightbox%26settings%3DeyJpZCI6MTM4NTgsInVybCI6Imh0dHBzOlwvXC93d3cubG9naWMtcGF2aWEuaXRcL3dwLWNvbnRlbnRcL3VwbG9hZHNcL0lNR18yMDE5MDkxM18xNTQ2MzguanBnIiwic2xpZGVzaG93IjoiMzEzMWJhODgifQ%3D%3D\" href=\"https:\/\/www.logic-pavia.it\/wp-content\/uploads\/IMG_20190913_154638.jpg\"><figure class=\"swiper-slide-inner\"><img decoding=\"async\" class=\"swiper-slide-image\" src=\"https:\/\/www.logic-pavia.it\/wp-content\/uploads\/IMG_20190913_154638.jpg\" alt=\"IMG_20190913_154638\" \/><\/figure><\/a><\/div><div class=\"swiper-slide\" role=\"group\" aria-roledescription=\"slide\" aria-label=\"3 sur 7\"><a data-elementor-open-lightbox=\"yes\" data-elementor-lightbox-slideshow=\"3131ba88\" data-e-action-hash=\"#elementor-action%3Aaction%3Dlightbox%26settings%3DeyJpZCI6MTM4NTcsInVybCI6Imh0dHBzOlwvXC93d3cubG9naWMtcGF2aWEuaXRcL3dwLWNvbnRlbnRcL3VwbG9hZHNcL0lNR18yMDE4MDUwMl8xNjEyMzEtMS5qcGciLCJzbGlkZXNob3ciOiIzMTMxYmE4OCJ9\" href=\"https:\/\/www.logic-pavia.it\/wp-content\/uploads\/IMG_20180502_161231-1.jpg\"><figure class=\"swiper-slide-inner\"><img decoding=\"async\" class=\"swiper-slide-image\" src=\"https:\/\/www.logic-pavia.it\/wp-content\/uploads\/IMG_20180502_161231-1.jpg\" alt=\"IMG_20180502_161231\" \/><\/figure><\/a><\/div><div class=\"swiper-slide\" role=\"group\" aria-roledescription=\"slide\" aria-label=\"4 sur 7\"><a data-elementor-open-lightbox=\"yes\" data-elementor-lightbox-slideshow=\"3131ba88\" data-e-action-hash=\"#elementor-action%3Aaction%3Dlightbox%26settings%3DeyJpZCI6MTM4NTksInVybCI6Imh0dHBzOlwvXC93d3cubG9naWMtcGF2aWEuaXRcL3dwLWNvbnRlbnRcL3VwbG9hZHNcL0lNR18yMDIwMTIxMF8xNjAwMjcuanBnIiwic2xpZGVzaG93IjoiMzEzMWJhODgifQ%3D%3D\" href=\"https:\/\/www.logic-pavia.it\/wp-content\/uploads\/IMG_20201210_160027.jpg\"><figure class=\"swiper-slide-inner\"><img decoding=\"async\" class=\"swiper-slide-image\" src=\"https:\/\/www.logic-pavia.it\/wp-content\/uploads\/IMG_20201210_160027.jpg\" alt=\"IMG_20201210_160027\" \/><\/figure><\/a><\/div><div class=\"swiper-slide\" role=\"group\" aria-roledescription=\"slide\" aria-label=\"5 sur 7\"><a data-elementor-open-lightbox=\"yes\" data-elementor-lightbox-slideshow=\"3131ba88\" data-e-action-hash=\"#elementor-action%3Aaction%3Dlightbox%26settings%3DeyJpZCI6MTM4NTQsInVybCI6Imh0dHBzOlwvXC93d3cubG9naWMtcGF2aWEuaXRcL3dwLWNvbnRlbnRcL3VwbG9hZHNcL0VDUy1SLURJTi0yLmpwZyIsInNsaWRlc2hvdyI6IjMxMzFiYTg4In0%3D\" href=\"https:\/\/www.logic-pavia.it\/wp-content\/uploads\/ECS-R-DIN-2.jpg\"><figure class=\"swiper-slide-inner\"><img decoding=\"async\" class=\"swiper-slide-image\" src=\"https:\/\/www.logic-pavia.it\/wp-content\/uploads\/ECS-R-DIN-2.jpg\" alt=\"ECS-R-DIN\" \/><\/figure><\/a><\/div><div class=\"swiper-slide\" role=\"group\" aria-roledescription=\"slide\" aria-label=\"6 sur 7\"><a data-elementor-open-lightbox=\"yes\" data-elementor-lightbox-slideshow=\"3131ba88\" data-e-action-hash=\"#elementor-action%3Aaction%3Dlightbox%26settings%3DeyJpZCI6MTM4NTYsInVybCI6Imh0dHBzOlwvXC93d3cubG9naWMtcGF2aWEuaXRcL3dwLWNvbnRlbnRcL3VwbG9hZHNcL0lNR18zODkwLmpwZyIsInNsaWRlc2hvdyI6IjMxMzFiYTg4In0%3D\" href=\"https:\/\/www.logic-pavia.it\/wp-content\/uploads\/IMG_3890.jpg\"><figure class=\"swiper-slide-inner\"><img decoding=\"async\" class=\"swiper-slide-image\" src=\"https:\/\/www.logic-pavia.it\/wp-content\/uploads\/IMG_3890.jpg\" alt=\"IMG_3890\" \/><\/figure><\/a><\/div><div class=\"swiper-slide\" role=\"group\" aria-roledescription=\"slide\" aria-label=\"7 sur 7\"><a data-elementor-open-lightbox=\"yes\" data-elementor-lightbox-slideshow=\"3131ba88\" data-e-action-hash=\"#elementor-action%3Aaction%3Dlightbox%26settings%3DeyJpZCI6MTM4NjAsInVybCI6Imh0dHBzOlwvXC93d3cubG9naWMtcGF2aWEuaXRcL3dwLWNvbnRlbnRcL3VwbG9hZHNcL3BpbnplLXgtNC0uanBnIiwic2xpZGVzaG93IjoiMzEzMWJhODgifQ%3D%3D\" href=\"https:\/\/www.logic-pavia.it\/wp-content\/uploads\/pinze-x-4-.jpg\"><figure class=\"swiper-slide-inner\"><img decoding=\"async\" class=\"swiper-slide-image\" src=\"https:\/\/www.logic-pavia.it\/wp-content\/uploads\/pinze-x-4-.jpg\" alt=\"pinze-x-4-\" \/><\/figure><\/a><\/div>\t\t\t<\/div>\n\t\t\t\t\t\t\t\n\t\t\t\t\t\t\t\t\t<div class=\"swiper-pagination\"><\/div>\n\t\t\t\t\t\t\t\t\t<\/div>\n\t\t\t\t\t\t<\/div>\n\t\t\t\t<\/div>\n\t\t\t\t\t<\/div>\n\t\t<\/div>\n\t\t\t\t<div class=\"elementor-column elementor-col-50 elementor-top-column elementor-element elementor-element-fc0285a\" data-id=\"fc0285a\" data-element_type=\"column\" data-e-type=\"column\">\n\t\t\t<div class=\"elementor-widget-wrap elementor-element-populated\">\n\t\t\t\t\t\t<div class=\"elementor-element elementor-element-56ad8189 elementor-widget elementor-widget-heading\" data-id=\"56ad8189\" data-element_type=\"widget\" data-e-type=\"widget\" data-widget_type=\"heading.default\">\n\t\t\t\t<div class=\"elementor-widget-container\">\n\t\t\t\t\t<h1 class=\"elementor-heading-title elementor-size-default\">Syst\u00e8mes multipoints<\/h1>\t\t\t\t<\/div>\n\t\t\t\t<\/div>\n\t\t\t\t<div class=\"elementor-element elementor-element-679afb3 elementor-widget elementor-widget-text-editor\" data-id=\"679afb3\" data-element_type=\"widget\" data-e-type=\"widget\" data-widget_type=\"text-editor.default\">\n\t\t\t\t<div class=\"elementor-widget-container\">\n\t\t\t\t\t\t\t\t\t<p>Le syst\u00e8me de mise \u00e0 la terre multipoint est con\u00e7u pour permettre le contr\u00f4le et la supervision centralis\u00e9s de plusieurs points de mise \u00e0 la terre dans une usine de production.<\/p><p>Ce syst\u00e8me peut comprendre plusieurs unit\u00e9s de contr\u00f4le, chacune d&rsquo;entre elles \u00e9tant connect\u00e9e \u00e0 un point de mise \u00e0 la terre sp\u00e9cifique.<\/p><p>Chaque unit\u00e9 de contr\u00f4le est \u00e9quip\u00e9e d&rsquo;un contact auxiliaire qui peut \u00eatre renvoy\u00e9 au syst\u00e8me de contr\u00f4le central. <br><strong>Le syst\u00e8me central peut \u00eatre \u00e9quip\u00e9 d&rsquo;un logiciel sp\u00e9cialement con\u00e7u pour permettre la visualisation des donn\u00e9es en temps r\u00e9el, l&rsquo;envoi d&rsquo;alertes lorsque les valeurs de r\u00e9sistance de terre d\u00e9passent le seuil de s\u00e9curit\u00e9, et la g\u00e9n\u00e9ration de rapports de surveillance.<\/strong><\/p><p>La livraison du syst\u00e8me comprend \u00e9galement tous les documents de conception pertinents.<\/p><p>Les syst\u00e8mes multipoints sont fabriqu\u00e9s selon les exigences du client, en fonction des besoins sp\u00e9cifiques de l&rsquo;usine.<\/p><p><strong>Ce syst\u00e8me de mise \u00e0 la terre multipoint personnalis\u00e9 peut accro\u00eetre la s\u00e9curit\u00e9 et la productivit\u00e9 de l&rsquo;industrie en assurant une mise \u00e0 la terre correcte \u00e0 diff\u00e9rents endroits et en fournissant un contr\u00f4le et une supervision centralis\u00e9s efficaces.<\/strong><\/p>\t\t\t\t\t\t\t\t<\/div>\n\t\t\t\t<\/div>\n\t\t\t\t<div class=\"elementor-element elementor-element-bc8f3a6 elementor-widget elementor-widget-accordion\" data-id=\"bc8f3a6\" data-element_type=\"widget\" data-e-type=\"widget\" data-widget_type=\"accordion.default\">\n\t\t\t\t<div class=\"elementor-widget-container\">\n\t\t\t\t\t\t\t<div class=\"elementor-accordion\">\n\t\t\t\t\t\t\t<div class=\"elementor-accordion-item\">\n\t\t\t\t\t<div id=\"elementor-tab-title-1971\" class=\"elementor-tab-title\" data-tab=\"1\" role=\"button\" aria-controls=\"elementor-tab-content-1971\" aria-expanded=\"false\">\n\t\t\t\t\t\t\t\t\t\t\t\t\t<span class=\"elementor-accordion-icon elementor-accordion-icon-left\" aria-hidden=\"true\">\n\t\t\t\t\t\t\t\t\t\t\t\t\t\t\t<span class=\"elementor-accordion-icon-closed\"><i class=\"fas fa-plus\"><\/i><\/span>\n\t\t\t\t\t\t\t\t<span class=\"elementor-accordion-icon-opened\"><i class=\"fas fa-minus\"><\/i><\/span>\n\t\t\t\t\t\t\t\t\t\t\t\t\t\t<\/span>\n\t\t\t\t\t\t\t\t\t\t\t\t<a class=\"elementor-accordion-title\" tabindex=\"0\">ACCESSOIRES<\/a>\n\t\t\t\t\t<\/div>\n\t\t\t\t\t<div id=\"elementor-tab-content-1971\" class=\"elementor-tab-content elementor-clearfix\" data-tab=\"1\" role=\"region\" aria-labelledby=\"elementor-tab-title-1971\"><p>Pour g\u00e9rer la flexibilit\u00e9 et l&rsquo;adaptabilit\u00e9 maximales du syst\u00e8me de mise \u00e0 la terre multipoint Logic, vous pouvez choisir parmi les accessoires suivants: <\/p>\n<ul>\n<li>CAB-ECS C\u00e2ble d&rsquo;extension \u00e9lectrique pour syst\u00e8me unique;<\/li>\n<li>CAB-SS20 \/ CAB-SS40 C\u00e2ble d&rsquo;extension \u00e9lectrique pour un maximum de 40 fils;<\/li>\n<li>CR20 Enrouleur de c\u00e2ble avec c\u00e2ble extensible jusqu&rsquo;\u00e0 20 m\u00e8tres;<\/li>\n<li>SP5\/SP10 C\u00e2ble spiral\u00e9 5\/10 mt;<\/li>\n<li>ECS-MULTI : tableau de distribution adapt\u00e9 \u00e0 l&rsquo;installation de syst\u00e8mes de surveillance MDC.<\/li>\n<\/ul>\n<\/div>\n\t\t\t\t<\/div>\n\t\t\t\t\t\t\t\t<\/div>\n\t\t\t\t\t\t<\/div>\n\t\t\t\t<\/div>\n\t\t\t\t\t<\/div>\n\t\t<\/div>\n\t\t\t\t\t<\/div>\n\t\t<\/section>\n\t\t\t\t<section class=\"elementor-section elementor-top-section elementor-element elementor-element-565239c1 elementor-section-stretched elementor-section-boxed elementor-section-height-default elementor-section-height-default\" data-id=\"565239c1\" data-element_type=\"section\" data-e-type=\"section\" data-settings=\"{&quot;stretch_section&quot;:&quot;section-stretched&quot;,&quot;background_background&quot;:&quot;classic&quot;}\">\n\t\t\t\t\t\t<div class=\"elementor-container elementor-column-gap-default\">\n\t\t\t\t\t<div class=\"elementor-column elementor-col-100 elementor-top-column elementor-element elementor-element-10c26ab9\" data-id=\"10c26ab9\" data-element_type=\"column\" data-e-type=\"column\">\n\t\t\t<div class=\"elementor-widget-wrap elementor-element-populated\">\n\t\t\t\t\t\t<div class=\"elementor-element elementor-element-b1b8d75 elementor-widget elementor-widget-industrium_button\" data-id=\"b1b8d75\" data-element_type=\"widget\" data-e-type=\"widget\" data-widget_type=\"industrium_button.default\">\n\t\t\t\t<div class=\"elementor-widget-container\">\n\t\t\t\t\t\n        <div class=\"button-widget\">\n            <div class=\"button-container\">\n                <a class=\"industrium-button button-type-2\" href=\"https:\/\/www.logic-pavia.it\/wp-content\/uploads\/APP-Systeme-de-mise-a-la-terre-multipoint.pdf\" target=\"_blank\">\n                    <span class=\"industrium-button-text\">Datasheet<\/span>                    \n                <\/a>\n            <\/div>\n        <\/div>\n        \t\t\t\t<\/div>\n\t\t\t\t<\/div>\n\t\t\t\t<div class=\"elementor-element elementor-element-50aee64f elementor-widget elementor-widget-html\" data-id=\"50aee64f\" data-element_type=\"widget\" data-e-type=\"widget\" data-widget_type=\"html.default\">\n\t\t\t\t<div class=\"elementor-widget-container\">\n\t\t\t\t\t<iframe frameborder=\"0\" style=\"height:500px;width:99%;border:none;\" src=\"https:\/\/forms.zohopublic.eu\/logicsrl\/form\/RICHIEDIINFORMAZIONI1\/formperma\/GFGgABm8ch2dudHfISjBbWrEW2ygIC48TFGLqxp18Uw\"><\/iframe>\t\t\t\t<\/div>\n\t\t\t\t<\/div>\n\t\t\t\t\t<\/div>\n\t\t<\/div>\n\t\t\t\t\t<\/div>\n\t\t<\/section>\n\t\t\t\t<\/div>\n\t\t","protected":false},"excerpt":{"rendered":"<p>Le syst\u00e8me de mise \u00e0 la terre multipoint est con\u00e7u pour permettre le contr\u00f4le et la supervision centralis\u00e9s de plusieurs points de mise \u00e0 la terre dans une usine de production. Ce syst\u00e8me peut comprendre plusieurs unit\u00e9s de contr\u00f4le, chacune d&rsquo;entre&#8230;<\/p>\n","protected":false},"author":1,"featured_media":0,"parent":19254,"menu_order":0,"comment_status":"closed","ping_status":"closed","template":"","meta":{"om_disable_all_campaigns":false,"_monsterinsights_skip_tracking":false,"_monsterinsights_sitenote_active":false,"_monsterinsights_sitenote_note":"","_monsterinsights_sitenote_category":0,"_uf_show_specific_survey":0,"_uf_disable_surveys":false,"footnotes":""},"class_list":["post-19273","page","type-page","status-publish","hentry"],"_links":{"self":[{"href":"https:\/\/www.logic-pavia.it\/fr\/wp-json\/wp\/v2\/pages\/19273","targetHints":{"allow":["GET"]}}],"collection":[{"href":"https:\/\/www.logic-pavia.it\/fr\/wp-json\/wp\/v2\/pages"}],"about":[{"href":"https:\/\/www.logic-pavia.it\/fr\/wp-json\/wp\/v2\/types\/page"}],"author":[{"embeddable":true,"href":"https:\/\/www.logic-pavia.it\/fr\/wp-json\/wp\/v2\/users\/1"}],"replies":[{"embeddable":true,"href":"https:\/\/www.logic-pavia.it\/fr\/wp-json\/wp\/v2\/comments?post=19273"}],"version-history":[{"count":11,"href":"https:\/\/www.logic-pavia.it\/fr\/wp-json\/wp\/v2\/pages\/19273\/revisions"}],"predecessor-version":[{"id":19948,"href":"https:\/\/www.logic-pavia.it\/fr\/wp-json\/wp\/v2\/pages\/19273\/revisions\/19948"}],"up":[{"embeddable":true,"href":"https:\/\/www.logic-pavia.it\/fr\/wp-json\/wp\/v2\/pages\/19254"}],"wp:attachment":[{"href":"https:\/\/www.logic-pavia.it\/fr\/wp-json\/wp\/v2\/media?parent=19273"}],"curies":[{"name":"wp","href":"https:\/\/api.w.org\/{rel}","templated":true}]}}