{"id":19270,"date":"2023-10-03T12:12:07","date_gmt":"2023-10-03T10:12:07","guid":{"rendered":"https:\/\/www.logic-pavia.it\/systemes-de-mise-a-la-terre-atex\/mise-a-la-terre-des-futs-et-des-ibc\/"},"modified":"2026-03-17T14:05:50","modified_gmt":"2026-03-17T13:05:50","slug":"mise-a-la-terre-des-futs-et-des-ibc","status":"publish","type":"page","link":"https:\/\/www.logic-pavia.it\/fr\/instrumentation-electronique\/systemes-de-mise-a-la-terre-atex\/mise-a-la-terre-des-futs-et-des-ibc\/","title":{"rendered":"Mise \u00e0 la terre des f\u00fbts et des IBC"},"content":{"rendered":"\t\t<div data-elementor-type=\"wp-page\" data-elementor-id=\"19270\" class=\"elementor elementor-19270 elementor-13796\" data-elementor-post-type=\"page\">\n\t\t\t\t\t\t<section class=\"elementor-section elementor-top-section elementor-element elementor-element-d56f6b8 elementor-section-boxed elementor-section-height-default elementor-section-height-default\" data-id=\"d56f6b8\" data-element_type=\"section\" data-e-type=\"section\">\n\t\t\t\t\t\t<div class=\"elementor-container elementor-column-gap-default\">\n\t\t\t\t\t<div class=\"elementor-column elementor-col-50 elementor-top-column elementor-element elementor-element-4f29a4a\" data-id=\"4f29a4a\" data-element_type=\"column\" data-e-type=\"column\">\n\t\t\t<div class=\"elementor-widget-wrap elementor-element-populated\">\n\t\t\t\t\t\t<div class=\"elementor-element elementor-element-72b05871 elementor-widget elementor-widget-image-carousel\" data-id=\"72b05871\" data-element_type=\"widget\" data-e-type=\"widget\" data-settings=\"{&quot;slides_to_show&quot;:&quot;1&quot;,&quot;navigation&quot;:&quot;dots&quot;,&quot;autoplay&quot;:&quot;yes&quot;,&quot;pause_on_hover&quot;:&quot;yes&quot;,&quot;pause_on_interaction&quot;:&quot;yes&quot;,&quot;autoplay_speed&quot;:5000,&quot;infinite&quot;:&quot;yes&quot;,&quot;effect&quot;:&quot;slide&quot;,&quot;speed&quot;:500}\" data-widget_type=\"image-carousel.default\">\n\t\t\t\t<div class=\"elementor-widget-container\">\n\t\t\t\t\t\t\t<div class=\"elementor-image-carousel-wrapper swiper\" role=\"region\" aria-roledescription=\"carousel\" aria-label=\"Carosello d&#039;immagini\" dir=\"ltr\">\n\t\t\t<div class=\"elementor-image-carousel swiper-wrapper\" aria-live=\"off\">\n\t\t\t\t\t\t\t\t<div class=\"swiper-slide\" role=\"group\" aria-roledescription=\"slide\" aria-label=\"1 sur 10\"><a data-elementor-open-lightbox=\"yes\" data-elementor-lightbox-slideshow=\"72b05871\" data-e-action-hash=\"#elementor-action%3Aaction%3Dlightbox%26settings%3DeyJpZCI6MTM4MTEsInVybCI6Imh0dHBzOlwvXC93d3cubG9naWMtcGF2aWEuaXRcL3dwLWNvbnRlbnRcL3VwbG9hZHNcL0lNRy0yMDIzMDIxNS1XQTAwMDcuanBnIiwic2xpZGVzaG93IjoiNzJiMDU4NzEifQ%3D%3D\" href=\"https:\/\/www.logic-pavia.it\/wp-content\/uploads\/IMG-20230215-WA0007.jpg\"><figure class=\"swiper-slide-inner\"><img decoding=\"async\" class=\"swiper-slide-image\" src=\"https:\/\/www.logic-pavia.it\/wp-content\/uploads\/IMG-20230215-WA0007.jpg\" alt=\"IMG-20230215-WA0007\" \/><\/figure><\/a><\/div><div class=\"swiper-slide\" role=\"group\" aria-roledescription=\"slide\" aria-label=\"2 sur 10\"><a data-elementor-open-lightbox=\"yes\" data-elementor-lightbox-slideshow=\"72b05871\" data-e-action-hash=\"#elementor-action%3Aaction%3Dlightbox%26settings%3DeyJpZCI6MTkyNTUsInVybCI6Imh0dHBzOlwvXC93d3cubG9naWMtcGF2aWEuaXRcL3dwLWNvbnRlbnRcL3VwbG9hZHNcL1BpbnphLUxFRC0xLmpwZyIsInNsaWRlc2hvdyI6IjcyYjA1ODcxIn0%3D\" href=\"https:\/\/www.logic-pavia.it\/wp-content\/uploads\/Pinza-LED-1.jpg\"><figure class=\"swiper-slide-inner\"><img decoding=\"async\" class=\"swiper-slide-image\" src=\"https:\/\/www.logic-pavia.it\/wp-content\/uploads\/Pinza-LED-1.jpg\" alt=\"Pinza di messa a terra ATEX con LED a bordo\" \/><\/figure><\/a><\/div><div class=\"swiper-slide\" role=\"group\" aria-roledescription=\"slide\" aria-label=\"3 sur 10\"><a data-elementor-open-lightbox=\"yes\" data-elementor-lightbox-slideshow=\"72b05871\" data-e-action-hash=\"#elementor-action%3Aaction%3Dlightbox%26settings%3DeyJpZCI6MTM4MDMsInVybCI6Imh0dHBzOlwvXC93d3cubG9naWMtcGF2aWEuaXRcL3dwLWNvbnRlbnRcL3VwbG9hZHNcL0NMUC1NSU5JLmpwZyIsInNsaWRlc2hvdyI6IjcyYjA1ODcxIn0%3D\" href=\"https:\/\/www.logic-pavia.it\/wp-content\/uploads\/CLP-MINI.jpg\"><figure class=\"swiper-slide-inner\"><img decoding=\"async\" class=\"swiper-slide-image\" src=\"https:\/\/www.logic-pavia.it\/wp-content\/uploads\/CLP-MINI.jpg\" alt=\"CLP-MINI\" \/><\/figure><\/a><\/div><div class=\"swiper-slide\" role=\"group\" aria-roledescription=\"slide\" aria-label=\"4 sur 10\"><a data-elementor-open-lightbox=\"yes\" data-elementor-lightbox-slideshow=\"72b05871\" data-e-action-hash=\"#elementor-action%3Aaction%3Dlightbox%26settings%3DeyJpZCI6MTM4MDQsInVybCI6Imh0dHBzOlwvXC93d3cubG9naWMtcGF2aWEuaXRcL3dwLWNvbnRlbnRcL3VwbG9hZHNcL0VDUy1SLURJTi0xLmpwZyIsInNsaWRlc2hvdyI6IjcyYjA1ODcxIn0%3D\" href=\"https:\/\/www.logic-pavia.it\/wp-content\/uploads\/ECS-R-DIN-1.jpg\"><figure class=\"swiper-slide-inner\"><img decoding=\"async\" class=\"swiper-slide-image\" src=\"https:\/\/www.logic-pavia.it\/wp-content\/uploads\/ECS-R-DIN-1.jpg\" alt=\"ECS-R-DIN\" \/><\/figure><\/a><\/div><div class=\"swiper-slide\" role=\"group\" aria-roledescription=\"slide\" aria-label=\"5 sur 10\"><a data-elementor-open-lightbox=\"yes\" data-elementor-lightbox-slideshow=\"72b05871\" data-e-action-hash=\"#elementor-action%3Aaction%3Dlightbox%26settings%3DeyJpZCI6MTM4MDUsInVybCI6Imh0dHBzOlwvXC93d3cubG9naWMtcGF2aWEuaXRcL3dwLWNvbnRlbnRcL3VwbG9hZHNcL0VDUy1SRi1TUDUtSVMxTC5qcGciLCJzbGlkZXNob3ciOiI3MmIwNTg3MSJ9\" href=\"https:\/\/www.logic-pavia.it\/wp-content\/uploads\/ECS-RF-SP5-IS1L.jpg\"><figure class=\"swiper-slide-inner\"><img decoding=\"async\" class=\"swiper-slide-image\" src=\"https:\/\/www.logic-pavia.it\/wp-content\/uploads\/ECS-RF-SP5-IS1L.jpg\" alt=\"ECS-RF-SP5-IS1L\" \/><\/figure><\/a><\/div><div class=\"swiper-slide\" role=\"group\" aria-roledescription=\"slide\" aria-label=\"6 sur 10\"><a data-elementor-open-lightbox=\"yes\" data-elementor-lightbox-slideshow=\"72b05871\" data-e-action-hash=\"#elementor-action%3Aaction%3Dlightbox%26settings%3DeyJpZCI6MTM4MDYsInVybCI6Imh0dHBzOlwvXC93d3cubG9naWMtcGF2aWEuaXRcL3dwLWNvbnRlbnRcL3VwbG9hZHNcL0lNR18yMDE4MDEwM18xMDU4MjUuanBnIiwic2xpZGVzaG93IjoiNzJiMDU4NzEifQ%3D%3D\" href=\"https:\/\/www.logic-pavia.it\/wp-content\/uploads\/IMG_20180103_105825.jpg\"><figure class=\"swiper-slide-inner\"><img decoding=\"async\" class=\"swiper-slide-image\" src=\"https:\/\/www.logic-pavia.it\/wp-content\/uploads\/IMG_20180103_105825.jpg\" alt=\"IMG_20180103_105825\" \/><\/figure><\/a><\/div><div class=\"swiper-slide\" role=\"group\" aria-roledescription=\"slide\" aria-label=\"7 sur 10\"><a data-elementor-open-lightbox=\"yes\" data-elementor-lightbox-slideshow=\"72b05871\" data-e-action-hash=\"#elementor-action%3Aaction%3Dlightbox%26settings%3DeyJpZCI6MTM4MDcsInVybCI6Imh0dHBzOlwvXC93d3cubG9naWMtcGF2aWEuaXRcL3dwLWNvbnRlbnRcL3VwbG9hZHNcL0lNR18yMDE4MTIxMl8xNDA0MzUuanBnIiwic2xpZGVzaG93IjoiNzJiMDU4NzEifQ%3D%3D\" href=\"https:\/\/www.logic-pavia.it\/wp-content\/uploads\/IMG_20181212_140435.jpg\"><figure class=\"swiper-slide-inner\"><img decoding=\"async\" class=\"swiper-slide-image\" src=\"https:\/\/www.logic-pavia.it\/wp-content\/uploads\/IMG_20181212_140435.jpg\" alt=\"IMG_20181212_140435\" \/><\/figure><\/a><\/div><div class=\"swiper-slide\" role=\"group\" aria-roledescription=\"slide\" aria-label=\"8 sur 10\"><a data-elementor-open-lightbox=\"yes\" data-elementor-lightbox-slideshow=\"72b05871\" data-e-action-hash=\"#elementor-action%3Aaction%3Dlightbox%26settings%3DeyJpZCI6MTM4MDgsInVybCI6Imh0dHBzOlwvXC93d3cubG9naWMtcGF2aWEuaXRcL3dwLWNvbnRlbnRcL3VwbG9hZHNcL0lNR18yMDIxMDUxMV8xODExNDEuanBnIiwic2xpZGVzaG93IjoiNzJiMDU4NzEifQ%3D%3D\" href=\"https:\/\/www.logic-pavia.it\/wp-content\/uploads\/IMG_20210511_181141.jpg\"><figure class=\"swiper-slide-inner\"><img decoding=\"async\" class=\"swiper-slide-image\" src=\"https:\/\/www.logic-pavia.it\/wp-content\/uploads\/IMG_20210511_181141.jpg\" alt=\"IMG_20210511_181141\" \/><\/figure><\/a><\/div><div class=\"swiper-slide\" role=\"group\" aria-roledescription=\"slide\" aria-label=\"9 sur 10\"><a data-elementor-open-lightbox=\"yes\" data-elementor-lightbox-slideshow=\"72b05871\" data-e-action-hash=\"#elementor-action%3Aaction%3Dlightbox%26settings%3DeyJpZCI6MTM4MDksInVybCI6Imh0dHBzOlwvXC93d3cubG9naWMtcGF2aWEuaXRcL3dwLWNvbnRlbnRcL3VwbG9hZHNcL0lNR18yMDIyMDcxM18xNjE2MzIuanBnIiwic2xpZGVzaG93IjoiNzJiMDU4NzEifQ%3D%3D\" href=\"https:\/\/www.logic-pavia.it\/wp-content\/uploads\/IMG_20220713_161632.jpg\"><figure class=\"swiper-slide-inner\"><img decoding=\"async\" class=\"swiper-slide-image\" src=\"https:\/\/www.logic-pavia.it\/wp-content\/uploads\/IMG_20220713_161632.jpg\" alt=\"IMG_20220713_161632\" \/><\/figure><\/a><\/div><div class=\"swiper-slide\" role=\"group\" aria-roledescription=\"slide\" aria-label=\"10 sur 10\"><a data-elementor-open-lightbox=\"yes\" data-elementor-lightbox-slideshow=\"72b05871\" data-e-action-hash=\"#elementor-action%3Aaction%3Dlightbox%26settings%3DeyJpZCI6MTM4MTAsInVybCI6Imh0dHBzOlwvXC93d3cubG9naWMtcGF2aWEuaXRcL3dwLWNvbnRlbnRcL3VwbG9hZHNcL0lNR18yMDIyMDcxM18xNjE3NDMuanBnIiwic2xpZGVzaG93IjoiNzJiMDU4NzEifQ%3D%3D\" href=\"https:\/\/www.logic-pavia.it\/wp-content\/uploads\/IMG_20220713_161743.jpg\"><figure class=\"swiper-slide-inner\"><img decoding=\"async\" class=\"swiper-slide-image\" src=\"https:\/\/www.logic-pavia.it\/wp-content\/uploads\/IMG_20220713_161743.jpg\" alt=\"IMG_20220713_161743\" \/><\/figure><\/a><\/div>\t\t\t<\/div>\n\t\t\t\t\t\t\t\n\t\t\t\t\t\t\t\t\t<div class=\"swiper-pagination\"><\/div>\n\t\t\t\t\t\t\t\t\t<\/div>\n\t\t\t\t\t\t<\/div>\n\t\t\t\t<\/div>\n\t\t\t\t\t<\/div>\n\t\t<\/div>\n\t\t\t\t<div class=\"elementor-column elementor-col-50 elementor-top-column elementor-element elementor-element-4b13763\" data-id=\"4b13763\" data-element_type=\"column\" data-e-type=\"column\">\n\t\t\t<div class=\"elementor-widget-wrap elementor-element-populated\">\n\t\t\t\t\t\t<div class=\"elementor-element elementor-element-2a1bf184 elementor-widget elementor-widget-heading\" data-id=\"2a1bf184\" data-element_type=\"widget\" data-e-type=\"widget\" data-widget_type=\"heading.default\">\n\t\t\t\t<div class=\"elementor-widget-container\">\n\t\t\t\t\t<h1 class=\"elementor-heading-title elementor-size-default\">Mise \u00e0 la terre des f\u00fbts et des IBC<\/h1>\t\t\t\t<\/div>\n\t\t\t\t<\/div>\n\t\t\t\t<div class=\"elementor-element elementor-element-b54554a elementor-widget elementor-widget-text-editor\" data-id=\"b54554a\" data-element_type=\"widget\" data-e-type=\"widget\" data-widget_type=\"text-editor.default\">\n\t\t\t\t<div class=\"elementor-widget-container\">\n\t\t\t\t\t\t\t\t\t<p>Dans les processus de production o\u00f9 des f\u00fbts, des r\u00e9servoirs et des GRV sont utilis\u00e9s pour le stockage et le transfert de substances susceptibles de cr\u00e9er une atmosph\u00e8re explosive ou inflammable, il est essentiel d&#8217;emp\u00eacher l&rsquo;accumulation d&rsquo;\u00e9lectricit\u00e9 statique.<\/p><p>Une mise \u00e0 la terre correcte du conteneur est donc n\u00e9cessaire avant le d\u00e9but de tout transfert.<\/p><p>Les syst\u00e8mes de la gamme ECS-R sont con\u00e7us \u00e0 cet effet. Ils dissipent efficacement l&rsquo;\u00e9lectricit\u00e9 statique qui peut s&rsquo;accumuler au cours du processus, tout en assurant une mise \u00e0 la terre dont la r\u00e9sistance est inf\u00e9rieure \u00e0 10 \u03a9 au fil du temps.<\/p><p>La pince de serrage CLPM est sp\u00e9cialement con\u00e7ue pour raccorder les f\u00fbts, avec une force de serrage \u00e9lev\u00e9e et une pointe de contact n\u00e9cessaire pour percer la couche superficielle de la peinture; elle est particuli\u00e8rement compacte et facile \u00e0 manipuler dans le cadre d&rsquo;une utilisation quotidienne.<\/p><p><strong>Il est \u00e9galement possible d&rsquo;utiliser la pince IS1L, \u00e9quip\u00e9e de diodes \u00e9lectroluminescentes qui informent l&rsquo;op\u00e9rateur \u00e0 tout moment de la connexion correcte et efficace de la mise \u00e0 la terre.<\/strong><br><br><\/p>\t\t\t\t\t\t\t\t<\/div>\n\t\t\t\t<\/div>\n\t\t\t\t<div class=\"elementor-element elementor-element-4259be5 elementor-widget elementor-widget-accordion\" data-id=\"4259be5\" data-element_type=\"widget\" data-e-type=\"widget\" data-widget_type=\"accordion.default\">\n\t\t\t\t<div class=\"elementor-widget-container\">\n\t\t\t\t\t\t\t<div class=\"elementor-accordion\">\n\t\t\t\t\t\t\t<div class=\"elementor-accordion-item\">\n\t\t\t\t\t<div id=\"elementor-tab-title-6951\" class=\"elementor-tab-title\" data-tab=\"1\" role=\"button\" aria-controls=\"elementor-tab-content-6951\" aria-expanded=\"false\">\n\t\t\t\t\t\t\t\t\t\t\t\t\t<span class=\"elementor-accordion-icon elementor-accordion-icon-left\" aria-hidden=\"true\">\n\t\t\t\t\t\t\t\t\t\t\t\t\t\t\t<span class=\"elementor-accordion-icon-closed\"><i class=\"fas fa-plus\"><\/i><\/span>\n\t\t\t\t\t\t\t\t<span class=\"elementor-accordion-icon-opened\"><i class=\"fas fa-minus\"><\/i><\/span>\n\t\t\t\t\t\t\t\t\t\t\t\t\t\t<\/span>\n\t\t\t\t\t\t\t\t\t\t\t\t<a class=\"elementor-accordion-title\" tabindex=\"0\">SYST\u00c8MES DE SURVEILLANCE<\/a>\n\t\t\t\t\t<\/div>\n\t\t\t\t\t<div id=\"elementor-tab-content-6951\" class=\"elementor-tab-content elementor-clearfix\" data-tab=\"1\" role=\"region\" aria-labelledby=\"elementor-tab-title-6951\"><p>Dans les proc\u00e9d\u00e9s de production o\u00f9 des f\u00fbts, cuves, conteneurs IBC et r\u00e9servoirs sont<br \/>utilis\u00e9s pour le stockage et le transfert de substances pouvant cr\u00e9er une atmosph\u00e8re<br \/>explosive ou inflammable, il est essentiel de pr\u00e9venir l\u2019accumulation d\u2019\u00e9lectricit\u00e9 statique.<\/p>\n<p>Avant de d\u00e9marrer toute op\u00e9ration de transfert, il est donc n\u00e9cessaire d\u2019effectuer une mise \u00e0 la terre correcte du conteneur.<\/p>\n<p>Les syst\u00e8mes de la gamme ECS-R ont \u00e9t\u00e9 con\u00e7us dans ce but: ils dissipent efficacement l\u2019\u00e9lectricit\u00e9 statique pouvant s\u2019accumuler pendant le processus, garantissant dans le temps une connexion de mise \u00e0 la terre avec une r\u00e9sistance inf\u00e9rieure \u00e0 10 \u03a9.<\/p>\n<p>La pince CLPM a \u00e9t\u00e9 sp\u00e9cialement con\u00e7ue pour la connexion des f\u00fbts. Elle se caract\u00e9rise par une force de serrage \u00e9lev\u00e9e et par une conception des pointes de contact permettant de percer la couche superficielle de peinture. Elle est particuli\u00e8rement compacte et facile \u00e0 manipuler lors d\u2019une utilisation quotidienne.<\/p>\n<p>En alternative, la pince IS1L est disponible. Elle est \u00e9quip\u00e9e de LED qui informent \u00e0 tout moment l\u2019op\u00e9rateur du bon et effectif raccordement \u00e0 la terre.<\/p>\n<\/div>\n\t\t\t\t<\/div>\n\t\t\t\t\t\t\t<div class=\"elementor-accordion-item\">\n\t\t\t\t\t<div id=\"elementor-tab-title-6952\" class=\"elementor-tab-title\" data-tab=\"2\" role=\"button\" aria-controls=\"elementor-tab-content-6952\" aria-expanded=\"false\">\n\t\t\t\t\t\t\t\t\t\t\t\t\t<span class=\"elementor-accordion-icon elementor-accordion-icon-left\" aria-hidden=\"true\">\n\t\t\t\t\t\t\t\t\t\t\t\t\t\t\t<span class=\"elementor-accordion-icon-closed\"><i class=\"fas fa-plus\"><\/i><\/span>\n\t\t\t\t\t\t\t\t<span class=\"elementor-accordion-icon-opened\"><i class=\"fas fa-minus\"><\/i><\/span>\n\t\t\t\t\t\t\t\t\t\t\t\t\t\t<\/span>\n\t\t\t\t\t\t\t\t\t\t\t\t<a class=\"elementor-accordion-title\" tabindex=\"0\">ACCESSOIRES<\/a>\n\t\t\t\t\t<\/div>\n\t\t\t\t\t<div id=\"elementor-tab-content-6952\" class=\"elementor-tab-content elementor-clearfix\" data-tab=\"2\" role=\"region\" aria-labelledby=\"elementor-tab-title-6952\"><p>Pour g\u00e9rer la flexibilit\u00e9 et l&rsquo;adaptabilit\u00e9 maximales du syst\u00e8me de mise \u00e0 la terre Logic IS1L et CLPM, vous pouvez choisir parmi les accessoires suivants: <\/p>\n<ul>\n<li>CAB-ECS C\u00e2ble d&rsquo;extension \u00e9lectrique<\/li>\n<li>CR20 Enrouleur de c\u00e2ble avec c\u00e2ble extensible jusqu&rsquo;\u00e0 20 m\u00e8tres<\/li>\n<li>SP5\/SP10 C\u00e2ble spiral\u00e9 5\/10 mt<\/li>\n<li>Bo\u00eete \u00e9lectrique ECS-MULTI adapt\u00e9e \u00e0 l&rsquo;installation de syst\u00e8mes de surveillance MDC<\/li>\n<\/ul>\n<\/div>\n\t\t\t\t<\/div>\n\t\t\t\t\t\t\t\t<\/div>\n\t\t\t\t\t\t<\/div>\n\t\t\t\t<\/div>\n\t\t\t\t<div class=\"elementor-element elementor-element-623c104 elementor-widget elementor-widget-industrium_button\" data-id=\"623c104\" data-element_type=\"widget\" data-e-type=\"widget\" data-widget_type=\"industrium_button.default\">\n\t\t\t\t<div class=\"elementor-widget-container\">\n\t\t\t\t\t\n        <div class=\"button-widget\">\n            <div class=\"button-container\">\n                <a class=\"industrium-button button-type-2\" href=\"https:\/\/www.logic-pavia.it\/wp-content\/uploads\/APP-Mise-a-la-terre-des-futs-et-des-IBC.pdf\" target=\"_blank\">\n                    <span class=\"industrium-button-text\">Datasheet<\/span>                    \n                <\/a>\n            <\/div>\n        <\/div>\n        \t\t\t\t<\/div>\n\t\t\t\t<\/div>\n\t\t\t\t\t<\/div>\n\t\t<\/div>\n\t\t\t\t\t<\/div>\n\t\t<\/section>\n\t\t\t\t<section class=\"elementor-section elementor-top-section elementor-element elementor-element-4a1a69fd elementor-section-stretched elementor-section-boxed elementor-section-height-default elementor-section-height-default\" data-id=\"4a1a69fd\" data-element_type=\"section\" data-e-type=\"section\" data-settings=\"{&quot;stretch_section&quot;:&quot;section-stretched&quot;,&quot;background_background&quot;:&quot;classic&quot;}\">\n\t\t\t\t\t\t<div class=\"elementor-container elementor-column-gap-default\">\n\t\t\t\t\t<div class=\"elementor-column elementor-col-100 elementor-top-column elementor-element elementor-element-1c7a3b47\" data-id=\"1c7a3b47\" data-element_type=\"column\" data-e-type=\"column\">\n\t\t\t<div class=\"elementor-widget-wrap elementor-element-populated\">\n\t\t\t\t\t\t<div class=\"elementor-element elementor-element-267d255a elementor-widget elementor-widget-html\" data-id=\"267d255a\" data-element_type=\"widget\" data-e-type=\"widget\" data-widget_type=\"html.default\">\n\t\t\t\t<div class=\"elementor-widget-container\">\n\t\t\t\t\t<iframe frameborder=\"0\" style=\"height:500px;width:99%;border:none;\" src=\"https:\/\/forms.zohopublic.eu\/logicsrl\/form\/RICHIEDIINFORMAZIONI1\/formperma\/GFGgABm8ch2dudHfISjBbWrEW2ygIC48TFGLqxp18Uw\"><\/iframe>\t\t\t\t<\/div>\n\t\t\t\t<\/div>\n\t\t\t\t\t<\/div>\n\t\t<\/div>\n\t\t\t\t\t<\/div>\n\t\t<\/section>\n\t\t\t\t<\/div>\n\t\t","protected":false},"excerpt":{"rendered":"<p>Dans les processus de production o\u00f9 des f\u00fbts, des r\u00e9servoirs et des GRV sont utilis\u00e9s pour le stockage et le transfert de substances susceptibles de cr\u00e9er une atmosph\u00e8re explosive ou inflammable, il est essentiel d&#8217;emp\u00eacher l&rsquo;accumulation d&rsquo;\u00e9lectricit\u00e9 statique. Une mise \u00e0&#8230;<\/p>\n","protected":false},"author":1,"featured_media":0,"parent":19254,"menu_order":0,"comment_status":"closed","ping_status":"closed","template":"","meta":{"om_disable_all_campaigns":false,"_monsterinsights_skip_tracking":false,"_monsterinsights_sitenote_active":false,"_monsterinsights_sitenote_note":"","_monsterinsights_sitenote_category":0,"_uf_show_specific_survey":0,"_uf_disable_surveys":false,"footnotes":""},"class_list":["post-19270","page","type-page","status-publish","hentry"],"_links":{"self":[{"href":"https:\/\/www.logic-pavia.it\/fr\/wp-json\/wp\/v2\/pages\/19270","targetHints":{"allow":["GET"]}}],"collection":[{"href":"https:\/\/www.logic-pavia.it\/fr\/wp-json\/wp\/v2\/pages"}],"about":[{"href":"https:\/\/www.logic-pavia.it\/fr\/wp-json\/wp\/v2\/types\/page"}],"author":[{"embeddable":true,"href":"https:\/\/www.logic-pavia.it\/fr\/wp-json\/wp\/v2\/users\/1"}],"replies":[{"embeddable":true,"href":"https:\/\/www.logic-pavia.it\/fr\/wp-json\/wp\/v2\/comments?post=19270"}],"version-history":[{"count":17,"href":"https:\/\/www.logic-pavia.it\/fr\/wp-json\/wp\/v2\/pages\/19270\/revisions"}],"predecessor-version":[{"id":19941,"href":"https:\/\/www.logic-pavia.it\/fr\/wp-json\/wp\/v2\/pages\/19270\/revisions\/19941"}],"up":[{"embeddable":true,"href":"https:\/\/www.logic-pavia.it\/fr\/wp-json\/wp\/v2\/pages\/19254"}],"wp:attachment":[{"href":"https:\/\/www.logic-pavia.it\/fr\/wp-json\/wp\/v2\/media?parent=19270"}],"curies":[{"name":"wp","href":"https:\/\/api.w.org\/{rel}","templated":true}]}}