{"id":19267,"date":"2023-10-03T12:18:52","date_gmt":"2023-10-03T10:18:52","guid":{"rendered":"https:\/\/www.logic-pavia.it\/systemes-de-mise-a-la-terre-atex\/big-bag-fibc-type-c\/"},"modified":"2026-03-17T14:03:45","modified_gmt":"2026-03-17T13:03:45","slug":"big-bag-fibc-type-c","status":"publish","type":"page","link":"https:\/\/www.logic-pavia.it\/fr\/instrumentation-electronique\/systemes-de-mise-a-la-terre-atex\/big-bag-fibc-type-c\/","title":{"rendered":"Big-bag fibc type c"},"content":{"rendered":"\t\t<div data-elementor-type=\"wp-page\" data-elementor-id=\"19267\" class=\"elementor elementor-19267 elementor-13816\" data-elementor-post-type=\"page\">\n\t\t\t\t\t\t<section class=\"elementor-section elementor-top-section elementor-element elementor-element-469ff26 elementor-section-boxed elementor-section-height-default elementor-section-height-default\" data-id=\"469ff26\" data-element_type=\"section\" data-e-type=\"section\">\n\t\t\t\t\t\t<div class=\"elementor-container elementor-column-gap-default\">\n\t\t\t\t\t<div class=\"elementor-column elementor-col-50 elementor-top-column elementor-element elementor-element-a630b37\" data-id=\"a630b37\" data-element_type=\"column\" data-e-type=\"column\">\n\t\t\t<div class=\"elementor-widget-wrap elementor-element-populated\">\n\t\t\t\t\t\t<div class=\"elementor-element elementor-element-29850656 elementor-widget elementor-widget-image-carousel\" data-id=\"29850656\" data-element_type=\"widget\" data-e-type=\"widget\" data-settings=\"{&quot;slides_to_show&quot;:&quot;1&quot;,&quot;navigation&quot;:&quot;dots&quot;,&quot;autoplay&quot;:&quot;yes&quot;,&quot;pause_on_hover&quot;:&quot;yes&quot;,&quot;pause_on_interaction&quot;:&quot;yes&quot;,&quot;autoplay_speed&quot;:5000,&quot;infinite&quot;:&quot;yes&quot;,&quot;effect&quot;:&quot;slide&quot;,&quot;speed&quot;:500}\" data-widget_type=\"image-carousel.default\">\n\t\t\t\t<div class=\"elementor-widget-container\">\n\t\t\t\t\t\t\t<div class=\"elementor-image-carousel-wrapper swiper\" role=\"region\" aria-roledescription=\"carousel\" aria-label=\"Carrousel d\u2019images\" dir=\"ltr\">\n\t\t\t<div class=\"elementor-image-carousel swiper-wrapper\" aria-live=\"off\">\n\t\t\t\t\t\t\t\t<div class=\"swiper-slide\" role=\"group\" aria-roledescription=\"slide\" aria-label=\"1 sur 5\"><a data-elementor-open-lightbox=\"yes\" data-elementor-lightbox-slideshow=\"29850656\" data-e-action-hash=\"#elementor-action%3Aaction%3Dlightbox%26settings%3DeyJpZCI6MTM4MjIsInVybCI6Imh0dHBzOlwvXC93d3cubG9naWMtcGF2aWEuaXRcL3dwLWNvbnRlbnRcL3VwbG9hZHNcLzIwMjIwNTI0XzA5MzcxNC5qcGciLCJzbGlkZXNob3ciOiIyOTg1MDY1NiJ9\" href=\"https:\/\/www.logic-pavia.it\/wp-content\/uploads\/20220524_093714.jpg\"><figure class=\"swiper-slide-inner\"><img decoding=\"async\" class=\"swiper-slide-image\" src=\"https:\/\/www.logic-pavia.it\/wp-content\/uploads\/20220524_093714.jpg\" alt=\"20220524_093714\" \/><\/figure><\/a><\/div><div class=\"swiper-slide\" role=\"group\" aria-roledescription=\"slide\" aria-label=\"2 sur 5\"><a data-elementor-open-lightbox=\"yes\" data-elementor-lightbox-slideshow=\"29850656\" data-e-action-hash=\"#elementor-action%3Aaction%3Dlightbox%26settings%3DeyJpZCI6MTM4MjMsInVybCI6Imh0dHBzOlwvXC93d3cubG9naWMtcGF2aWEuaXRcL3dwLWNvbnRlbnRcL3VwbG9hZHNcLzIwMjIwNTI0XzA5MzczMy5qcGciLCJzbGlkZXNob3ciOiIyOTg1MDY1NiJ9\" href=\"https:\/\/www.logic-pavia.it\/wp-content\/uploads\/20220524_093733.jpg\"><figure class=\"swiper-slide-inner\"><img decoding=\"async\" class=\"swiper-slide-image\" src=\"https:\/\/www.logic-pavia.it\/wp-content\/uploads\/20220524_093733.jpg\" alt=\"20220524_093733\" \/><\/figure><\/a><\/div><div class=\"swiper-slide\" role=\"group\" aria-roledescription=\"slide\" aria-label=\"3 sur 5\"><a data-elementor-open-lightbox=\"yes\" data-elementor-lightbox-slideshow=\"29850656\" data-e-action-hash=\"#elementor-action%3Aaction%3Dlightbox%26settings%3DeyJpZCI6MTM4MjQsInVybCI6Imh0dHBzOlwvXC93d3cubG9naWMtcGF2aWEuaXRcL3dwLWNvbnRlbnRcL3VwbG9hZHNcLzIwMjIwNTI0XzA5Mzc0NS5qcGciLCJzbGlkZXNob3ciOiIyOTg1MDY1NiJ9\" href=\"https:\/\/www.logic-pavia.it\/wp-content\/uploads\/20220524_093745.jpg\"><figure class=\"swiper-slide-inner\"><img decoding=\"async\" class=\"swiper-slide-image\" src=\"https:\/\/www.logic-pavia.it\/wp-content\/uploads\/20220524_093745.jpg\" alt=\"20220524_093745\" \/><\/figure><\/a><\/div><div class=\"swiper-slide\" role=\"group\" aria-roledescription=\"slide\" aria-label=\"4 sur 5\"><a data-elementor-open-lightbox=\"yes\" data-elementor-lightbox-slideshow=\"29850656\" data-e-action-hash=\"#elementor-action%3Aaction%3Dlightbox%26settings%3DeyJpZCI6MTM4MjUsInVybCI6Imh0dHBzOlwvXC93d3cubG9naWMtcGF2aWEuaXRcL3dwLWNvbnRlbnRcL3VwbG9hZHNcLzIwMjIwNTI0XzE1NDgyMi5qcGciLCJzbGlkZXNob3ciOiIyOTg1MDY1NiJ9\" href=\"https:\/\/www.logic-pavia.it\/wp-content\/uploads\/20220524_154822.jpg\"><figure class=\"swiper-slide-inner\"><img decoding=\"async\" class=\"swiper-slide-image\" src=\"https:\/\/www.logic-pavia.it\/wp-content\/uploads\/20220524_154822.jpg\" alt=\"20220524_154822\" \/><\/figure><\/a><\/div><div class=\"swiper-slide\" role=\"group\" aria-roledescription=\"slide\" aria-label=\"5 sur 5\"><a data-elementor-open-lightbox=\"yes\" data-elementor-lightbox-slideshow=\"29850656\" data-e-action-hash=\"#elementor-action%3Aaction%3Dlightbox%26settings%3DeyJpZCI6MTM4MjYsInVybCI6Imh0dHBzOlwvXC93d3cubG9naWMtcGF2aWEuaXRcL3dwLWNvbnRlbnRcL3VwbG9hZHNcL0NMUC1GSUJDLmpwZyIsInNsaWRlc2hvdyI6IjI5ODUwNjU2In0%3D\" href=\"https:\/\/www.logic-pavia.it\/wp-content\/uploads\/CLP-FIBC.jpg\"><figure class=\"swiper-slide-inner\"><img decoding=\"async\" class=\"swiper-slide-image\" src=\"https:\/\/www.logic-pavia.it\/wp-content\/uploads\/CLP-FIBC.jpg\" alt=\"CLP-FIBC\" \/><\/figure><\/a><\/div>\t\t\t<\/div>\n\t\t\t\t\t\t\t\n\t\t\t\t\t\t\t\t\t<div class=\"swiper-pagination\"><\/div>\n\t\t\t\t\t\t\t\t\t<\/div>\n\t\t\t\t\t\t<\/div>\n\t\t\t\t<\/div>\n\t\t\t\t\t<\/div>\n\t\t<\/div>\n\t\t\t\t<div class=\"elementor-column elementor-col-50 elementor-top-column elementor-element elementor-element-3ba5209\" data-id=\"3ba5209\" data-element_type=\"column\" data-e-type=\"column\">\n\t\t\t<div class=\"elementor-widget-wrap elementor-element-populated\">\n\t\t\t\t\t\t<div class=\"elementor-element elementor-element-38e3f5f0 elementor-widget elementor-widget-heading\" data-id=\"38e3f5f0\" data-element_type=\"widget\" data-e-type=\"widget\" data-widget_type=\"heading.default\">\n\t\t\t\t<div class=\"elementor-widget-container\">\n\t\t\t\t\t<h1 class=\"elementor-heading-title elementor-size-default\">Big-bag fibc type c<\/h1>\t\t\t\t<\/div>\n\t\t\t\t<\/div>\n\t\t\t\t<div class=\"elementor-element elementor-element-e8051b3 elementor-widget elementor-widget-text-editor\" data-id=\"e8051b3\" data-element_type=\"widget\" data-e-type=\"widget\" data-widget_type=\"text-editor.default\">\n\t\t\t\t<div class=\"elementor-widget-container\">\n\t\t\t\t\t\t\t\t\t<p>Pour garantir une manipulation s\u00fbre et efficace lors des op\u00e9rations de chargement\/d\u00e9chargement d&rsquo;un Big Bag FIBC de type C potentiellement inflammable ou susceptible de cr\u00e9er une atmosph\u00e8re explosive, il est essentiel d&#8217;emp\u00eacher l&rsquo;accumulation d&rsquo;\u00e9lectricit\u00e9 statique.<br>Par cons\u00e9quent, une mise \u00e0 la terre ad\u00e9quate du Big Bag sera n\u00e9cessaire avant tout traitement.<\/p><p>Le syst\u00e8me Logic ECS-R-FIBC est sp\u00e9cialement con\u00e7u \u00e0 cet effet, dissipant efficacement toute \u00e9lectricit\u00e9 statique susceptible de s&rsquo;accumuler et garantissant une connexion de mise \u00e0 la terre avec une r\u00e9sistivit\u00e9 de fen\u00eatre entre 3 \u03a9 et 10 M\u03a9 au fil du temps afin de v\u00e9rifier \u00e9galement son int\u00e9grit\u00e9.<\/p><p>La pince Logic CLP-FIBC est con\u00e7ue pour assurer une efficacit\u00e9 maximale de la connexion aux languettes conductrices du Big-bag. En utilisant la solution de double pince, il est possible de v\u00e9rifier non seulement la connexion \u00e0 la terre, mais aussi l&rsquo;int\u00e9grit\u00e9 de la grille conductrice du Big-bag lui-m\u00eame. <\/p>\t\t\t\t\t\t\t\t<\/div>\n\t\t\t\t<\/div>\n\t\t\t\t<div class=\"elementor-element elementor-element-5da57a1 elementor-widget elementor-widget-accordion\" data-id=\"5da57a1\" data-element_type=\"widget\" data-e-type=\"widget\" data-widget_type=\"accordion.default\">\n\t\t\t\t<div class=\"elementor-widget-container\">\n\t\t\t\t\t\t\t<div class=\"elementor-accordion\">\n\t\t\t\t\t\t\t<div class=\"elementor-accordion-item\">\n\t\t\t\t\t<div id=\"elementor-tab-title-9811\" class=\"elementor-tab-title\" data-tab=\"1\" role=\"button\" aria-controls=\"elementor-tab-content-9811\" aria-expanded=\"false\">\n\t\t\t\t\t\t\t\t\t\t\t\t\t<span class=\"elementor-accordion-icon elementor-accordion-icon-left\" aria-hidden=\"true\">\n\t\t\t\t\t\t\t\t\t\t\t\t\t\t\t<span class=\"elementor-accordion-icon-closed\"><i class=\"fas fa-plus\"><\/i><\/span>\n\t\t\t\t\t\t\t\t<span class=\"elementor-accordion-icon-opened\"><i class=\"fas fa-minus\"><\/i><\/span>\n\t\t\t\t\t\t\t\t\t\t\t\t\t\t<\/span>\n\t\t\t\t\t\t\t\t\t\t\t\t<a class=\"elementor-accordion-title\" tabindex=\"0\">SYST\u00c8MES DE SURVEILLANCE<\/a>\n\t\t\t\t\t<\/div>\n\t\t\t\t\t<div id=\"elementor-tab-content-9811\" class=\"elementor-tab-content elementor-clearfix\" data-tab=\"1\" role=\"region\" aria-labelledby=\"elementor-tab-title-9811\"><p>Les appareils de la gamme ECS-R se composent d&rsquo;un syst\u00e8me de surveillance \u00e9lectronique avec un niveau d&rsquo;int\u00e9grit\u00e9 SIL2 \u00e0 combiner avec la pince Logic CLP-FIBC.<br \/>Gr\u00e2ce \u00e0 l&rsquo;\u00e9lectronique int\u00e9gr\u00e9e du dispositif, il est possible d&rsquo;effectuer une surveillance dynamique et constante de la mise \u00e0 la terre pendant les op\u00e9rations de chargement\/d\u00e9chargement des wagons-citernes. Ce syst\u00e8me est capable de d\u00e9tecter une r\u00e9sistance inf\u00e9rieure \u00e0 10 \u03a9 et, si les valeurs de s\u00e9curit\u00e9 ne sont pas respect\u00e9es, il arr\u00eate imm\u00e9diatement le processus et avertit l&rsquo;op\u00e9rateur. <\/p>\n<p>La gamme comprend diff\u00e9rentes solutions qui peuvent \u00eatre install\u00e9es en Zone 1\/21, en Zone 2\/22 ou \u00e0 l&rsquo;int\u00e9rieur d&rsquo;une armoire \u00e9lectrique mont\u00e9e directement sur un rail DIN (Safe Area).<\/p>\n<\/div>\n\t\t\t\t<\/div>\n\t\t\t\t\t\t\t<div class=\"elementor-accordion-item\">\n\t\t\t\t\t<div id=\"elementor-tab-title-9812\" class=\"elementor-tab-title\" data-tab=\"2\" role=\"button\" aria-controls=\"elementor-tab-content-9812\" aria-expanded=\"false\">\n\t\t\t\t\t\t\t\t\t\t\t\t\t<span class=\"elementor-accordion-icon elementor-accordion-icon-left\" aria-hidden=\"true\">\n\t\t\t\t\t\t\t\t\t\t\t\t\t\t\t<span class=\"elementor-accordion-icon-closed\"><i class=\"fas fa-plus\"><\/i><\/span>\n\t\t\t\t\t\t\t\t<span class=\"elementor-accordion-icon-opened\"><i class=\"fas fa-minus\"><\/i><\/span>\n\t\t\t\t\t\t\t\t\t\t\t\t\t\t<\/span>\n\t\t\t\t\t\t\t\t\t\t\t\t<a class=\"elementor-accordion-title\" tabindex=\"0\">ACCESSOIRES<\/a>\n\t\t\t\t\t<\/div>\n\t\t\t\t\t<div id=\"elementor-tab-content-9812\" class=\"elementor-tab-content elementor-clearfix\" data-tab=\"2\" role=\"region\" aria-labelledby=\"elementor-tab-title-9812\"><p>Pour g\u00e9rer la flexibilit\u00e9 et l&rsquo;adaptabilit\u00e9 maximales du syst\u00e8me de mise \u00e0 la terre Logic ECS-RF-FIBC, vous pouvez choisir parmi les accessoires suivants: <\/p>\n<ul>\n<li>CAB-ECS-6C1.0 C\u00e2ble d&rsquo;extension \u00e9lectrique<\/li>\n<li>Bo\u00eete \u00e9lectrique ECS-MULTI adapt\u00e9e \u00e0 l&rsquo;installation de syst\u00e8mes de surveillance MDC<\/li>\n<li>JBL Bo\u00eete de jonction \u00e9quip\u00e9e de LED (vertes et rouges) \u00e0 bord<\/li>\n<\/ul>\n<\/div>\n\t\t\t\t<\/div>\n\t\t\t\t\t\t\t\t<\/div>\n\t\t\t\t\t\t<\/div>\n\t\t\t\t<\/div>\n\t\t\t\t<div class=\"elementor-element elementor-element-6369820e elementor-widget elementor-widget-industrium_button\" data-id=\"6369820e\" data-element_type=\"widget\" data-e-type=\"widget\" data-widget_type=\"industrium_button.default\">\n\t\t\t\t<div class=\"elementor-widget-container\">\n\t\t\t\t\t\n        <div class=\"button-widget\">\n            <div class=\"button-container\">\n                <a class=\"industrium-button button-type-2\" href=\"https:\/\/www.logic-pavia.it\/wp-content\/uploads\/APP-Mise-a-la-terre-Big-bag.pdf\" target=\"_blank\">\n                    <span class=\"industrium-button-text\">Datasheet<\/span>                    \n                <\/a>\n            <\/div>\n        <\/div>\n        \t\t\t\t<\/div>\n\t\t\t\t<\/div>\n\t\t\t\t\t<\/div>\n\t\t<\/div>\n\t\t\t\t\t<\/div>\n\t\t<\/section>\n\t\t\t\t<section class=\"elementor-section elementor-top-section elementor-element elementor-element-5150d437 elementor-section-stretched elementor-section-boxed elementor-section-height-default elementor-section-height-default\" data-id=\"5150d437\" data-element_type=\"section\" data-e-type=\"section\" data-settings=\"{&quot;stretch_section&quot;:&quot;section-stretched&quot;,&quot;background_background&quot;:&quot;classic&quot;}\">\n\t\t\t\t\t\t<div class=\"elementor-container elementor-column-gap-default\">\n\t\t\t\t\t<div class=\"elementor-column elementor-col-100 elementor-top-column elementor-element elementor-element-48c4395f\" data-id=\"48c4395f\" data-element_type=\"column\" data-e-type=\"column\">\n\t\t\t<div class=\"elementor-widget-wrap elementor-element-populated\">\n\t\t\t\t\t\t<div class=\"elementor-element elementor-element-4edf2ee6 elementor-widget elementor-widget-html\" data-id=\"4edf2ee6\" data-element_type=\"widget\" data-e-type=\"widget\" data-widget_type=\"html.default\">\n\t\t\t\t<div class=\"elementor-widget-container\">\n\t\t\t\t\t<iframe frameborder=\"0\" style=\"height:500px;width:99%;border:none;\" src=\"https:\/\/forms.zohopublic.eu\/logicsrl\/form\/RICHIEDIINFORMAZIONI1\/formperma\/GFGgABm8ch2dudHfISjBbWrEW2ygIC48TFGLqxp18Uw\"><\/iframe>\t\t\t\t<\/div>\n\t\t\t\t<\/div>\n\t\t\t\t\t<\/div>\n\t\t<\/div>\n\t\t\t\t\t<\/div>\n\t\t<\/section>\n\t\t\t\t<\/div>\n\t\t","protected":false},"excerpt":{"rendered":"<p>Pour garantir une manipulation s\u00fbre et efficace lors des op\u00e9rations de chargement\/d\u00e9chargement d&rsquo;un Big Bag FIBC de type C potentiellement inflammable ou susceptible de cr\u00e9er une atmosph\u00e8re explosive, il est essentiel d&#8217;emp\u00eacher l&rsquo;accumulation d&rsquo;\u00e9lectricit\u00e9 statique.Par cons\u00e9quent, une mise \u00e0 la terre&#8230;<\/p>\n","protected":false},"author":1,"featured_media":0,"parent":19254,"menu_order":0,"comment_status":"closed","ping_status":"closed","template":"","meta":{"om_disable_all_campaigns":false,"_monsterinsights_skip_tracking":false,"_monsterinsights_sitenote_active":false,"_monsterinsights_sitenote_note":"","_monsterinsights_sitenote_category":0,"_uf_show_specific_survey":0,"_uf_disable_surveys":false,"footnotes":""},"class_list":["post-19267","page","type-page","status-publish","hentry"],"_links":{"self":[{"href":"https:\/\/www.logic-pavia.it\/fr\/wp-json\/wp\/v2\/pages\/19267","targetHints":{"allow":["GET"]}}],"collection":[{"href":"https:\/\/www.logic-pavia.it\/fr\/wp-json\/wp\/v2\/pages"}],"about":[{"href":"https:\/\/www.logic-pavia.it\/fr\/wp-json\/wp\/v2\/types\/page"}],"author":[{"embeddable":true,"href":"https:\/\/www.logic-pavia.it\/fr\/wp-json\/wp\/v2\/users\/1"}],"replies":[{"embeddable":true,"href":"https:\/\/www.logic-pavia.it\/fr\/wp-json\/wp\/v2\/comments?post=19267"}],"version-history":[{"count":7,"href":"https:\/\/www.logic-pavia.it\/fr\/wp-json\/wp\/v2\/pages\/19267\/revisions"}],"predecessor-version":[{"id":19930,"href":"https:\/\/www.logic-pavia.it\/fr\/wp-json\/wp\/v2\/pages\/19267\/revisions\/19930"}],"up":[{"embeddable":true,"href":"https:\/\/www.logic-pavia.it\/fr\/wp-json\/wp\/v2\/pages\/19254"}],"wp:attachment":[{"href":"https:\/\/www.logic-pavia.it\/fr\/wp-json\/wp\/v2\/media?parent=19267"}],"curies":[{"name":"wp","href":"https:\/\/api.w.org\/{rel}","templated":true}]}}