{"id":19263,"date":"2023-10-03T12:04:37","date_gmt":"2023-10-03T10:04:37","guid":{"rendered":"https:\/\/www.logic-pavia.it\/systemes-de-mise-a-la-terre-atex\/mise-a-la-terre-des-camions-citernes\/"},"modified":"2026-03-17T14:04:21","modified_gmt":"2026-03-17T13:04:21","slug":"mise-a-la-terre-des-camions-citernes","status":"publish","type":"page","link":"https:\/\/www.logic-pavia.it\/fr\/instrumentation-electronique\/systemes-de-mise-a-la-terre-atex\/mise-a-la-terre-des-camions-citernes\/","title":{"rendered":"Mise \u00e0 la terre des camions-citernes"},"content":{"rendered":"\t\t<div data-elementor-type=\"wp-page\" data-elementor-id=\"19263\" class=\"elementor elementor-19263 elementor-13767\" data-elementor-post-type=\"page\">\n\t\t\t\t\t\t<section class=\"elementor-section elementor-top-section elementor-element elementor-element-d7746f0 elementor-section-boxed elementor-section-height-default elementor-section-height-default\" data-id=\"d7746f0\" data-element_type=\"section\" data-e-type=\"section\">\n\t\t\t\t\t\t<div class=\"elementor-container elementor-column-gap-default\">\n\t\t\t\t\t<div class=\"elementor-column elementor-col-50 elementor-top-column elementor-element elementor-element-f76d566\" data-id=\"f76d566\" data-element_type=\"column\" data-e-type=\"column\">\n\t\t\t<div class=\"elementor-widget-wrap elementor-element-populated\">\n\t\t\t\t\t\t<div class=\"elementor-element elementor-element-550c249a elementor-widget elementor-widget-image-carousel\" data-id=\"550c249a\" data-element_type=\"widget\" data-e-type=\"widget\" data-settings=\"{&quot;slides_to_show&quot;:&quot;1&quot;,&quot;navigation&quot;:&quot;dots&quot;,&quot;autoplay&quot;:&quot;yes&quot;,&quot;pause_on_hover&quot;:&quot;yes&quot;,&quot;pause_on_interaction&quot;:&quot;yes&quot;,&quot;autoplay_speed&quot;:5000,&quot;infinite&quot;:&quot;yes&quot;,&quot;effect&quot;:&quot;slide&quot;,&quot;speed&quot;:500}\" data-widget_type=\"image-carousel.default\">\n\t\t\t\t<div class=\"elementor-widget-container\">\n\t\t\t\t\t\t\t<div class=\"elementor-image-carousel-wrapper swiper\" role=\"region\" aria-roledescription=\"carousel\" aria-label=\"Carosello d&#039;immagini\" dir=\"ltr\">\n\t\t\t<div class=\"elementor-image-carousel swiper-wrapper\" aria-live=\"off\">\n\t\t\t\t\t\t\t\t<div class=\"swiper-slide\" role=\"group\" aria-roledescription=\"slide\" aria-label=\"1 sur 10\"><a data-elementor-open-lightbox=\"yes\" data-elementor-lightbox-slideshow=\"550c249a\" data-e-action-hash=\"#elementor-action%3Aaction%3Dlightbox%26settings%3DeyJpZCI6MTM3ODYsInVybCI6Imh0dHBzOlwvXC93d3cubG9naWMtcGF2aWEuaXRcL3dwLWNvbnRlbnRcL3VwbG9hZHNcL1BpbnphLUxFRC5qcGciLCJzbGlkZXNob3ciOiI1NTBjMjQ5YSJ9\" href=\"https:\/\/www.logic-pavia.it\/wp-content\/uploads\/Pinza-LED.jpg\"><figure class=\"swiper-slide-inner\"><img decoding=\"async\" class=\"swiper-slide-image\" src=\"https:\/\/www.logic-pavia.it\/wp-content\/uploads\/Pinza-LED.jpg\" alt=\"Pinza-LED\" \/><\/figure><\/a><\/div><div class=\"swiper-slide\" role=\"group\" aria-roledescription=\"slide\" aria-label=\"2 sur 10\"><a data-elementor-open-lightbox=\"yes\" data-elementor-lightbox-slideshow=\"550c249a\" data-e-action-hash=\"#elementor-action%3Aaction%3Dlightbox%26settings%3DeyJpZCI6MTM3ODcsInVybCI6Imh0dHBzOlwvXC93d3cubG9naWMtcGF2aWEuaXRcL3dwLWNvbnRlbnRcL3VwbG9hZHNcL3BpbnphX3RlcnJhX2Vjc3IuanBnIiwic2xpZGVzaG93IjoiNTUwYzI0OWEifQ%3D%3D\" href=\"https:\/\/www.logic-pavia.it\/wp-content\/uploads\/pinza_terra_ecsr.jpg\"><figure class=\"swiper-slide-inner\"><img decoding=\"async\" class=\"swiper-slide-image\" src=\"https:\/\/www.logic-pavia.it\/wp-content\/uploads\/pinza_terra_ecsr.jpg\" alt=\"pinza_terra_ecsr\" \/><\/figure><\/a><\/div><div class=\"swiper-slide\" role=\"group\" aria-roledescription=\"slide\" aria-label=\"3 sur 10\"><a data-elementor-open-lightbox=\"yes\" data-elementor-lightbox-slideshow=\"550c249a\" data-e-action-hash=\"#elementor-action%3Aaction%3Dlightbox%26settings%3DeyJpZCI6MTM3NzksInVybCI6Imh0dHBzOlwvXC93d3cubG9naWMtcGF2aWEuaXRcL3dwLWNvbnRlbnRcL3VwbG9hZHNcL0F1dG9ib3R0aS5qcGciLCJzbGlkZXNob3ciOiI1NTBjMjQ5YSJ9\" href=\"https:\/\/www.logic-pavia.it\/wp-content\/uploads\/Autobotti.jpg\"><figure class=\"swiper-slide-inner\"><img decoding=\"async\" class=\"swiper-slide-image\" src=\"https:\/\/www.logic-pavia.it\/wp-content\/uploads\/Autobotti.jpg\" alt=\"Autobotti\" \/><\/figure><\/a><\/div><div class=\"swiper-slide\" role=\"group\" aria-roledescription=\"slide\" aria-label=\"4 sur 10\"><a data-elementor-open-lightbox=\"yes\" data-elementor-lightbox-slideshow=\"550c249a\" data-e-action-hash=\"#elementor-action%3Aaction%3Dlightbox%26settings%3DeyJpZCI6MTM3ODAsInVybCI6Imh0dHBzOlwvXC93d3cubG9naWMtcGF2aWEuaXRcL3dwLWNvbnRlbnRcL3VwbG9hZHNcL0NSLTIwLmpwZyIsInNsaWRlc2hvdyI6IjU1MGMyNDlhIn0%3D\" href=\"https:\/\/www.logic-pavia.it\/wp-content\/uploads\/CR-20.jpg\"><figure class=\"swiper-slide-inner\"><img decoding=\"async\" class=\"swiper-slide-image\" src=\"https:\/\/www.logic-pavia.it\/wp-content\/uploads\/CR-20.jpg\" alt=\"CR-20\" \/><\/figure><\/a><\/div><div class=\"swiper-slide\" role=\"group\" aria-roledescription=\"slide\" aria-label=\"5 sur 10\"><a data-elementor-open-lightbox=\"yes\" data-elementor-lightbox-slideshow=\"550c249a\" data-e-action-hash=\"#elementor-action%3Aaction%3Dlightbox%26settings%3DeyJpZCI6MTM3ODEsInVybCI6Imh0dHBzOlwvXC93d3cubG9naWMtcGF2aWEuaXRcL3dwLWNvbnRlbnRcL3VwbG9hZHNcL0VDUy1SLURJTi5qcGciLCJzbGlkZXNob3ciOiI1NTBjMjQ5YSJ9\" href=\"https:\/\/www.logic-pavia.it\/wp-content\/uploads\/ECS-R-DIN.jpg\"><figure class=\"swiper-slide-inner\"><img decoding=\"async\" class=\"swiper-slide-image\" src=\"https:\/\/www.logic-pavia.it\/wp-content\/uploads\/ECS-R-DIN.jpg\" alt=\"ECS-R-DIN\" \/><\/figure><\/a><\/div><div class=\"swiper-slide\" role=\"group\" aria-roledescription=\"slide\" aria-label=\"6 sur 10\"><a data-elementor-open-lightbox=\"yes\" data-elementor-lightbox-slideshow=\"550c249a\" data-e-action-hash=\"#elementor-action%3Aaction%3Dlightbox%26settings%3DeyJpZCI6MTM3ODIsInVybCI6Imh0dHBzOlwvXC93d3cubG9naWMtcGF2aWEuaXRcL3dwLWNvbnRlbnRcL3VwbG9hZHNcL0VzdGVybm8uanBnIiwic2xpZGVzaG93IjoiNTUwYzI0OWEifQ%3D%3D\" href=\"https:\/\/www.logic-pavia.it\/wp-content\/uploads\/Esterno.jpg\"><figure class=\"swiper-slide-inner\"><img decoding=\"async\" class=\"swiper-slide-image\" src=\"https:\/\/www.logic-pavia.it\/wp-content\/uploads\/Esterno.jpg\" alt=\"Esterno\" \/><\/figure><\/a><\/div><div class=\"swiper-slide\" role=\"group\" aria-roledescription=\"slide\" aria-label=\"7 sur 10\"><a data-elementor-open-lightbox=\"yes\" data-elementor-lightbox-slideshow=\"550c249a\" data-e-action-hash=\"#elementor-action%3Aaction%3Dlightbox%26settings%3DeyJpZCI6MTM3ODMsInVybCI6Imh0dHBzOlwvXC93d3cubG9naWMtcGF2aWEuaXRcL3dwLWNvbnRlbnRcL3VwbG9hZHNcL0lNR18yMDE3MDgwOF8xNDIxNTYuanBnIiwic2xpZGVzaG93IjoiNTUwYzI0OWEifQ%3D%3D\" href=\"https:\/\/www.logic-pavia.it\/wp-content\/uploads\/IMG_20170808_142156.jpg\"><figure class=\"swiper-slide-inner\"><img decoding=\"async\" class=\"swiper-slide-image\" src=\"https:\/\/www.logic-pavia.it\/wp-content\/uploads\/IMG_20170808_142156.jpg\" alt=\"IMG_20170808_142156\" \/><\/figure><\/a><\/div><div class=\"swiper-slide\" role=\"group\" aria-roledescription=\"slide\" aria-label=\"8 sur 10\"><a data-elementor-open-lightbox=\"yes\" data-elementor-lightbox-slideshow=\"550c249a\" data-e-action-hash=\"#elementor-action%3Aaction%3Dlightbox%26settings%3DeyJpZCI6MTM3ODQsInVybCI6Imh0dHBzOlwvXC93d3cubG9naWMtcGF2aWEuaXRcL3dwLWNvbnRlbnRcL3VwbG9hZHNcL0lNR18yMDIwMTIxN18wOTU3NDMuanBnIiwic2xpZGVzaG93IjoiNTUwYzI0OWEifQ%3D%3D\" href=\"https:\/\/www.logic-pavia.it\/wp-content\/uploads\/IMG_20201217_095743.jpg\"><figure class=\"swiper-slide-inner\"><img decoding=\"async\" class=\"swiper-slide-image\" src=\"https:\/\/www.logic-pavia.it\/wp-content\/uploads\/IMG_20201217_095743.jpg\" alt=\"IMG_20201217_095743\" \/><\/figure><\/a><\/div><div class=\"swiper-slide\" role=\"group\" aria-roledescription=\"slide\" aria-label=\"9 sur 10\"><a data-elementor-open-lightbox=\"yes\" data-elementor-lightbox-slideshow=\"550c249a\" data-e-action-hash=\"#elementor-action%3Aaction%3Dlightbox%26settings%3DeyJpZCI6MTM3ODUsInVybCI6Imh0dHBzOlwvXC93d3cubG9naWMtcGF2aWEuaXRcL3dwLWNvbnRlbnRcL3VwbG9hZHNcL3BpbnphLTIwMTcwNzExXzExNDYwOS5qcGciLCJzbGlkZXNob3ciOiI1NTBjMjQ5YSJ9\" href=\"https:\/\/www.logic-pavia.it\/wp-content\/uploads\/pinza-20170711_114609.jpg\"><figure class=\"swiper-slide-inner\"><img decoding=\"async\" class=\"swiper-slide-image\" src=\"https:\/\/www.logic-pavia.it\/wp-content\/uploads\/pinza-20170711_114609.jpg\" alt=\"pinza-20170711_114609\" \/><\/figure><\/a><\/div><div class=\"swiper-slide\" role=\"group\" aria-roledescription=\"slide\" aria-label=\"10 sur 10\"><a data-elementor-open-lightbox=\"yes\" data-elementor-lightbox-slideshow=\"550c249a\" data-e-action-hash=\"#elementor-action%3Aaction%3Dlightbox%26settings%3DeyJpZCI6MTM3ODgsInVybCI6Imh0dHBzOlwvXC93d3cubG9naWMtcGF2aWEuaXRcL3dwLWNvbnRlbnRcL3VwbG9hZHNcLzIwMTkwNDE4XzE1Mzg1NC5qcGciLCJzbGlkZXNob3ciOiI1NTBjMjQ5YSJ9\" href=\"https:\/\/www.logic-pavia.it\/wp-content\/uploads\/20190418_153854.jpg\"><figure class=\"swiper-slide-inner\"><img decoding=\"async\" class=\"swiper-slide-image\" src=\"https:\/\/www.logic-pavia.it\/wp-content\/uploads\/20190418_153854.jpg\" alt=\"20190418_153854\" \/><\/figure><\/a><\/div>\t\t\t<\/div>\n\t\t\t\t\t\t\t\n\t\t\t\t\t\t\t\t\t<div class=\"swiper-pagination\"><\/div>\n\t\t\t\t\t\t\t\t\t<\/div>\n\t\t\t\t\t\t<\/div>\n\t\t\t\t<\/div>\n\t\t\t\t\t<\/div>\n\t\t<\/div>\n\t\t\t\t<div class=\"elementor-column elementor-col-50 elementor-top-column elementor-element elementor-element-080558a\" data-id=\"080558a\" data-element_type=\"column\" data-e-type=\"column\">\n\t\t\t<div class=\"elementor-widget-wrap elementor-element-populated\">\n\t\t\t\t\t\t<div class=\"elementor-element elementor-element-7427da04 elementor-widget elementor-widget-heading\" data-id=\"7427da04\" data-element_type=\"widget\" data-e-type=\"widget\" data-widget_type=\"heading.default\">\n\t\t\t\t<div class=\"elementor-widget-container\">\n\t\t\t\t\t<h1 class=\"elementor-heading-title elementor-size-default\">Mise \u00e0 la terre des camions-citernes<\/h1>\t\t\t\t<\/div>\n\t\t\t\t<\/div>\n\t\t\t\t<div class=\"elementor-element elementor-element-b7da3c2 elementor-widget elementor-widget-text-editor\" data-id=\"b7da3c2\" data-element_type=\"widget\" data-e-type=\"widget\" data-widget_type=\"text-editor.default\">\n\t\t\t\t<div class=\"elementor-widget-container\">\n\t\t\t\t\t\t\t\t\t<p>Pour garantir la s\u00e9curit\u00e9 et l&rsquo;efficacit\u00e9 du chargement ou du d\u00e9chargement de substances inflammables ou susceptibles de cr\u00e9er une atmosph\u00e8re explosive \u00e0 partir d&rsquo;un camion-citerne, il est essentiel d&#8217;emp\u00eacher l&rsquo;accumulation d&rsquo;\u00e9lectricit\u00e9 statique. <br>Ceci peut \u00eatre r\u00e9alis\u00e9 par une mise \u00e0 la terre correcte du camion-citerne.<br>Les syst\u00e8mes de la gamme Logic ECS-R sont sp\u00e9cifiquement con\u00e7us \u00e0 cet effet, dissipant efficacement l&rsquo;\u00e9lectricit\u00e9 statique qui pourrait s&rsquo;accumuler sur le camion-citerne.<\/p><p>L&rsquo;utilisation des syst\u00e8mes Logic ECS-R permet d&rsquo;accro\u00eetre la s\u00e9curit\u00e9 et l&rsquo;efficacit\u00e9 des op\u00e9rations de chargement et de d\u00e9chargement, car il est facile d&rsquo;effectuer la connexion et de v\u00e9rifier la mise \u00e0 la terre \u00e0 l&rsquo;aide des diodes \u00e9lectroluminescentes de l&rsquo;appareil. <br>Le syst\u00e8me v\u00e9rifie en permanence la mise \u00e0 la terre et alerte l&rsquo;op\u00e9rateur en cas d&rsquo;anomalie.<\/p><p>Le choix des pinces Logic ECS-R pour la mise \u00e0 la terre des camions-citernes est un choix important pour assurer la s\u00e9curit\u00e9 des op\u00e9rations de transfert de produits inflammables.<\/p>\t\t\t\t\t\t\t\t<\/div>\n\t\t\t\t<\/div>\n\t\t\t\t<div class=\"elementor-element elementor-element-0589dab elementor-widget elementor-widget-accordion\" data-id=\"0589dab\" data-element_type=\"widget\" data-e-type=\"widget\" data-widget_type=\"accordion.default\">\n\t\t\t\t<div class=\"elementor-widget-container\">\n\t\t\t\t\t\t\t<div class=\"elementor-accordion\">\n\t\t\t\t\t\t\t<div class=\"elementor-accordion-item\">\n\t\t\t\t\t<div id=\"elementor-tab-title-5801\" class=\"elementor-tab-title\" data-tab=\"1\" role=\"button\" aria-controls=\"elementor-tab-content-5801\" aria-expanded=\"false\">\n\t\t\t\t\t\t\t\t\t\t\t\t\t<span class=\"elementor-accordion-icon elementor-accordion-icon-left\" aria-hidden=\"true\">\n\t\t\t\t\t\t\t\t\t\t\t\t\t\t\t<span class=\"elementor-accordion-icon-closed\"><i class=\"fas fa-plus\"><\/i><\/span>\n\t\t\t\t\t\t\t\t<span class=\"elementor-accordion-icon-opened\"><i class=\"fas fa-minus\"><\/i><\/span>\n\t\t\t\t\t\t\t\t\t\t\t\t\t\t<\/span>\n\t\t\t\t\t\t\t\t\t\t\t\t<a class=\"elementor-accordion-title\" tabindex=\"0\">SYST\u00c8MES DE SURVEILLANCE<\/a>\n\t\t\t\t\t<\/div>\n\t\t\t\t\t<div id=\"elementor-tab-content-5801\" class=\"elementor-tab-content elementor-clearfix\" data-tab=\"1\" role=\"region\" aria-labelledby=\"elementor-tab-title-5801\"><p>Les appareils de la gamme ECS-R se composent d&rsquo;un syst\u00e8me de surveillance \u00e9lectronique avec un niveau d&rsquo;int\u00e9grit\u00e9 SIL2 \u00e0 associer \u00e0 la pince Logic IS1L.<br \/>Gr\u00e2ce \u00e0 l&rsquo;\u00e9lectronique int\u00e9gr\u00e9e de l&rsquo;appareil, une surveillance dynamique et constante de la mise \u00e0 la terre peut \u00eatre effectu\u00e9e pendant les op\u00e9rations de chargement\/d\u00e9chargement des wagons-citernes. Ce syst\u00e8me est capable de d\u00e9tecter une r\u00e9sistance inf\u00e9rieure \u00e0 10 \u03a9 et, en cas de non-respect des valeurs de s\u00e9curit\u00e9, il arr\u00eate imm\u00e9diatement le processus et avertit l&rsquo;op\u00e9rateur. <\/p>\n<p>La gamme comprend diff\u00e9rentes solutions qui peuvent \u00eatre install\u00e9es en Zone 1\/21, en Zone 2\/22 ou \u00e0 l&rsquo;int\u00e9rieur d&rsquo;une armoire \u00e9lectrique mont\u00e9e directement sur un rail DIN (Safe Area).<\/p>\n<\/div>\n\t\t\t\t<\/div>\n\t\t\t\t\t\t\t<div class=\"elementor-accordion-item\">\n\t\t\t\t\t<div id=\"elementor-tab-title-5802\" class=\"elementor-tab-title\" data-tab=\"2\" role=\"button\" aria-controls=\"elementor-tab-content-5802\" aria-expanded=\"false\">\n\t\t\t\t\t\t\t\t\t\t\t\t\t<span class=\"elementor-accordion-icon elementor-accordion-icon-left\" aria-hidden=\"true\">\n\t\t\t\t\t\t\t\t\t\t\t\t\t\t\t<span class=\"elementor-accordion-icon-closed\"><i class=\"fas fa-plus\"><\/i><\/span>\n\t\t\t\t\t\t\t\t<span class=\"elementor-accordion-icon-opened\"><i class=\"fas fa-minus\"><\/i><\/span>\n\t\t\t\t\t\t\t\t\t\t\t\t\t\t<\/span>\n\t\t\t\t\t\t\t\t\t\t\t\t<a class=\"elementor-accordion-title\" tabindex=\"0\">ACCESSOIRES<\/a>\n\t\t\t\t\t<\/div>\n\t\t\t\t\t<div id=\"elementor-tab-content-5802\" class=\"elementor-tab-content elementor-clearfix\" data-tab=\"2\" role=\"region\" aria-labelledby=\"elementor-tab-title-5802\"><p>Pour garantir une flexibilit\u00e9 et une adaptabilit\u00e9 maximales du syst\u00e8me de mise \u00e0 la terre Logic ECS-R, vous pouvez choisir parmi les accessoires suivants: <\/p>\n<ul>\n<li>CAB-ECS-6C1.0 C\u00e2ble d&rsquo;extension \u00e9lectrique<\/li>\n<li>SP5 \/ SP10 C\u00e2bles spiral\u00e9s en technopolym\u00e8re longueur 5 \/ 10 m<\/li>\n<li>CR20 Enrouleur de c\u00e2ble avec c\u00e2ble extensible jusqu&rsquo;\u00e0 20 m\u00e8tres<\/li>\n<li>Tableau ECS-MULTI adapt\u00e9 \u00e0 l&rsquo;installation de syst\u00e8mes de surveillance en version multipoint<\/li>\n<\/ul>\n<\/div>\n\t\t\t\t<\/div>\n\t\t\t\t\t\t\t\t<\/div>\n\t\t\t\t\t\t<\/div>\n\t\t\t\t<\/div>\n\t\t\t\t<div class=\"elementor-element elementor-element-dd3a969 elementor-widget elementor-widget-industrium_button\" data-id=\"dd3a969\" data-element_type=\"widget\" data-e-type=\"widget\" data-widget_type=\"industrium_button.default\">\n\t\t\t\t<div class=\"elementor-widget-container\">\n\t\t\t\t\t\n        <div class=\"button-widget\">\n            <div class=\"button-container\">\n                <a class=\"industrium-button button-type-2\" href=\"https:\/\/www.logic-pavia.it\/wp-content\/uploads\/APP-Mise-a-la-terre-camion-citerne.pdf\" target=\"_blank\">\n                    <span class=\"industrium-button-text\">Datasheet<\/span>                    \n                <\/a>\n            <\/div>\n        <\/div>\n        \t\t\t\t<\/div>\n\t\t\t\t<\/div>\n\t\t\t\t\t<\/div>\n\t\t<\/div>\n\t\t\t\t\t<\/div>\n\t\t<\/section>\n\t\t\t\t<section class=\"elementor-section elementor-top-section elementor-element elementor-element-775b2d82 elementor-section-stretched elementor-section-boxed elementor-section-height-default elementor-section-height-default\" data-id=\"775b2d82\" data-element_type=\"section\" data-e-type=\"section\" data-settings=\"{&quot;stretch_section&quot;:&quot;section-stretched&quot;,&quot;background_background&quot;:&quot;classic&quot;}\">\n\t\t\t\t\t\t<div class=\"elementor-container elementor-column-gap-default\">\n\t\t\t\t\t<div class=\"elementor-column elementor-col-100 elementor-top-column elementor-element elementor-element-771af037\" data-id=\"771af037\" data-element_type=\"column\" data-e-type=\"column\">\n\t\t\t<div class=\"elementor-widget-wrap elementor-element-populated\">\n\t\t\t\t\t\t<div class=\"elementor-element elementor-element-43422c0e elementor-widget elementor-widget-html\" data-id=\"43422c0e\" data-element_type=\"widget\" data-e-type=\"widget\" data-widget_type=\"html.default\">\n\t\t\t\t<div class=\"elementor-widget-container\">\n\t\t\t\t\t<iframe frameborder=\"0\" style=\"height:500px;width:99%;border:none;\" src=\"https:\/\/forms.zohopublic.eu\/logicsrl\/form\/RICHIEDIINFORMAZIONI1\/formperma\/GFGgABm8ch2dudHfISjBbWrEW2ygIC48TFGLqxp18Uw\"><\/iframe>\t\t\t\t<\/div>\n\t\t\t\t<\/div>\n\t\t\t\t\t<\/div>\n\t\t<\/div>\n\t\t\t\t\t<\/div>\n\t\t<\/section>\n\t\t\t\t<\/div>\n\t\t","protected":false},"excerpt":{"rendered":"<p>Pour garantir la s\u00e9curit\u00e9 et l&rsquo;efficacit\u00e9 du chargement ou du d\u00e9chargement de substances inflammables ou susceptibles de cr\u00e9er une atmosph\u00e8re explosive \u00e0 partir d&rsquo;un camion-citerne, il est essentiel d&#8217;emp\u00eacher l&rsquo;accumulation d&rsquo;\u00e9lectricit\u00e9 statique. Ceci peut \u00eatre r\u00e9alis\u00e9 par une mise \u00e0 la&#8230;<\/p>\n","protected":false},"author":1,"featured_media":0,"parent":19254,"menu_order":0,"comment_status":"closed","ping_status":"closed","template":"","meta":{"om_disable_all_campaigns":false,"_monsterinsights_skip_tracking":false,"_monsterinsights_sitenote_active":false,"_monsterinsights_sitenote_note":"","_monsterinsights_sitenote_category":0,"_uf_show_specific_survey":0,"_uf_disable_surveys":false,"footnotes":""},"class_list":["post-19263","page","type-page","status-publish","hentry"],"_links":{"self":[{"href":"https:\/\/www.logic-pavia.it\/fr\/wp-json\/wp\/v2\/pages\/19263","targetHints":{"allow":["GET"]}}],"collection":[{"href":"https:\/\/www.logic-pavia.it\/fr\/wp-json\/wp\/v2\/pages"}],"about":[{"href":"https:\/\/www.logic-pavia.it\/fr\/wp-json\/wp\/v2\/types\/page"}],"author":[{"embeddable":true,"href":"https:\/\/www.logic-pavia.it\/fr\/wp-json\/wp\/v2\/users\/1"}],"replies":[{"embeddable":true,"href":"https:\/\/www.logic-pavia.it\/fr\/wp-json\/wp\/v2\/comments?post=19263"}],"version-history":[{"count":9,"href":"https:\/\/www.logic-pavia.it\/fr\/wp-json\/wp\/v2\/pages\/19263\/revisions"}],"predecessor-version":[{"id":19933,"href":"https:\/\/www.logic-pavia.it\/fr\/wp-json\/wp\/v2\/pages\/19263\/revisions\/19933"}],"up":[{"embeddable":true,"href":"https:\/\/www.logic-pavia.it\/fr\/wp-json\/wp\/v2\/pages\/19254"}],"wp:attachment":[{"href":"https:\/\/www.logic-pavia.it\/fr\/wp-json\/wp\/v2\/media?parent=19263"}],"curies":[{"name":"wp","href":"https:\/\/api.w.org\/{rel}","templated":true}]}}