{"id":19254,"date":"2023-05-16T10:55:16","date_gmt":"2023-05-16T08:55:16","guid":{"rendered":"https:\/\/www.logic-pavia.it\/systemes-de-mise-a-la-terre-atex\/"},"modified":"2026-03-17T12:46:14","modified_gmt":"2026-03-17T11:46:14","slug":"systemes-de-mise-a-la-terre-atex","status":"publish","type":"page","link":"https:\/\/www.logic-pavia.it\/fr\/instrumentation-electronique\/systemes-de-mise-a-la-terre-atex\/","title":{"rendered":"Syst\u00e8mes de mise \u00e0 la terre ATEX"},"content":{"rendered":"\t\t<div data-elementor-type=\"wp-page\" data-elementor-id=\"19254\" class=\"elementor elementor-19254 elementor-12035\" data-elementor-post-type=\"page\">\n\t\t\t\t\t\t<section class=\"elementor-section elementor-top-section elementor-element elementor-element-61cdae2 elementor-section-stretched elementor-section-boxed elementor-section-height-default elementor-section-height-default\" data-id=\"61cdae2\" data-element_type=\"section\" data-e-type=\"section\" data-settings=\"{&quot;stretch_section&quot;:&quot;section-stretched&quot;,&quot;background_background&quot;:&quot;classic&quot;}\">\n\t\t\t\t\t\t<div class=\"elementor-container elementor-column-gap-default\">\n\t\t\t\t\t<div class=\"elementor-column elementor-col-50 elementor-top-column elementor-element elementor-element-8740c47\" data-id=\"8740c47\" data-element_type=\"column\" data-e-type=\"column\">\n\t\t\t<div class=\"elementor-widget-wrap elementor-element-populated\">\n\t\t\t\t\t\t<div class=\"elementor-element elementor-element-d7713f2 elementor-widget elementor-widget-industrium_heading\" data-id=\"d7713f2\" data-element_type=\"widget\" data-e-type=\"widget\" data-widget_type=\"industrium_heading.default\">\n\t\t\t\t<div class=\"elementor-widget-container\">\n\t\t\t\t\t<div class=\"industrium-heading-widget\"><h1 class=\"industrium-heading\"><span class=\"industrium-subheading\">Instrumentation \u00c9lectronique<\/span><span class=\"industrium-heading-content\">Clamp &amp; Earth<\/span><\/h1><\/div>\t\t\t\t<\/div>\n\t\t\t\t<\/div>\n\t\t\t\t<div class=\"elementor-element elementor-element-22497ab elementor-widget elementor-widget-text-editor\" data-id=\"22497ab\" data-element_type=\"widget\" data-e-type=\"widget\" data-widget_type=\"text-editor.default\">\n\t\t\t\t<div class=\"elementor-widget-container\">\n\t\t\t\t\t\t\t\t\t<p>Syst\u00e8mes de mise \u00e0 la terre ATEX<\/p>\t\t\t\t\t\t\t\t<\/div>\n\t\t\t\t<\/div>\n\t\t\t\t<div class=\"elementor-element elementor-element-f52d55b elementor-widget-divider--view-line elementor-widget elementor-widget-divider\" data-id=\"f52d55b\" data-element_type=\"widget\" data-e-type=\"widget\" data-widget_type=\"divider.default\">\n\t\t\t\t<div class=\"elementor-widget-container\">\n\t\t\t\t\t\t\t<div class=\"elementor-divider\">\n\t\t\t<span class=\"elementor-divider-separator\">\n\t\t\t\t\t\t<\/span>\n\t\t<\/div>\n\t\t\t\t\t\t<\/div>\n\t\t\t\t<\/div>\n\t\t\t\t<section class=\"elementor-section elementor-inner-section elementor-element elementor-element-2269283 elementor-section-boxed elementor-section-height-default elementor-section-height-default\" data-id=\"2269283\" data-element_type=\"section\" data-e-type=\"section\">\n\t\t\t\t\t\t<div class=\"elementor-container elementor-column-gap-default\">\n\t\t\t\t\t<div class=\"elementor-column elementor-col-100 elementor-inner-column elementor-element elementor-element-a61e747\" data-id=\"a61e747\" data-element_type=\"column\" data-e-type=\"column\">\n\t\t\t<div class=\"elementor-widget-wrap elementor-element-populated\">\n\t\t\t\t\t\t<div class=\"elementor-element elementor-element-b4ea047 view_type-2 style_type-2 elementor-widget elementor-widget-industrium_services_listing\" data-id=\"b4ea047\" data-element_type=\"widget\" data-e-type=\"widget\" data-widget_type=\"industrium_services_listing.default\">\n\t\t\t\t<div class=\"elementor-widget-container\">\n\t\t\t\t\t\n        <div class=\"industrium-service-listing-widget\">\n\n            <div class=\"archive-listing\" data-ajax='{&quot;post_type&quot;:&quot;industrium_service&quot;,&quot;ignore_sticky_posts&quot;:true,&quot;suppress_filters&quot;:true,&quot;orderby&quot;:&quot;date&quot;,&quot;order&quot;:&quot;desc&quot;,&quot;link_base&quot;:&quot;https:\\\/\\\/www.logic-pavia.it\\\/fr\\\/wp-json\\\/wp\\\/v2\\\/pages\\\/19254\\\/&quot;,&quot;industrium_services_category&quot;:[&quot;industry&quot;],&quot;posts_per_page&quot;:-1}' data-widget='{&quot;excerpt_length&quot;:76,&quot;item_class&quot;:&quot;service-item-wrapper slider-item&quot;,&quot;columns_number&quot;:3,&quot;listing_type&quot;:&quot;slider&quot;,&quot;view_type&quot;:&quot;type-2&quot;}'>\n                <div class=\"archive-listing-wrapper service-listing-wrapper service-slider-listing owl-carousel owl-theme\" data-slider-options={&quot;items&quot;:3,&quot;nav&quot;:false,&quot;dots&quot;:true,&quot;dotsContainer&quot;:&quot;.owl-dots-b4ea047&quot;,&quot;autoplayHoverPause&quot;:true,&quot;autoplay&quot;:false,&quot;autoplaySpeed&quot;:300,&quot;autoplayTimeout&quot;:5000,&quot;loop&quot;:false,&quot;speed&quot;:500,&quot;view_type&quot;:&quot;type-2&quot;}>\n                                    <\/div>\n\n                            <\/div>\n            <div class=\"owl-dots owl-dots-b4ea047\"><\/div>        <\/div>\n        \t\t\t\t<\/div>\n\t\t\t\t<\/div>\n\t\t\t\t\t<\/div>\n\t\t<\/div>\n\t\t\t\t\t<\/div>\n\t\t<\/section>\n\t\t\t\t\t<\/div>\n\t\t<\/div>\n\t\t\t\t<div class=\"elementor-column elementor-col-50 elementor-top-column elementor-element elementor-element-c25e211\" data-id=\"c25e211\" data-element_type=\"column\" data-e-type=\"column\">\n\t\t\t<div class=\"elementor-widget-wrap elementor-element-populated\">\n\t\t\t\t\t\t<div class=\"elementor-element elementor-element-ce92c3f elementor-widget elementor-widget-text-editor\" data-id=\"ce92c3f\" data-element_type=\"widget\" data-e-type=\"widget\" data-widget_type=\"text-editor.default\">\n\t\t\t\t<div class=\"elementor-widget-container\">\n\t\t\t\t\t\t\t\t\t<p>Saviez-vous que les charges \u00e9lectrostatiques peuvent \u00eatre g\u00e9n\u00e9r\u00e9es par:<\/p><ul><li>Le frottement (le passage d&rsquo;un fluide dans un tuyau peut g\u00e9n\u00e9rer des charges \u00e9lectrostatiques)<\/li><li>L&rsquo;induction \u00e9lectrostatique (transfert d&rsquo;une charge d&rsquo;un objet charg\u00e9 \u00e0 un autre)<\/li><li>La conduction (contact \u00e9lectrique entre deux objets conducteurs, dont l&rsquo;un est charg\u00e9)<\/li><\/ul><p>Pour garantir la s\u00e9curit\u00e9 des processus et\/ou des travaux qui utilisent des substances inflammables ou dans des environnements explosifs, il est essentiel d&rsquo;installer un syst\u00e8me de mise \u00e0 la terre certifi\u00e9.<\/p><p>Logic cr\u00e9e des syst\u00e8mes de mise \u00e0 la terre conform\u00e9ment aux sp\u00e9cifications de la directive ATEX 2014\/34\/UE, en fournissant des solutions normalis\u00e9es et <a style=\"color: #f47828;\" href=\"https:\/\/www.logic-pavia.it\/fr\/instrumentation-electronique\/systemes-de-mise-a-la-terre-atex\/personnalisees\/\">personnalis\u00e9es.<\/a><\/p>\t\t\t\t\t\t\t\t<\/div>\n\t\t\t\t<\/div>\n\t\t\t\t\t<\/div>\n\t\t<\/div>\n\t\t\t\t\t<\/div>\n\t\t<\/section>\n\t\t\t\t<section class=\"elementor-section elementor-top-section elementor-element elementor-element-cd61f7d elementor-section-boxed elementor-section-height-default elementor-section-height-default\" data-id=\"cd61f7d\" data-element_type=\"section\" data-e-type=\"section\">\n\t\t\t\t\t\t<div class=\"elementor-container elementor-column-gap-default\">\n\t\t\t\t\t<div class=\"elementor-column elementor-col-100 elementor-top-column elementor-element elementor-element-f7980f6\" data-id=\"f7980f6\" data-element_type=\"column\" data-e-type=\"column\">\n\t\t\t<div class=\"elementor-widget-wrap elementor-element-populated\">\n\t\t\t\t\t\t<div class=\"elementor-element elementor-element-ff405da elementor-widget elementor-widget-html\" data-id=\"ff405da\" data-element_type=\"widget\" data-e-type=\"widget\" data-widget_type=\"html.default\">\n\t\t\t\t<div class=\"elementor-widget-container\">\n\t\t\t\t\t<section class=\"elementor-section elementor-top-section elementor-element elementor-element-cd61f7d elementor-section-boxed elementor-section-height-default elementor-section-height-default\" data-id=\"cd61f7d\" data-element_type=\"section\" id=\"cod-scheda-pers\">\n  <div class=\"elementor-container elementor-column-gap-default\">\n    <div class=\"elementor-row\">\n      <div class=\"elementor-column elementor-col-100 elementor-top-column elementor-element elementor-element-f7980f6\" data-id=\"f7980f6\" data-element_type=\"column\">\n        <div class=\"elementor-column-wrap elementor-element-populated\">\n          <div class=\"elementor-widget-wrap\">\n            <div class=\"elementor-element elementor-element-50abf47 elementor-widget elementor-widget-industrium_projects_listing\" data-id=\"50abf47\" data-element_type=\"widget\" data-widget_type=\"industrium_projects_listing.default\">\n              <div class=\"elementor-widget-container\">\n                <div class=\"industrium-projects-listing-widget\">\n                  <div class=\"archive-listing\">\n                    <div class=\"archive-listing-wrapper project-listing-wrapper text-position-inside project-grid-listing columns-3\">\n\t\t\t\t\t\t\n\t\t\t\t\t\t\n\t\t\t\t\t\t\n                      <div class=\"project-item-wrapper post-3536 industrium_project type-industrium_project status-publish has-post-thumbnail hentry \">\n                        <div class=\"project-item\"> <a href=\"https:\/\/www.logic-pavia.it\/fr\/systemes-de-mise-a-la-terre-atex\/mise-a-la-terre-des-camions-citernes\/\" class=\"project-item-link\"> <span class=\"project-item-media\"><img decoding=\"async\" alt=\"Mise \u00e0 la terre des camions-citernes\" title=\"Mise \u00e0 la terre des camions-citernes\" src=\"\/wp-content\/uploads\/Messa-terra-autobotti.jpg\" class=\"attachment-industrium_project_grid_4_columns size-industrium_project_grid_4_columns wp-post-image\"><\/span><span class=\"project-item-content\"><span class=\"post-title\"><span>Mise \u00e0 la terre des camions-citernes<\/span><\/span>\n<span class=\"project-item-excerpt\">Syst\u00e8mes \u00e0 installer sur les quais de d\u00e9chargement des camions-citernes<\/span>\n<\/span><\/a> <\/div>\n                      <\/div>\n\t\t\t\t\t\t\n\t\t\t\t\t\t<div class=\"project-item-wrapper post-3536 industrium_project type-industrium_project status-publish has-post-thumbnail hentry \">\n                        <div class=\"project-item\"> <a href=\"https:\/\/www.logic-pavia.it\/fr\/systemes-de-mise-a-la-terre-atex\/mise-a-la-terre-des-futs-et-des-ibc\/\" class=\"project-item-link\"> <span class=\"project-item-media\"><img decoding=\"async\" alt=\"Mise \u00e0 la terre des f\u00fbts et des IBC\" title=\"Mise \u00e0 la terre des f\u00fbts et des IBC\" src=\"\/wp-content\/uploads\/Messa-terra-fusti.jpg\" class=\"attachment-industrium_project_grid_4_columns size-industrium_project_grid_4_columns wp-post-image\"><\/span><span class=\"project-item-content\">\n  <span class=\"post-title\"><span>Mise \u00e0 la terre des f\u00fbts et des IBC<\/span><\/span>\n  <span class=\"project-item-excerpt\">Syst\u00e8mes pour conteneurs m\u00e9talliques utilis\u00e9s pour la manutention de liquides<\/span>\n<\/span> <\/a> <\/div>\n                      <\/div>\n\t\t\t\t\t\t\n\t\t\t\t\t\t<div class=\"project-item-wrapper post-3536 industrium_project type-industrium_project status-publish has-post-thumbnail hentry \">\n                        <div class=\"project-item\"> <a href=\"https:\/\/www.logic-pavia.it\/fr\/systemes-de-mise-a-la-terre-atex\/big-bag-fibc-type-c\/\" class=\"project-item-link\"> <span class=\"project-item-media\"><img decoding=\"async\" alt=\"Big-bag fibc type c\" title=\"Big-bag fibc type c\" src=\"\/wp-content\/uploads\/Big-Bag-FIBC-tipo-C-379x359.jpg\" class=\"attachment-industrium_project_grid_4_columns size-industrium_project_grid_4_columns wp-post-image\"><\/span><span class=\"project-item-content\"><span class=\"post-title\"><span>Big-bag FIBC type C<\/span><\/span>\n<span class=\"project-item-excerpt\">Syst\u00e8mes de mise \u00e0 la terre pour big-bags utilis\u00e9s pour la manutention de poudres<\/span>\n<\/span> <\/a> <\/div>\n                      <\/div>\n\t\t\t\t\t\t\n\t\t\t\t\t\t<div class=\"project-item-wrapper post-3536 industrium_project type-industrium_project status-publish has-post-thumbnail hentry \">\n                        <div class=\"project-item\"> <a href=\"https:\/\/www.logic-pavia.it\/fr\/systemes-de-mise-a-la-terre-atex\/mise-a-la-terre-des-reservoirs-mobiles\/\" class=\"project-item-link\"> <span class=\"project-item-media\"><img decoding=\"async\" alt=\"Mise \u00e0 la terre des r\u00e9servoirs mobiles\" title=\"Mise \u00e0 la terre des r\u00e9servoirs mobiles\" src=\"\/wp-content\/uploads\/Messa-terra-vasche-mobili.jpg\" class=\"attachment-industrium_project_grid_4_columns size-industrium_project_grid_4_columns wp-post-image\"><\/span><span class=\"project-item-content\"><span class=\"post-title\"><span>Mise \u00e0 la terre des cuves mobiles<\/span><\/span>\n<span class=\"project-item-excerpt\">Syst\u00e8mes avec technologie CODE pour cuves mobiles m\u00e9talliques<\/span>\n<\/span><\/a> <\/div>\n                      <\/div>\n\t\t\t\t\t\t\n\t\t\t\t\t\t<div class=\"project-item-wrapper post-3536 industrium_project type-industrium_project status-publish has-post-thumbnail hentry \">\n                        <div class=\"project-item\"> <a href=\"https:\/\/www.logic-pavia.it\/fr\/systemes-de-mise-a-la-terre-atex\/systemes-multipoints\/\" class=\"project-item-link\"> <span class=\"project-item-media\"><img decoding=\"async\" alt=\"Syst\u00e8mes multipoints\" title=\"Syst\u00e8mes multipoints\" src=\"\/wp-content\/uploads\/Sistemi-multi-point-379x359.jpg\" class=\"attachment-industrium_project_grid_4_columns size-industrium_project_grid_4_columns wp-post-image\"><\/span><span class=\"project-item-content\"><span class=\"post-title\"><span>Syst\u00e8mes multipoints<\/span><\/span>\n<span class=\"project-item-excerpt\">Pour la mise \u00e0 la terre de diff\u00e9rents syst\u00e8mes avec \u00e9lectronique en salle de contr\u00f4le<\/span>\n<\/span><\/a> <\/div>\n                      <\/div>\n\t\t\t\t\t\t\n\t\t\t\t\t\t<div class=\"project-item-wrapper post-3536 industrium_project type-industrium_project status-publish has-post-thumbnail hentry \">\n                        <div class=\"project-item\"> <a href=\"https:\/\/www.logic-pavia.it\/fr\/systemes-de-mise-a-la-terre-atex\/solutions-personnalisees\/\" class=\"project-item-link\"> <span class=\"project-item-media\"><img decoding=\"async\" alt=\"Solutions personnalis\u00e9es\" title=\"Solutions personnalis\u00e9es\" src=\"https:\/\/www.logic-pavia.it\/wp-content\/uploads\/Sistema-on-vehicle-1-379x359.png\" class=\"attachment-industrium_project_grid_4_columns size-industrium_project_grid_4_columns wp-post-image\"><\/span><span class=\"project-item-content\"><span class=\"post-title\"><span>Syst\u00e8mes embarqu\u00e9s<\/span><\/span>\n<span class=\"project-item-excerpt\">Syst\u00e8mes \u00e0 installer \u00e0 bord d\u2019un camion-citerne<\/span>\n<\/span><\/a> <\/div>\n                      <\/div>\n\t\t\t\t\t\t\n\t\t\t\t\t\t\n                      \n                      \n                      \n\t\t\t\t\t\t\n                    <\/div>\n                  <\/div>\n                <\/div>\n              <\/div>\n            <\/div>\n          <\/div>\n        <\/div>\n      <\/div>\n    <\/div>\n  <\/div>\n<\/section>\t\t\t\t<\/div>\n\t\t\t\t<\/div>\n\t\t\t\t\t<\/div>\n\t\t<\/div>\n\t\t\t\t\t<\/div>\n\t\t<\/section>\n\t\t\t\t<\/div>\n\t\t","protected":false},"excerpt":{"rendered":"<p>Syst\u00e8mes de mise \u00e0 la terre ATEX Saviez-vous que les charges \u00e9lectrostatiques peuvent \u00eatre g\u00e9n\u00e9r\u00e9es par: Le frottement (le passage d&rsquo;un fluide dans un tuyau peut g\u00e9n\u00e9rer des charges \u00e9lectrostatiques) L&rsquo;induction \u00e9lectrostatique (transfert d&rsquo;une charge d&rsquo;un objet charg\u00e9 \u00e0 un autre)&#8230;<\/p>\n","protected":false},"author":1,"featured_media":19255,"parent":19594,"menu_order":0,"comment_status":"closed","ping_status":"closed","template":"","meta":{"om_disable_all_campaigns":false,"_monsterinsights_skip_tracking":false,"_monsterinsights_sitenote_active":false,"_monsterinsights_sitenote_note":"","_monsterinsights_sitenote_category":0,"_uf_show_specific_survey":0,"_uf_disable_surveys":false,"footnotes":""},"class_list":["post-19254","page","type-page","status-publish","has-post-thumbnail","hentry"],"_links":{"self":[{"href":"https:\/\/www.logic-pavia.it\/fr\/wp-json\/wp\/v2\/pages\/19254","targetHints":{"allow":["GET"]}}],"collection":[{"href":"https:\/\/www.logic-pavia.it\/fr\/wp-json\/wp\/v2\/pages"}],"about":[{"href":"https:\/\/www.logic-pavia.it\/fr\/wp-json\/wp\/v2\/types\/page"}],"author":[{"embeddable":true,"href":"https:\/\/www.logic-pavia.it\/fr\/wp-json\/wp\/v2\/users\/1"}],"replies":[{"embeddable":true,"href":"https:\/\/www.logic-pavia.it\/fr\/wp-json\/wp\/v2\/comments?post=19254"}],"version-history":[{"count":37,"href":"https:\/\/www.logic-pavia.it\/fr\/wp-json\/wp\/v2\/pages\/19254\/revisions"}],"predecessor-version":[{"id":19825,"href":"https:\/\/www.logic-pavia.it\/fr\/wp-json\/wp\/v2\/pages\/19254\/revisions\/19825"}],"up":[{"embeddable":true,"href":"https:\/\/www.logic-pavia.it\/fr\/wp-json\/wp\/v2\/pages\/19594"}],"wp:featuredmedia":[{"embeddable":true,"href":"https:\/\/www.logic-pavia.it\/fr\/wp-json\/wp\/v2\/media\/19255"}],"wp:attachment":[{"href":"https:\/\/www.logic-pavia.it\/fr\/wp-json\/wp\/v2\/media?parent=19254"}],"curies":[{"name":"wp","href":"https:\/\/api.w.org\/{rel}","templated":true}]}}